{"id":1139,"date":"2025-12-19T21:30:24","date_gmt":"2025-12-19T21:30:24","guid":{"rendered":"https:\/\/wokipoint.com.tr\/?page_id=1139"},"modified":"2026-02-12T22:07:57","modified_gmt":"2026-02-12T22:07:57","slug":"saglikli-yasam","status":"publish","type":"page","link":"https:\/\/wokipoint.com.tr\/en\/saglikli-yasam\/","title":{"rendered":"Healthy Living"},"content":{"rendered":"<div data-elementor-type=\"wp-page\" data-elementor-id=\"1139\" class=\"elementor elementor-1139\" data-elementor-post-type=\"page\">\n\t\t\t\t<div class=\"elementor-element elementor-element-2ded7a8 e-flex e-con-boxed e-con e-parent\" data-id=\"2ded7a8\" data-element_type=\"container\">\n\t\t\t\t\t<div class=\"e-con-inner\">\n\t\t\t\t<div class=\"elementor-element elementor-element-6b70e01 elementor-widget elementor-widget-image\" data-id=\"6b70e01\" data-element_type=\"widget\" data-widget_type=\"image.default\">\n\t\t\t\t<div class=\"elementor-widget-container\">\n\t\t\t\t\t\t\t\t\t\t\t\t\t\t\t<img loading=\"lazy\" decoding=\"async\" width=\"800\" height=\"449\" src=\"https:\/\/wokipoint.com.tr\/wp-content\/uploads\/2025\/12\/smoothies-3809517_1280-1024x575.jpg\" class=\"attachment-large size-large wp-image-1719\" alt=\"\" srcset=\"https:\/\/wokipoint.com.tr\/wp-content\/uploads\/2025\/12\/smoothies-3809517_1280-1024x575.jpg 1024w, https:\/\/wokipoint.com.tr\/wp-content\/uploads\/2025\/12\/smoothies-3809517_1280-300x169.jpg 300w, https:\/\/wokipoint.com.tr\/wp-content\/uploads\/2025\/12\/smoothies-3809517_1280-768x431.jpg 768w, https:\/\/wokipoint.com.tr\/wp-content\/uploads\/2025\/12\/smoothies-3809517_1280.jpg 1280w\" sizes=\"auto, (max-width: 800px) 100vw, 800px\" \/>\t\t\t\t\t\t\t\t\t\t\t\t\t\t\t<\/div>\n\t\t\t\t<\/div>\n\t\t\t\t\t<\/div>\n\t\t\t\t<\/div>\n\t\t<div class=\"elementor-element elementor-element-129ac21 e-con-full e-flex e-con e-child\" data-id=\"129ac21\" data-element_type=\"container\">\n\t\t<div class=\"elementor-element elementor-element-e1f578a e-con-full e-flex elementor-invisible e-con e-child\" data-id=\"e1f578a\" data-element_type=\"container\" data-settings=\"{&quot;animation&quot;:&quot;slideInUp&quot;,&quot;animation_mobile&quot;:&quot;none&quot;}\">\n\t\t<div class=\"elementor-element elementor-element-da43c85 e-con-full e-flex e-con e-child\" data-id=\"da43c85\" data-element_type=\"container\">\n\t\t\t\t<\/div>\n\t\t<div class=\"elementor-element elementor-element-5381de9 e-con-full e-flex e-con e-child\" data-id=\"5381de9\" data-element_type=\"container\">\n\t\t\t\t<div class=\"elementor-element elementor-element-65fbefe elementor-widget__width-auto elementor-widget elementor-widget-heading\" data-id=\"65fbefe\" data-element_type=\"widget\" data-widget_type=\"heading.default\">\n\t\t\t\t<div class=\"elementor-widget-container\">\n\t\t\t\t\t<h5 class=\"elementor-heading-title elementor-size-default\">Portakal Suyu<\/h5>\t\t\t\t<\/div>\n\t\t\t\t<\/div>\n\t\t\t\t<div class=\"elementor-element elementor-element-3a9be21 elementor-widget elementor-widget-heading\" data-id=\"3a9be21\" data-element_type=\"widget\" data-widget_type=\"heading.default\">\n\t\t\t\t<div class=\"elementor-widget-container\">\n\t\t\t\t\t<div class=\"elementor-heading-title elementor-size-default\">Taze S\u0131k\u0131lm\u0131\u015f Portakal Suyu<\/div>\t\t\t\t<\/div>\n\t\t\t\t<\/div>\n\t\t\t\t<\/div>\n\t\t<div class=\"elementor-element elementor-element-a45c8bf e-con-full e-flex e-con e-child\" data-id=\"a45c8bf\" data-element_type=\"container\">\n\t\t\t\t<div class=\"elementor-element elementor-element-2a0aff6 elementor-widget__width-auto elementor-widget elementor-widget-heading\" data-id=\"2a0aff6\" data-element_type=\"widget\" data-widget_type=\"heading.default\">\n\t\t\t\t<div class=\"elementor-widget-container\">\n\t\t\t\t\t<div class=\"elementor-heading-title elementor-size-default\">169TL<\/div>\t\t\t\t<\/div>\n\t\t\t\t<\/div>\n\t\t\t\t<\/div>\n\t\t\t\t<\/div>\n\t\t\t\t<\/div>\n\t\t<div class=\"elementor-element elementor-element-763cc56 e-con-full e-flex e-con e-child\" data-id=\"763cc56\" data-element_type=\"container\">\n\t\t<div class=\"elementor-element elementor-element-2daeb84 e-con-full e-flex elementor-invisible e-con e-child\" data-id=\"2daeb84\" data-element_type=\"container\" data-settings=\"{&quot;animation&quot;:&quot;slideInUp&quot;,&quot;animation_mobile&quot;:&quot;none&quot;}\">\n\t\t<div class=\"elementor-element elementor-element-b1afb7d e-con-full e-flex e-con e-child\" data-id=\"b1afb7d\" data-element_type=\"container\">\n\t\t\t\t<\/div>\n\t\t<div class=\"elementor-element elementor-element-23381f4 e-con-full e-flex e-con e-child\" data-id=\"23381f4\" data-element_type=\"container\">\n\t\t\t\t<div class=\"elementor-element elementor-element-8500532 elementor-widget__width-auto elementor-widget elementor-widget-heading\" data-id=\"8500532\" data-element_type=\"widget\" data-widget_type=\"heading.default\">\n\t\t\t\t<div class=\"elementor-widget-container\">\n\t\t\t\t\t<h5 class=\"elementor-heading-title elementor-size-default\">Ginger<\/h5>\t\t\t\t<\/div>\n\t\t\t\t<\/div>\n\t\t\t\t<div class=\"elementor-element elementor-element-63f76d8 elementor-widget elementor-widget-heading\" data-id=\"63f76d8\" data-element_type=\"widget\" data-widget_type=\"heading.default\">\n\t\t\t\t<div class=\"elementor-widget-container\">\n\t\t\t\t\t<div class=\"elementor-heading-title elementor-size-default\">Elma, Salatal\u0131k Zencefil, Limon, Maydanoz ve Nane<\/div>\t\t\t\t<\/div>\n\t\t\t\t<\/div>\n\t\t\t\t<\/div>\n\t\t<div class=\"elementor-element elementor-element-77b53b2 e-con-full e-flex e-con e-child\" data-id=\"77b53b2\" data-element_type=\"container\">\n\t\t\t\t<div class=\"elementor-element elementor-element-4ffe9ab elementor-widget__width-auto elementor-widget elementor-widget-heading\" data-id=\"4ffe9ab\" data-element_type=\"widget\" data-widget_type=\"heading.default\">\n\t\t\t\t<div class=\"elementor-widget-container\">\n\t\t\t\t\t<div class=\"elementor-heading-title elementor-size-default\">239TL<\/div>\t\t\t\t<\/div>\n\t\t\t\t<\/div>\n\t\t\t\t<\/div>\n\t\t\t\t<\/div>\n\t\t<div class=\"elementor-element elementor-element-5f9e36c e-con-full e-flex elementor-invisible e-con e-child\" data-id=\"5f9e36c\" data-element_type=\"container\" data-settings=\"{&quot;animation&quot;:&quot;slideInUp&quot;,&quot;animation_mobile&quot;:&quot;none&quot;}\">\n\t\t<div class=\"elementor-element elementor-element-18a5781 e-con-full e-flex e-con e-child\" data-id=\"18a5781\" data-element_type=\"container\">\n\t\t\t\t<\/div>\n\t\t<div class=\"elementor-element elementor-element-b24581d e-con-full e-flex e-con e-child\" data-id=\"b24581d\" data-element_type=\"container\">\n\t\t\t\t<div class=\"elementor-element elementor-element-e3468a2 elementor-widget__width-auto elementor-widget elementor-widget-heading\" data-id=\"e3468a2\" data-element_type=\"widget\" data-widget_type=\"heading.default\">\n\t\t\t\t<div class=\"elementor-widget-container\">\n\t\t\t\t\t<h5 class=\"elementor-heading-title elementor-size-default\">Energizer<\/h5>\t\t\t\t<\/div>\n\t\t\t\t<\/div>\n\t\t\t\t<div class=\"elementor-element elementor-element-397746d elementor-widget elementor-widget-heading\" data-id=\"397746d\" data-element_type=\"widget\" data-widget_type=\"heading.default\">\n\t\t\t\t<div class=\"elementor-widget-container\">\n\t\t\t\t\t<div class=\"elementor-heading-title elementor-size-default\">\u00c7ilek Muz ve Portakal<\/div>\t\t\t\t<\/div>\n\t\t\t\t<\/div>\n\t\t\t\t<\/div>\n\t\t<div class=\"elementor-element elementor-element-7db6e34 e-con-full e-flex e-con e-child\" data-id=\"7db6e34\" data-element_type=\"container\">\n\t\t\t\t<div class=\"elementor-element elementor-element-11cf44a elementor-widget__width-auto elementor-widget elementor-widget-heading\" data-id=\"11cf44a\" data-element_type=\"widget\" data-widget_type=\"heading.default\">\n\t\t\t\t<div class=\"elementor-widget-container\">\n\t\t\t\t\t<div class=\"elementor-heading-title elementor-size-default\">239TL<\/div>\t\t\t\t<\/div>\n\t\t\t\t<\/div>\n\t\t\t\t<\/div>\n\t\t\t\t<\/div>\n\t\t<div class=\"elementor-element elementor-element-8fcc0fc e-con-full e-flex elementor-invisible e-con e-child\" data-id=\"8fcc0fc\" data-element_type=\"container\" data-settings=\"{&quot;animation&quot;:&quot;slideInUp&quot;,&quot;animation_mobile&quot;:&quot;none&quot;}\">\n\t\t<div class=\"elementor-element elementor-element-0d4ecb2 e-con-full e-flex e-con e-child\" data-id=\"0d4ecb2\" data-element_type=\"container\">\n\t\t\t\t<\/div>\n\t\t<div class=\"elementor-element elementor-element-fbea649 e-con-full e-flex e-con e-child\" data-id=\"fbea649\" data-element_type=\"container\">\n\t\t\t\t<div class=\"elementor-element elementor-element-2ed086e elementor-widget__width-auto elementor-widget elementor-widget-heading\" data-id=\"2ed086e\" data-element_type=\"widget\" data-widget_type=\"heading.default\">\n\t\t\t\t<div class=\"elementor-widget-container\">\n\t\t\t\t\t<h5 class=\"elementor-heading-title elementor-size-default\">Detox<\/h5>\t\t\t\t<\/div>\n\t\t\t\t<\/div>\n\t\t\t\t<div class=\"elementor-element elementor-element-c82d7a3 elementor-widget elementor-widget-heading\" data-id=\"c82d7a3\" data-element_type=\"widget\" data-widget_type=\"heading.default\">\n\t\t\t\t<div class=\"elementor-widget-container\">\n\t\t\t\t\t<div class=\"elementor-heading-title elementor-size-default\">Ananas, Armut Ispanak, Avokado, Salatal\u0131k, Nane<\/div>\t\t\t\t<\/div>\n\t\t\t\t<\/div>\n\t\t\t\t<\/div>\n\t\t<div class=\"elementor-element elementor-element-373009a e-con-full e-flex e-con e-child\" data-id=\"373009a\" data-element_type=\"container\">\n\t\t\t\t<div class=\"elementor-element elementor-element-44b4ff7 elementor-widget__width-auto elementor-widget elementor-widget-heading\" data-id=\"44b4ff7\" data-element_type=\"widget\" data-widget_type=\"heading.default\">\n\t\t\t\t<div class=\"elementor-widget-container\">\n\t\t\t\t\t<div class=\"elementor-heading-title elementor-size-default\">239TL<\/div>\t\t\t\t<\/div>\n\t\t\t\t<\/div>\n\t\t\t\t<\/div>\n\t\t\t\t<\/div>\n\t\t\t\t<\/div>\n\t\t<div class=\"elementor-element elementor-element-f2769bf e-con-full e-flex e-con e-child\" data-id=\"f2769bf\" data-element_type=\"container\">\n\t\t<div class=\"elementor-element elementor-element-3dfd68f e-con-full e-flex elementor-invisible e-con e-child\" data-id=\"3dfd68f\" data-element_type=\"container\" data-settings=\"{&quot;animation&quot;:&quot;slideInUp&quot;,&quot;animation_mobile&quot;:&quot;none&quot;}\">\n\t\t<div class=\"elementor-element elementor-element-21aa40e e-con-full e-flex e-con e-child\" data-id=\"21aa40e\" data-element_type=\"container\">\n\t\t\t\t<\/div>\n\t\t<div class=\"elementor-element elementor-element-4b82156 e-con-full e-flex e-con e-child\" data-id=\"4b82156\" data-element_type=\"container\">\n\t\t\t\t<div class=\"elementor-element elementor-element-f9a9aad elementor-widget__width-auto elementor-widget elementor-widget-heading\" data-id=\"f9a9aad\" data-element_type=\"widget\" data-widget_type=\"heading.default\">\n\t\t\t\t<div class=\"elementor-widget-container\">\n\t\t\t\t\t<h5 class=\"elementor-heading-title elementor-size-default\">Power<\/h5>\t\t\t\t<\/div>\n\t\t\t\t<\/div>\n\t\t\t\t<div class=\"elementor-element elementor-element-a15baa2 elementor-widget elementor-widget-heading\" data-id=\"a15baa2\" data-element_type=\"widget\" data-widget_type=\"heading.default\">\n\t\t\t\t<div class=\"elementor-widget-container\">\n\t\t\t\t\t<div class=\"elementor-heading-title elementor-size-default\">Portakal, Havu\u00e7, Ananas, \u00dcz\u00fcm, Bal<\/div>\t\t\t\t<\/div>\n\t\t\t\t<\/div>\n\t\t\t\t<\/div>\n\t\t<div class=\"elementor-element elementor-element-7e92fc4 e-con-full e-flex e-con e-child\" data-id=\"7e92fc4\" data-element_type=\"container\">\n\t\t\t\t<div class=\"elementor-element elementor-element-db9ade0 elementor-widget__width-auto elementor-widget elementor-widget-heading\" data-id=\"db9ade0\" data-element_type=\"widget\" data-widget_type=\"heading.default\">\n\t\t\t\t<div class=\"elementor-widget-container\">\n\t\t\t\t\t<div class=\"elementor-heading-title elementor-size-default\">239TL<\/div>\t\t\t\t<\/div>\n\t\t\t\t<\/div>\n\t\t\t\t<\/div>\n\t\t\t\t<\/div>\n\t\t<div class=\"elementor-element elementor-element-5090e1e e-con-full e-flex elementor-invisible e-con e-child\" data-id=\"5090e1e\" data-element_type=\"container\" data-settings=\"{&quot;animation&quot;:&quot;slideInUp&quot;,&quot;animation_mobile&quot;:&quot;none&quot;}\">\n\t\t<div class=\"elementor-element elementor-element-bf188c6 e-con-full e-flex e-con e-child\" data-id=\"bf188c6\" data-element_type=\"container\">\n\t\t\t\t<\/div>\n\t\t<div class=\"elementor-element elementor-element-3c53760 e-con-full e-flex e-con e-child\" data-id=\"3c53760\" data-element_type=\"container\">\n\t\t\t\t<div class=\"elementor-element elementor-element-610891b elementor-widget__width-auto elementor-widget elementor-widget-heading\" data-id=\"610891b\" data-element_type=\"widget\" data-widget_type=\"heading.default\">\n\t\t\t\t<div class=\"elementor-widget-container\">\n\t\t\t\t\t<h5 class=\"elementor-heading-title elementor-size-default\">Serenity<\/h5>\t\t\t\t<\/div>\n\t\t\t\t<\/div>\n\t\t\t\t<div class=\"elementor-element elementor-element-dbd2050 elementor-widget elementor-widget-heading\" data-id=\"dbd2050\" data-element_type=\"widget\" data-widget_type=\"heading.default\">\n\t\t\t\t<div class=\"elementor-widget-container\">\n\t\t\t\t\t<div class=\"elementor-heading-title elementor-size-default\">Muz, Havu\u00e7, Kereviz, Tar\u00e7\u0131n, Karanfil<\/div>\t\t\t\t<\/div>\n\t\t\t\t<\/div>\n\t\t\t\t<\/div>\n\t\t<div class=\"elementor-element elementor-element-3a10710 e-con-full e-flex e-con e-child\" data-id=\"3a10710\" data-element_type=\"container\">\n\t\t\t\t<div class=\"elementor-element elementor-element-91dec6e elementor-widget__width-auto elementor-widget elementor-widget-heading\" data-id=\"91dec6e\" data-element_type=\"widget\" data-widget_type=\"heading.default\">\n\t\t\t\t<div class=\"elementor-widget-container\">\n\t\t\t\t\t<div class=\"elementor-heading-title elementor-size-default\">239TL<\/div>\t\t\t\t<\/div>\n\t\t\t\t<\/div>\n\t\t\t\t<\/div>\n\t\t\t\t<\/div>\n\t\t<div class=\"elementor-element elementor-element-f391c8b e-con-full e-flex elementor-invisible e-con e-child\" data-id=\"f391c8b\" data-element_type=\"container\" data-settings=\"{&quot;animation&quot;:&quot;slideInUp&quot;,&quot;animation_mobile&quot;:&quot;none&quot;}\">\n\t\t<div class=\"elementor-element elementor-element-7bacbc3 e-con-full e-flex e-con e-child\" data-id=\"7bacbc3\" data-element_type=\"container\">\n\t\t\t\t<\/div>\n\t\t<div class=\"elementor-element elementor-element-103051e e-con-full e-flex e-con e-child\" data-id=\"103051e\" data-element_type=\"container\">\n\t\t\t\t<div class=\"elementor-element elementor-element-064a711 elementor-widget__width-auto elementor-widget elementor-widget-heading\" data-id=\"064a711\" data-element_type=\"widget\" data-widget_type=\"heading.default\">\n\t\t\t\t<div class=\"elementor-widget-container\">\n\t\t\t\t\t<h5 class=\"elementor-heading-title elementor-size-default\">Ferah<\/h5>\t\t\t\t<\/div>\n\t\t\t\t<\/div>\n\t\t\t\t<div class=\"elementor-element elementor-element-6a3c6cf elementor-widget elementor-widget-heading\" data-id=\"6a3c6cf\" data-element_type=\"widget\" data-widget_type=\"heading.default\">\n\t\t\t\t<div class=\"elementor-widget-container\">\n\t\t\t\t\t<div class=\"elementor-heading-title elementor-size-default\">Portakal, Limon, Nane, Fesle\u011fen, Zencefil<\/div>\t\t\t\t<\/div>\n\t\t\t\t<\/div>\n\t\t\t\t<\/div>\n\t\t<div class=\"elementor-element elementor-element-01631ad e-con-full e-flex e-con e-child\" data-id=\"01631ad\" data-element_type=\"container\">\n\t\t\t\t<div class=\"elementor-element elementor-element-bd7cb5a elementor-widget__width-auto elementor-widget elementor-widget-heading\" data-id=\"bd7cb5a\" data-element_type=\"widget\" data-widget_type=\"heading.default\">\n\t\t\t\t<div class=\"elementor-widget-container\">\n\t\t\t\t\t<div class=\"elementor-heading-title elementor-size-default\">239TL<\/div>\t\t\t\t<\/div>\n\t\t\t\t<\/div>\n\t\t\t\t<\/div>\n\t\t\t\t<\/div>\n\t\t\t\t<\/div>\n\t\t<div class=\"elementor-element elementor-element-c5dc68e e-con-full e-flex e-con e-child\" data-id=\"c5dc68e\" data-element_type=\"container\">\n\t\t<div class=\"elementor-element elementor-element-41b3fd1 e-con-full e-flex elementor-invisible e-con e-child\" data-id=\"41b3fd1\" data-element_type=\"container\" data-settings=\"{&quot;animation&quot;:&quot;slideInUp&quot;,&quot;animation_mobile&quot;:&quot;none&quot;}\">\n\t\t<div class=\"elementor-element elementor-element-175dab2 e-con-full e-flex e-con e-child\" data-id=\"175dab2\" data-element_type=\"container\">\n\t\t\t\t<\/div>\n\t\t<div class=\"elementor-element elementor-element-fbd3a0f e-con-full e-flex e-con e-child\" data-id=\"fbd3a0f\" data-element_type=\"container\">\n\t\t\t\t<div class=\"elementor-element elementor-element-19d6e8e elementor-widget__width-auto elementor-widget elementor-widget-heading\" data-id=\"19d6e8e\" data-element_type=\"widget\" data-widget_type=\"heading.default\">\n\t\t\t\t<div class=\"elementor-widget-container\">\n\t\t\t\t\t<h5 class=\"elementor-heading-title elementor-size-default\">Good Feeling<\/h5>\t\t\t\t<\/div>\n\t\t\t\t<\/div>\n\t\t\t\t<div class=\"elementor-element elementor-element-132e17e elementor-widget elementor-widget-heading\" data-id=\"132e17e\" data-element_type=\"widget\" data-widget_type=\"heading.default\">\n\t\t\t\t<div class=\"elementor-widget-container\">\n\t\t\t\t\t<div class=\"elementor-heading-title elementor-size-default\">Ye\u015fil Elma, Zencefil, Portakal, \u00c7ilek<\/div>\t\t\t\t<\/div>\n\t\t\t\t<\/div>\n\t\t\t\t<\/div>\n\t\t<div class=\"elementor-element elementor-element-c8c5958 e-con-full e-flex e-con e-child\" data-id=\"c8c5958\" data-element_type=\"container\">\n\t\t\t\t<div class=\"elementor-element elementor-element-ed2ef46 elementor-widget__width-auto elementor-widget elementor-widget-heading\" data-id=\"ed2ef46\" data-element_type=\"widget\" data-widget_type=\"heading.default\">\n\t\t\t\t<div class=\"elementor-widget-container\">\n\t\t\t\t\t<div class=\"elementor-heading-title elementor-size-default\">239TL<\/div>\t\t\t\t<\/div>\n\t\t\t\t<\/div>\n\t\t\t\t<\/div>\n\t\t\t\t<\/div>\n\t\t<div class=\"elementor-element elementor-element-083f905 e-con-full e-flex elementor-invisible e-con e-child\" data-id=\"083f905\" data-element_type=\"container\" data-settings=\"{&quot;animation&quot;:&quot;slideInUp&quot;,&quot;animation_mobile&quot;:&quot;none&quot;}\">\n\t\t<div class=\"elementor-element elementor-element-7274f32 e-con-full e-flex e-con e-child\" data-id=\"7274f32\" data-element_type=\"container\">\n\t\t\t\t<\/div>\n\t\t<div class=\"elementor-element elementor-element-3a3167b e-con-full e-flex e-con e-child\" data-id=\"3a3167b\" data-element_type=\"container\">\n\t\t\t\t<div class=\"elementor-element elementor-element-2258d11 elementor-widget__width-auto elementor-widget elementor-widget-heading\" data-id=\"2258d11\" data-element_type=\"widget\" data-widget_type=\"heading.default\">\n\t\t\t\t<div class=\"elementor-widget-container\">\n\t\t\t\t\t<h5 class=\"elementor-heading-title elementor-size-default\">Virgin Colada<\/h5>\t\t\t\t<\/div>\n\t\t\t\t<\/div>\n\t\t\t\t<div class=\"elementor-element elementor-element-ddcb018 elementor-widget elementor-widget-heading\" data-id=\"ddcb018\" data-element_type=\"widget\" data-widget_type=\"heading.default\">\n\t\t\t\t<div class=\"elementor-widget-container\">\n\t\t\t\t\t<div class=\"elementor-heading-title elementor-size-default\">Hindistan Cevizi S\u00fct\u00fc, Ananas, Nane<\/div>\t\t\t\t<\/div>\n\t\t\t\t<\/div>\n\t\t\t\t<\/div>\n\t\t<div class=\"elementor-element elementor-element-4900db6 e-con-full e-flex e-con e-child\" data-id=\"4900db6\" data-element_type=\"container\">\n\t\t\t\t<div class=\"elementor-element elementor-element-dbdf609 elementor-widget__width-auto elementor-widget elementor-widget-heading\" data-id=\"dbdf609\" data-element_type=\"widget\" data-widget_type=\"heading.default\">\n\t\t\t\t<div class=\"elementor-widget-container\">\n\t\t\t\t\t<div class=\"elementor-heading-title elementor-size-default\">239TL<\/div>\t\t\t\t<\/div>\n\t\t\t\t<\/div>\n\t\t\t\t<\/div>\n\t\t\t\t<\/div>\n\t\t<div class=\"elementor-element elementor-element-8e08703 e-con-full e-flex elementor-invisible e-con e-child\" data-id=\"8e08703\" data-element_type=\"container\" data-settings=\"{&quot;animation&quot;:&quot;slideInUp&quot;,&quot;animation_mobile&quot;:&quot;none&quot;}\">\n\t\t<div class=\"elementor-element elementor-element-dc8e9d1 e-con-full e-flex e-con e-child\" data-id=\"dc8e9d1\" data-element_type=\"container\">\n\t\t\t\t<\/div>\n\t\t<div class=\"elementor-element elementor-element-111014f e-con-full e-flex e-con e-child\" data-id=\"111014f\" data-element_type=\"container\">\n\t\t\t\t<div class=\"elementor-element elementor-element-05c96b4 elementor-widget__width-auto elementor-widget elementor-widget-heading\" data-id=\"05c96b4\" data-element_type=\"widget\" data-widget_type=\"heading.default\">\n\t\t\t\t<div class=\"elementor-widget-container\">\n\t\t\t\t\t<h5 class=\"elementor-heading-title elementor-size-default\">Ironman<\/h5>\t\t\t\t<\/div>\n\t\t\t\t<\/div>\n\t\t\t\t<div class=\"elementor-element elementor-element-f9f33fd elementor-widget elementor-widget-heading\" data-id=\"f9f33fd\" data-element_type=\"widget\" data-widget_type=\"heading.default\">\n\t\t\t\t<div class=\"elementor-widget-container\">\n\t\t\t\t\t<div class=\"elementor-heading-title elementor-size-default\">Ispanak, Salatal\u0131k, Portakal, Havu\u00e7, Elma, Fesle\u011fen<\/div>\t\t\t\t<\/div>\n\t\t\t\t<\/div>\n\t\t\t\t<\/div>\n\t\t<div class=\"elementor-element elementor-element-3748a19 e-con-full e-flex e-con e-child\" data-id=\"3748a19\" data-element_type=\"container\">\n\t\t\t\t<div class=\"elementor-element elementor-element-5b3b6b2 elementor-widget__width-auto elementor-widget elementor-widget-heading\" data-id=\"5b3b6b2\" data-element_type=\"widget\" data-widget_type=\"heading.default\">\n\t\t\t\t<div class=\"elementor-widget-container\">\n\t\t\t\t\t<div class=\"elementor-heading-title elementor-size-default\">239TL<\/div>\t\t\t\t<\/div>\n\t\t\t\t<\/div>\n\t\t\t\t<\/div>\n\t\t\t\t<\/div>\n\t\t\t\t<\/div>\n\t\t<div class=\"elementor-element elementor-element-24020eb e-flex e-con-boxed e-con e-parent\" data-id=\"24020eb\" data-element_type=\"container\">\n\t\t\t\t\t<div class=\"e-con-inner\">\n\t\t\t\t<div class=\"elementor-element elementor-element-1cabe2c elementor-widget elementor-widget-heading\" data-id=\"1cabe2c\" data-element_type=\"widget\" data-widget_type=\"heading.default\">\n\t\t\t\t<div class=\"elementor-widget-container\">\n\t\t\t\t\t<h2 class=\"elementor-heading-title elementor-size-default\">Our prices include VAT<\/h2>\t\t\t\t<\/div>\n\t\t\t\t<\/div>\n\t\t\t\t\t<\/div>\n\t\t\t\t<\/div>\n\t\t\t\t<\/div>","protected":false},"excerpt":{"rendered":"<p>Portakal Suyu Taze S\u0131k\u0131lm\u0131\u015f Portakal Suyu 169TL Ginger Elma, Salatal\u0131k Zencefil, Limon, Maydanoz ve Nane 239TL Energizer \u00c7ilek Muz ve Portakal 239TL Detox Ananas, Armut Ispanak, Avokado, Salatal\u0131k, Nane 239TL Power Portakal, Havu\u00e7, Ananas, \u00dcz\u00fcm, Bal 239TL Serenity Muz, Havu\u00e7, Kereviz, Tar\u00e7\u0131n, Karanfil 239TL Ferah Portakal, Limon, Nane, Fesle\u011fen, Zencefil 239TL Good Feeling Ye\u015fil Elma, [&hellip;]<\/p>","protected":false},"author":1,"featured_media":0,"parent":0,"menu_order":0,"comment_status":"closed","ping_status":"closed","template":"","meta":{"footnotes":""},"class_list":["post-1139","page","type-page","status-publish","hentry"],"_links":{"self":[{"href":"https:\/\/wokipoint.com.tr\/en\/wp-json\/wp\/v2\/pages\/1139","targetHints":{"allow":["GET"]}}],"collection":[{"href":"https:\/\/wokipoint.com.tr\/en\/wp-json\/wp\/v2\/pages"}],"about":[{"href":"https:\/\/wokipoint.com.tr\/en\/wp-json\/wp\/v2\/types\/page"}],"author":[{"embeddable":true,"href":"https:\/\/wokipoint.com.tr\/en\/wp-json\/wp\/v2\/users\/1"}],"replies":[{"embeddable":true,"href":"https:\/\/wokipoint.com.tr\/en\/wp-json\/wp\/v2\/comments?post=1139"}],"version-history":[{"count":24,"href":"https:\/\/wokipoint.com.tr\/en\/wp-json\/wp\/v2\/pages\/1139\/revisions"}],"predecessor-version":[{"id":2461,"href":"https:\/\/wokipoint.com.tr\/en\/wp-json\/wp\/v2\/pages\/1139\/revisions\/2461"}],"wp:attachment":[{"href":"https:\/\/wokipoint.com.tr\/en\/wp-json\/wp\/v2\/media?parent=1139"}],"curies":[{"name":"wp","href":"https:\/\/api.w.org\/{rel}","templated":true}]}}