{"id":1157,"date":"2025-12-19T22:13:36","date_gmt":"2025-12-19T22:13:36","guid":{"rendered":"https:\/\/wokipoint.com.tr\/?page_id=1157"},"modified":"2026-02-12T21:20:26","modified_gmt":"2026-02-12T21:20:26","slug":"caylar","status":"publish","type":"page","link":"https:\/\/wokipoint.com.tr\/en\/caylar\/","title":{"rendered":"TEAS"},"content":{"rendered":"<div data-elementor-type=\"wp-page\" data-elementor-id=\"1157\" class=\"elementor elementor-1157\" data-elementor-post-type=\"page\">\n\t\t\t\t<div class=\"elementor-element elementor-element-3a0a7f5 e-flex e-con-boxed e-con e-parent\" data-id=\"3a0a7f5\" data-element_type=\"container\">\n\t\t\t\t\t<div class=\"e-con-inner\">\n\t\t\t\t<div class=\"elementor-element elementor-element-f30aa2b elementor-widget elementor-widget-image\" data-id=\"f30aa2b\" data-element_type=\"widget\" data-widget_type=\"image.default\">\n\t\t\t\t<div class=\"elementor-widget-container\">\n\t\t\t\t\t\t\t\t\t\t\t\t\t\t\t<img loading=\"lazy\" decoding=\"async\" width=\"800\" height=\"534\" src=\"https:\/\/wokipoint.com.tr\/wp-content\/uploads\/2025\/12\/0d1fb045424634920633501ae21db408-1024x683.jpg\" class=\"attachment-large size-large wp-image-1686\" alt=\"\" srcset=\"https:\/\/wokipoint.com.tr\/wp-content\/uploads\/2025\/12\/0d1fb045424634920633501ae21db408-1024x683.jpg 1024w, https:\/\/wokipoint.com.tr\/wp-content\/uploads\/2025\/12\/0d1fb045424634920633501ae21db408-300x200.jpg 300w, https:\/\/wokipoint.com.tr\/wp-content\/uploads\/2025\/12\/0d1fb045424634920633501ae21db408-768x512.jpg 768w, https:\/\/wokipoint.com.tr\/wp-content\/uploads\/2025\/12\/0d1fb045424634920633501ae21db408-1536x1024.jpg 1536w, https:\/\/wokipoint.com.tr\/wp-content\/uploads\/2025\/12\/0d1fb045424634920633501ae21db408-2048x1365.jpg 2048w\" sizes=\"auto, (max-width: 800px) 100vw, 800px\" \/>\t\t\t\t\t\t\t\t\t\t\t\t\t\t\t<\/div>\n\t\t\t\t<\/div>\n\t\t\t\t\t<\/div>\n\t\t\t\t<\/div>\n\t\t<div class=\"elementor-element elementor-element-4b3d405 e-con-full e-flex e-con e-child\" data-id=\"4b3d405\" data-element_type=\"container\">\n\t\t<div class=\"elementor-element elementor-element-6925f4b e-con-full e-flex elementor-invisible e-con e-child\" data-id=\"6925f4b\" data-element_type=\"container\" data-settings=\"{&quot;animation&quot;:&quot;slideInUp&quot;,&quot;animation_mobile&quot;:&quot;none&quot;}\">\n\t\t<div class=\"elementor-element elementor-element-849d9f4 e-con-full e-flex e-con e-child\" data-id=\"849d9f4\" data-element_type=\"container\">\n\t\t\t\t<div class=\"elementor-element elementor-element-15ea6ff elementor-widget__width-auto elementor-widget elementor-widget-heading\" data-id=\"15ea6ff\" data-element_type=\"widget\" data-widget_type=\"heading.default\">\n\t\t\t\t<div class=\"elementor-widget-container\">\n\t\t\t\t\t<h5 class=\"elementor-heading-title elementor-size-default\">Demleme \u00c7ay<\/h5>\t\t\t\t<\/div>\n\t\t\t\t<\/div>\n\t\t\t\t<\/div>\n\t\t<div class=\"elementor-element elementor-element-886b596 e-con-full e-flex e-con e-child\" data-id=\"886b596\" data-element_type=\"container\">\n\t\t\t\t<div class=\"elementor-element elementor-element-ff9116b elementor-widget__width-auto elementor-widget elementor-widget-heading\" data-id=\"ff9116b\" data-element_type=\"widget\" data-widget_type=\"heading.default\">\n\t\t\t\t<div class=\"elementor-widget-container\">\n\t\t\t\t\t<div class=\"elementor-heading-title elementor-size-default\">69TL<\/div>\t\t\t\t<\/div>\n\t\t\t\t<\/div>\n\t\t\t\t<\/div>\n\t\t\t\t<\/div>\n\t\t<div class=\"elementor-element elementor-element-013d24e e-con-full e-flex elementor-invisible e-con e-child\" data-id=\"013d24e\" data-element_type=\"container\" data-settings=\"{&quot;animation&quot;:&quot;slideInUp&quot;,&quot;animation_mobile&quot;:&quot;none&quot;}\">\n\t\t<div class=\"elementor-element elementor-element-95075ad e-con-full e-flex e-con e-child\" data-id=\"95075ad\" data-element_type=\"container\">\n\t\t\t\t<div class=\"elementor-element elementor-element-fcc718d elementor-widget__width-auto elementor-widget elementor-widget-heading\" data-id=\"fcc718d\" data-element_type=\"widget\" data-widget_type=\"heading.default\">\n\t\t\t\t<div class=\"elementor-widget-container\">\n\t\t\t\t\t<h5 class=\"elementor-heading-title elementor-size-default\">Fincan Demleme \u00c7ay<\/h5>\t\t\t\t<\/div>\n\t\t\t\t<\/div>\n\t\t\t\t<\/div>\n\t\t<div class=\"elementor-element elementor-element-682e675 e-con-full e-flex e-con e-child\" data-id=\"682e675\" data-element_type=\"container\">\n\t\t\t\t<div class=\"elementor-element elementor-element-0e630eb elementor-widget__width-auto elementor-widget elementor-widget-heading\" data-id=\"0e630eb\" data-element_type=\"widget\" data-widget_type=\"heading.default\">\n\t\t\t\t<div class=\"elementor-widget-container\">\n\t\t\t\t\t<div class=\"elementor-heading-title elementor-size-default\">84TL<\/div>\t\t\t\t<\/div>\n\t\t\t\t<\/div>\n\t\t\t\t<\/div>\n\t\t\t\t<\/div>\n\t\t<div class=\"elementor-element elementor-element-e0fbd70 e-con-full e-flex elementor-invisible e-con e-child\" data-id=\"e0fbd70\" data-element_type=\"container\" data-settings=\"{&quot;animation&quot;:&quot;slideInUp&quot;,&quot;animation_mobile&quot;:&quot;none&quot;}\">\n\t\t<div class=\"elementor-element elementor-element-0c3a31c e-con-full e-flex e-con e-child\" data-id=\"0c3a31c\" data-element_type=\"container\">\n\t\t\t\t<div class=\"elementor-element elementor-element-ba42aea elementor-widget__width-auto elementor-widget elementor-widget-heading\" data-id=\"ba42aea\" data-element_type=\"widget\" data-widget_type=\"heading.default\">\n\t\t\t\t<div class=\"elementor-widget-container\">\n\t\t\t\t\t<h5 class=\"elementor-heading-title elementor-size-default\">Sessizlik ve Sakinlik \u00c7ay\u0131<\/h5>\t\t\t\t<\/div>\n\t\t\t\t<\/div>\n\t\t\t\t<\/div>\n\t\t<div class=\"elementor-element elementor-element-04aa861 e-con-full e-flex e-con e-child\" data-id=\"04aa861\" data-element_type=\"container\">\n\t\t\t\t<div class=\"elementor-element elementor-element-2a10033 elementor-widget__width-auto elementor-widget elementor-widget-heading\" data-id=\"2a10033\" data-element_type=\"widget\" data-widget_type=\"heading.default\">\n\t\t\t\t<div class=\"elementor-widget-container\">\n\t\t\t\t\t<div class=\"elementor-heading-title elementor-size-default\">199TL<\/div>\t\t\t\t<\/div>\n\t\t\t\t<\/div>\n\t\t\t\t<\/div>\n\t\t\t\t<\/div>\n\t\t\t\t<\/div>\n\t\t<div class=\"elementor-element elementor-element-0765150 e-con-full e-flex e-con e-child\" data-id=\"0765150\" data-element_type=\"container\">\n\t\t<div class=\"elementor-element elementor-element-ab05c20 e-con-full e-flex elementor-invisible e-con e-child\" data-id=\"ab05c20\" data-element_type=\"container\" data-settings=\"{&quot;animation&quot;:&quot;slideInUp&quot;,&quot;animation_mobile&quot;:&quot;none&quot;}\">\n\t\t<div class=\"elementor-element elementor-element-c0f628d e-con-full e-flex e-con e-child\" data-id=\"c0f628d\" data-element_type=\"container\">\n\t\t\t\t<div class=\"elementor-element elementor-element-5364887 elementor-widget__width-auto elementor-widget elementor-widget-heading\" data-id=\"5364887\" data-element_type=\"widget\" data-widget_type=\"heading.default\">\n\t\t\t\t<div class=\"elementor-widget-container\">\n\t\t\t\t\t<h5 class=\"elementor-heading-title elementor-size-default\">\u015eifa \u00c7ay\u0131<\/h5>\t\t\t\t<\/div>\n\t\t\t\t<\/div>\n\t\t\t\t<\/div>\n\t\t<div class=\"elementor-element elementor-element-2ef7a46 e-con-full e-flex e-con e-child\" data-id=\"2ef7a46\" data-element_type=\"container\">\n\t\t\t\t<div class=\"elementor-element elementor-element-3a8b96b elementor-widget__width-auto elementor-widget elementor-widget-heading\" data-id=\"3a8b96b\" data-element_type=\"widget\" data-widget_type=\"heading.default\">\n\t\t\t\t<div class=\"elementor-widget-container\">\n\t\t\t\t\t<div class=\"elementor-heading-title elementor-size-default\">199TL<\/div>\t\t\t\t<\/div>\n\t\t\t\t<\/div>\n\t\t\t\t<\/div>\n\t\t\t\t<\/div>\n\t\t<div class=\"elementor-element elementor-element-358fe0f e-con-full e-flex elementor-invisible e-con e-child\" data-id=\"358fe0f\" data-element_type=\"container\" data-settings=\"{&quot;animation&quot;:&quot;slideInUp&quot;,&quot;animation_mobile&quot;:&quot;none&quot;}\">\n\t\t<div class=\"elementor-element elementor-element-4ac2233 e-con-full e-flex e-con e-child\" data-id=\"4ac2233\" data-element_type=\"container\">\n\t\t\t\t<div class=\"elementor-element elementor-element-c137757 elementor-widget__width-auto elementor-widget elementor-widget-heading\" data-id=\"c137757\" data-element_type=\"widget\" data-widget_type=\"heading.default\">\n\t\t\t\t<div class=\"elementor-widget-container\">\n\t\t\t\t\t<h5 class=\"elementor-heading-title elementor-size-default\">Ye\u015fil \u00c7ay<\/h5>\t\t\t\t<\/div>\n\t\t\t\t<\/div>\n\t\t\t\t<\/div>\n\t\t<div class=\"elementor-element elementor-element-a656c47 e-con-full e-flex e-con e-child\" data-id=\"a656c47\" data-element_type=\"container\">\n\t\t\t\t<div class=\"elementor-element elementor-element-32564b9 elementor-widget__width-auto elementor-widget elementor-widget-heading\" data-id=\"32564b9\" data-element_type=\"widget\" data-widget_type=\"heading.default\">\n\t\t\t\t<div class=\"elementor-widget-container\">\n\t\t\t\t\t<div class=\"elementor-heading-title elementor-size-default\">199TL<\/div>\t\t\t\t<\/div>\n\t\t\t\t<\/div>\n\t\t\t\t<\/div>\n\t\t\t\t<\/div>\n\t\t<div class=\"elementor-element elementor-element-298c3b7 e-con-full e-flex elementor-invisible e-con e-child\" data-id=\"298c3b7\" data-element_type=\"container\" data-settings=\"{&quot;animation&quot;:&quot;slideInUp&quot;,&quot;animation_mobile&quot;:&quot;none&quot;}\">\n\t\t<div class=\"elementor-element elementor-element-4f9d08a e-con-full e-flex e-con e-child\" data-id=\"4f9d08a\" data-element_type=\"container\">\n\t\t\t\t<div class=\"elementor-element elementor-element-0a7dd8d elementor-widget__width-auto elementor-widget elementor-widget-heading\" data-id=\"0a7dd8d\" data-element_type=\"widget\" data-widget_type=\"heading.default\">\n\t\t\t\t<div class=\"elementor-widget-container\">\n\t\t\t\t\t<h5 class=\"elementor-heading-title elementor-size-default\">K\u0131\u015f \u00c7ay\u0131<\/h5>\t\t\t\t<\/div>\n\t\t\t\t<\/div>\n\t\t\t\t<\/div>\n\t\t<div class=\"elementor-element elementor-element-511494b e-con-full e-flex e-con e-child\" data-id=\"511494b\" data-element_type=\"container\">\n\t\t\t\t<div class=\"elementor-element elementor-element-cf8fd93 elementor-widget__width-auto elementor-widget elementor-widget-heading\" data-id=\"cf8fd93\" data-element_type=\"widget\" data-widget_type=\"heading.default\">\n\t\t\t\t<div class=\"elementor-widget-container\">\n\t\t\t\t\t<div class=\"elementor-heading-title elementor-size-default\">199TL<\/div>\t\t\t\t<\/div>\n\t\t\t\t<\/div>\n\t\t\t\t<\/div>\n\t\t\t\t<\/div>\n\t\t\t\t<\/div>\n\t\t<div class=\"elementor-element elementor-element-7a99bca e-con-full e-flex e-con e-child\" data-id=\"7a99bca\" data-element_type=\"container\">\n\t\t<div class=\"elementor-element elementor-element-f51384d e-con-full e-flex elementor-invisible e-con e-child\" data-id=\"f51384d\" data-element_type=\"container\" data-settings=\"{&quot;animation&quot;:&quot;slideInUp&quot;,&quot;animation_mobile&quot;:&quot;none&quot;}\">\n\t\t<div class=\"elementor-element elementor-element-0eaeab0 e-con-full e-flex e-con e-child\" data-id=\"0eaeab0\" data-element_type=\"container\">\n\t\t\t\t<div class=\"elementor-element elementor-element-eae6ce2 elementor-widget__width-auto elementor-widget elementor-widget-heading\" data-id=\"eae6ce2\" data-element_type=\"widget\" data-widget_type=\"heading.default\">\n\t\t\t\t<div class=\"elementor-widget-container\">\n\t\t\t\t\t<h5 class=\"elementor-heading-title elementor-size-default\">Ku\u015fburnu<\/h5>\t\t\t\t<\/div>\n\t\t\t\t<\/div>\n\t\t\t\t<\/div>\n\t\t<div class=\"elementor-element elementor-element-86dbb8d e-con-full e-flex e-con e-child\" data-id=\"86dbb8d\" data-element_type=\"container\">\n\t\t\t\t<div class=\"elementor-element elementor-element-1258192 elementor-widget__width-auto elementor-widget elementor-widget-heading\" data-id=\"1258192\" data-element_type=\"widget\" data-widget_type=\"heading.default\">\n\t\t\t\t<div class=\"elementor-widget-container\">\n\t\t\t\t\t<div class=\"elementor-heading-title elementor-size-default\">199TL<\/div>\t\t\t\t<\/div>\n\t\t\t\t<\/div>\n\t\t\t\t<\/div>\n\t\t\t\t<\/div>\n\t\t<div class=\"elementor-element elementor-element-c573e4a e-con-full e-flex elementor-invisible e-con e-child\" data-id=\"c573e4a\" data-element_type=\"container\" data-settings=\"{&quot;animation&quot;:&quot;slideInUp&quot;,&quot;animation_mobile&quot;:&quot;none&quot;}\">\n\t\t<div class=\"elementor-element elementor-element-7507454 e-con-full e-flex e-con e-child\" data-id=\"7507454\" data-element_type=\"container\">\n\t\t\t\t<div class=\"elementor-element elementor-element-2af67d3 elementor-widget__width-auto elementor-widget elementor-widget-heading\" data-id=\"2af67d3\" data-element_type=\"widget\" data-widget_type=\"heading.default\">\n\t\t\t\t<div class=\"elementor-widget-container\">\n\t\t\t\t\t<h5 class=\"elementor-heading-title elementor-size-default\">Ada\u00e7ay\u0131<\/h5>\t\t\t\t<\/div>\n\t\t\t\t<\/div>\n\t\t\t\t<\/div>\n\t\t<div class=\"elementor-element elementor-element-eefa905 e-con-full e-flex e-con e-child\" data-id=\"eefa905\" data-element_type=\"container\">\n\t\t\t\t<div class=\"elementor-element elementor-element-d70fc5a elementor-widget__width-auto elementor-widget elementor-widget-heading\" data-id=\"d70fc5a\" data-element_type=\"widget\" data-widget_type=\"heading.default\">\n\t\t\t\t<div class=\"elementor-widget-container\">\n\t\t\t\t\t<div class=\"elementor-heading-title elementor-size-default\">199TL<\/div>\t\t\t\t<\/div>\n\t\t\t\t<\/div>\n\t\t\t\t<\/div>\n\t\t\t\t<\/div>\n\t\t<div class=\"elementor-element elementor-element-24f0a63 e-con-full e-flex elementor-invisible e-con e-child\" data-id=\"24f0a63\" data-element_type=\"container\" data-settings=\"{&quot;animation&quot;:&quot;slideInUp&quot;,&quot;animation_mobile&quot;:&quot;none&quot;}\">\n\t\t<div class=\"elementor-element elementor-element-23c603a e-con-full e-flex e-con e-child\" data-id=\"23c603a\" data-element_type=\"container\">\n\t\t\t\t<div class=\"elementor-element elementor-element-650e12c elementor-widget__width-auto elementor-widget elementor-widget-heading\" data-id=\"650e12c\" data-element_type=\"widget\" data-widget_type=\"heading.default\">\n\t\t\t\t<div class=\"elementor-widget-container\">\n\t\t\t\t\t<h5 class=\"elementor-heading-title elementor-size-default\">Ihlamur<\/h5>\t\t\t\t<\/div>\n\t\t\t\t<\/div>\n\t\t\t\t<\/div>\n\t\t<div class=\"elementor-element elementor-element-0d157d4 e-con-full e-flex e-con e-child\" data-id=\"0d157d4\" data-element_type=\"container\">\n\t\t\t\t<div class=\"elementor-element elementor-element-a303b2c elementor-widget__width-auto elementor-widget elementor-widget-heading\" data-id=\"a303b2c\" data-element_type=\"widget\" data-widget_type=\"heading.default\">\n\t\t\t\t<div class=\"elementor-widget-container\">\n\t\t\t\t\t<div class=\"elementor-heading-title elementor-size-default\">199TL<\/div>\t\t\t\t<\/div>\n\t\t\t\t<\/div>\n\t\t\t\t<\/div>\n\t\t\t\t<\/div>\n\t\t\t\t<\/div>\n\t\t<div class=\"elementor-element elementor-element-07cbe93 e-con-full e-flex e-con e-child\" data-id=\"07cbe93\" data-element_type=\"container\">\n\t\t<div class=\"elementor-element elementor-element-b2e9791 e-con-full e-flex elementor-invisible e-con e-child\" data-id=\"b2e9791\" data-element_type=\"container\" data-settings=\"{&quot;animation&quot;:&quot;slideInUp&quot;,&quot;animation_mobile&quot;:&quot;none&quot;}\">\n\t\t<div class=\"elementor-element elementor-element-71bf5b8 e-con-full e-flex e-con e-child\" data-id=\"71bf5b8\" data-element_type=\"container\">\n\t\t\t\t<div class=\"elementor-element elementor-element-91b26ea elementor-widget__width-auto elementor-widget elementor-widget-heading\" data-id=\"91b26ea\" data-element_type=\"widget\" data-widget_type=\"heading.default\">\n\t\t\t\t<div class=\"elementor-widget-container\">\n\t\t\t\t\t<h5 class=\"elementor-heading-title elementor-size-default\">Rezene<\/h5>\t\t\t\t<\/div>\n\t\t\t\t<\/div>\n\t\t\t\t<\/div>\n\t\t<div class=\"elementor-element elementor-element-faa5ded e-con-full e-flex e-con e-child\" data-id=\"faa5ded\" data-element_type=\"container\">\n\t\t\t\t<div class=\"elementor-element elementor-element-7e7bed0 elementor-widget__width-auto elementor-widget elementor-widget-heading\" data-id=\"7e7bed0\" data-element_type=\"widget\" data-widget_type=\"heading.default\">\n\t\t\t\t<div class=\"elementor-widget-container\">\n\t\t\t\t\t<div class=\"elementor-heading-title elementor-size-default\">199TL<\/div>\t\t\t\t<\/div>\n\t\t\t\t<\/div>\n\t\t\t\t<\/div>\n\t\t\t\t<\/div>\n\t\t<div class=\"elementor-element elementor-element-6ef451d e-con-full e-flex elementor-invisible e-con e-child\" data-id=\"6ef451d\" data-element_type=\"container\" data-settings=\"{&quot;animation&quot;:&quot;slideInUp&quot;,&quot;animation_mobile&quot;:&quot;none&quot;}\">\n\t\t<div class=\"elementor-element elementor-element-f8b4c7d e-con-full e-flex e-con e-child\" data-id=\"f8b4c7d\" data-element_type=\"container\">\n\t\t\t\t<div class=\"elementor-element elementor-element-b814905 elementor-widget__width-auto elementor-widget elementor-widget-heading\" data-id=\"b814905\" data-element_type=\"widget\" data-widget_type=\"heading.default\">\n\t\t\t\t<div class=\"elementor-widget-container\">\n\t\t\t\t\t<h5 class=\"elementor-heading-title elementor-size-default\">Papatya<\/h5>\t\t\t\t<\/div>\n\t\t\t\t<\/div>\n\t\t\t\t<\/div>\n\t\t<div class=\"elementor-element elementor-element-7dfcda5 e-con-full e-flex e-con e-child\" data-id=\"7dfcda5\" data-element_type=\"container\">\n\t\t\t\t<div class=\"elementor-element elementor-element-f1c910c elementor-widget__width-auto elementor-widget elementor-widget-heading\" data-id=\"f1c910c\" data-element_type=\"widget\" data-widget_type=\"heading.default\">\n\t\t\t\t<div class=\"elementor-widget-container\">\n\t\t\t\t\t<div class=\"elementor-heading-title elementor-size-default\">199TL<\/div>\t\t\t\t<\/div>\n\t\t\t\t<\/div>\n\t\t\t\t<\/div>\n\t\t\t\t<\/div>\n\t\t<div class=\"elementor-element elementor-element-5d81e1a e-con-full e-flex elementor-invisible e-con e-child\" data-id=\"5d81e1a\" data-element_type=\"container\" data-settings=\"{&quot;animation&quot;:&quot;slideInUp&quot;,&quot;animation_mobile&quot;:&quot;none&quot;}\">\n\t\t<div class=\"elementor-element elementor-element-06b2c75 e-con-full e-flex e-con e-child\" data-id=\"06b2c75\" data-element_type=\"container\">\n\t\t\t\t<div class=\"elementor-element elementor-element-c6de853 elementor-widget__width-auto elementor-widget elementor-widget-heading\" data-id=\"c6de853\" data-element_type=\"widget\" data-widget_type=\"heading.default\">\n\t\t\t\t<div class=\"elementor-widget-container\">\n\t\t\t\t\t<h5 class=\"elementor-heading-title elementor-size-default\">Hibiskus<\/h5>\t\t\t\t<\/div>\n\t\t\t\t<\/div>\n\t\t\t\t<\/div>\n\t\t<div class=\"elementor-element elementor-element-7c1ec20 e-con-full e-flex e-con e-child\" data-id=\"7c1ec20\" data-element_type=\"container\">\n\t\t\t\t<div class=\"elementor-element elementor-element-083f439 elementor-widget__width-auto elementor-widget elementor-widget-heading\" data-id=\"083f439\" data-element_type=\"widget\" data-widget_type=\"heading.default\">\n\t\t\t\t<div class=\"elementor-widget-container\">\n\t\t\t\t\t<div class=\"elementor-heading-title elementor-size-default\">199TL<\/div>\t\t\t\t<\/div>\n\t\t\t\t<\/div>\n\t\t\t\t<\/div>\n\t\t\t\t<\/div>\n\t\t\t\t<\/div>\n\t\t<div class=\"elementor-element elementor-element-f03210d e-con-full e-flex e-con e-child\" data-id=\"f03210d\" data-element_type=\"container\">\n\t\t<div class=\"elementor-element elementor-element-153294e e-con-full e-flex elementor-invisible e-con e-child\" data-id=\"153294e\" data-element_type=\"container\" data-settings=\"{&quot;animation&quot;:&quot;slideInUp&quot;,&quot;animation_mobile&quot;:&quot;none&quot;}\">\n\t\t<div class=\"elementor-element elementor-element-a68fe08 e-con-full e-flex e-con e-child\" data-id=\"a68fe08\" data-element_type=\"container\">\n\t\t\t\t<div class=\"elementor-element elementor-element-c42c3ee elementor-widget__width-auto elementor-widget elementor-widget-heading\" data-id=\"c42c3ee\" data-element_type=\"widget\" data-widget_type=\"heading.default\">\n\t\t\t\t<div class=\"elementor-widget-container\">\n\t\t\t\t\t<h5 class=\"elementor-heading-title elementor-size-default\">Yaseminli Ye\u015fil \u00c7ay<\/h5>\t\t\t\t<\/div>\n\t\t\t\t<\/div>\n\t\t\t\t<\/div>\n\t\t<div class=\"elementor-element elementor-element-22cdf0a e-con-full e-flex e-con e-child\" data-id=\"22cdf0a\" data-element_type=\"container\">\n\t\t\t\t<div class=\"elementor-element elementor-element-34f28b4 elementor-widget__width-auto elementor-widget elementor-widget-heading\" data-id=\"34f28b4\" data-element_type=\"widget\" data-widget_type=\"heading.default\">\n\t\t\t\t<div class=\"elementor-widget-container\">\n\t\t\t\t\t<div class=\"elementor-heading-title elementor-size-default\">199TL<\/div>\t\t\t\t<\/div>\n\t\t\t\t<\/div>\n\t\t\t\t<\/div>\n\t\t\t\t<\/div>\n\t\t<div class=\"elementor-element elementor-element-c6d99ba e-con-full e-flex elementor-invisible e-con e-child\" data-id=\"c6d99ba\" data-element_type=\"container\" data-settings=\"{&quot;animation&quot;:&quot;slideInUp&quot;,&quot;animation_mobile&quot;:&quot;none&quot;}\">\n\t\t<div class=\"elementor-element elementor-element-a6f99ea e-con-full e-flex e-con e-child\" data-id=\"a6f99ea\" data-element_type=\"container\">\n\t\t\t\t<div class=\"elementor-element elementor-element-33bb56a elementor-widget__width-auto elementor-widget elementor-widget-heading\" data-id=\"33bb56a\" data-element_type=\"widget\" data-widget_type=\"heading.default\">\n\t\t\t\t<div class=\"elementor-widget-container\">\n\t\t\t\t\t<h5 class=\"elementor-heading-title elementor-size-default\">Okaliptus <\/h5>\t\t\t\t<\/div>\n\t\t\t\t<\/div>\n\t\t\t\t<\/div>\n\t\t<div class=\"elementor-element elementor-element-f320ea8 e-con-full e-flex e-con e-child\" data-id=\"f320ea8\" data-element_type=\"container\">\n\t\t\t\t<div class=\"elementor-element elementor-element-ae802c3 elementor-widget__width-auto elementor-widget elementor-widget-heading\" data-id=\"ae802c3\" data-element_type=\"widget\" data-widget_type=\"heading.default\">\n\t\t\t\t<div class=\"elementor-widget-container\">\n\t\t\t\t\t<div class=\"elementor-heading-title elementor-size-default\">199TL<\/div>\t\t\t\t<\/div>\n\t\t\t\t<\/div>\n\t\t\t\t<\/div>\n\t\t\t\t<\/div>\n\t\t<div class=\"elementor-element elementor-element-e22d457 e-con-full e-flex elementor-invisible e-con e-child\" data-id=\"e22d457\" data-element_type=\"container\" data-settings=\"{&quot;animation&quot;:&quot;slideInUp&quot;,&quot;animation_mobile&quot;:&quot;none&quot;}\">\n\t\t<div class=\"elementor-element elementor-element-50b1f63 e-con-full e-flex e-con e-child\" data-id=\"50b1f63\" data-element_type=\"container\">\n\t\t\t\t<div class=\"elementor-element elementor-element-676c87a elementor-widget__width-auto elementor-widget elementor-widget-heading\" data-id=\"676c87a\" data-element_type=\"widget\" data-widget_type=\"heading.default\">\n\t\t\t\t<div class=\"elementor-widget-container\">\n\t\t\t\t\t<h5 class=\"elementor-heading-title elementor-size-default\">Early Grey (\u0130ngiliz \u00c7ay\u0131)<\/h5>\t\t\t\t<\/div>\n\t\t\t\t<\/div>\n\t\t\t\t<\/div>\n\t\t<div class=\"elementor-element elementor-element-56e8cf1 e-con-full e-flex e-con e-child\" data-id=\"56e8cf1\" data-element_type=\"container\">\n\t\t\t\t<div class=\"elementor-element elementor-element-02afedd elementor-widget__width-auto elementor-widget elementor-widget-heading\" data-id=\"02afedd\" data-element_type=\"widget\" data-widget_type=\"heading.default\">\n\t\t\t\t<div class=\"elementor-widget-container\">\n\t\t\t\t\t<div class=\"elementor-heading-title elementor-size-default\">150TL<\/div>\t\t\t\t<\/div>\n\t\t\t\t<\/div>\n\t\t\t\t<\/div>\n\t\t\t\t<\/div>\n\t\t\t\t<\/div>\n\t\t<div class=\"elementor-element elementor-element-0ce9bbb e-flex e-con-boxed e-con e-parent\" data-id=\"0ce9bbb\" data-element_type=\"container\">\n\t\t\t\t\t<div class=\"e-con-inner\">\n\t\t\t\t<div class=\"elementor-element elementor-element-b7addd0 elementor-widget elementor-widget-heading\" data-id=\"b7addd0\" data-element_type=\"widget\" data-widget_type=\"heading.default\">\n\t\t\t\t<div class=\"elementor-widget-container\">\n\t\t\t\t\t<h2 class=\"elementor-heading-title elementor-size-default\">Our prices include VAT<\/h2>\t\t\t\t<\/div>\n\t\t\t\t<\/div>\n\t\t\t\t\t<\/div>\n\t\t\t\t<\/div>\n\t\t\t\t<\/div>","protected":false},"excerpt":{"rendered":"<p>Demleme \u00c7ay 69TL Fincan Demleme \u00c7ay 84TL Sessizlik ve Sakinlik \u00c7ay\u0131 199TL \u015eifa \u00c7ay\u0131 199TL Ye\u015fil \u00c7ay 199TL K\u0131\u015f \u00c7ay\u0131 199TL Ku\u015fburnu 199TL Ada\u00e7ay\u0131 199TL Ihlamur 199TL Rezene 199TL Papatya 199TL Hibiskus 199TL Yaseminli Ye\u015fil \u00c7ay 199TL Okaliptus 199TL Early Grey (\u0130ngiliz \u00c7ay\u0131) 150TL Fiyatlar\u0131m\u0131za KDV dahildir\u200b<\/p>","protected":false},"author":1,"featured_media":0,"parent":0,"menu_order":0,"comment_status":"closed","ping_status":"closed","template":"","meta":{"footnotes":""},"class_list":["post-1157","page","type-page","status-publish","hentry"],"_links":{"self":[{"href":"https:\/\/wokipoint.com.tr\/en\/wp-json\/wp\/v2\/pages\/1157","targetHints":{"allow":["GET"]}}],"collection":[{"href":"https:\/\/wokipoint.com.tr\/en\/wp-json\/wp\/v2\/pages"}],"about":[{"href":"https:\/\/wokipoint.com.tr\/en\/wp-json\/wp\/v2\/types\/page"}],"author":[{"embeddable":true,"href":"https:\/\/wokipoint.com.tr\/en\/wp-json\/wp\/v2\/users\/1"}],"replies":[{"embeddable":true,"href":"https:\/\/wokipoint.com.tr\/en\/wp-json\/wp\/v2\/comments?post=1157"}],"version-history":[{"count":22,"href":"https:\/\/wokipoint.com.tr\/en\/wp-json\/wp\/v2\/pages\/1157\/revisions"}],"predecessor-version":[{"id":2432,"href":"https:\/\/wokipoint.com.tr\/en\/wp-json\/wp\/v2\/pages\/1157\/revisions\/2432"}],"wp:attachment":[{"href":"https:\/\/wokipoint.com.tr\/en\/wp-json\/wp\/v2\/media?parent=1157"}],"curies":[{"name":"wp","href":"https:\/\/api.w.org\/{rel}","templated":true}]}}