{"id":1208,"date":"2025-12-20T12:31:30","date_gmt":"2025-12-20T12:31:30","guid":{"rendered":"https:\/\/wokipoint.com.tr\/?page_id=1208"},"modified":"2026-01-23T00:08:08","modified_gmt":"2026-01-23T00:08:08","slug":"smothie-milkshake-frozen","status":"publish","type":"page","link":"https:\/\/wokipoint.com.tr\/en\/smothie-milkshake-frozen\/","title":{"rendered":"SMOTHIE-MILKSHAKE-FROZEN"},"content":{"rendered":"<div data-elementor-type=\"wp-page\" data-elementor-id=\"1208\" class=\"elementor elementor-1208\" data-elementor-post-type=\"page\">\n\t\t\t\t<div class=\"elementor-element elementor-element-cde0933 e-con-full e-flex e-con e-child\" data-id=\"cde0933\" data-element_type=\"container\">\n\t\t<div class=\"elementor-element elementor-element-2df15d8 e-con-full e-flex elementor-invisible e-con e-child\" data-id=\"2df15d8\" data-element_type=\"container\" data-settings=\"{&quot;animation&quot;:&quot;slideInUp&quot;,&quot;animation_mobile&quot;:&quot;none&quot;}\">\n\t\t\t\t<div class=\"elementor-element elementor-element-39ee79d elementor-widget elementor-widget-image\" data-id=\"39ee79d\" data-element_type=\"widget\" data-widget_type=\"image.default\">\n\t\t\t\t<div class=\"elementor-widget-container\">\n\t\t\t\t\t\t\t\t\t\t\t\t\t\t\t<img loading=\"lazy\" decoding=\"async\" width=\"800\" height=\"448\" src=\"https:\/\/wokipoint.com.tr\/wp-content\/uploads\/2025\/12\/1355076-1024x574.png\" class=\"attachment-large size-large wp-image-1712\" alt=\"\" srcset=\"https:\/\/wokipoint.com.tr\/wp-content\/uploads\/2025\/12\/1355076-1024x574.png 1024w, https:\/\/wokipoint.com.tr\/wp-content\/uploads\/2025\/12\/1355076-300x168.png 300w, https:\/\/wokipoint.com.tr\/wp-content\/uploads\/2025\/12\/1355076-768x430.png 768w, https:\/\/wokipoint.com.tr\/wp-content\/uploads\/2025\/12\/1355076-1536x861.png 1536w, https:\/\/wokipoint.com.tr\/wp-content\/uploads\/2025\/12\/1355076-2048x1148.png 2048w\" sizes=\"auto, (max-width: 800px) 100vw, 800px\" \/>\t\t\t\t\t\t\t\t\t\t\t\t\t\t\t<\/div>\n\t\t\t\t<\/div>\n\t\t\t\t<\/div>\n\t\t<div class=\"elementor-element elementor-element-c6a40e3 e-con-full e-flex elementor-invisible e-con e-child\" data-id=\"c6a40e3\" data-element_type=\"container\" data-settings=\"{&quot;animation&quot;:&quot;slideInUp&quot;,&quot;animation_mobile&quot;:&quot;none&quot;}\">\n\t\t<div class=\"elementor-element elementor-element-8ee8dc6 e-con-full e-flex e-con e-child\" data-id=\"8ee8dc6\" data-element_type=\"container\">\n\t\t\t\t<div class=\"elementor-element elementor-element-36067af elementor-widget__width-auto elementor-widget elementor-widget-heading\" data-id=\"36067af\" data-element_type=\"widget\" data-widget_type=\"heading.default\">\n\t\t\t\t<div class=\"elementor-widget-container\">\n\t\t\t\t\t<h5 class=\"elementor-heading-title elementor-size-default\">Milkshake<\/h5>\t\t\t\t<\/div>\n\t\t\t\t<\/div>\n\t\t\t\t<div class=\"elementor-element elementor-element-7f61658 elementor-widget elementor-widget-heading\" data-id=\"7f61658\" data-element_type=\"widget\" data-widget_type=\"heading.default\">\n\t\t\t\t<div class=\"elementor-widget-container\">\n\t\t\t\t\t<div class=\"elementor-heading-title elementor-size-default\">\u00c7ikolata, \u00c7ilek, Oreo, Vanilya, F\u0131st\u0131k, Muz<\/div>\t\t\t\t<\/div>\n\t\t\t\t<\/div>\n\t\t\t\t<\/div>\n\t\t<div class=\"elementor-element elementor-element-e4b0f35 e-con-full e-flex e-con e-child\" data-id=\"e4b0f35\" data-element_type=\"container\">\n\t\t\t\t<div class=\"elementor-element elementor-element-74e1d3d elementor-widget__width-auto elementor-widget elementor-widget-heading\" data-id=\"74e1d3d\" data-element_type=\"widget\" data-widget_type=\"heading.default\">\n\t\t\t\t<div class=\"elementor-widget-container\">\n\t\t\t\t\t<div class=\"elementor-heading-title elementor-size-default\">219TL<\/div>\t\t\t\t<\/div>\n\t\t\t\t<\/div>\n\t\t\t\t<\/div>\n\t\t\t\t<\/div>\n\t\t<div class=\"elementor-element elementor-element-d25bbe8 e-con-full e-flex elementor-invisible e-con e-child\" data-id=\"d25bbe8\" data-element_type=\"container\" data-settings=\"{&quot;animation&quot;:&quot;slideInUp&quot;,&quot;animation_mobile&quot;:&quot;none&quot;}\">\n\t\t<div class=\"elementor-element elementor-element-5f2f9bf e-con-full e-flex e-con e-child\" data-id=\"5f2f9bf\" data-element_type=\"container\">\n\t\t\t\t<div class=\"elementor-element elementor-element-7df995e elementor-widget__width-auto elementor-widget elementor-widget-heading\" data-id=\"7df995e\" data-element_type=\"widget\" data-widget_type=\"heading.default\">\n\t\t\t\t<div class=\"elementor-widget-container\">\n\t\t\t\t\t<h5 class=\"elementor-heading-title elementor-size-default\">Frozen<\/h5>\t\t\t\t<\/div>\n\t\t\t\t<\/div>\n\t\t\t\t<div class=\"elementor-element elementor-element-fa4d27b elementor-widget elementor-widget-heading\" data-id=\"fa4d27b\" data-element_type=\"widget\" data-widget_type=\"heading.default\">\n\t\t\t\t<div class=\"elementor-widget-container\">\n\t\t\t\t\t<div class=\"elementor-heading-title elementor-size-default\">Nar, Lime-Limon, Karpuz, Kavun, Ananas, \u00c7ilek<\/div>\t\t\t\t<\/div>\n\t\t\t\t<\/div>\n\t\t\t\t<\/div>\n\t\t<div class=\"elementor-element elementor-element-c851769 e-con-full e-flex e-con e-child\" data-id=\"c851769\" data-element_type=\"container\">\n\t\t\t\t<div class=\"elementor-element elementor-element-f51e1d8 elementor-widget__width-auto elementor-widget elementor-widget-heading\" data-id=\"f51e1d8\" data-element_type=\"widget\" data-widget_type=\"heading.default\">\n\t\t\t\t<div class=\"elementor-widget-container\">\n\t\t\t\t\t<div class=\"elementor-heading-title elementor-size-default\">199TL<\/div>\t\t\t\t<\/div>\n\t\t\t\t<\/div>\n\t\t\t\t<\/div>\n\t\t\t\t<\/div>\n\t\t\t\t<\/div>\n\t\t<div class=\"elementor-element elementor-element-ad7a6b4 e-con-full e-flex e-con e-child\" data-id=\"ad7a6b4\" data-element_type=\"container\">\n\t\t<div class=\"elementor-element elementor-element-2565313 e-con-full e-flex elementor-invisible e-con e-child\" data-id=\"2565313\" data-element_type=\"container\" data-settings=\"{&quot;animation&quot;:&quot;slideInUp&quot;,&quot;animation_mobile&quot;:&quot;none&quot;}\">\n\t\t<div class=\"elementor-element elementor-element-d3590ab e-con-full e-flex e-con e-child\" data-id=\"d3590ab\" data-element_type=\"container\">\n\t\t\t\t<div class=\"elementor-element elementor-element-6869ab3 elementor-widget__width-auto elementor-widget elementor-widget-heading\" data-id=\"6869ab3\" data-element_type=\"widget\" data-widget_type=\"heading.default\">\n\t\t\t\t<div class=\"elementor-widget-container\">\n\t\t\t\t\t<h5 class=\"elementor-heading-title elementor-size-default\">Smoothie<\/h5>\t\t\t\t<\/div>\n\t\t\t\t<\/div>\n\t\t\t\t<div class=\"elementor-element elementor-element-adb2342 elementor-widget elementor-widget-heading\" data-id=\"adb2342\" data-element_type=\"widget\" data-widget_type=\"heading.default\">\n\t\t\t\t<div class=\"elementor-widget-container\">\n\t\t\t\t\t<div class=\"elementor-heading-title elementor-size-default\">\u00c7ilek, \u015eeftali, B\u00f6\u011f\u00fcrtlen \u00dcz\u00fcm, F\u0131st\u0131k, Muz <\/div>\t\t\t\t<\/div>\n\t\t\t\t<\/div>\n\t\t\t\t<\/div>\n\t\t<div class=\"elementor-element elementor-element-5069ad2 e-con-full e-flex e-con e-child\" data-id=\"5069ad2\" data-element_type=\"container\">\n\t\t\t\t<div class=\"elementor-element elementor-element-4d32356 elementor-widget__width-auto elementor-widget elementor-widget-heading\" data-id=\"4d32356\" data-element_type=\"widget\" data-widget_type=\"heading.default\">\n\t\t\t\t<div class=\"elementor-widget-container\">\n\t\t\t\t\t<div class=\"elementor-heading-title elementor-size-default\">209TL<\/div>\t\t\t\t<\/div>\n\t\t\t\t<\/div>\n\t\t\t\t<\/div>\n\t\t\t\t<\/div>\n\t\t\t\t<\/div>\n\t\t<div class=\"elementor-element elementor-element-ea224db e-con-full e-flex e-con e-child\" data-id=\"ea224db\" data-element_type=\"container\">\n\t\t<div class=\"elementor-element elementor-element-881db7c e-con-full e-flex elementor-invisible e-con e-child\" data-id=\"881db7c\" data-element_type=\"container\" data-settings=\"{&quot;animation&quot;:&quot;slideInUp&quot;,&quot;animation_mobile&quot;:&quot;none&quot;}\">\n\t\t<div class=\"elementor-element elementor-element-9cb541f e-con-full e-flex e-con e-child\" data-id=\"9cb541f\" data-element_type=\"container\">\n\t\t\t\t<\/div>\n\t\t<div class=\"elementor-element elementor-element-2e32554 e-con-full e-flex e-con e-child\" data-id=\"2e32554\" data-element_type=\"container\">\n\t\t\t\t<\/div>\n\t\t\t\t<\/div>\n\t\t\t\t<\/div>\n\t\t<div class=\"elementor-element elementor-element-5ec8ac3 e-flex e-con-boxed e-con e-parent\" data-id=\"5ec8ac3\" data-element_type=\"container\">\n\t\t\t\t\t<div class=\"e-con-inner\">\n\t\t\t\t<div class=\"elementor-element elementor-element-209c9c9 elementor-widget elementor-widget-heading\" data-id=\"209c9c9\" data-element_type=\"widget\" data-widget_type=\"heading.default\">\n\t\t\t\t<div class=\"elementor-widget-container\">\n\t\t\t\t\t<h2 class=\"elementor-heading-title elementor-size-default\">Our prices include VAT<\/h2>\t\t\t\t<\/div>\n\t\t\t\t<\/div>\n\t\t\t\t\t<\/div>\n\t\t\t\t<\/div>\n\t\t\t\t<\/div>","protected":false},"excerpt":{"rendered":"<p>Milkshake \u00c7ikolata, \u00c7ilek, Oreo, Vanilya, F\u0131st\u0131k, Muz 219TL Frozen Nar, Lime-Limon, Karpuz, Kavun, Ananas, \u00c7ilek 199TL Smoothie \u00c7ilek, \u015eeftali, B\u00f6\u011f\u00fcrtlen \u00dcz\u00fcm, F\u0131st\u0131k, Muz 209TL Fiyatlar\u0131m\u0131za KDV dahildir\u200b<\/p>","protected":false},"author":1,"featured_media":0,"parent":0,"menu_order":0,"comment_status":"closed","ping_status":"closed","template":"","meta":{"footnotes":""},"class_list":["post-1208","page","type-page","status-publish","hentry"],"_links":{"self":[{"href":"https:\/\/wokipoint.com.tr\/en\/wp-json\/wp\/v2\/pages\/1208","targetHints":{"allow":["GET"]}}],"collection":[{"href":"https:\/\/wokipoint.com.tr\/en\/wp-json\/wp\/v2\/pages"}],"about":[{"href":"https:\/\/wokipoint.com.tr\/en\/wp-json\/wp\/v2\/types\/page"}],"author":[{"embeddable":true,"href":"https:\/\/wokipoint.com.tr\/en\/wp-json\/wp\/v2\/users\/1"}],"replies":[{"embeddable":true,"href":"https:\/\/wokipoint.com.tr\/en\/wp-json\/wp\/v2\/comments?post=1208"}],"version-history":[{"count":27,"href":"https:\/\/wokipoint.com.tr\/en\/wp-json\/wp\/v2\/pages\/1208\/revisions"}],"predecessor-version":[{"id":2361,"href":"https:\/\/wokipoint.com.tr\/en\/wp-json\/wp\/v2\/pages\/1208\/revisions\/2361"}],"wp:attachment":[{"href":"https:\/\/wokipoint.com.tr\/en\/wp-json\/wp\/v2\/media?parent=1208"}],"curies":[{"name":"wp","href":"https:\/\/api.w.org\/{rel}","templated":true}]}}