{"id":1326,"date":"2025-12-22T19:58:36","date_gmt":"2025-12-22T19:58:36","guid":{"rendered":"https:\/\/wokipoint.com.tr\/?page_id=1326"},"modified":"2025-12-22T21:04:43","modified_gmt":"2025-12-22T21:04:43","slug":"gida-guvenligi-politikasi","status":"publish","type":"page","link":"https:\/\/wokipoint.com.tr\/en\/gida-guvenligi-politikasi\/","title":{"rendered":"Food Safety Policy"},"content":{"rendered":"<div data-elementor-type=\"wp-page\" data-elementor-id=\"1326\" class=\"elementor elementor-1326\" data-elementor-post-type=\"page\">\n\t\t\t\t\t\t<section class=\"elementor-section elementor-top-section elementor-element elementor-element-c310fa6 elementor-section-boxed elementor-section-height-default elementor-section-height-default\" data-id=\"c310fa6\" data-element_type=\"section\">\n\t\t\t\t\t\t\t<div class=\"elementor-background-overlay\"><\/div>\n\t\t\t\t\t\t\t<div class=\"elementor-container elementor-column-gap-default\">\n\t\t\t\t\t<div class=\"elementor-column elementor-col-50 elementor-top-column elementor-element elementor-element-cd65678\" data-id=\"cd65678\" data-element_type=\"column\">\n\t\t\t<div class=\"elementor-widget-wrap elementor-element-populated\">\n\t\t\t\t\t\t<div class=\"elementor-element elementor-element-836a251 elementor-widget elementor-widget-heading\" data-id=\"836a251\" data-element_type=\"widget\" data-widget_type=\"heading.default\">\n\t\t\t\t<div class=\"elementor-widget-container\">\n\t\t\t\t\t<h2 class=\"elementor-heading-title elementor-size-default\"><span style=\"font-size: 16px;font-weight: 400\">GIDA G\u00dcVENL\u0130\u011e\u0130 POL\u0130T\u0130KASI<\/span><\/h2>\t\t\t\t<\/div>\n\t\t\t\t<\/div>\n\t\t\t\t<div class=\"elementor-element elementor-element-0f35f28 elementor-widget elementor-widget-text-editor\" data-id=\"0f35f28\" data-element_type=\"widget\" data-widget_type=\"text-editor.default\">\n\t\t\t\t<div class=\"elementor-widget-container\">\n\t\t\t\t\t\t\t\t\t<p>1. POL\u0130T\u0130KA BEYANI<br \/>Restoran\u0131m\u0131z, WOK\u0130PON\u0130T ISO 22000 G\u0131da G\u00fcvenli\u011fi Y\u00f6netim Sistemi ve HACCP<br \/>(Hazard Analysis and Critical Control Points) prensiplerine uygun olarak faaliyet<br \/>g\u00f6stermektedir. Amac\u0131m\u0131z, misafirlerimize g\u00fcvenli, hijyenik ve sa\u011fl\u0131kl\u0131 yiyecekler<br \/>sunmak, g\u0131da kaynakl\u0131 riskleri en aza indirmek ve s\u00fcrekli iyile\u015ftirme sa\u011flamakt\u0131r.<br \/>2. KAPSAM<br \/>Bu politika; tedarik, depolama, haz\u0131rl\u0131k, pi\u015firme, servis ve m\u00fc\u015fteri geri bildirim<br \/>s\u00fcre\u00e7lerini kapsar. T\u00fcm \u00e7al\u0131\u015fanlar\u0131m\u0131z bu politikan\u0131n uygulanmas\u0131ndan sorumludur.<br \/>3. TEMEL \u0130LKELER<br \/>Yasal Uyum: Ulusal ve uluslararas\u0131 g\u0131da g\u00fcvenli\u011fi mevzuat\u0131na tam uyum.<br \/>HACCP Uygulamas\u0131: Kritik kontrol noktalar\u0131n\u0131n belirlenmesi, izlenmesi ve kay\u0131t alt\u0131na<br \/>al\u0131nmas\u0131.E\u011fitim: Personelin d\u00fczenli olarak g\u0131da g\u00fcvenli\u011fi ve hijyen e\u011fitimleri almas\u0131.<br \/>\u0130zlenebilirlik: T\u00fcm \u00fcr\u00fcnlerin tedarik zinciri boyunca kay\u0131t alt\u0131na al\u0131nmas\u0131.<br \/>S\u00fcrekli \u0130yile\u015ftirme: \u0130\u00e7 denetimler ve ba\u011f\u0131ms\u0131z denetimler ile s\u00fcre\u00e7lerin geli\u015ftirilmesi.<br \/>4. TEDAR\u0130K VE DEPOLAMA<br \/>Sertifikal\u0131 ve g\u00fcvenilir tedarik\u00e7ilerden \u00fcr\u00fcn temini.<br \/>So\u011fuk zincir \u00fcr\u00fcnlerinde s\u0131cakl\u0131k takibi ve kay\u0131t tutulmas\u0131.<br \/>\u00c7i\u011f ve pi\u015fmi\u015f \u00fcr\u00fcnlerin ayr\u0131 alanlarda saklanmas\u0131.<br \/>5. HAZIRLIK VE P\u0130\u015e\u0130RME<br \/>\u00c7apraz bula\u015fmay\u0131 \u00f6nlemek i\u00e7in ayr\u0131 ekipman kullan\u0131m\u0131.<br \/>Pi\u015firme s\u0131cakl\u0131klar\u0131n\u0131n standartlara uygun \u015fekilde kontrol edilmesi.<br \/>HACCP plan\u0131na g\u00f6re kritik kontrol noktalar\u0131n\u0131n izlenmesi.<br \/>6. SERV\u0130S VE SUNUM<br \/>Servis ekipmanlar\u0131n\u0131n sterilizasyonu.<br \/>Yiyeceklerin uygun s\u0131cakl\u0131kta servis edilmesi.<br \/>Alerjen bilgileri men\u00fcde a\u00e7\u0131k\u00e7a belirtilmesi.<br \/>7. ALERJEN Y\u00d6NET\u0130M\u0130<br \/>Alerjen i\u00e7eren \u00fcr\u00fcnlerin ayr\u0131 haz\u0131rlanmas\u0131.<br \/>Men\u00fcde alerjen bildirimi tablosu bulundurulmas\u0131.<br \/>M\u00fc\u015fteri taleplerine g\u00f6re \u00f6zel haz\u0131rl\u0131k yap\u0131lmas\u0131.<br \/>Men\u00fcye \u00d6zel Alerjen Bildirimi Tablosu<br \/>Bu tablo, misafirlerimizin bilin\u00e7li se\u00e7imler yapabilmesi i\u00e7in haz\u0131rlanm\u0131\u015ft\u0131r. Restoran\u0131m\u0131z,<br \/>alerjen y\u00f6netimi konusunda ISO 22000 ve HACCP standartlar\u0131na uygun s\u00fcre\u00e7ler<br \/>i\u015fletmektedir.<br \/>ALERJ\u0130YE VEYA \u0130NTOLERANSA NEDEN OLAN BEL\u0130RL\u0130 MADDE VEYA \u00dcR\u00dcNLER<br \/>MADDE VEYA \u00dcR\u00dcNLER<br \/>1) Gluten i\u00e7eren tah\u0131llar: bu\u011fday (\u00f6r. k\u0131l\u00e7\u0131ks\u0131z bu\u011fday ve kamut), \u00e7avdar, arpa, yulaf veya<br \/>bunlar\u0131n hibrit t\u00fcrleri ve bunlar\u0131n \u00fcr\u00fcnleri<br \/>2) Kabuklular (Crustacea) ve bunlar\u0131n \u00fcr\u00fcnleri<br \/>3) Yumurta ve yumurta \u00fcr\u00fcnleri<br \/>4) Bal\u0131k ve bal\u0131k \u00fcr\u00fcnleri<br \/>5) Yerf\u0131st\u0131\u011f\u0131 ve yerf\u0131st\u0131\u011f\u0131 \u00fcr\u00fcnleri<br \/>6) Soya fasulyesi ve soya fasulyesi \u00fcr\u00fcnleri<br \/>7) S\u00fct ve s\u00fct \u00fcr\u00fcnleri (laktoz dahil)<br \/>8) Sert kabuklu meyveler: Badem (Amygdalus communis L.), f\u0131nd\u0131k (Corylus avellana), ceviz<br \/>(Juglans regia), kaju f\u0131st\u0131\u011f\u0131 (Anacardium occidentale), pikan cevizi (Carya illinoiesis<br \/>(Wangenh.) K.Koch), brezilya f\u0131nd\u0131\u011f\u0131 (Bertholletia excelsa), antep f\u0131st\u0131\u011f\u0131 (Pistacia vera),<br \/>macadamia f\u0131nd\u0131\u011f\u0131 ve Queensland f\u0131nd\u0131\u011f\u0131 (Macadamia ternifolia) ve bunlar\u0131n \u00fcr\u00fcnleri<br \/>9) Kereviz ve kereviz \u00fcr\u00fcnleri<br \/>10) Hardal ve hardal \u00fcr\u00fcnleri<br \/>11) Susam tohumu ve susam tohumu \u00fcr\u00fcnleri<br \/>12) K\u00fck\u00fcrt dioksit ve s\u00fclfitler (t\u00fcketime haz\u0131r veya \u00fcreticilerin talimatlar\u0131na g\u00f6re haz\u0131rlanan<br \/>\u00fcr\u00fcnler i\u00e7in, toplam SO2 cinsinden hesaplanan konsantrasyonu 10 mg\/kg veya 10 mg\/L\u2019den<br \/>daha fazla olanlar)<br \/>13) Ac\u0131 bakla ve ac\u0131 bakla \u00fcr\u00fcnleri<br \/>14) Yumu\u015fak\u00e7alar ve \u00fcr\u00fcnleri<\/p>\t\t\t\t\t\t\t\t<\/div>\n\t\t\t\t<\/div>\n\t\t\t\t\t<\/div>\n\t\t<\/div>\n\t\t\t\t<div class=\"elementor-column elementor-col-50 elementor-top-column elementor-element elementor-element-97f72a3\" data-id=\"97f72a3\" data-element_type=\"column\">\n\t\t\t<div class=\"elementor-widget-wrap elementor-element-populated\">\n\t\t\t\t\t\t<div class=\"elementor-element elementor-element-2b64a16 elementor-widget elementor-widget-image\" data-id=\"2b64a16\" data-element_type=\"widget\" data-widget_type=\"image.default\">\n\t\t\t\t<div class=\"elementor-widget-container\">\n\t\t\t\t\t\t\t\t\t\t\t\t\t\t\t<img loading=\"lazy\" decoding=\"async\" width=\"800\" height=\"451\" src=\"https:\/\/wokipoint.com.tr\/wp-content\/uploads\/2025\/12\/meat-milk_w_h.jpeg\" class=\"attachment-large size-large wp-image-1352\" alt=\"\" srcset=\"https:\/\/wokipoint.com.tr\/wp-content\/uploads\/2025\/12\/meat-milk_w_h.jpeg 825w, https:\/\/wokipoint.com.tr\/wp-content\/uploads\/2025\/12\/meat-milk_w_h-300x169.jpeg 300w, https:\/\/wokipoint.com.tr\/wp-content\/uploads\/2025\/12\/meat-milk_w_h-768x433.jpeg 768w\" sizes=\"auto, (max-width: 800px) 100vw, 800px\" \/>\t\t\t\t\t\t\t\t\t\t\t\t\t\t\t<\/div>\n\t\t\t\t<\/div>\n\t\t\t\t\t<\/div>\n\t\t<\/div>\n\t\t\t\t\t<\/div>\n\t\t<\/section>\n\t\t\t\t<\/div>","protected":false},"excerpt":{"rendered":"<p>GIDA G\u00dcVENL\u0130\u011e\u0130 POL\u0130T\u0130KASI 1. POL\u0130T\u0130KA BEYANIRestoran\u0131m\u0131z, WOK\u0130PON\u0130T ISO 22000 G\u0131da G\u00fcvenli\u011fi Y\u00f6netim Sistemi ve HACCP(Hazard Analysis and Critical Control Points) prensiplerine uygun olarak faaliyetg\u00f6stermektedir. Amac\u0131m\u0131z, misafirlerimize g\u00fcvenli, hijyenik ve sa\u011fl\u0131kl\u0131 yiyeceklersunmak, g\u0131da kaynakl\u0131 riskleri en aza indirmek ve s\u00fcrekli iyile\u015ftirme sa\u011flamakt\u0131r.2. KAPSAMBu politika; tedarik, depolama, haz\u0131rl\u0131k, pi\u015firme, servis ve m\u00fc\u015fteri geri bildirims\u00fcre\u00e7lerini kapsar. T\u00fcm \u00e7al\u0131\u015fanlar\u0131m\u0131z [&hellip;]<\/p>","protected":false},"author":1,"featured_media":0,"parent":0,"menu_order":0,"comment_status":"closed","ping_status":"closed","template":"","meta":{"footnotes":""},"class_list":["post-1326","page","type-page","status-publish","hentry"],"_links":{"self":[{"href":"https:\/\/wokipoint.com.tr\/en\/wp-json\/wp\/v2\/pages\/1326","targetHints":{"allow":["GET"]}}],"collection":[{"href":"https:\/\/wokipoint.com.tr\/en\/wp-json\/wp\/v2\/pages"}],"about":[{"href":"https:\/\/wokipoint.com.tr\/en\/wp-json\/wp\/v2\/types\/page"}],"author":[{"embeddable":true,"href":"https:\/\/wokipoint.com.tr\/en\/wp-json\/wp\/v2\/users\/1"}],"replies":[{"embeddable":true,"href":"https:\/\/wokipoint.com.tr\/en\/wp-json\/wp\/v2\/comments?post=1326"}],"version-history":[{"count":6,"href":"https:\/\/wokipoint.com.tr\/en\/wp-json\/wp\/v2\/pages\/1326\/revisions"}],"predecessor-version":[{"id":1355,"href":"https:\/\/wokipoint.com.tr\/en\/wp-json\/wp\/v2\/pages\/1326\/revisions\/1355"}],"wp:attachment":[{"href":"https:\/\/wokipoint.com.tr\/en\/wp-json\/wp\/v2\/media?parent=1326"}],"curies":[{"name":"wp","href":"https:\/\/api.w.org\/{rel}","templated":true}]}}