{"id":147,"date":"2025-11-17T21:08:06","date_gmt":"2025-11-17T21:08:06","guid":{"rendered":"https:\/\/wokipoint.com.tr\/wp\/?page_id=147"},"modified":"2026-01-11T16:52:28","modified_gmt":"2026-01-11T16:52:28","slug":"hakkimizda","status":"publish","type":"page","link":"https:\/\/wokipoint.com.tr\/en\/hakkimizda\/","title":{"rendered":"About Us"},"content":{"rendered":"<div data-elementor-type=\"wp-page\" data-elementor-id=\"147\" class=\"elementor elementor-147\" data-elementor-post-type=\"page\">\n\t\t\t\t\t\t<section class=\"elementor-section elementor-top-section elementor-element elementor-element-2048bf1 elementor-section-boxed elementor-section-height-default elementor-section-height-default\" data-id=\"2048bf1\" data-element_type=\"section\">\n\t\t\t\t\t\t\t<div class=\"elementor-background-overlay\"><\/div>\n\t\t\t\t\t\t\t<div class=\"elementor-container elementor-column-gap-default\">\n\t\t\t\t\t<div class=\"elementor-column elementor-col-33 elementor-top-column elementor-element elementor-element-b659d0c\" data-id=\"b659d0c\" data-element_type=\"column\">\n\t\t\t<div class=\"elementor-widget-wrap elementor-element-populated\">\n\t\t\t\t\t\t<div class=\"elementor-element elementor-element-975a225 elementor-widget elementor-widget-image\" data-id=\"975a225\" data-element_type=\"widget\" data-widget_type=\"image.default\">\n\t\t\t\t<div class=\"elementor-widget-container\">\n\t\t\t\t\t\t\t\t\t\t\t\t\t\t\t<img loading=\"lazy\" decoding=\"async\" width=\"800\" height=\"450\" src=\"https:\/\/wokipoint.com.tr\/wp-content\/uploads\/2026\/01\/1-3-kopya-1024x576.jpg\" class=\"attachment-large size-large wp-image-2206\" alt=\"\" srcset=\"https:\/\/wokipoint.com.tr\/wp-content\/uploads\/2026\/01\/1-3-kopya-1024x576.jpg 1024w, https:\/\/wokipoint.com.tr\/wp-content\/uploads\/2026\/01\/1-3-kopya-300x169.jpg 300w, https:\/\/wokipoint.com.tr\/wp-content\/uploads\/2026\/01\/1-3-kopya-768x432.jpg 768w, https:\/\/wokipoint.com.tr\/wp-content\/uploads\/2026\/01\/1-3-kopya-1536x863.jpg 1536w, https:\/\/wokipoint.com.tr\/wp-content\/uploads\/2026\/01\/1-3-kopya-2048x1151.jpg 2048w\" sizes=\"auto, (max-width: 800px) 100vw, 800px\" \/>\t\t\t\t\t\t\t\t\t\t\t\t\t\t\t<\/div>\n\t\t\t\t<\/div>\n\t\t\t\t\t<\/div>\n\t\t<\/div>\n\t\t\t\t<div class=\"elementor-column elementor-col-33 elementor-top-column elementor-element elementor-element-a6864db\" data-id=\"a6864db\" data-element_type=\"column\">\n\t\t\t<div class=\"elementor-widget-wrap elementor-element-populated\">\n\t\t\t\t\t\t<div class=\"elementor-element elementor-element-fd37e07 elementor-widget elementor-widget-heading\" data-id=\"fd37e07\" data-element_type=\"widget\" data-widget_type=\"heading.default\">\n\t\t\t\t<div class=\"elementor-widget-container\">\n\t\t\t\t\t<h2 class=\"elementor-heading-title elementor-size-default\">HAKKIMIZDA<\/h2>\t\t\t\t<\/div>\n\t\t\t\t<\/div>\n\t\t\t\t<div class=\"elementor-element elementor-element-79bc018 elementor-widget elementor-widget-text-editor\" data-id=\"79bc018\" data-element_type=\"widget\" data-widget_type=\"text-editor.default\">\n\t\t\t\t<div class=\"elementor-widget-container\">\n\t\t\t\t\t\t\t\t\t<p data-start=\"197\" data-end=\"494\">Woki Point, d\u00fcnya mutfa\u011f\u0131ndan ilham alan lezzetleri g\u00fcn\u00fcn her saatine uygun se\u00e7eneklerle sunan modern bir bulu\u015fma noktas\u0131d\u0131r. Zengin kahvalt\u0131 \u00e7e\u015fitlerinden doyurucu ana yemeklere, hafif at\u0131\u015ft\u0131rmal\u0131klardan \u00f6zel re\u00e7etelerle haz\u0131rlanan tabaklara kadar her \u00f6\u011f\u00fcnde keyifli bir deneyim sunmay\u0131 hedefler.<\/p><p data-start=\"496\" data-end=\"767\">G\u00fcne \u00f6zenle haz\u0131rlanan serpme ve \u00f6zel kahvalt\u0131 se\u00e7eneklerimizle ba\u015flarken; g\u00fcn\u00fcn devam\u0131nda d\u00fcnya mutfa\u011f\u0131n\u0131n sevilen tatlar\u0131n\u0131 modern sunumlarla bir araya getiriyoruz. Taze malzemeler, dengeli lezzetler ve h\u0131zl\u0131 servis anlay\u0131\u015f\u0131 Woki Point\u2019in mutfa\u011f\u0131n\u0131n temelini olu\u015fturur.<\/p><p>\u00a0<\/p><p data-start=\"769\" data-end=\"1053\">\u015e\u0131k atmosferi, rahat ortam\u0131 ve her zevke hitap eden men\u00fcs\u00fcyle Woki Point; kahvalt\u0131dan ak\u015fam yeme\u011fine, arkada\u015f bulu\u015fmalar\u0131ndan i\u015f molalar\u0131na kadar her an\u0131n\u0131za e\u015flik eder. Burada ama\u00e7 sadece yemek yemek de\u011fil, g\u00fcn\u00fcn her saatinde keyifle vakit ge\u00e7irilecek bir lezzet noktas\u0131 yaratmakt\u0131r.<\/p>\t\t\t\t\t\t\t\t<\/div>\n\t\t\t\t<\/div>\n\t\t\t\t\t<\/div>\n\t\t<\/div>\n\t\t\t\t<div class=\"elementor-column elementor-col-33 elementor-top-column elementor-element elementor-element-3c3c2b9\" data-id=\"3c3c2b9\" data-element_type=\"column\">\n\t\t\t<div class=\"elementor-widget-wrap elementor-element-populated\">\n\t\t\t\t\t\t<div class=\"elementor-element elementor-element-9cc8490 elementor-widget elementor-widget-image\" data-id=\"9cc8490\" data-element_type=\"widget\" data-widget_type=\"image.default\">\n\t\t\t\t<div class=\"elementor-widget-container\">\n\t\t\t\t\t\t\t\t\t\t\t\t\t\t\t<img loading=\"lazy\" decoding=\"async\" width=\"800\" height=\"450\" src=\"https:\/\/wokipoint.com.tr\/wp-content\/uploads\/2026\/01\/1-1-kopya-1024x576.jpg\" class=\"attachment-large size-large wp-image-2204\" alt=\"\" srcset=\"https:\/\/wokipoint.com.tr\/wp-content\/uploads\/2026\/01\/1-1-kopya-1024x576.jpg 1024w, https:\/\/wokipoint.com.tr\/wp-content\/uploads\/2026\/01\/1-1-kopya-300x169.jpg 300w, https:\/\/wokipoint.com.tr\/wp-content\/uploads\/2026\/01\/1-1-kopya-768x432.jpg 768w, https:\/\/wokipoint.com.tr\/wp-content\/uploads\/2026\/01\/1-1-kopya-1536x863.jpg 1536w, https:\/\/wokipoint.com.tr\/wp-content\/uploads\/2026\/01\/1-1-kopya-2048x1151.jpg 2048w\" sizes=\"auto, (max-width: 800px) 100vw, 800px\" \/>\t\t\t\t\t\t\t\t\t\t\t\t\t\t\t<\/div>\n\t\t\t\t<\/div>\n\t\t\t\t\t<\/div>\n\t\t<\/div>\n\t\t\t\t\t<\/div>\n\t\t<\/section>\n\t\t\t\t<section class=\"elementor-section elementor-top-section elementor-element elementor-element-637998b elementor-section-boxed elementor-section-height-default elementor-section-height-default\" data-id=\"637998b\" data-element_type=\"section\">\n\t\t\t\t\t\t\t<div class=\"elementor-background-overlay\"><\/div>\n\t\t\t\t\t\t\t<div class=\"elementor-container elementor-column-gap-default\">\n\t\t\t\t\t<div class=\"elementor-column elementor-col-50 elementor-top-column elementor-element elementor-element-8f00d0e\" data-id=\"8f00d0e\" data-element_type=\"column\">\n\t\t\t<div class=\"elementor-widget-wrap elementor-element-populated\">\n\t\t\t\t\t\t<div class=\"elementor-element elementor-element-8e90dcc elementor-widget elementor-widget-heading\" data-id=\"8e90dcc\" data-element_type=\"widget\" data-widget_type=\"heading.default\">\n\t\t\t\t<div class=\"elementor-widget-container\">\n\t\t\t\t\t<h2 class=\"elementor-heading-title elementor-size-default\">H\u0130KAYEM\u0130Z <\/h2>\t\t\t\t<\/div>\n\t\t\t\t<\/div>\n\t\t\t\t<div class=\"elementor-element elementor-element-59bff48 elementor-widget elementor-widget-text-editor\" data-id=\"59bff48\" data-element_type=\"widget\" data-widget_type=\"text-editor.default\">\n\t\t\t\t<div class=\"elementor-widget-container\">\n\t\t\t\t\t\t\t\t\t<p data-start=\"81\" data-end=\"321\">Woki Point, g\u00fcne iyi bir kahvalt\u0131yla ba\u015flaman\u0131n ve g\u00fcn\u00fcn her an\u0131nda kaliteli lezzetlere ula\u015fman\u0131n fikriyle kuruldu. Kahvalt\u0131dan ak\u015fam yeme\u011fine uzanan men\u00fcm\u00fczde, d\u00fcnya mutfa\u011f\u0131ndan ilham alan tatlar\u0131 modern ve \u00f6zenli bir yakla\u015f\u0131mla sunuyoruz.<\/p><p data-start=\"323\" data-end=\"514\">Amac\u0131m\u0131z; taze malzemeler, rahat bir atmosfer ve her geli\u015fte ayn\u0131 lezzet deneyimini bir araya getirerek Woki Point\u2019i g\u00fcn\u00fcn her saati keyifle tercih edilen bir bulu\u015fma noktas\u0131 haline getirmek.<\/p>\t\t\t\t\t\t\t\t<\/div>\n\t\t\t\t<\/div>\n\t\t\t\t\t<\/div>\n\t\t<\/div>\n\t\t\t\t<div class=\"elementor-column elementor-col-50 elementor-top-column elementor-element elementor-element-996eb8c\" data-id=\"996eb8c\" data-element_type=\"column\">\n\t\t\t<div class=\"elementor-widget-wrap elementor-element-populated\">\n\t\t\t\t\t\t<div class=\"elementor-element elementor-element-f0f4479 elementor-widget elementor-widget-image\" data-id=\"f0f4479\" data-element_type=\"widget\" data-widget_type=\"image.default\">\n\t\t\t\t<div class=\"elementor-widget-container\">\n\t\t\t\t\t\t\t\t\t\t\t\t\t\t\t<img loading=\"lazy\" decoding=\"async\" width=\"800\" height=\"450\" src=\"https:\/\/wokipoint.com.tr\/wp-content\/uploads\/2026\/01\/1-4-kopya-1024x576.jpg\" class=\"attachment-large size-large wp-image-2207\" alt=\"\" srcset=\"https:\/\/wokipoint.com.tr\/wp-content\/uploads\/2026\/01\/1-4-kopya-1024x576.jpg 1024w, https:\/\/wokipoint.com.tr\/wp-content\/uploads\/2026\/01\/1-4-kopya-300x169.jpg 300w, https:\/\/wokipoint.com.tr\/wp-content\/uploads\/2026\/01\/1-4-kopya-768x432.jpg 768w, https:\/\/wokipoint.com.tr\/wp-content\/uploads\/2026\/01\/1-4-kopya-1536x863.jpg 1536w, https:\/\/wokipoint.com.tr\/wp-content\/uploads\/2026\/01\/1-4-kopya-2048x1151.jpg 2048w\" sizes=\"auto, (max-width: 800px) 100vw, 800px\" \/>\t\t\t\t\t\t\t\t\t\t\t\t\t\t\t<\/div>\n\t\t\t\t<\/div>\n\t\t\t\t\t<\/div>\n\t\t<\/div>\n\t\t\t\t\t<\/div>\n\t\t<\/section>\n\t\t\t\t<section class=\"elementor-section elementor-top-section elementor-element elementor-element-dc49ae2 elementor-section-boxed elementor-section-height-default elementor-section-height-default\" data-id=\"dc49ae2\" data-element_type=\"section\">\n\t\t\t\t\t\t<div class=\"elementor-container elementor-column-gap-default\">\n\t\t\t\t\t<div class=\"elementor-column elementor-col-100 elementor-top-column elementor-element elementor-element-5355db2\" data-id=\"5355db2\" data-element_type=\"column\">\n\t\t\t<div class=\"elementor-widget-wrap\">\n\t\t\t\t\t\t\t<\/div>\n\t\t<\/div>\n\t\t\t\t\t<\/div>\n\t\t<\/section>\n\t\t\t\t<\/div>","protected":false},"excerpt":{"rendered":"<p>HAKKIMIZDA Woki Point, d\u00fcnya mutfa\u011f\u0131ndan ilham alan lezzetleri g\u00fcn\u00fcn her saatine uygun se\u00e7eneklerle sunan modern bir bulu\u015fma noktas\u0131d\u0131r. Zengin kahvalt\u0131 \u00e7e\u015fitlerinden doyurucu ana yemeklere, hafif at\u0131\u015ft\u0131rmal\u0131klardan \u00f6zel re\u00e7etelerle haz\u0131rlanan tabaklara kadar her \u00f6\u011f\u00fcnde keyifli bir deneyim sunmay\u0131 hedefler. G\u00fcne \u00f6zenle haz\u0131rlanan serpme ve \u00f6zel kahvalt\u0131 se\u00e7eneklerimizle ba\u015flarken; g\u00fcn\u00fcn devam\u0131nda d\u00fcnya mutfa\u011f\u0131n\u0131n sevilen tatlar\u0131n\u0131 modern sunumlarla [&hellip;]<\/p>","protected":false},"author":1,"featured_media":0,"parent":0,"menu_order":0,"comment_status":"closed","ping_status":"closed","template":"","meta":{"footnotes":""},"class_list":["post-147","page","type-page","status-publish","hentry"],"_links":{"self":[{"href":"https:\/\/wokipoint.com.tr\/en\/wp-json\/wp\/v2\/pages\/147","targetHints":{"allow":["GET"]}}],"collection":[{"href":"https:\/\/wokipoint.com.tr\/en\/wp-json\/wp\/v2\/pages"}],"about":[{"href":"https:\/\/wokipoint.com.tr\/en\/wp-json\/wp\/v2\/types\/page"}],"author":[{"embeddable":true,"href":"https:\/\/wokipoint.com.tr\/en\/wp-json\/wp\/v2\/users\/1"}],"replies":[{"embeddable":true,"href":"https:\/\/wokipoint.com.tr\/en\/wp-json\/wp\/v2\/comments?post=147"}],"version-history":[{"count":6,"href":"https:\/\/wokipoint.com.tr\/en\/wp-json\/wp\/v2\/pages\/147\/revisions"}],"predecessor-version":[{"id":2210,"href":"https:\/\/wokipoint.com.tr\/en\/wp-json\/wp\/v2\/pages\/147\/revisions\/2210"}],"wp:attachment":[{"href":"https:\/\/wokipoint.com.tr\/en\/wp-json\/wp\/v2\/media?parent=147"}],"curies":[{"name":"wp","href":"https:\/\/api.w.org\/{rel}","templated":true}]}}