{"id":1726,"date":"2025-12-27T13:12:12","date_gmt":"2025-12-27T13:12:12","guid":{"rendered":"https:\/\/wokipoint.com.tr\/?page_id=1726"},"modified":"2026-02-12T22:25:11","modified_gmt":"2026-02-12T22:25:11","slug":"soft-icecekler","status":"publish","type":"page","link":"https:\/\/wokipoint.com.tr\/en\/soft-icecekler\/","title":{"rendered":"Soft Drinks"},"content":{"rendered":"<div data-elementor-type=\"wp-page\" data-elementor-id=\"1726\" class=\"elementor elementor-1726\" data-elementor-post-type=\"page\">\n\t\t\t\t<div class=\"elementor-element elementor-element-428bdcd e-flex e-con-boxed e-con e-parent\" data-id=\"428bdcd\" data-element_type=\"container\">\n\t\t\t\t\t<div class=\"e-con-inner\">\n\t\t\t\t<div class=\"elementor-element elementor-element-a98eff6 elementor-widget elementor-widget-image\" data-id=\"a98eff6\" data-element_type=\"widget\" data-widget_type=\"image.default\">\n\t\t\t\t<div class=\"elementor-widget-container\">\n\t\t\t\t\t\t\t\t\t\t\t\t\t\t\t<img loading=\"lazy\" decoding=\"async\" width=\"800\" height=\"534\" src=\"https:\/\/wokipoint.com.tr\/wp-content\/uploads\/2025\/12\/796c34906c9111f02f41a319298a261b-1024x683.jpg\" class=\"attachment-large size-large wp-image-1727\" alt=\"\" srcset=\"https:\/\/wokipoint.com.tr\/wp-content\/uploads\/2025\/12\/796c34906c9111f02f41a319298a261b-1024x683.jpg 1024w, https:\/\/wokipoint.com.tr\/wp-content\/uploads\/2025\/12\/796c34906c9111f02f41a319298a261b-300x200.jpg 300w, https:\/\/wokipoint.com.tr\/wp-content\/uploads\/2025\/12\/796c34906c9111f02f41a319298a261b-768x512.jpg 768w, https:\/\/wokipoint.com.tr\/wp-content\/uploads\/2025\/12\/796c34906c9111f02f41a319298a261b-1536x1024.jpg 1536w, https:\/\/wokipoint.com.tr\/wp-content\/uploads\/2025\/12\/796c34906c9111f02f41a319298a261b.jpg 1800w\" sizes=\"auto, (max-width: 800px) 100vw, 800px\" \/>\t\t\t\t\t\t\t\t\t\t\t\t\t\t\t<\/div>\n\t\t\t\t<\/div>\n\t\t\t\t\t<\/div>\n\t\t\t\t<\/div>\n\t\t<div class=\"elementor-element elementor-element-8034157 e-flex e-con-boxed e-con e-parent\" data-id=\"8034157\" data-element_type=\"container\">\n\t\t\t\t\t<div class=\"e-con-inner\">\n\t\t<div class=\"elementor-element elementor-element-91b7bab e-con-full e-flex e-con e-child\" data-id=\"91b7bab\" data-element_type=\"container\">\n\t\t<div class=\"elementor-element elementor-element-b9334b5 e-con-full e-flex elementor-invisible e-con e-child\" data-id=\"b9334b5\" data-element_type=\"container\" data-settings=\"{&quot;animation&quot;:&quot;slideInUp&quot;,&quot;animation_mobile&quot;:&quot;none&quot;}\">\n\t\t<div class=\"elementor-element elementor-element-a15dd31 e-con-full e-flex e-con e-child\" data-id=\"a15dd31\" data-element_type=\"container\">\n\t\t\t\t<\/div>\n\t\t<div class=\"elementor-element elementor-element-b0232fb e-con-full e-flex e-con e-child\" data-id=\"b0232fb\" data-element_type=\"container\">\n\t\t\t\t<div class=\"elementor-element elementor-element-c2c8077 elementor-widget__width-auto elementor-widget elementor-widget-heading\" data-id=\"c2c8077\" data-element_type=\"widget\" data-widget_type=\"heading.default\">\n\t\t\t\t<div class=\"elementor-widget-container\">\n\t\t\t\t\t<h5 class=\"elementor-heading-title elementor-size-default\">Coco-Cola<\/h5>\t\t\t\t<\/div>\n\t\t\t\t<\/div>\n\t\t\t\t<div class=\"elementor-element elementor-element-e133ad2 elementor-widget elementor-widget-heading\" data-id=\"e133ad2\" data-element_type=\"widget\" data-widget_type=\"heading.default\">\n\t\t\t\t<div class=\"elementor-widget-container\">\n\t\t\t\t\t<div class=\"elementor-heading-title elementor-size-default\">Normal-Zero<\/div>\t\t\t\t<\/div>\n\t\t\t\t<\/div>\n\t\t\t\t<\/div>\n\t\t<div class=\"elementor-element elementor-element-3b5ee03 e-con-full e-flex e-con e-child\" data-id=\"3b5ee03\" data-element_type=\"container\">\n\t\t\t\t<div class=\"elementor-element elementor-element-9c0cd08 elementor-widget__width-auto elementor-widget elementor-widget-heading\" data-id=\"9c0cd08\" data-element_type=\"widget\" data-widget_type=\"heading.default\">\n\t\t\t\t<div class=\"elementor-widget-container\">\n\t\t\t\t\t<div class=\"elementor-heading-title elementor-size-default\">129TL<\/div>\t\t\t\t<\/div>\n\t\t\t\t<\/div>\n\t\t\t\t<\/div>\n\t\t\t\t<\/div>\n\t\t<div class=\"elementor-element elementor-element-c7745ec e-con-full e-flex elementor-invisible e-con e-child\" data-id=\"c7745ec\" data-element_type=\"container\" data-settings=\"{&quot;animation&quot;:&quot;slideInUp&quot;,&quot;animation_mobile&quot;:&quot;none&quot;}\">\n\t\t<div class=\"elementor-element elementor-element-df54550 e-con-full e-flex e-con e-child\" data-id=\"df54550\" data-element_type=\"container\">\n\t\t\t\t<\/div>\n\t\t<div class=\"elementor-element elementor-element-5226eaa e-con-full e-flex e-con e-child\" data-id=\"5226eaa\" data-element_type=\"container\">\n\t\t\t\t<div class=\"elementor-element elementor-element-b237f07 elementor-widget__width-auto elementor-widget elementor-widget-heading\" data-id=\"b237f07\" data-element_type=\"widget\" data-widget_type=\"heading.default\">\n\t\t\t\t<div class=\"elementor-widget-container\">\n\t\t\t\t\t<h5 class=\"elementor-heading-title elementor-size-default\">Fanta<\/h5>\t\t\t\t<\/div>\n\t\t\t\t<\/div>\n\t\t\t\t<\/div>\n\t\t<div class=\"elementor-element elementor-element-547c2ea e-con-full e-flex e-con e-child\" data-id=\"547c2ea\" data-element_type=\"container\">\n\t\t\t\t<div class=\"elementor-element elementor-element-91fd6ae elementor-widget__width-auto elementor-widget elementor-widget-heading\" data-id=\"91fd6ae\" data-element_type=\"widget\" data-widget_type=\"heading.default\">\n\t\t\t\t<div class=\"elementor-widget-container\">\n\t\t\t\t\t<div class=\"elementor-heading-title elementor-size-default\">129TL<\/div>\t\t\t\t<\/div>\n\t\t\t\t<\/div>\n\t\t\t\t<\/div>\n\t\t\t\t<\/div>\n\t\t<div class=\"elementor-element elementor-element-90010aa e-con-full e-flex elementor-invisible e-con e-child\" data-id=\"90010aa\" data-element_type=\"container\" data-settings=\"{&quot;animation&quot;:&quot;slideInUp&quot;,&quot;animation_mobile&quot;:&quot;none&quot;}\">\n\t\t<div class=\"elementor-element elementor-element-c26d758 e-con-full e-flex e-con e-child\" data-id=\"c26d758\" data-element_type=\"container\">\n\t\t\t\t<\/div>\n\t\t<div class=\"elementor-element elementor-element-60e31cc e-con-full e-flex e-con e-child\" data-id=\"60e31cc\" data-element_type=\"container\">\n\t\t\t\t<div class=\"elementor-element elementor-element-2c67cb1 elementor-widget__width-auto elementor-widget elementor-widget-heading\" data-id=\"2c67cb1\" data-element_type=\"widget\" data-widget_type=\"heading.default\">\n\t\t\t\t<div class=\"elementor-widget-container\">\n\t\t\t\t\t<h5 class=\"elementor-heading-title elementor-size-default\">Meyve Sular\u0131<\/h5>\t\t\t\t<\/div>\n\t\t\t\t<\/div>\n\t\t\t\t<div class=\"elementor-element elementor-element-b25e566 elementor-widget elementor-widget-heading\" data-id=\"b25e566\" data-element_type=\"widget\" data-widget_type=\"heading.default\">\n\t\t\t\t<div class=\"elementor-widget-container\">\n\t\t\t\t\t<div class=\"elementor-heading-title elementor-size-default\">Vi\u015fne-\u015eeftali-Kay\u0131s\u0131-Kar\u0131\u015f\u0131k<\/div>\t\t\t\t<\/div>\n\t\t\t\t<\/div>\n\t\t\t\t<\/div>\n\t\t<div class=\"elementor-element elementor-element-6b0e669 e-con-full e-flex e-con e-child\" data-id=\"6b0e669\" data-element_type=\"container\">\n\t\t\t\t<div class=\"elementor-element elementor-element-d26dd81 elementor-widget__width-auto elementor-widget elementor-widget-heading\" data-id=\"d26dd81\" data-element_type=\"widget\" data-widget_type=\"heading.default\">\n\t\t\t\t<div class=\"elementor-widget-container\">\n\t\t\t\t\t<div class=\"elementor-heading-title elementor-size-default\">129TL<\/div>\t\t\t\t<\/div>\n\t\t\t\t<\/div>\n\t\t\t\t<\/div>\n\t\t\t\t<\/div>\n\t\t\t\t<\/div>\n\t\t<div class=\"elementor-element elementor-element-d2de22d e-con-full e-flex e-con e-child\" data-id=\"d2de22d\" data-element_type=\"container\">\n\t\t<div class=\"elementor-element elementor-element-b51b916 e-con-full e-flex elementor-invisible e-con e-child\" data-id=\"b51b916\" data-element_type=\"container\" data-settings=\"{&quot;animation&quot;:&quot;slideInUp&quot;,&quot;animation_mobile&quot;:&quot;none&quot;}\">\n\t\t<div class=\"elementor-element elementor-element-b7f0c5a e-con-full e-flex e-con e-child\" data-id=\"b7f0c5a\" data-element_type=\"container\">\n\t\t\t\t<\/div>\n\t\t<div class=\"elementor-element elementor-element-3df27af e-con-full e-flex e-con e-child\" data-id=\"3df27af\" data-element_type=\"container\">\n\t\t\t\t<div class=\"elementor-element elementor-element-f8b0f06 elementor-widget__width-auto elementor-widget elementor-widget-heading\" data-id=\"f8b0f06\" data-element_type=\"widget\" data-widget_type=\"heading.default\">\n\t\t\t\t<div class=\"elementor-widget-container\">\n\t\t\t\t\t<h5 class=\"elementor-heading-title elementor-size-default\">Sprite<\/h5>\t\t\t\t<\/div>\n\t\t\t\t<\/div>\n\t\t\t\t<\/div>\n\t\t<div class=\"elementor-element elementor-element-7b3c880 e-con-full e-flex e-con e-child\" data-id=\"7b3c880\" data-element_type=\"container\">\n\t\t\t\t<div class=\"elementor-element elementor-element-e800942 elementor-widget__width-auto elementor-widget elementor-widget-heading\" data-id=\"e800942\" data-element_type=\"widget\" data-widget_type=\"heading.default\">\n\t\t\t\t<div class=\"elementor-widget-container\">\n\t\t\t\t\t<div class=\"elementor-heading-title elementor-size-default\">129TL<\/div>\t\t\t\t<\/div>\n\t\t\t\t<\/div>\n\t\t\t\t<\/div>\n\t\t\t\t<\/div>\n\t\t<div class=\"elementor-element elementor-element-64d643e e-con-full e-flex elementor-invisible e-con e-child\" data-id=\"64d643e\" data-element_type=\"container\" data-settings=\"{&quot;animation&quot;:&quot;slideInUp&quot;,&quot;animation_mobile&quot;:&quot;none&quot;}\">\n\t\t<div class=\"elementor-element elementor-element-b510467 e-con-full e-flex e-con e-child\" data-id=\"b510467\" data-element_type=\"container\">\n\t\t\t\t<\/div>\n\t\t<div class=\"elementor-element elementor-element-37b8421 e-con-full e-flex e-con e-child\" data-id=\"37b8421\" data-element_type=\"container\">\n\t\t\t\t<div class=\"elementor-element elementor-element-629febb elementor-widget__width-auto elementor-widget elementor-widget-heading\" data-id=\"629febb\" data-element_type=\"widget\" data-widget_type=\"heading.default\">\n\t\t\t\t<div class=\"elementor-widget-container\">\n\t\t\t\t\t<h5 class=\"elementor-heading-title elementor-size-default\">Schweppes<\/h5>\t\t\t\t<\/div>\n\t\t\t\t<\/div>\n\t\t\t\t<div class=\"elementor-element elementor-element-aba81bf elementor-widget elementor-widget-heading\" data-id=\"aba81bf\" data-element_type=\"widget\" data-widget_type=\"heading.default\">\n\t\t\t\t<div class=\"elementor-widget-container\">\n\t\t\t\t\t<div class=\"elementor-heading-title elementor-size-default\">Mandalina-Bitter Lime<\/div>\t\t\t\t<\/div>\n\t\t\t\t<\/div>\n\t\t\t\t<\/div>\n\t\t<div class=\"elementor-element elementor-element-c9c0b40 e-con-full e-flex e-con e-child\" data-id=\"c9c0b40\" data-element_type=\"container\">\n\t\t\t\t<div class=\"elementor-element elementor-element-108f8ee elementor-widget__width-auto elementor-widget elementor-widget-heading\" data-id=\"108f8ee\" data-element_type=\"widget\" data-widget_type=\"heading.default\">\n\t\t\t\t<div class=\"elementor-widget-container\">\n\t\t\t\t\t<div class=\"elementor-heading-title elementor-size-default\">129TL<\/div>\t\t\t\t<\/div>\n\t\t\t\t<\/div>\n\t\t\t\t<\/div>\n\t\t\t\t<\/div>\n\t\t<div class=\"elementor-element elementor-element-94ba469 e-con-full e-flex elementor-invisible e-con e-child\" data-id=\"94ba469\" data-element_type=\"container\" data-settings=\"{&quot;animation&quot;:&quot;slideInUp&quot;,&quot;animation_mobile&quot;:&quot;none&quot;}\">\n\t\t<div class=\"elementor-element elementor-element-953b922 e-con-full e-flex e-con e-child\" data-id=\"953b922\" data-element_type=\"container\">\n\t\t\t\t<\/div>\n\t\t<div class=\"elementor-element elementor-element-7ec7226 e-con-full e-flex e-con e-child\" data-id=\"7ec7226\" data-element_type=\"container\">\n\t\t\t\t<div class=\"elementor-element elementor-element-3814073 elementor-widget__width-auto elementor-widget elementor-widget-heading\" data-id=\"3814073\" data-element_type=\"widget\" data-widget_type=\"heading.default\">\n\t\t\t\t<div class=\"elementor-widget-container\">\n\t\t\t\t\t<h5 class=\"elementor-heading-title elementor-size-default\">Fuse Tea<\/h5>\t\t\t\t<\/div>\n\t\t\t\t<\/div>\n\t\t\t\t<div class=\"elementor-element elementor-element-f4f0296 elementor-widget elementor-widget-heading\" data-id=\"f4f0296\" data-element_type=\"widget\" data-widget_type=\"heading.default\">\n\t\t\t\t<div class=\"elementor-widget-container\">\n\t\t\t\t\t<div class=\"elementor-heading-title elementor-size-default\">\u015eeftali-Limon-Mango<\/div>\t\t\t\t<\/div>\n\t\t\t\t<\/div>\n\t\t\t\t<\/div>\n\t\t<div class=\"elementor-element elementor-element-e8af684 e-con-full e-flex e-con e-child\" data-id=\"e8af684\" data-element_type=\"container\">\n\t\t\t\t<div class=\"elementor-element elementor-element-ac11236 elementor-widget__width-auto elementor-widget elementor-widget-heading\" data-id=\"ac11236\" data-element_type=\"widget\" data-widget_type=\"heading.default\">\n\t\t\t\t<div class=\"elementor-widget-container\">\n\t\t\t\t\t<div class=\"elementor-heading-title elementor-size-default\">129TL<\/div>\t\t\t\t<\/div>\n\t\t\t\t<\/div>\n\t\t\t\t<\/div>\n\t\t\t\t<\/div>\n\t\t\t\t<\/div>\n\t\t\t\t\t<\/div>\n\t\t\t\t<\/div>\n\t\t<div class=\"elementor-element elementor-element-cff9d27 e-flex e-con-boxed e-con e-parent\" data-id=\"cff9d27\" data-element_type=\"container\">\n\t\t\t\t\t<div class=\"e-con-inner\">\n\t\t<div class=\"elementor-element elementor-element-e429f2e e-con-full e-flex e-con e-child\" data-id=\"e429f2e\" data-element_type=\"container\">\n\t\t<div class=\"elementor-element elementor-element-a240fb1 e-con-full e-flex elementor-invisible e-con e-child\" data-id=\"a240fb1\" data-element_type=\"container\" data-settings=\"{&quot;animation&quot;:&quot;slideInUp&quot;,&quot;animation_mobile&quot;:&quot;none&quot;}\">\n\t\t<div class=\"elementor-element elementor-element-09a6bc9 e-con-full e-flex e-con e-child\" data-id=\"09a6bc9\" data-element_type=\"container\">\n\t\t\t\t<\/div>\n\t\t<div class=\"elementor-element elementor-element-3db0fb8 e-con-full e-flex e-con e-child\" data-id=\"3db0fb8\" data-element_type=\"container\">\n\t\t\t\t<div class=\"elementor-element elementor-element-478ba51 elementor-widget__width-auto elementor-widget elementor-widget-heading\" data-id=\"478ba51\" data-element_type=\"widget\" data-widget_type=\"heading.default\">\n\t\t\t\t<div class=\"elementor-widget-container\">\n\t\t\t\t\t<h5 class=\"elementor-heading-title elementor-size-default\">Red Bull<\/h5>\t\t\t\t<\/div>\n\t\t\t\t<\/div>\n\t\t\t\t<\/div>\n\t\t<div class=\"elementor-element elementor-element-67365c3 e-con-full e-flex e-con e-child\" data-id=\"67365c3\" data-element_type=\"container\">\n\t\t\t\t<div class=\"elementor-element elementor-element-c511a73 elementor-widget__width-auto elementor-widget elementor-widget-heading\" data-id=\"c511a73\" data-element_type=\"widget\" data-widget_type=\"heading.default\">\n\t\t\t\t<div class=\"elementor-widget-container\">\n\t\t\t\t\t<div class=\"elementor-heading-title elementor-size-default\">169TL<\/div>\t\t\t\t<\/div>\n\t\t\t\t<\/div>\n\t\t\t\t<\/div>\n\t\t\t\t<\/div>\n\t\t<div class=\"elementor-element elementor-element-0113c54 e-con-full e-flex elementor-invisible e-con e-child\" data-id=\"0113c54\" data-element_type=\"container\" data-settings=\"{&quot;animation&quot;:&quot;slideInUp&quot;,&quot;animation_mobile&quot;:&quot;none&quot;}\">\n\t\t<div class=\"elementor-element elementor-element-749fef6 e-con-full e-flex e-con e-child\" data-id=\"749fef6\" data-element_type=\"container\">\n\t\t\t\t<\/div>\n\t\t<div class=\"elementor-element elementor-element-99dd1d4 e-con-full e-flex e-con e-child\" data-id=\"99dd1d4\" data-element_type=\"container\">\n\t\t\t\t<div class=\"elementor-element elementor-element-abc6fef elementor-widget__width-auto elementor-widget elementor-widget-heading\" data-id=\"abc6fef\" data-element_type=\"widget\" data-widget_type=\"heading.default\">\n\t\t\t\t<div class=\"elementor-widget-container\">\n\t\t\t\t\t<h5 class=\"elementor-heading-title elementor-size-default\">Maden Suyu<\/h5>\t\t\t\t<\/div>\n\t\t\t\t<\/div>\n\t\t\t\t<div class=\"elementor-element elementor-element-239f242 elementor-widget elementor-widget-heading\" data-id=\"239f242\" data-element_type=\"widget\" data-widget_type=\"heading.default\">\n\t\t\t\t<div class=\"elementor-widget-container\">\n\t\t\t\t\t<div class=\"elementor-heading-title elementor-size-default\">Limonlu-\u00c7ilekli-Elmal\u0131 +10TL<\/div>\t\t\t\t<\/div>\n\t\t\t\t<\/div>\n\t\t\t\t<\/div>\n\t\t<div class=\"elementor-element elementor-element-0ac9810 e-con-full e-flex e-con e-child\" data-id=\"0ac9810\" data-element_type=\"container\">\n\t\t\t\t<div class=\"elementor-element elementor-element-a502a31 elementor-widget__width-auto elementor-widget elementor-widget-heading\" data-id=\"a502a31\" data-element_type=\"widget\" data-widget_type=\"heading.default\">\n\t\t\t\t<div class=\"elementor-widget-container\">\n\t\t\t\t\t<div class=\"elementor-heading-title elementor-size-default\">99TL<\/div>\t\t\t\t<\/div>\n\t\t\t\t<\/div>\n\t\t\t\t<\/div>\n\t\t\t\t<\/div>\n\t\t\t\t<\/div>\n\t\t<div class=\"elementor-element elementor-element-2ca0daa e-con-full e-flex e-con e-child\" data-id=\"2ca0daa\" data-element_type=\"container\">\n\t\t<div class=\"elementor-element elementor-element-5222a38 e-con-full e-flex elementor-invisible e-con e-child\" data-id=\"5222a38\" data-element_type=\"container\" data-settings=\"{&quot;animation&quot;:&quot;slideInUp&quot;,&quot;animation_mobile&quot;:&quot;none&quot;}\">\n\t\t<div class=\"elementor-element elementor-element-d1f0fd5 e-con-full e-flex e-con e-child\" data-id=\"d1f0fd5\" data-element_type=\"container\">\n\t\t\t\t<\/div>\n\t\t<div class=\"elementor-element elementor-element-5860fb1 e-con-full e-flex e-con e-child\" data-id=\"5860fb1\" data-element_type=\"container\">\n\t\t\t\t<div class=\"elementor-element elementor-element-acbcc9e elementor-widget__width-auto elementor-widget elementor-widget-heading\" data-id=\"acbcc9e\" data-element_type=\"widget\" data-widget_type=\"heading.default\">\n\t\t\t\t<div class=\"elementor-widget-container\">\n\t\t\t\t\t<h5 class=\"elementor-heading-title elementor-size-default\">Cam \u015ei\u015fe Su<\/h5>\t\t\t\t<\/div>\n\t\t\t\t<\/div>\n\t\t\t\t<\/div>\n\t\t<div class=\"elementor-element elementor-element-994e858 e-con-full e-flex e-con e-child\" data-id=\"994e858\" data-element_type=\"container\">\n\t\t\t\t<div class=\"elementor-element elementor-element-8529fbd elementor-widget__width-auto elementor-widget elementor-widget-heading\" data-id=\"8529fbd\" data-element_type=\"widget\" data-widget_type=\"heading.default\">\n\t\t\t\t<div class=\"elementor-widget-container\">\n\t\t\t\t\t<div class=\"elementor-heading-title elementor-size-default\">59TL<\/div>\t\t\t\t<\/div>\n\t\t\t\t<\/div>\n\t\t\t\t<\/div>\n\t\t\t\t<\/div>\n\t\t<div class=\"elementor-element elementor-element-0443300 e-con-full e-flex elementor-invisible e-con e-child\" data-id=\"0443300\" data-element_type=\"container\" data-settings=\"{&quot;animation&quot;:&quot;slideInUp&quot;,&quot;animation_mobile&quot;:&quot;none&quot;}\">\n\t\t<div class=\"elementor-element elementor-element-67c90fa e-con-full e-flex e-con e-child\" data-id=\"67c90fa\" data-element_type=\"container\">\n\t\t\t\t<\/div>\n\t\t<div class=\"elementor-element elementor-element-529c112 e-con-full e-flex e-con e-child\" data-id=\"529c112\" data-element_type=\"container\">\n\t\t\t\t<div class=\"elementor-element elementor-element-a90c06b elementor-widget__width-auto elementor-widget elementor-widget-heading\" data-id=\"a90c06b\" data-element_type=\"widget\" data-widget_type=\"heading.default\">\n\t\t\t\t<div class=\"elementor-widget-container\">\n\t\t\t\t\t<h5 class=\"elementor-heading-title elementor-size-default\">Churchill \u200b\u200b<\/h5>\t\t\t\t<\/div>\n\t\t\t\t<\/div>\n\t\t\t\t<\/div>\n\t\t<div class=\"elementor-element elementor-element-d8fad9c e-con-full e-flex e-con e-child\" data-id=\"d8fad9c\" data-element_type=\"container\">\n\t\t\t\t<div class=\"elementor-element elementor-element-169dacb elementor-widget__width-auto elementor-widget elementor-widget-heading\" data-id=\"169dacb\" data-element_type=\"widget\" data-widget_type=\"heading.default\">\n\t\t\t\t<div class=\"elementor-widget-container\">\n\t\t\t\t\t<div class=\"elementor-heading-title elementor-size-default\">109TL<\/div>\t\t\t\t<\/div>\n\t\t\t\t<\/div>\n\t\t\t\t<\/div>\n\t\t\t\t<\/div>\n\t\t<div class=\"elementor-element elementor-element-7599e77 e-con-full e-flex elementor-invisible e-con e-child\" data-id=\"7599e77\" data-element_type=\"container\" data-settings=\"{&quot;animation&quot;:&quot;slideInUp&quot;,&quot;animation_mobile&quot;:&quot;none&quot;}\">\n\t\t<div class=\"elementor-element elementor-element-edcdc9c e-con-full e-flex e-con e-child\" data-id=\"edcdc9c\" data-element_type=\"container\">\n\t\t\t\t<\/div>\n\t\t\t\t<\/div>\n\t\t\t\t<\/div>\n\t\t\t\t\t<\/div>\n\t\t\t\t<\/div>\n\t\t<div class=\"elementor-element elementor-element-f526db3 e-flex e-con-boxed e-con e-parent\" data-id=\"f526db3\" data-element_type=\"container\">\n\t\t\t\t\t<div class=\"e-con-inner\">\n\t\t\t\t<div class=\"elementor-element elementor-element-17db36e elementor-widget elementor-widget-heading\" data-id=\"17db36e\" data-element_type=\"widget\" data-widget_type=\"heading.default\">\n\t\t\t\t<div class=\"elementor-widget-container\">\n\t\t\t\t\t<h2 class=\"elementor-heading-title elementor-size-default\">Our prices include VAT<\/h2>\t\t\t\t<\/div>\n\t\t\t\t<\/div>\n\t\t\t\t\t<\/div>\n\t\t\t\t<\/div>\n\t\t\t\t<\/div>","protected":false},"excerpt":{"rendered":"<p>Coco-Cola Normal-Zero 129TL Fanta 129TL Meyve Sular\u0131 Vi\u015fne-\u015eeftali-Kay\u0131s\u0131-Kar\u0131\u015f\u0131k 129TL Sprite 129TL Schweppes Mandalina-Bitter Lime 129TL Fuse Tea \u015eeftali-Limon-Mango 129TL Red Bull 169TL Maden Suyu Limonlu-\u00c7ilekli-Elmal\u0131 +10TL 99TL Cam \u015ei\u015fe Su 59TL Churchill \u200b\u200b 109TL Fiyatlar\u0131m\u0131za KDV dahildir\u200b<\/p>","protected":false},"author":1,"featured_media":0,"parent":0,"menu_order":0,"comment_status":"closed","ping_status":"closed","template":"","meta":{"footnotes":""},"class_list":["post-1726","page","type-page","status-publish","hentry"],"_links":{"self":[{"href":"https:\/\/wokipoint.com.tr\/en\/wp-json\/wp\/v2\/pages\/1726","targetHints":{"allow":["GET"]}}],"collection":[{"href":"https:\/\/wokipoint.com.tr\/en\/wp-json\/wp\/v2\/pages"}],"about":[{"href":"https:\/\/wokipoint.com.tr\/en\/wp-json\/wp\/v2\/types\/page"}],"author":[{"embeddable":true,"href":"https:\/\/wokipoint.com.tr\/en\/wp-json\/wp\/v2\/users\/1"}],"replies":[{"embeddable":true,"href":"https:\/\/wokipoint.com.tr\/en\/wp-json\/wp\/v2\/comments?post=1726"}],"version-history":[{"count":18,"href":"https:\/\/wokipoint.com.tr\/en\/wp-json\/wp\/v2\/pages\/1726\/revisions"}],"predecessor-version":[{"id":2476,"href":"https:\/\/wokipoint.com.tr\/en\/wp-json\/wp\/v2\/pages\/1726\/revisions\/2476"}],"wp:attachment":[{"href":"https:\/\/wokipoint.com.tr\/en\/wp-json\/wp\/v2\/media?parent=1726"}],"curies":[{"name":"wp","href":"https:\/\/api.w.org\/{rel}","templated":true}]}}