{"id":1950,"date":"2025-12-29T13:32:40","date_gmt":"2025-12-29T13:32:40","guid":{"rendered":"https:\/\/wokipoint.com.tr\/?page_id=1950"},"modified":"2026-01-23T00:09:14","modified_gmt":"2026-01-23T00:09:14","slug":"waffle","status":"publish","type":"page","link":"https:\/\/wokipoint.com.tr\/en\/waffle\/","title":{"rendered":"Waffle"},"content":{"rendered":"<div data-elementor-type=\"wp-page\" data-elementor-id=\"1950\" class=\"elementor elementor-1950\" data-elementor-post-type=\"page\">\n\t\t\t\t<div class=\"elementor-element elementor-element-3bbcd87 e-flex e-con-boxed e-con e-parent\" data-id=\"3bbcd87\" data-element_type=\"container\">\n\t\t\t\t\t<div class=\"e-con-inner\">\n\t\t<div class=\"elementor-element elementor-element-afe6f24 e-con-full e-flex e-con e-child\" data-id=\"afe6f24\" data-element_type=\"container\">\n\t\t<div class=\"elementor-element elementor-element-b1c64a4 e-con-full e-flex elementor-invisible e-con e-child\" data-id=\"b1c64a4\" data-element_type=\"container\" data-settings=\"{&quot;animation&quot;:&quot;slideInUp&quot;,&quot;animation_mobile&quot;:&quot;none&quot;}\">\n\t\t<div class=\"elementor-element elementor-element-10ce561 e-con-full e-flex e-con e-child\" data-id=\"10ce561\" data-element_type=\"container\">\n\t\t\t\t<\/div>\n\t\t<div class=\"elementor-element elementor-element-c4a68a1 e-con-full e-flex e-con e-child\" data-id=\"c4a68a1\" data-element_type=\"container\">\n\t\t\t\t<div class=\"elementor-element elementor-element-02e45e3 elementor-widget__width-auto elementor-widget elementor-widget-heading\" data-id=\"02e45e3\" data-element_type=\"widget\" data-widget_type=\"heading.default\">\n\t\t\t\t<div class=\"elementor-widget-container\">\n\t\t\t\t\t<h5 class=\"elementor-heading-title elementor-size-default\">Klasik<\/h5>\t\t\t\t<\/div>\n\t\t\t\t<\/div>\n\t\t\t\t<\/div>\n\t\t<div class=\"elementor-element elementor-element-75c9c4d e-con-full e-flex e-con e-child\" data-id=\"75c9c4d\" data-element_type=\"container\">\n\t\t\t\t<div class=\"elementor-element elementor-element-8e7ea7c elementor-widget__width-auto elementor-widget elementor-widget-heading\" data-id=\"8e7ea7c\" data-element_type=\"widget\" data-widget_type=\"heading.default\">\n\t\t\t\t<div class=\"elementor-widget-container\">\n\t\t\t\t\t<div class=\"elementor-heading-title elementor-size-default\">299TL<\/div>\t\t\t\t<\/div>\n\t\t\t\t<\/div>\n\t\t\t\t<\/div>\n\t\t\t\t<\/div>\n\t\t<div class=\"elementor-element elementor-element-e852b02 e-con-full e-flex elementor-invisible e-con e-child\" data-id=\"e852b02\" data-element_type=\"container\" data-settings=\"{&quot;animation&quot;:&quot;slideInUp&quot;,&quot;animation_mobile&quot;:&quot;none&quot;}\">\n\t\t<div class=\"elementor-element elementor-element-db0ce57 e-con-full e-flex e-con e-child\" data-id=\"db0ce57\" data-element_type=\"container\">\n\t\t\t\t<\/div>\n\t\t<div class=\"elementor-element elementor-element-db9ed26 e-con-full e-flex e-con e-child\" data-id=\"db9ed26\" data-element_type=\"container\">\n\t\t\t\t<div class=\"elementor-element elementor-element-1d6349e elementor-widget__width-auto elementor-widget elementor-widget-heading\" data-id=\"1d6349e\" data-element_type=\"widget\" data-widget_type=\"heading.default\">\n\t\t\t\t<div class=\"elementor-widget-container\">\n\t\t\t\t\t<h5 class=\"elementor-heading-title elementor-size-default\">Dondurmal\u0131 <\/h5>\t\t\t\t<\/div>\n\t\t\t\t<\/div>\n\t\t\t\t<\/div>\n\t\t<div class=\"elementor-element elementor-element-f95d807 e-con-full e-flex e-con e-child\" data-id=\"f95d807\" data-element_type=\"container\">\n\t\t\t\t<div class=\"elementor-element elementor-element-30d67fa elementor-widget__width-auto elementor-widget elementor-widget-heading\" data-id=\"30d67fa\" data-element_type=\"widget\" data-widget_type=\"heading.default\">\n\t\t\t\t<div class=\"elementor-widget-container\">\n\t\t\t\t\t<div class=\"elementor-heading-title elementor-size-default\">449TL<\/div>\t\t\t\t<\/div>\n\t\t\t\t<\/div>\n\t\t\t\t<\/div>\n\t\t\t\t<\/div>\n\t\t<div class=\"elementor-element elementor-element-1f3dafa e-con-full e-flex elementor-invisible e-con e-child\" data-id=\"1f3dafa\" data-element_type=\"container\" data-settings=\"{&quot;animation&quot;:&quot;slideInUp&quot;,&quot;animation_mobile&quot;:&quot;none&quot;}\">\n\t\t<div class=\"elementor-element elementor-element-aef63f0 e-con-full e-flex e-con e-child\" data-id=\"aef63f0\" data-element_type=\"container\">\n\t\t\t\t<div class=\"elementor-element elementor-element-73fc5b8 elementor-widget elementor-widget-image\" data-id=\"73fc5b8\" data-element_type=\"widget\" data-widget_type=\"image.default\">\n\t\t\t\t<div class=\"elementor-widget-container\">\n\t\t\t\t\t\t\t\t\t\t\t\t\t\t\t<img decoding=\"async\" src=\"https:\/\/wokipoint.com.tr\/wp-content\/uploads\/elementor\/thumbs\/5-rg99kfysfb64ni938go9hik8s6qo2jkjq0f49fwzi0.png\" title=\"5\" alt=\"5\" loading=\"lazy\" \/>\t\t\t\t\t\t\t\t\t\t\t\t\t\t\t<\/div>\n\t\t\t\t<\/div>\n\t\t\t\t<\/div>\n\t\t<div class=\"elementor-element elementor-element-17a7ad9 e-con-full e-flex e-con e-child\" data-id=\"17a7ad9\" data-element_type=\"container\">\n\t\t\t\t<div class=\"elementor-element elementor-element-b1a80ba elementor-widget__width-auto elementor-widget elementor-widget-heading\" data-id=\"b1a80ba\" data-element_type=\"widget\" data-widget_type=\"heading.default\">\n\t\t\t\t<div class=\"elementor-widget-container\">\n\t\t\t\t\t<h5 class=\"elementor-heading-title elementor-size-default\">Meyve \u015e\u00f6leni<\/h5>\t\t\t\t<\/div>\n\t\t\t\t<\/div>\n\t\t\t\t<\/div>\n\t\t<div class=\"elementor-element elementor-element-3fba593 e-con-full e-flex e-con e-child\" data-id=\"3fba593\" data-element_type=\"container\">\n\t\t\t\t<div class=\"elementor-element elementor-element-c54c9a9 elementor-widget__width-auto elementor-widget elementor-widget-heading\" data-id=\"c54c9a9\" data-element_type=\"widget\" data-widget_type=\"heading.default\">\n\t\t\t\t<div class=\"elementor-widget-container\">\n\t\t\t\t\t<div class=\"elementor-heading-title elementor-size-default\">424TL<\/div>\t\t\t\t<\/div>\n\t\t\t\t<\/div>\n\t\t\t\t<\/div>\n\t\t\t\t<\/div>\n\t\t\t\t<\/div>\n\t\t\t\t\t<\/div>\n\t\t\t\t<\/div>\n\t\t<div class=\"elementor-element elementor-element-37b2a65 e-flex e-con-boxed e-con e-parent\" data-id=\"37b2a65\" data-element_type=\"container\">\n\t\t\t\t\t<div class=\"e-con-inner\">\n\t\t\t\t<div class=\"elementor-element elementor-element-01a234c elementor-widget elementor-widget-heading\" data-id=\"01a234c\" data-element_type=\"widget\" data-widget_type=\"heading.default\">\n\t\t\t\t<div class=\"elementor-widget-container\">\n\t\t\t\t\t<h2 class=\"elementor-heading-title elementor-size-default\">Our prices include VAT<\/h2>\t\t\t\t<\/div>\n\t\t\t\t<\/div>\n\t\t\t\t\t<\/div>\n\t\t\t\t<\/div>\n\t\t\t\t<\/div>","protected":false},"excerpt":{"rendered":"<p>Klasik 299TL Dondurmal\u0131 449TL Meyve \u015e\u00f6leni 424TL Fiyatlar\u0131m\u0131za KDV dahildir\u200b<\/p>","protected":false},"author":1,"featured_media":0,"parent":0,"menu_order":0,"comment_status":"closed","ping_status":"closed","template":"","meta":{"footnotes":""},"class_list":["post-1950","page","type-page","status-publish","hentry"],"_links":{"self":[{"href":"https:\/\/wokipoint.com.tr\/en\/wp-json\/wp\/v2\/pages\/1950","targetHints":{"allow":["GET"]}}],"collection":[{"href":"https:\/\/wokipoint.com.tr\/en\/wp-json\/wp\/v2\/pages"}],"about":[{"href":"https:\/\/wokipoint.com.tr\/en\/wp-json\/wp\/v2\/types\/page"}],"author":[{"embeddable":true,"href":"https:\/\/wokipoint.com.tr\/en\/wp-json\/wp\/v2\/users\/1"}],"replies":[{"embeddable":true,"href":"https:\/\/wokipoint.com.tr\/en\/wp-json\/wp\/v2\/comments?post=1950"}],"version-history":[{"count":15,"href":"https:\/\/wokipoint.com.tr\/en\/wp-json\/wp\/v2\/pages\/1950\/revisions"}],"predecessor-version":[{"id":2380,"href":"https:\/\/wokipoint.com.tr\/en\/wp-json\/wp\/v2\/pages\/1950\/revisions\/2380"}],"wp:attachment":[{"href":"https:\/\/wokipoint.com.tr\/en\/wp-json\/wp\/v2\/media?parent=1950"}],"curies":[{"name":"wp","href":"https:\/\/api.w.org\/{rel}","templated":true}]}}