{"id":1968,"date":"2025-12-29T13:53:33","date_gmt":"2025-12-29T13:53:33","guid":{"rendered":"https:\/\/wokipoint.com.tr\/?page_id=1968"},"modified":"2026-02-12T21:28:16","modified_gmt":"2026-02-12T21:28:16","slug":"ev-yapimi-taze-sikilmis","status":"publish","type":"page","link":"https:\/\/wokipoint.com.tr\/en\/ev-yapimi-taze-sikilmis\/","title":{"rendered":"HOME MADE"},"content":{"rendered":"<div data-elementor-type=\"wp-page\" data-elementor-id=\"1968\" class=\"elementor elementor-1968\" data-elementor-post-type=\"page\">\n\t\t\t\t<div class=\"elementor-element elementor-element-492224b e-con-full e-flex e-con e-child\" data-id=\"492224b\" data-element_type=\"container\">\n\t\t<div class=\"elementor-element elementor-element-0223488 e-con-full e-flex elementor-invisible e-con e-child\" data-id=\"0223488\" data-element_type=\"container\" data-settings=\"{&quot;animation&quot;:&quot;slideInUp&quot;,&quot;animation_mobile&quot;:&quot;none&quot;}\">\n\t\t<div class=\"elementor-element elementor-element-f877d76 e-con-full e-flex e-con e-child\" data-id=\"f877d76\" data-element_type=\"container\">\n\t\t\t\t<\/div>\n\t\t<div class=\"elementor-element elementor-element-de3b6f2 e-con-full e-flex e-con e-child\" data-id=\"de3b6f2\" data-element_type=\"container\">\n\t\t\t\t<div class=\"elementor-element elementor-element-fcfee92 elementor-widget__width-auto elementor-widget elementor-widget-heading\" data-id=\"fcfee92\" data-element_type=\"widget\" data-widget_type=\"heading.default\">\n\t\t\t\t<div class=\"elementor-widget-container\">\n\t\t\t\t\t<h5 class=\"elementor-heading-title elementor-size-default\">Limonata<\/h5>\t\t\t\t<\/div>\n\t\t\t\t<\/div>\n\t\t\t\t<div class=\"elementor-element elementor-element-3a1a723 elementor-widget elementor-widget-heading\" data-id=\"3a1a723\" data-element_type=\"widget\" data-widget_type=\"heading.default\">\n\t\t\t\t<div class=\"elementor-widget-container\">\n\t\t\t\t\t<div class=\"elementor-heading-title elementor-size-default\">\u00c7ilek, Nane, Ye\u015fil Elma<\/div>\t\t\t\t<\/div>\n\t\t\t\t<\/div>\n\t\t\t\t<\/div>\n\t\t<div class=\"elementor-element elementor-element-a13812c e-con-full e-flex e-con e-child\" data-id=\"a13812c\" data-element_type=\"container\">\n\t\t\t\t<div class=\"elementor-element elementor-element-1dd5710 elementor-widget__width-auto elementor-widget elementor-widget-heading\" data-id=\"1dd5710\" data-element_type=\"widget\" data-widget_type=\"heading.default\">\n\t\t\t\t<div class=\"elementor-widget-container\">\n\t\t\t\t\t<div class=\"elementor-heading-title elementor-size-default\">169TL<\/div>\t\t\t\t<\/div>\n\t\t\t\t<\/div>\n\t\t\t\t<\/div>\n\t\t\t\t<\/div>\n\t\t<div class=\"elementor-element elementor-element-77f0c99 e-con-full e-flex elementor-invisible e-con e-child\" data-id=\"77f0c99\" data-element_type=\"container\" data-settings=\"{&quot;animation&quot;:&quot;slideInUp&quot;,&quot;animation_mobile&quot;:&quot;none&quot;}\">\n\t\t<div class=\"elementor-element elementor-element-935f59f e-con-full e-flex e-con e-child\" data-id=\"935f59f\" data-element_type=\"container\">\n\t\t\t\t<\/div>\n\t\t<div class=\"elementor-element elementor-element-8f98a16 e-con-full e-flex e-con e-child\" data-id=\"8f98a16\" data-element_type=\"container\">\n\t\t\t\t<div class=\"elementor-element elementor-element-c92f5fd elementor-widget__width-auto elementor-widget elementor-widget-heading\" data-id=\"c92f5fd\" data-element_type=\"widget\" data-widget_type=\"heading.default\">\n\t\t\t\t<div class=\"elementor-widget-container\">\n\t\t\t\t\t<h5 class=\"elementor-heading-title elementor-size-default\">Ayran<\/h5>\t\t\t\t<\/div>\n\t\t\t\t<\/div>\n\t\t\t\t<div class=\"elementor-element elementor-element-db0cc93 elementor-widget elementor-widget-heading\" data-id=\"db0cc93\" data-element_type=\"widget\" data-widget_type=\"heading.default\">\n\t\t\t\t<div class=\"elementor-widget-container\">\n\t\t\t\t\t<div class=\"elementor-heading-title elementor-size-default\">Fesle\u011fenli <\/div>\t\t\t\t<\/div>\n\t\t\t\t<\/div>\n\t\t\t\t<\/div>\n\t\t<div class=\"elementor-element elementor-element-d1a3238 e-con-full e-flex e-con e-child\" data-id=\"d1a3238\" data-element_type=\"container\">\n\t\t\t\t<div class=\"elementor-element elementor-element-749f54f elementor-widget__width-auto elementor-widget elementor-widget-heading\" data-id=\"749f54f\" data-element_type=\"widget\" data-widget_type=\"heading.default\">\n\t\t\t\t<div class=\"elementor-widget-container\">\n\t\t\t\t\t<div class=\"elementor-heading-title elementor-size-default\">119TL<\/div>\t\t\t\t<\/div>\n\t\t\t\t<\/div>\n\t\t\t\t<\/div>\n\t\t\t\t<\/div>\n\t\t<div class=\"elementor-element elementor-element-aa13361 e-con-full e-flex elementor-invisible e-con e-child\" data-id=\"aa13361\" data-element_type=\"container\" data-settings=\"{&quot;animation&quot;:&quot;slideInUp&quot;,&quot;animation_mobile&quot;:&quot;none&quot;}\">\n\t\t<div class=\"elementor-element elementor-element-cd5d202 e-con-full e-flex e-con e-child\" data-id=\"cd5d202\" data-element_type=\"container\">\n\t\t\t\t<\/div>\n\t\t<div class=\"elementor-element elementor-element-e531641 e-con-full e-flex e-con e-child\" data-id=\"e531641\" data-element_type=\"container\">\n\t\t\t\t<div class=\"elementor-element elementor-element-1dfacdb elementor-widget__width-auto elementor-widget elementor-widget-heading\" data-id=\"1dfacdb\" data-element_type=\"widget\" data-widget_type=\"heading.default\">\n\t\t\t\t<div class=\"elementor-widget-container\">\n\t\t\t\t\t<h5 class=\"elementor-heading-title elementor-size-default\">\u015ealgam<\/h5>\t\t\t\t<\/div>\n\t\t\t\t<\/div>\n\t\t\t\t<div class=\"elementor-element elementor-element-72bd051 elementor-widget elementor-widget-heading\" data-id=\"72bd051\" data-element_type=\"widget\" data-widget_type=\"heading.default\">\n\t\t\t\t<div class=\"elementor-widget-container\">\n\t\t\t\t\t<div class=\"elementor-heading-title elementor-size-default\">Ac\u0131l\u0131-Ac\u0131s\u0131z \u00dcr\u00fcnlerimiz Ev Yap\u0131m\u0131d\u0131r<\/div>\t\t\t\t<\/div>\n\t\t\t\t<\/div>\n\t\t\t\t<\/div>\n\t\t<div class=\"elementor-element elementor-element-5ad6166 e-con-full e-flex e-con e-child\" data-id=\"5ad6166\" data-element_type=\"container\">\n\t\t\t\t<div class=\"elementor-element elementor-element-afef2b0 elementor-widget__width-auto elementor-widget elementor-widget-heading\" data-id=\"afef2b0\" data-element_type=\"widget\" data-widget_type=\"heading.default\">\n\t\t\t\t<div class=\"elementor-widget-container\">\n\t\t\t\t\t<div class=\"elementor-heading-title elementor-size-default\">119TL<\/div>\t\t\t\t<\/div>\n\t\t\t\t<\/div>\n\t\t\t\t<\/div>\n\t\t\t\t<\/div>\n\t\t\t\t<\/div>\n\t\t<div class=\"elementor-element elementor-element-d766b05 e-con-full e-flex e-con e-child\" data-id=\"d766b05\" data-element_type=\"container\">\n\t\t<div class=\"elementor-element elementor-element-b5e12a2 e-con-full e-flex elementor-invisible e-con e-child\" data-id=\"b5e12a2\" data-element_type=\"container\" data-settings=\"{&quot;animation&quot;:&quot;slideInUp&quot;,&quot;animation_mobile&quot;:&quot;none&quot;}\">\n\t\t\t\t<\/div>\n\t\t\t\t<\/div>\n\t\t\t\t<\/div>","protected":false},"excerpt":{"rendered":"<p>Limonata \u00c7ilek, Nane, Ye\u015fil Elma 169TL Ayran Fesle\u011fenli 119TL \u015ealgam Ac\u0131l\u0131-Ac\u0131s\u0131z \u00dcr\u00fcnlerimiz Ev Yap\u0131m\u0131d\u0131r 119TL<\/p>","protected":false},"author":1,"featured_media":0,"parent":0,"menu_order":0,"comment_status":"closed","ping_status":"closed","template":"","meta":{"footnotes":""},"class_list":["post-1968","page","type-page","status-publish","hentry"],"_links":{"self":[{"href":"https:\/\/wokipoint.com.tr\/en\/wp-json\/wp\/v2\/pages\/1968","targetHints":{"allow":["GET"]}}],"collection":[{"href":"https:\/\/wokipoint.com.tr\/en\/wp-json\/wp\/v2\/pages"}],"about":[{"href":"https:\/\/wokipoint.com.tr\/en\/wp-json\/wp\/v2\/types\/page"}],"author":[{"embeddable":true,"href":"https:\/\/wokipoint.com.tr\/en\/wp-json\/wp\/v2\/users\/1"}],"replies":[{"embeddable":true,"href":"https:\/\/wokipoint.com.tr\/en\/wp-json\/wp\/v2\/comments?post=1968"}],"version-history":[{"count":24,"href":"https:\/\/wokipoint.com.tr\/en\/wp-json\/wp\/v2\/pages\/1968\/revisions"}],"predecessor-version":[{"id":2439,"href":"https:\/\/wokipoint.com.tr\/en\/wp-json\/wp\/v2\/pages\/1968\/revisions\/2439"}],"wp:attachment":[{"href":"https:\/\/wokipoint.com.tr\/en\/wp-json\/wp\/v2\/media?parent=1968"}],"curies":[{"name":"wp","href":"https:\/\/api.w.org\/{rel}","templated":true}]}}