{"id":2083,"date":"2025-12-30T21:34:48","date_gmt":"2025-12-30T21:34:48","guid":{"rendered":"https:\/\/wokipoint.com.tr\/?page_id=2083"},"modified":"2026-01-23T00:05:15","modified_gmt":"2026-01-23T00:05:15","slug":"icecekler-2","status":"publish","type":"page","link":"https:\/\/wokipoint.com.tr\/en\/icecekler-2\/","title":{"rendered":"Beverages"},"content":{"rendered":"<div data-elementor-type=\"wp-page\" data-elementor-id=\"2083\" class=\"elementor elementor-2083\" data-elementor-post-type=\"page\">\n\t\t\t\t<div class=\"elementor-element elementor-element-3276e3d e-flex e-con-boxed e-con e-parent\" data-id=\"3276e3d\" data-element_type=\"container\">\n\t\t\t\t\t<div class=\"e-con-inner\">\n\t\t<div class=\"elementor-element elementor-element-ce53a47 e-con-full e-flex e-con e-child\" data-id=\"ce53a47\" data-element_type=\"container\">\n\t\t\t\t<div class=\"elementor-element elementor-element-75758b1 elementor-widget elementor-widget-image\" data-id=\"75758b1\" data-element_type=\"widget\" data-widget_type=\"image.default\">\n\t\t\t\t<div class=\"elementor-widget-container\">\n\t\t\t\t\t\t\t\t\t\t\t\t\t\t\t<img loading=\"lazy\" decoding=\"async\" width=\"1800\" height=\"1200\" src=\"https:\/\/wokipoint.com.tr\/wp-content\/uploads\/2025\/12\/796c34906c9111f02f41a319298a261b.jpg\" class=\"attachment-full size-full wp-image-1727\" alt=\"\" srcset=\"https:\/\/wokipoint.com.tr\/wp-content\/uploads\/2025\/12\/796c34906c9111f02f41a319298a261b.jpg 1800w, https:\/\/wokipoint.com.tr\/wp-content\/uploads\/2025\/12\/796c34906c9111f02f41a319298a261b-300x200.jpg 300w, https:\/\/wokipoint.com.tr\/wp-content\/uploads\/2025\/12\/796c34906c9111f02f41a319298a261b-1024x683.jpg 1024w, https:\/\/wokipoint.com.tr\/wp-content\/uploads\/2025\/12\/796c34906c9111f02f41a319298a261b-768x512.jpg 768w, https:\/\/wokipoint.com.tr\/wp-content\/uploads\/2025\/12\/796c34906c9111f02f41a319298a261b-1536x1024.jpg 1536w\" sizes=\"auto, (max-width: 1800px) 100vw, 1800px\" \/>\t\t\t\t\t\t\t\t\t\t\t\t\t\t\t<\/div>\n\t\t\t\t<\/div>\n\t\t<div class=\"elementor-element elementor-element-670b63b e-con-full e-flex e-con e-child\" data-id=\"670b63b\" data-element_type=\"container\" data-settings=\"{&quot;background_background&quot;:&quot;classic&quot;}\">\n\t\t\t\t<div class=\"elementor-element elementor-element-83070d2 elementor-widget elementor-widget-icon-box\" data-id=\"83070d2\" data-element_type=\"widget\" data-widget_type=\"icon-box.default\">\n\t\t\t\t<div class=\"elementor-widget-container\">\n\t\t\t\t\t\t\t<div class=\"elementor-icon-box-wrapper\">\n\n\t\t\t\n\t\t\t\t\t\t<div class=\"elementor-icon-box-content\">\n\n\t\t\t\t\t\t\t\t\t<div class=\"elementor-icon-box-title\">\n\t\t\t\t\t\t<span  >\n\t\t\t\t\t\t\tSoft Drinks\t\t\t\t\t\t<\/span>\n\t\t\t\t\t<\/div>\n\t\t\t\t\n\t\t\t\t\n\t\t\t<\/div>\n\t\t\t\n\t\t<\/div>\n\t\t\t\t\t\t<\/div>\n\t\t\t\t<\/div>\n\t\t\t\t<div class=\"elementor-element elementor-element-18ecaff elementor-widget elementor-widget-button\" data-id=\"18ecaff\" data-element_type=\"widget\" data-widget_type=\"button.default\">\n\t\t\t\t<div class=\"elementor-widget-container\">\n\t\t\t\t\t\t\t\t\t<div class=\"elementor-button-wrapper\">\n\t\t\t\t\t<a class=\"elementor-button elementor-button-link elementor-size-sm\" href=\"https:\/\/wokipoint.com.tr\/en\/soft-icecekler\/\">\n\t\t\t\t\t\t<span class=\"elementor-button-content-wrapper\">\n\t\t\t\t\t\t\t\t\t<span class=\"elementor-button-text\">Go to Products<\/span>\n\t\t\t\t\t<\/span>\n\t\t\t\t\t<\/a>\n\t\t\t\t<\/div>\n\t\t\t\t\t\t\t\t<\/div>\n\t\t\t\t<\/div>\n\t\t\t\t<\/div>\n\t\t\t\t<\/div>\n\t\t<div class=\"elementor-element elementor-element-1a462f0 e-con-full e-flex e-con e-child\" data-id=\"1a462f0\" data-element_type=\"container\">\n\t\t\t\t<div class=\"elementor-element elementor-element-b84c9d7 elementor-widget elementor-widget-image\" data-id=\"b84c9d7\" data-element_type=\"widget\" data-widget_type=\"image.default\">\n\t\t\t\t<div class=\"elementor-widget-container\">\n\t\t\t\t\t\t\t\t\t\t\t\t\t\t\t<img loading=\"lazy\" decoding=\"async\" width=\"1280\" height=\"720\" src=\"https:\/\/wokipoint.com.tr\/wp-content\/uploads\/2025\/12\/maxresdefault-1.jpg\" class=\"attachment-full size-full wp-image-1700\" alt=\"\" srcset=\"https:\/\/wokipoint.com.tr\/wp-content\/uploads\/2025\/12\/maxresdefault-1.jpg 1280w, https:\/\/wokipoint.com.tr\/wp-content\/uploads\/2025\/12\/maxresdefault-1-300x169.jpg 300w, https:\/\/wokipoint.com.tr\/wp-content\/uploads\/2025\/12\/maxresdefault-1-1024x576.jpg 1024w, https:\/\/wokipoint.com.tr\/wp-content\/uploads\/2025\/12\/maxresdefault-1-768x432.jpg 768w\" sizes=\"auto, (max-width: 1280px) 100vw, 1280px\" \/>\t\t\t\t\t\t\t\t\t\t\t\t\t\t\t<\/div>\n\t\t\t\t<\/div>\n\t\t<div class=\"elementor-element elementor-element-1e9bbb7 e-con-full e-flex e-con e-child\" data-id=\"1e9bbb7\" data-element_type=\"container\" data-settings=\"{&quot;background_background&quot;:&quot;classic&quot;}\">\n\t\t\t\t<div class=\"elementor-element elementor-element-c34edec elementor-widget elementor-widget-icon-box\" data-id=\"c34edec\" data-element_type=\"widget\" data-widget_type=\"icon-box.default\">\n\t\t\t\t<div class=\"elementor-widget-container\">\n\t\t\t\t\t\t\t<div class=\"elementor-icon-box-wrapper\">\n\n\t\t\t\n\t\t\t\t\t\t<div class=\"elementor-icon-box-content\">\n\n\t\t\t\t\t\t\t\t\t<div class=\"elementor-icon-box-title\">\n\t\t\t\t\t\t<span  >\n\t\t\t\t\t\t\tEnergetic Cocktail\t\t\t\t\t\t<\/span>\n\t\t\t\t\t<\/div>\n\t\t\t\t\n\t\t\t\t\n\t\t\t<\/div>\n\t\t\t\n\t\t<\/div>\n\t\t\t\t\t\t<\/div>\n\t\t\t\t<\/div>\n\t\t\t\t<div class=\"elementor-element elementor-element-4a32792 elementor-widget elementor-widget-button\" data-id=\"4a32792\" data-element_type=\"widget\" data-widget_type=\"button.default\">\n\t\t\t\t<div class=\"elementor-widget-container\">\n\t\t\t\t\t\t\t\t\t<div class=\"elementor-button-wrapper\">\n\t\t\t\t\t<a class=\"elementor-button elementor-button-link elementor-size-sm\" href=\"https:\/\/wokipoint.com.tr\/en\/enerjik-kokteyl\/\">\n\t\t\t\t\t\t<span class=\"elementor-button-content-wrapper\">\n\t\t\t\t\t\t\t\t\t<span class=\"elementor-button-text\">Go to Products<\/span>\n\t\t\t\t\t<\/span>\n\t\t\t\t\t<\/a>\n\t\t\t\t<\/div>\n\t\t\t\t\t\t\t\t<\/div>\n\t\t\t\t<\/div>\n\t\t\t\t<\/div>\n\t\t\t\t<\/div>\n\t\t<div class=\"elementor-element elementor-element-49b5278 e-con-full e-flex e-con e-child\" data-id=\"49b5278\" data-element_type=\"container\">\n\t\t\t\t<div class=\"elementor-element elementor-element-70afd2e elementor-widget elementor-widget-image\" data-id=\"70afd2e\" data-element_type=\"widget\" data-widget_type=\"image.default\">\n\t\t\t\t<div class=\"elementor-widget-container\">\n\t\t\t\t\t\t\t\t\t\t\t\t\t\t\t<img loading=\"lazy\" decoding=\"async\" width=\"800\" height=\"800\" src=\"https:\/\/wokipoint.com.tr\/wp-content\/uploads\/2025\/12\/gorsel_2025-12-27_154732876.png\" class=\"attachment-full size-full wp-image-1704\" alt=\"\" srcset=\"https:\/\/wokipoint.com.tr\/wp-content\/uploads\/2025\/12\/gorsel_2025-12-27_154732876.png 800w, https:\/\/wokipoint.com.tr\/wp-content\/uploads\/2025\/12\/gorsel_2025-12-27_154732876-300x300.png 300w, https:\/\/wokipoint.com.tr\/wp-content\/uploads\/2025\/12\/gorsel_2025-12-27_154732876-150x150.png 150w, https:\/\/wokipoint.com.tr\/wp-content\/uploads\/2025\/12\/gorsel_2025-12-27_154732876-768x768.png 768w\" sizes=\"auto, (max-width: 800px) 100vw, 800px\" \/>\t\t\t\t\t\t\t\t\t\t\t\t\t\t\t<\/div>\n\t\t\t\t<\/div>\n\t\t<div class=\"elementor-element elementor-element-97ac675 e-con-full e-flex e-con e-child\" data-id=\"97ac675\" data-element_type=\"container\" data-settings=\"{&quot;background_background&quot;:&quot;classic&quot;}\">\n\t\t\t\t<div class=\"elementor-element elementor-element-e2d20e0 elementor-widget elementor-widget-icon-box\" data-id=\"e2d20e0\" data-element_type=\"widget\" data-widget_type=\"icon-box.default\">\n\t\t\t\t<div class=\"elementor-widget-container\">\n\t\t\t\t\t\t\t<div class=\"elementor-icon-box-wrapper\">\n\n\t\t\t\n\t\t\t\t\t\t<div class=\"elementor-icon-box-content\">\n\n\t\t\t\t\t\t\t\t\t<div class=\"elementor-icon-box-title\">\n\t\t\t\t\t\t<span  >\n\t\t\t\t\t\t\tHot Coffees\t\t\t\t\t\t<\/span>\n\t\t\t\t\t<\/div>\n\t\t\t\t\n\t\t\t\t\n\t\t\t<\/div>\n\t\t\t\n\t\t<\/div>\n\t\t\t\t\t\t<\/div>\n\t\t\t\t<\/div>\n\t\t\t\t<div class=\"elementor-element elementor-element-08a2e0f elementor-widget elementor-widget-button\" data-id=\"08a2e0f\" data-element_type=\"widget\" data-widget_type=\"button.default\">\n\t\t\t\t<div class=\"elementor-widget-container\">\n\t\t\t\t\t\t\t\t\t<div class=\"elementor-button-wrapper\">\n\t\t\t\t\t<a class=\"elementor-button elementor-button-link elementor-size-sm\" href=\"https:\/\/wokipoint.com.tr\/en\/kahveler-caylar\/\">\n\t\t\t\t\t\t<span class=\"elementor-button-content-wrapper\">\n\t\t\t\t\t\t\t\t\t<span class=\"elementor-button-text\">Go to Products<\/span>\n\t\t\t\t\t<\/span>\n\t\t\t\t\t<\/a>\n\t\t\t\t<\/div>\n\t\t\t\t\t\t\t\t<\/div>\n\t\t\t\t<\/div>\n\t\t\t\t<\/div>\n\t\t\t\t<\/div>\n\t\t<div class=\"elementor-element elementor-element-d03f0e7 e-con-full e-flex e-con e-child\" data-id=\"d03f0e7\" data-element_type=\"container\">\n\t\t\t\t<div class=\"elementor-element elementor-element-b23bb8d elementor-widget elementor-widget-image\" data-id=\"b23bb8d\" data-element_type=\"widget\" data-widget_type=\"image.default\">\n\t\t\t\t<div class=\"elementor-widget-container\">\n\t\t\t\t\t\t\t\t\t\t\t\t\t\t\t<img loading=\"lazy\" decoding=\"async\" width=\"1366\" height=\"768\" src=\"https:\/\/wokipoint.com.tr\/wp-content\/uploads\/2025\/12\/Top-view-two-cups-tea-flowers-berries-lemon_1366x768.jpg\" class=\"attachment-full size-full wp-image-2095\" alt=\"\" srcset=\"https:\/\/wokipoint.com.tr\/wp-content\/uploads\/2025\/12\/Top-view-two-cups-tea-flowers-berries-lemon_1366x768.jpg 1366w, https:\/\/wokipoint.com.tr\/wp-content\/uploads\/2025\/12\/Top-view-two-cups-tea-flowers-berries-lemon_1366x768-300x169.jpg 300w, https:\/\/wokipoint.com.tr\/wp-content\/uploads\/2025\/12\/Top-view-two-cups-tea-flowers-berries-lemon_1366x768-1024x576.jpg 1024w, https:\/\/wokipoint.com.tr\/wp-content\/uploads\/2025\/12\/Top-view-two-cups-tea-flowers-berries-lemon_1366x768-768x432.jpg 768w\" sizes=\"auto, (max-width: 1366px) 100vw, 1366px\" \/>\t\t\t\t\t\t\t\t\t\t\t\t\t\t\t<\/div>\n\t\t\t\t<\/div>\n\t\t<div class=\"elementor-element elementor-element-0433bcc e-con-full e-flex e-con e-child\" data-id=\"0433bcc\" data-element_type=\"container\" data-settings=\"{&quot;background_background&quot;:&quot;classic&quot;}\">\n\t\t\t\t<div class=\"elementor-element elementor-element-c5082ee elementor-widget elementor-widget-icon-box\" data-id=\"c5082ee\" data-element_type=\"widget\" data-widget_type=\"icon-box.default\">\n\t\t\t\t<div class=\"elementor-widget-container\">\n\t\t\t\t\t\t\t<div class=\"elementor-icon-box-wrapper\">\n\n\t\t\t\n\t\t\t\t\t\t<div class=\"elementor-icon-box-content\">\n\n\t\t\t\t\t\t\t\t\t<div class=\"elementor-icon-box-title\">\n\t\t\t\t\t\t<span  >\n\t\t\t\t\t\t\t\u00c7aylar\t\t\t\t\t\t<\/span>\n\t\t\t\t\t<\/div>\n\t\t\t\t\n\t\t\t\t\n\t\t\t<\/div>\n\t\t\t\n\t\t<\/div>\n\t\t\t\t\t\t<\/div>\n\t\t\t\t<\/div>\n\t\t\t\t<div class=\"elementor-element elementor-element-ea325c5 elementor-widget elementor-widget-button\" data-id=\"ea325c5\" data-element_type=\"widget\" data-widget_type=\"button.default\">\n\t\t\t\t<div class=\"elementor-widget-container\">\n\t\t\t\t\t\t\t\t\t<div class=\"elementor-button-wrapper\">\n\t\t\t\t\t<a class=\"elementor-button elementor-button-link elementor-size-sm\" href=\"https:\/\/wokipoint.com.tr\/en\/caylar\/\">\n\t\t\t\t\t\t<span class=\"elementor-button-content-wrapper\">\n\t\t\t\t\t\t\t\t\t<span class=\"elementor-button-text\">Go to Products<\/span>\n\t\t\t\t\t<\/span>\n\t\t\t\t\t<\/a>\n\t\t\t\t<\/div>\n\t\t\t\t\t\t\t\t<\/div>\n\t\t\t\t<\/div>\n\t\t\t\t<\/div>\n\t\t\t\t<\/div>\n\t\t\t\t\t<\/div>\n\t\t\t\t<\/div>\n\t\t<div class=\"elementor-element elementor-element-c17183b e-flex e-con-boxed e-con e-parent\" data-id=\"c17183b\" data-element_type=\"container\">\n\t\t\t\t\t<div class=\"e-con-inner\">\n\t\t<div class=\"elementor-element elementor-element-2c5ed00 e-con-full e-flex e-con e-child\" data-id=\"2c5ed00\" data-element_type=\"container\">\n\t\t\t\t<div class=\"elementor-element elementor-element-4b36674 elementor-widget elementor-widget-image\" data-id=\"4b36674\" data-element_type=\"widget\" data-widget_type=\"image.default\">\n\t\t\t\t<div class=\"elementor-widget-container\">\n\t\t\t\t\t\t\t\t\t\t\t\t\t\t\t<img loading=\"lazy\" decoding=\"async\" width=\"2000\" height=\"1040\" src=\"https:\/\/wokipoint.com.tr\/wp-content\/uploads\/2025\/12\/soguk-kahve-cesitleri.jpg\" class=\"attachment-full size-full wp-image-1705\" alt=\"\" srcset=\"https:\/\/wokipoint.com.tr\/wp-content\/uploads\/2025\/12\/soguk-kahve-cesitleri.jpg 2000w, https:\/\/wokipoint.com.tr\/wp-content\/uploads\/2025\/12\/soguk-kahve-cesitleri-300x156.jpg 300w, https:\/\/wokipoint.com.tr\/wp-content\/uploads\/2025\/12\/soguk-kahve-cesitleri-1024x532.jpg 1024w, https:\/\/wokipoint.com.tr\/wp-content\/uploads\/2025\/12\/soguk-kahve-cesitleri-768x399.jpg 768w, https:\/\/wokipoint.com.tr\/wp-content\/uploads\/2025\/12\/soguk-kahve-cesitleri-1536x799.jpg 1536w\" sizes=\"auto, (max-width: 2000px) 100vw, 2000px\" \/>\t\t\t\t\t\t\t\t\t\t\t\t\t\t\t<\/div>\n\t\t\t\t<\/div>\n\t\t<div class=\"elementor-element elementor-element-c750994 e-con-full e-flex e-con e-child\" data-id=\"c750994\" data-element_type=\"container\" data-settings=\"{&quot;background_background&quot;:&quot;classic&quot;}\">\n\t\t\t\t<div class=\"elementor-element elementor-element-203f775 elementor-widget elementor-widget-icon-box\" data-id=\"203f775\" data-element_type=\"widget\" data-widget_type=\"icon-box.default\">\n\t\t\t\t<div class=\"elementor-widget-container\">\n\t\t\t\t\t\t\t<div class=\"elementor-icon-box-wrapper\">\n\n\t\t\t\n\t\t\t\t\t\t<div class=\"elementor-icon-box-content\">\n\n\t\t\t\t\t\t\t\t\t<div class=\"elementor-icon-box-title\">\n\t\t\t\t\t\t<span  >\n\t\t\t\t\t\t\tRefreshing Coffees\t\t\t\t\t\t<\/span>\n\t\t\t\t\t<\/div>\n\t\t\t\t\n\t\t\t\t\n\t\t\t<\/div>\n\t\t\t\n\t\t<\/div>\n\t\t\t\t\t\t<\/div>\n\t\t\t\t<\/div>\n\t\t\t\t<div class=\"elementor-element elementor-element-dd25087 elementor-widget elementor-widget-button\" data-id=\"dd25087\" data-element_type=\"widget\" data-widget_type=\"button.default\">\n\t\t\t\t<div class=\"elementor-widget-container\">\n\t\t\t\t\t\t\t\t\t<div class=\"elementor-button-wrapper\">\n\t\t\t\t\t<a class=\"elementor-button elementor-button-link elementor-size-sm\" href=\"https:\/\/wokipoint.com.tr\/en\/serinleten-kahveler\/\">\n\t\t\t\t\t\t<span class=\"elementor-button-content-wrapper\">\n\t\t\t\t\t\t\t\t\t<span class=\"elementor-button-text\">Go to Products<\/span>\n\t\t\t\t\t<\/span>\n\t\t\t\t\t<\/a>\n\t\t\t\t<\/div>\n\t\t\t\t\t\t\t\t<\/div>\n\t\t\t\t<\/div>\n\t\t\t\t<\/div>\n\t\t\t\t<\/div>\n\t\t<div class=\"elementor-element elementor-element-3e741f8 e-con-full e-flex e-con e-child\" data-id=\"3e741f8\" data-element_type=\"container\">\n\t\t\t\t<div class=\"elementor-element elementor-element-7cfa3b3 elementor-widget elementor-widget-image\" data-id=\"7cfa3b3\" data-element_type=\"widget\" data-widget_type=\"image.default\">\n\t\t\t\t<div class=\"elementor-widget-container\">\n\t\t\t\t\t\t\t\t\t\t\t\t\t\t\t<img loading=\"lazy\" decoding=\"async\" width=\"1280\" height=\"720\" src=\"https:\/\/wokipoint.com.tr\/wp-content\/uploads\/2025\/12\/maxresdefault.jpg\" class=\"attachment-full size-full wp-image-2096\" alt=\"\" srcset=\"https:\/\/wokipoint.com.tr\/wp-content\/uploads\/2025\/12\/maxresdefault.jpg 1280w, https:\/\/wokipoint.com.tr\/wp-content\/uploads\/2025\/12\/maxresdefault-300x169.jpg 300w, https:\/\/wokipoint.com.tr\/wp-content\/uploads\/2025\/12\/maxresdefault-1024x576.jpg 1024w, https:\/\/wokipoint.com.tr\/wp-content\/uploads\/2025\/12\/maxresdefault-768x432.jpg 768w\" sizes=\"auto, (max-width: 1280px) 100vw, 1280px\" \/>\t\t\t\t\t\t\t\t\t\t\t\t\t\t\t<\/div>\n\t\t\t\t<\/div>\n\t\t<div class=\"elementor-element elementor-element-8a3e799 e-con-full e-flex e-con e-child\" data-id=\"8a3e799\" data-element_type=\"container\" data-settings=\"{&quot;background_background&quot;:&quot;classic&quot;}\">\n\t\t\t\t<div class=\"elementor-element elementor-element-c1562c6 elementor-widget elementor-widget-icon-box\" data-id=\"c1562c6\" data-element_type=\"widget\" data-widget_type=\"icon-box.default\">\n\t\t\t\t<div class=\"elementor-widget-container\">\n\t\t\t\t\t\t\t<div class=\"elementor-icon-box-wrapper\">\n\n\t\t\t\n\t\t\t\t\t\t<div class=\"elementor-icon-box-content\">\n\n\t\t\t\t\t\t\t\t\t<div class=\"elementor-icon-box-title\">\n\t\t\t\t\t\t<span  >\n\t\t\t\t\t\t\tEv Yap\u0131m\u0131\t\t\t\t\t\t<\/span>\n\t\t\t\t\t<\/div>\n\t\t\t\t\n\t\t\t\t\n\t\t\t<\/div>\n\t\t\t\n\t\t<\/div>\n\t\t\t\t\t\t<\/div>\n\t\t\t\t<\/div>\n\t\t\t\t<div class=\"elementor-element elementor-element-0d09828 elementor-widget elementor-widget-button\" data-id=\"0d09828\" data-element_type=\"widget\" data-widget_type=\"button.default\">\n\t\t\t\t<div class=\"elementor-widget-container\">\n\t\t\t\t\t\t\t\t\t<div class=\"elementor-button-wrapper\">\n\t\t\t\t\t<a class=\"elementor-button elementor-button-link elementor-size-sm\" href=\"https:\/\/wokipoint.com.tr\/en\/ev-yapimi-taze-sikilmis\/\">\n\t\t\t\t\t\t<span class=\"elementor-button-content-wrapper\">\n\t\t\t\t\t\t\t\t\t<span class=\"elementor-button-text\">Go to Products<\/span>\n\t\t\t\t\t<\/span>\n\t\t\t\t\t<\/a>\n\t\t\t\t<\/div>\n\t\t\t\t\t\t\t\t<\/div>\n\t\t\t\t<\/div>\n\t\t\t\t<\/div>\n\t\t\t\t<\/div>\n\t\t<div class=\"elementor-element elementor-element-d0bfec3 e-con-full e-flex e-con e-child\" data-id=\"d0bfec3\" data-element_type=\"container\">\n\t\t\t\t<div class=\"elementor-element elementor-element-7686fd5 elementor-widget elementor-widget-image\" data-id=\"7686fd5\" data-element_type=\"widget\" data-widget_type=\"image.default\">\n\t\t\t\t<div class=\"elementor-widget-container\">\n\t\t\t\t\t\t\t\t\t\t\t\t\t\t\t<img loading=\"lazy\" decoding=\"async\" width=\"1280\" height=\"719\" src=\"https:\/\/wokipoint.com.tr\/wp-content\/uploads\/2025\/12\/smoothies-3809517_1280.jpg\" class=\"attachment-full size-full wp-image-1719\" alt=\"\" srcset=\"https:\/\/wokipoint.com.tr\/wp-content\/uploads\/2025\/12\/smoothies-3809517_1280.jpg 1280w, https:\/\/wokipoint.com.tr\/wp-content\/uploads\/2025\/12\/smoothies-3809517_1280-300x169.jpg 300w, https:\/\/wokipoint.com.tr\/wp-content\/uploads\/2025\/12\/smoothies-3809517_1280-1024x575.jpg 1024w, https:\/\/wokipoint.com.tr\/wp-content\/uploads\/2025\/12\/smoothies-3809517_1280-768x431.jpg 768w\" sizes=\"auto, (max-width: 1280px) 100vw, 1280px\" \/>\t\t\t\t\t\t\t\t\t\t\t\t\t\t\t<\/div>\n\t\t\t\t<\/div>\n\t\t<div class=\"elementor-element elementor-element-6d4e9f9 e-con-full e-flex e-con e-child\" data-id=\"6d4e9f9\" data-element_type=\"container\" data-settings=\"{&quot;background_background&quot;:&quot;classic&quot;}\">\n\t\t\t\t<div class=\"elementor-element elementor-element-fa1d13c elementor-widget elementor-widget-icon-box\" data-id=\"fa1d13c\" data-element_type=\"widget\" data-widget_type=\"icon-box.default\">\n\t\t\t\t<div class=\"elementor-widget-container\">\n\t\t\t\t\t\t\t<div class=\"elementor-icon-box-wrapper\">\n\n\t\t\t\n\t\t\t\t\t\t<div class=\"elementor-icon-box-content\">\n\n\t\t\t\t\t\t\t\t\t<div class=\"elementor-icon-box-title\">\n\t\t\t\t\t\t<span  >\n\t\t\t\t\t\t\tHealthy Living\t\t\t\t\t\t<\/span>\n\t\t\t\t\t<\/div>\n\t\t\t\t\n\t\t\t\t\n\t\t\t<\/div>\n\t\t\t\n\t\t<\/div>\n\t\t\t\t\t\t<\/div>\n\t\t\t\t<\/div>\n\t\t\t\t<div class=\"elementor-element elementor-element-8c42743 elementor-widget elementor-widget-button\" data-id=\"8c42743\" data-element_type=\"widget\" data-widget_type=\"button.default\">\n\t\t\t\t<div class=\"elementor-widget-container\">\n\t\t\t\t\t\t\t\t\t<div class=\"elementor-button-wrapper\">\n\t\t\t\t\t<a class=\"elementor-button elementor-button-link elementor-size-sm\" href=\"https:\/\/wokipoint.com.tr\/en\/saglikli-yasam\/\">\n\t\t\t\t\t\t<span class=\"elementor-button-content-wrapper\">\n\t\t\t\t\t\t\t\t\t<span class=\"elementor-button-text\">Go to Products<\/span>\n\t\t\t\t\t<\/span>\n\t\t\t\t\t<\/a>\n\t\t\t\t<\/div>\n\t\t\t\t\t\t\t\t<\/div>\n\t\t\t\t<\/div>\n\t\t\t\t<\/div>\n\t\t\t\t<\/div>\n\t\t<div class=\"elementor-element elementor-element-eb68233 e-con-full e-flex e-con e-child\" data-id=\"eb68233\" data-element_type=\"container\">\n\t\t\t\t<div class=\"elementor-element elementor-element-6a4bc41 elementor-widget elementor-widget-image\" data-id=\"6a4bc41\" data-element_type=\"widget\" data-widget_type=\"image.default\">\n\t\t\t\t<div class=\"elementor-widget-container\">\n\t\t\t\t\t\t\t\t\t\t\t\t\t\t\t<img loading=\"lazy\" decoding=\"async\" width=\"2560\" height=\"1435\" src=\"https:\/\/wokipoint.com.tr\/wp-content\/uploads\/2025\/12\/1355076-scaled.png\" class=\"attachment-full size-full wp-image-1712\" alt=\"\" srcset=\"https:\/\/wokipoint.com.tr\/wp-content\/uploads\/2025\/12\/1355076-scaled.png 2560w, https:\/\/wokipoint.com.tr\/wp-content\/uploads\/2025\/12\/1355076-300x168.png 300w, https:\/\/wokipoint.com.tr\/wp-content\/uploads\/2025\/12\/1355076-1024x574.png 1024w, https:\/\/wokipoint.com.tr\/wp-content\/uploads\/2025\/12\/1355076-768x430.png 768w, https:\/\/wokipoint.com.tr\/wp-content\/uploads\/2025\/12\/1355076-1536x861.png 1536w, https:\/\/wokipoint.com.tr\/wp-content\/uploads\/2025\/12\/1355076-2048x1148.png 2048w\" sizes=\"auto, (max-width: 2560px) 100vw, 2560px\" \/>\t\t\t\t\t\t\t\t\t\t\t\t\t\t\t<\/div>\n\t\t\t\t<\/div>\n\t\t<div class=\"elementor-element elementor-element-d5f52aa e-con-full e-flex e-con e-child\" data-id=\"d5f52aa\" data-element_type=\"container\" data-settings=\"{&quot;background_background&quot;:&quot;classic&quot;}\">\n\t\t\t\t<div class=\"elementor-element elementor-element-4d65afe elementor-widget elementor-widget-icon-box\" data-id=\"4d65afe\" data-element_type=\"widget\" data-widget_type=\"icon-box.default\">\n\t\t\t\t<div class=\"elementor-widget-container\">\n\t\t\t\t\t\t\t<div class=\"elementor-icon-box-wrapper\">\n\n\t\t\t\n\t\t\t\t\t\t<div class=\"elementor-icon-box-content\">\n\n\t\t\t\t\t\t\t\t\t<div class=\"elementor-icon-box-title\">\n\t\t\t\t\t\t<span  >\n\t\t\t\t\t\t\tSmothie <br>\nMilkshake<br>\n Frozen\t\t\t\t\t\t<\/span>\n\t\t\t\t\t<\/div>\n\t\t\t\t\n\t\t\t\t\n\t\t\t<\/div>\n\t\t\t\n\t\t<\/div>\n\t\t\t\t\t\t<\/div>\n\t\t\t\t<\/div>\n\t\t\t\t<div class=\"elementor-element elementor-element-d6de2a9 elementor-widget elementor-widget-button\" data-id=\"d6de2a9\" data-element_type=\"widget\" data-widget_type=\"button.default\">\n\t\t\t\t<div class=\"elementor-widget-container\">\n\t\t\t\t\t\t\t\t\t<div class=\"elementor-button-wrapper\">\n\t\t\t\t\t<a class=\"elementor-button elementor-button-link elementor-size-sm\" href=\"https:\/\/wokipoint.com.tr\/en\/smothie-milkshake-frozen\/\">\n\t\t\t\t\t\t<span class=\"elementor-button-content-wrapper\">\n\t\t\t\t\t\t\t\t\t<span class=\"elementor-button-text\">Go to Products<\/span>\n\t\t\t\t\t<\/span>\n\t\t\t\t\t<\/a>\n\t\t\t\t<\/div>\n\t\t\t\t\t\t\t\t<\/div>\n\t\t\t\t<\/div>\n\t\t\t\t<\/div>\n\t\t\t\t<\/div>\n\t\t\t\t\t<\/div>\n\t\t\t\t<\/div>\n\t\t<div class=\"elementor-element elementor-element-ae340b6 e-flex e-con-boxed e-con e-parent\" data-id=\"ae340b6\" data-element_type=\"container\">\n\t\t\t\t\t<div class=\"e-con-inner\">\n\t\t\t\t<div class=\"elementor-element elementor-element-b0029d1 elementor-widget elementor-widget-heading\" data-id=\"b0029d1\" data-element_type=\"widget\" data-widget_type=\"heading.default\">\n\t\t\t\t<div class=\"elementor-widget-container\">\n\t\t\t\t\t<h2 class=\"elementor-heading-title elementor-size-default\">Our prices include VAT<\/h2>\t\t\t\t<\/div>\n\t\t\t\t<\/div>\n\t\t\t\t\t<\/div>\n\t\t\t\t<\/div>\n\t\t\t\t<\/div>","protected":false},"excerpt":{"rendered":"<p>Soft \u0130\u00e7ecekler \u00dcr\u00fcnlere Git Enerjik Kokteyl \u00dcr\u00fcnlere Git S\u0131cak Kahveler \u00dcr\u00fcnlere Git \u00c7aylar \u00dcr\u00fcnlere Git Serinleten Kahveler \u00dcr\u00fcnlere Git Ev Yap\u0131m\u0131 \u00dcr\u00fcnlere Git Sa\u011fl\u0131kl\u0131 Ya\u015fam \u00dcr\u00fcnlere Git Smothie Milkshake Frozen \u00dcr\u00fcnlere Git Fiyatlar\u0131m\u0131za KDV dahildir\u200b<\/p>","protected":false},"author":1,"featured_media":0,"parent":0,"menu_order":0,"comment_status":"closed","ping_status":"closed","template":"","meta":{"footnotes":""},"class_list":["post-2083","page","type-page","status-publish","hentry"],"_links":{"self":[{"href":"https:\/\/wokipoint.com.tr\/en\/wp-json\/wp\/v2\/pages\/2083","targetHints":{"allow":["GET"]}}],"collection":[{"href":"https:\/\/wokipoint.com.tr\/en\/wp-json\/wp\/v2\/pages"}],"about":[{"href":"https:\/\/wokipoint.com.tr\/en\/wp-json\/wp\/v2\/types\/page"}],"author":[{"embeddable":true,"href":"https:\/\/wokipoint.com.tr\/en\/wp-json\/wp\/v2\/users\/1"}],"replies":[{"embeddable":true,"href":"https:\/\/wokipoint.com.tr\/en\/wp-json\/wp\/v2\/comments?post=2083"}],"version-history":[{"count":12,"href":"https:\/\/wokipoint.com.tr\/en\/wp-json\/wp\/v2\/pages\/2083\/revisions"}],"predecessor-version":[{"id":2331,"href":"https:\/\/wokipoint.com.tr\/en\/wp-json\/wp\/v2\/pages\/2083\/revisions\/2331"}],"wp:attachment":[{"href":"https:\/\/wokipoint.com.tr\/en\/wp-json\/wp\/v2\/media?parent=2083"}],"curies":[{"name":"wp","href":"https:\/\/api.w.org\/{rel}","templated":true}]}}