{"id":2166,"date":"2026-01-09T09:42:18","date_gmt":"2026-01-09T09:42:18","guid":{"rendered":"https:\/\/wokipoint.com.tr\/?page_id=2166"},"modified":"2026-01-09T21:59:32","modified_gmt":"2026-01-09T21:59:32","slug":"is-basvuru","status":"publish","type":"page","link":"https:\/\/wokipoint.com.tr\/en\/is-basvuru\/","title":{"rendered":"\u0130\u015f Ba\u015fvuru"},"content":{"rendered":"<div data-elementor-type=\"wp-page\" data-elementor-id=\"2166\" class=\"elementor elementor-2166\" data-elementor-post-type=\"page\">\n\t\t\t\t<div class=\"elementor-element elementor-element-437d2f0 e-flex e-con-boxed e-con e-parent\" data-id=\"437d2f0\" data-element_type=\"container\">\n\t\t\t\t\t<div class=\"e-con-inner\">\n\t\t\t\t<div class=\"elementor-element elementor-element-9e0db68 elementor-button-align-stretch elementor-widget elementor-widget-form\" data-id=\"9e0db68\" data-element_type=\"widget\" data-settings=\"{&quot;step_next_label&quot;:&quot;Next&quot;,&quot;step_previous_label&quot;:&quot;Previous&quot;,&quot;button_width&quot;:&quot;100&quot;,&quot;step_type&quot;:&quot;number_text&quot;,&quot;step_icon_shape&quot;:&quot;circle&quot;}\" data-widget_type=\"form.default\">\n\t\t\t\t<div class=\"elementor-widget-container\">\n\t\t\t\t\t\t\t<form class=\"elementor-form\" method=\"post\" name=\"New Form\" aria-label=\"New Form\" action=\"\">\n\t\t\t<input type=\"hidden\" name=\"post_id\" value=\"2166\"\/>\n\t\t\t<input type=\"hidden\" name=\"form_id\" value=\"9e0db68\"\/>\n\t\t\t<input type=\"hidden\" name=\"referer_title\" value=\"\" \/>\n\n\t\t\t\n\t\t\t<div class=\"elementor-form-fields-wrapper elementor-labels-above\">\n\t\t\t\t\t\t\t\t<div class=\"elementor-field-type-text elementor-field-group elementor-column elementor-field-group-name elementor-col-100\">\n\t\t\t\t\t\t\t\t\t\t\t\t<label for=\"form-field-name\" class=\"elementor-field-label\">\n\t\t\t\t\t\t\t\t\u0130sim Soyisim\t\t\t\t\t\t\t<\/label>\n\t\t\t\t\t\t\t\t\t\t\t\t\t\t<input size=\"1\" type=\"text\" name=\"form_fields[name]\" id=\"form-field-name\" class=\"elementor-field elementor-size-sm  elementor-field-textual\">\n\t\t\t\t\t\t\t\t\t\t\t<\/div>\n\t\t\t\t\t\t\t\t<div class=\"elementor-field-type-tel elementor-field-group elementor-column elementor-field-group-email elementor-col-100 elementor-field-required\">\n\t\t\t\t\t\t\t\t\t\t\t\t<label for=\"form-field-email\" class=\"elementor-field-label\">\n\t\t\t\t\t\t\t\tTelefon\t\t\t\t\t\t\t<\/label>\n\t\t\t\t\t\t\t\t<input size=\"1\" type=\"tel\" name=\"form_fields[email]\" id=\"form-field-email\" class=\"elementor-field elementor-size-sm  elementor-field-textual\" required=\"required\" pattern=\"[0-9()#&amp;+*-=.]+\" title=\"Only numbers and phone characters (#, -, *, etc) are accepted.\">\n\n\t\t\t\t\t\t<\/div>\n\t\t\t\t\t\t\t\t<div class=\"elementor-field-type-textarea elementor-field-group elementor-column elementor-field-group-field_3fe3dc1 elementor-col-100 elementor-field-required\">\n\t\t\t\t\t\t\t\t\t\t\t\t<label for=\"form-field-field_3fe3dc1\" class=\"elementor-field-label\">\n\t\t\t\t\t\t\t\tBa\u015fvurulan \u0130l \/ \u0130l\u00e7e\t\t\t\t\t\t\t<\/label>\n\t\t\t\t\t\t<textarea class=\"elementor-field-textual elementor-field  elementor-size-sm\" name=\"form_fields[field_3fe3dc1]\" id=\"form-field-field_3fe3dc1\" rows=\"4\" required=\"required\"><\/textarea>\t\t\t\t<\/div>\n\t\t\t\t\t\t\t\t<div class=\"elementor-field-type-text elementor-field-group elementor-column elementor-field-group-field_c93c6bd elementor-col-100 elementor-field-required\">\n\t\t\t\t\t\t\t\t\t\t\t\t<label for=\"form-field-field_c93c6bd\" class=\"elementor-field-label\">\n\t\t\t\t\t\t\t\tDo\u011fum Tarihiniz\t\t\t\t\t\t\t<\/label>\n\t\t\t\t\t\t\t\t\t\t\t\t\t\t<input size=\"1\" type=\"text\" name=\"form_fields[field_c93c6bd]\" id=\"form-field-field_c93c6bd\" class=\"elementor-field elementor-size-sm  elementor-field-textual\" required=\"required\">\n\t\t\t\t\t\t\t\t\t\t\t<\/div>\n\t\t\t\t\t\t\t\t<div class=\"elementor-field-type-radio elementor-field-group elementor-column elementor-field-group-field_35312f8 elementor-col-100 elementor-field-required\">\n\t\t\t\t\t\t\t\t\t\t\t\t<label for=\"form-field-field_35312f8\" class=\"elementor-field-label\">\n\t\t\t\t\t\t\t\tBa\u015fvurmak istedi\u011finiz pozisyon\t\t\t\t\t\t\t<\/label>\n\t\t\t\t\t\t<div class=\"elementor-field-subgroup\"><span class=\"elementor-field-option\"><input type=\"radio\" value=\"\u015eube M\u00fcd\u00fcr\u00fc\" id=\"form-field-field_35312f8-0\" name=\"form_fields[field_35312f8]\" required=\"required\"> <label for=\"form-field-field_35312f8-0\">\u015eube M\u00fcd\u00fcr\u00fc<\/label><\/span><span class=\"elementor-field-option\"><input type=\"radio\" value=\"Vardiya M\u00fcd\u00fcr\u00fc\" id=\"form-field-field_35312f8-1\" name=\"form_fields[field_35312f8]\" required=\"required\"> <label for=\"form-field-field_35312f8-1\">Vardiya M\u00fcd\u00fcr\u00fc<\/label><\/span><span class=\"elementor-field-option\"><input type=\"radio\" value=\"Garson\" id=\"form-field-field_35312f8-2\" name=\"form_fields[field_35312f8]\" required=\"required\"> <label for=\"form-field-field_35312f8-2\">Garson<\/label><\/span><span class=\"elementor-field-option\"><input type=\"radio\" value=\"A\u015f\u00e7\u0131\" id=\"form-field-field_35312f8-3\" name=\"form_fields[field_35312f8]\" required=\"required\"> <label for=\"form-field-field_35312f8-3\">A\u015f\u00e7\u0131<\/label><\/span><span class=\"elementor-field-option\"><input type=\"radio\" value=\"A\u015f\u00e7\u0131 Yard\u0131mc\u0131s\u0131\" id=\"form-field-field_35312f8-4\" name=\"form_fields[field_35312f8]\" required=\"required\"> <label for=\"form-field-field_35312f8-4\">A\u015f\u00e7\u0131 Yard\u0131mc\u0131s\u0131<\/label><\/span><span class=\"elementor-field-option\"><input type=\"radio\" value=\"Barista\" id=\"form-field-field_35312f8-5\" name=\"form_fields[field_35312f8]\" required=\"required\"> <label for=\"form-field-field_35312f8-5\">Barista<\/label><\/span><span class=\"elementor-field-option\"><input type=\"radio\" value=\"Kasiyer\" id=\"form-field-field_35312f8-6\" name=\"form_fields[field_35312f8]\" required=\"required\"> <label for=\"form-field-field_35312f8-6\">Kasiyer<\/label><\/span><span class=\"elementor-field-option\"><input type=\"radio\" value=\"Komi\" id=\"form-field-field_35312f8-7\" name=\"form_fields[field_35312f8]\" required=\"required\"> <label for=\"form-field-field_35312f8-7\">Komi<\/label><\/span><span class=\"elementor-field-option\"><input type=\"radio\" value=\"Temizlik\" id=\"form-field-field_35312f8-8\" name=\"form_fields[field_35312f8]\" required=\"required\"> <label for=\"form-field-field_35312f8-8\">Temizlik<\/label><\/span><\/div>\t\t\t\t<\/div>\n\t\t\t\t\t\t\t\t<div class=\"elementor-field-type-text elementor-field-group elementor-column elementor-field-group-field_edc3022 elementor-col-100 elementor-field-required\">\n\t\t\t\t\t\t\t\t\t\t\t\t<label for=\"form-field-field_edc3022\" class=\"elementor-field-label\">\n\t\t\t\t\t\t\t\tVarsa Merak Etti\u011finiz Sorular\t\t\t\t\t\t\t<\/label>\n\t\t\t\t\t\t\t\t\t\t\t\t\t\t<input size=\"1\" type=\"text\" name=\"form_fields[field_edc3022]\" id=\"form-field-field_edc3022\" class=\"elementor-field elementor-size-sm  elementor-field-textual\" required=\"required\">\n\t\t\t\t\t\t\t\t\t\t\t<\/div>\n\t\t\t\t\t\t\t\t<div class=\"elementor-field-type-textarea elementor-field-group elementor-column elementor-field-group-message elementor-col-100\">\n\t\t\t\t\t\t\t\t\t\t\t\t<label for=\"form-field-message\" class=\"elementor-field-label\">\n\t\t\t\t\t\t\t\t\u0130letmek \u0130stedikleriniz\t\t\t\t\t\t\t<\/label>\n\t\t\t\t\t\t<textarea class=\"elementor-field-textual elementor-field  elementor-size-sm\" name=\"form_fields[message]\" id=\"form-field-message\" rows=\"4\"><\/textarea>\t\t\t\t<\/div>\n\t\t\t\t\t\t\t\t<div class=\"elementor-field-group elementor-column elementor-field-type-submit elementor-col-100 e-form__buttons\">\n\t\t\t\t\t<button class=\"elementor-button elementor-size-sm\" type=\"submit\">\n\t\t\t\t\t\t<span class=\"elementor-button-content-wrapper\">\n\t\t\t\t\t\t\t\t\t\t\t\t\t\t\t\t\t\t\t\t\t\t<span class=\"elementor-button-text\">G\u00f6nder<\/span>\n\t\t\t\t\t\t\t\t\t\t\t\t\t<\/span>\n\t\t\t\t\t<\/button>\n\t\t\t\t<\/div>\n\t\t\t<\/div>\n\t\t<input type=\"hidden\" name=\"trp-form-language\" value=\"en\"\/><\/form>\n\t\t\t\t\t\t<\/div>\n\t\t\t\t<\/div>\n\t\t\t\t\t<\/div>\n\t\t\t\t<\/div>\n\t\t\t\t<\/div>","protected":false},"excerpt":{"rendered":"","protected":false},"author":1,"featured_media":0,"parent":0,"menu_order":0,"comment_status":"closed","ping_status":"closed","template":"","meta":{"footnotes":""},"class_list":["post-2166","page","type-page","status-publish","hentry"],"_links":{"self":[{"href":"https:\/\/wokipoint.com.tr\/en\/wp-json\/wp\/v2\/pages\/2166","targetHints":{"allow":["GET"]}}],"collection":[{"href":"https:\/\/wokipoint.com.tr\/en\/wp-json\/wp\/v2\/pages"}],"about":[{"href":"https:\/\/wokipoint.com.tr\/en\/wp-json\/wp\/v2\/types\/page"}],"author":[{"embeddable":true,"href":"https:\/\/wokipoint.com.tr\/en\/wp-json\/wp\/v2\/users\/1"}],"replies":[{"embeddable":true,"href":"https:\/\/wokipoint.com.tr\/en\/wp-json\/wp\/v2\/comments?post=2166"}],"version-history":[{"count":12,"href":"https:\/\/wokipoint.com.tr\/en\/wp-json\/wp\/v2\/pages\/2166\/revisions"}],"predecessor-version":[{"id":2194,"href":"https:\/\/wokipoint.com.tr\/en\/wp-json\/wp\/v2\/pages\/2166\/revisions\/2194"}],"wp:attachment":[{"href":"https:\/\/wokipoint.com.tr\/en\/wp-json\/wp\/v2\/media?parent=2166"}],"curies":[{"name":"wp","href":"https:\/\/api.w.org\/{rel}","templated":true}]}}