{"id":3202,"date":"2026-04-13T15:00:12","date_gmt":"2026-04-13T15:00:12","guid":{"rendered":"https:\/\/wokipoint.com.tr\/?page_id=3202"},"modified":"2026-04-13T15:00:20","modified_gmt":"2026-04-13T15:00:20","slug":"salatalar-2","status":"publish","type":"page","link":"https:\/\/wokipoint.com.tr\/en\/salatalar-2\/","title":{"rendered":"salatalar"},"content":{"rendered":"<div data-elementor-type=\"wp-page\" data-elementor-id=\"3202\" class=\"elementor elementor-3202\" data-elementor-post-type=\"page\">\n\t\t\t\t\t\t<section class=\"elementor-section elementor-top-section elementor-element elementor-element-c2f6353 elementor-section-boxed elementor-section-height-default elementor-section-height-default\" data-id=\"c2f6353\" data-element_type=\"section\">\n\t\t\t\t\t\t<div class=\"elementor-container elementor-column-gap-default\">\n\t\t\t\t\t<div class=\"elementor-column elementor-col-100 elementor-top-column elementor-element elementor-element-3a8886e\" data-id=\"3a8886e\" data-element_type=\"column\">\n\t\t\t<div class=\"elementor-widget-wrap elementor-element-populated\">\n\t\t\t\t\t\t<div class=\"elementor-element elementor-element-6f5db06 elementor-widget elementor-widget-text-editor\" data-id=\"6f5db06\" data-element_type=\"widget\" data-widget_type=\"text-editor.default\">\n\t\t\t\t<div class=\"elementor-widget-container\">\n\t\t\t\t\t\t\t\t\t<p><span style='background:#c0392b;color:#fff;font-size:10px;font-weight:700;letter-spacing:2px;padding:3px 10px;border-radius:3px;'>TAZE &#038; HAF\u0130F<\/span><\/p>\t\t\t\t\t\t\t\t<\/div>\n\t\t\t\t<\/div>\n\t\t\t\t<div class=\"elementor-element elementor-element-aba276a elementor-widget elementor-widget-heading\" data-id=\"aba276a\" data-element_type=\"widget\" data-widget_type=\"heading.default\">\n\t\t\t\t<div class=\"elementor-widget-container\">\n\t\t\t\t\t<h1 class=\"elementor-heading-title elementor-size-default\">Salads<\/h1>\t\t\t\t<\/div>\n\t\t\t\t<\/div>\n\t\t\t\t<div class=\"elementor-element elementor-element-0c5725a elementor-widget elementor-widget-heading\" data-id=\"0c5725a\" data-element_type=\"widget\" data-widget_type=\"heading.default\">\n\t\t\t\t<div class=\"elementor-widget-container\">\n\t\t\t\t\t<h4 class=\"elementor-heading-title elementor-size-default\">Salads \u00b7 \u0627\u0644\u0633\u0644\u0637\u0627\u062a<\/h4>\t\t\t\t<\/div>\n\t\t\t\t<\/div>\n\t\t\t\t<div class=\"elementor-element elementor-element-12272f0 elementor-widget elementor-widget-text-editor\" data-id=\"12272f0\" data-element_type=\"widget\" data-widget_type=\"text-editor.default\">\n\t\t\t\t<div class=\"elementor-widget-container\">\n\t\t\t\t\t\t\t\t\t<p style='text-align:right;font-size:11px;color:#aaa;font-style:italic;font-family:Georgia,serif;'><em>Fiyatlar\u0131m\u0131za KDV dahildir.<\/em><br><em>Kalori de\u011ferleri referans aral\u0131\u011f\u0131 olup pi\u015firme y\u00f6ntemi ve i\u00e7eri\u011fe g\u00f6re de\u011fi\u015fkenlik g\u00f6sterebilir.<\/em><\/p>\t\t\t\t\t\t\t\t<\/div>\n\t\t\t\t<\/div>\n\t\t\t\t\t<\/div>\n\t\t<\/div>\n\t\t\t\t\t<\/div>\n\t\t<\/section>\n\t\t\t\t<section class=\"elementor-section elementor-top-section elementor-element elementor-element-196408f elementor-section-boxed elementor-section-height-default elementor-section-height-default\" data-id=\"196408f\" data-element_type=\"section\">\n\t\t\t\t\t\t<div class=\"elementor-container elementor-column-gap-default\">\n\t\t\t\t\t<div class=\"elementor-column elementor-col-55 elementor-top-column elementor-element elementor-element-ac6886f\" data-id=\"ac6886f\" data-element_type=\"column\">\n\t\t\t<div class=\"elementor-widget-wrap elementor-element-populated\">\n\t\t\t\t\t\t<div class=\"elementor-element elementor-element-157f30f elementor-widget elementor-widget-image\" data-id=\"157f30f\" data-element_type=\"widget\" data-widget_type=\"image.default\">\n\t\t\t\t<div class=\"elementor-widget-container\">\n\t\t\t\t\t\t\t\t\t\t\t\t\t\t\t<img loading=\"lazy\" decoding=\"async\" width=\"2528\" height=\"1696\" src=\"https:\/\/wokipoint.com.tr\/wp-content\/uploads\/2026\/04\/Etli-salata-konsept.webp\" class=\"attachment-full size-full wp-image-3058\" alt=\"\" srcset=\"https:\/\/wokipoint.com.tr\/wp-content\/uploads\/2026\/04\/Etli-salata-konsept.webp 2528w, https:\/\/wokipoint.com.tr\/wp-content\/uploads\/2026\/04\/Etli-salata-konsept-300x201.webp 300w, https:\/\/wokipoint.com.tr\/wp-content\/uploads\/2026\/04\/Etli-salata-konsept-1024x687.webp 1024w, https:\/\/wokipoint.com.tr\/wp-content\/uploads\/2026\/04\/Etli-salata-konsept-768x515.webp 768w, https:\/\/wokipoint.com.tr\/wp-content\/uploads\/2026\/04\/Etli-salata-konsept-1536x1030.webp 1536w, https:\/\/wokipoint.com.tr\/wp-content\/uploads\/2026\/04\/Etli-salata-konsept-2048x1374.webp 2048w, https:\/\/wokipoint.com.tr\/wp-content\/uploads\/2026\/04\/Etli-salata-konsept-18x12.webp 18w\" sizes=\"auto, (max-width: 2528px) 100vw, 2528px\" \/>\t\t\t\t\t\t\t\t\t\t\t\t\t\t\t<\/div>\n\t\t\t\t<\/div>\n\t\t\t\t\t<\/div>\n\t\t<\/div>\n\t\t\t\t<div class=\"elementor-column elementor-col-45 elementor-top-column elementor-element elementor-element-f08de71\" data-id=\"f08de71\" data-element_type=\"column\">\n\t\t\t<div class=\"elementor-widget-wrap elementor-element-populated\">\n\t\t\t\t\t\t<div class=\"elementor-element elementor-element-63c49c4 elementor-widget elementor-widget-text-editor\" data-id=\"63c49c4\" data-element_type=\"widget\" data-widget_type=\"text-editor.default\">\n\t\t\t\t<div class=\"elementor-widget-container\">\n\t\t\t\t\t\t\t\t\t<p style=\"font-family: Playfair Display; font-size: 34px; font-weight: bold; color: #1a1a1a; margin: 0 0 4px; line-height: 1.2;\">Steak Salata<\/p><p style=\"font-family: Georgia,serif; font-style: italic; font-size: 13px; color: #2a7c6f; margin: 0 0 10px;\">Steak Salad \u00b7 \u0633\u0644\u0637\u0629 \u0627\u0644\u0633\u062a\u064a\u0643<\/p><p style=\"font-size: 13px; color: #444; margin: 0 0 10px; line-height: 1.6; font-family: Georgia,serif;\">Mevsim Ye\u015fillikleri, \u0130nce Dilimlenmi\u015f Dana Biftek, Kuskus, Mantar, \u00c7eri Domates, \u00c7engelk\u00f6y Salatal\u0131k, Grisini, Sumak Ek\u015fili Sos<\/p><p style=\"font-size: 11px; color: #888888; margin: 0 0 12px;\">480\u2013580 kcal<\/p><p style=\"font-size: 16px; margin: 5px 0 0; letter-spacing: 2px;\">\ud83c\udf3e \ud83e\udd5b<\/p><p style=\"font-family: Playfair Display; font-size: 40px; font-weight: bold; color: #1a1a1a; margin: 0;\">\u20ba\u2014<\/p><p style=\"font-size: 12px; color: #888888;\">\/ porsiyon<\/p>\t\t\t\t\t\t\t\t<\/div>\n\t\t\t\t<\/div>\n\t\t\t\t\t<\/div>\n\t\t<\/div>\n\t\t\t\t\t<\/div>\n\t\t<\/section>\n\t\t\t\t<section class=\"elementor-section elementor-top-section elementor-element elementor-element-540aec0 elementor-section-boxed elementor-section-height-default elementor-section-height-default\" data-id=\"540aec0\" data-element_type=\"section\">\n\t\t\t\t\t\t<div class=\"elementor-container elementor-column-gap-default\">\n\t\t\t\t\t<div class=\"elementor-column elementor-col-55 elementor-top-column elementor-element elementor-element-304f153\" data-id=\"304f153\" data-element_type=\"column\">\n\t\t\t<div class=\"elementor-widget-wrap elementor-element-populated\">\n\t\t\t\t\t\t<div class=\"elementor-element elementor-element-ddd81f2 elementor-widget elementor-widget-image\" data-id=\"ddd81f2\" data-element_type=\"widget\" data-widget_type=\"image.default\">\n\t\t\t\t<div class=\"elementor-widget-container\">\n\t\t\t\t\t\t\t\t\t\t\t\t\t\t\t<img loading=\"lazy\" decoding=\"async\" width=\"2528\" height=\"1696\" src=\"https:\/\/wokipoint.com.tr\/wp-content\/uploads\/2026\/04\/Tavuklu-Kekikli-Salata-Konsept.webp\" class=\"attachment-full size-full wp-image-3170\" alt=\"\" srcset=\"https:\/\/wokipoint.com.tr\/wp-content\/uploads\/2026\/04\/Tavuklu-Kekikli-Salata-Konsept.webp 2528w, https:\/\/wokipoint.com.tr\/wp-content\/uploads\/2026\/04\/Tavuklu-Kekikli-Salata-Konsept-300x201.webp 300w, https:\/\/wokipoint.com.tr\/wp-content\/uploads\/2026\/04\/Tavuklu-Kekikli-Salata-Konsept-1024x687.webp 1024w, https:\/\/wokipoint.com.tr\/wp-content\/uploads\/2026\/04\/Tavuklu-Kekikli-Salata-Konsept-768x515.webp 768w, https:\/\/wokipoint.com.tr\/wp-content\/uploads\/2026\/04\/Tavuklu-Kekikli-Salata-Konsept-1536x1030.webp 1536w, https:\/\/wokipoint.com.tr\/wp-content\/uploads\/2026\/04\/Tavuklu-Kekikli-Salata-Konsept-2048x1374.webp 2048w, https:\/\/wokipoint.com.tr\/wp-content\/uploads\/2026\/04\/Tavuklu-Kekikli-Salata-Konsept-18x12.webp 18w\" sizes=\"auto, (max-width: 2528px) 100vw, 2528px\" \/>\t\t\t\t\t\t\t\t\t\t\t\t\t\t\t<\/div>\n\t\t\t\t<\/div>\n\t\t\t\t\t<\/div>\n\t\t<\/div>\n\t\t\t\t<div class=\"elementor-column elementor-col-45 elementor-top-column elementor-element elementor-element-492f8e8\" data-id=\"492f8e8\" data-element_type=\"column\">\n\t\t\t<div class=\"elementor-widget-wrap elementor-element-populated\">\n\t\t\t\t\t\t<div class=\"elementor-element elementor-element-ddc72f9 elementor-widget elementor-widget-text-editor\" data-id=\"ddc72f9\" data-element_type=\"widget\" data-widget_type=\"text-editor.default\">\n\t\t\t\t<div class=\"elementor-widget-container\">\n\t\t\t\t\t\t\t\t\t<p style='font-family:Playfair Display;font-size:34px;font-weight:700;color:#1a1a1a;margin:0 0 4px;line-height:1.2;'>Kekikli Tavuklu Salata<\/p><p style='font-family:Georgia,serif;font-style:italic;font-size:13px;color:#2a7c6f;margin:0 0 10px;'>Herbed Chicken Salad \u00b7 \u0633\u0644\u0637\u0629 \u0627\u0644\u062f\u062c\u0627\u062c \u0628\u0627\u0644\u0632\u0639\u062a\u0631<\/p><p style='font-size:13px;color:#444;margin:0 0 10px;line-height:1.6;font-family:Georgia,serif;'>Mevsim Ye\u015fillikleri, 170 gr. Kekikli Tavuk, Domates, Ye\u015fil Elma, Meksika Fasulyesi, Tane M\u0131s\u0131r, Grisini<\/p><p style='font-size:11px;color:#888888;margin:0 0 12px;'>420\u2013520 kcal<\/p><p style='font-size:16px;margin:5px 0 0;letter-spacing:2px;'>\ud83c\udf3e<\/p><p style='font-family:Playfair Display;font-size:40px;font-weight:700;color:#1a1a1a;margin:0;'>\u20ba\u2014<\/p><p style='font-size:12px;color:#888888;'>\/ porsiyon<\/p>\t\t\t\t\t\t\t\t<\/div>\n\t\t\t\t<\/div>\n\t\t\t\t\t<\/div>\n\t\t<\/div>\n\t\t\t\t\t<\/div>\n\t\t<\/section>\n\t\t\t\t<section class=\"elementor-section elementor-top-section elementor-element elementor-element-ef8cefd elementor-section-boxed elementor-section-height-default elementor-section-height-default\" data-id=\"ef8cefd\" data-element_type=\"section\">\n\t\t\t\t\t\t<div class=\"elementor-container elementor-column-gap-default\">\n\t\t\t\t\t<div class=\"elementor-column elementor-col-50 elementor-top-column elementor-element elementor-element-4216c7a\" data-id=\"4216c7a\" data-element_type=\"column\">\n\t\t\t<div class=\"elementor-widget-wrap elementor-element-populated\">\n\t\t\t\t\t\t<div class=\"elementor-element elementor-element-61b6e9b elementor-widget elementor-widget-image\" data-id=\"61b6e9b\" data-element_type=\"widget\" data-widget_type=\"image.default\">\n\t\t\t\t<div class=\"elementor-widget-container\">\n\t\t\t\t\t\t\t\t\t\t\t\t\t\t\t<img loading=\"lazy\" decoding=\"async\" width=\"150\" height=\"150\" src=\"https:\/\/wokipoint.com.tr\/wp-content\/uploads\/2026\/04\/Bostan-Salata-150x150.webp\" class=\"attachment-thumbnail size-thumbnail wp-image-3034\" alt=\"\" srcset=\"https:\/\/wokipoint.com.tr\/wp-content\/uploads\/2026\/04\/Bostan-Salata-150x150.webp 150w, https:\/\/wokipoint.com.tr\/wp-content\/uploads\/2026\/04\/Bostan-Salata-300x300.webp 300w, https:\/\/wokipoint.com.tr\/wp-content\/uploads\/2026\/04\/Bostan-Salata-1024x1024.webp 1024w, https:\/\/wokipoint.com.tr\/wp-content\/uploads\/2026\/04\/Bostan-Salata-768x768.webp 768w, https:\/\/wokipoint.com.tr\/wp-content\/uploads\/2026\/04\/Bostan-Salata-1536x1536.webp 1536w, https:\/\/wokipoint.com.tr\/wp-content\/uploads\/2026\/04\/Bostan-Salata-12x12.webp 12w, https:\/\/wokipoint.com.tr\/wp-content\/uploads\/2026\/04\/Bostan-Salata.webp 2048w\" sizes=\"auto, (max-width: 150px) 100vw, 150px\" \/>\t\t\t\t\t\t\t\t\t\t\t\t\t\t\t<\/div>\n\t\t\t\t<\/div>\n\t\t\t\t<div class=\"elementor-element elementor-element-8bca903 elementor-widget elementor-widget-text-editor\" data-id=\"8bca903\" data-element_type=\"widget\" data-widget_type=\"text-editor.default\">\n\t\t\t\t<div class=\"elementor-widget-container\">\n\t\t\t\t\t\t\t\t\t<p style='font-family:Playfair Display;font-size:16px;font-weight:700;color:#1a1a1a;margin:8px 0 2px;'>Bostan Salata<\/p><p style='font-family:Georgia,serif;font-style:italic;font-size:11px;color:#2a7c6f;margin:0 0 2px;'>Garden Salad \u00b7 \u0633\u0644\u0637\u0629 \u0627\u0644\u0628\u0633\u062a\u0627\u0646<\/p><p style='font-size:11px;color:#888888;margin:0 0 8px;'>220\u2013320 kcal<\/p><p style='font-size:16px;margin:5px 0 0;letter-spacing:2px;'>\ud83e\udd5b \ud83c\udf30 \ud83c\udf3f<\/p><p style='font-family:Playfair Display;font-size:20px;font-weight:700;color:#1a1a1a;margin:0;'>\u20ba\u2014 <span style='font-size:11px;color:#888888;font-weight:400;'>\/ porsiyon<\/span><\/p>\t\t\t\t\t\t\t\t<\/div>\n\t\t\t\t<\/div>\n\t\t\t\t\t<\/div>\n\t\t<\/div>\n\t\t\t\t<div class=\"elementor-column elementor-col-50 elementor-top-column elementor-element elementor-element-32af0ab\" data-id=\"32af0ab\" data-element_type=\"column\">\n\t\t\t<div class=\"elementor-widget-wrap elementor-element-populated\">\n\t\t\t\t\t\t<div class=\"elementor-element elementor-element-8909133 elementor-widget elementor-widget-image\" data-id=\"8909133\" data-element_type=\"widget\" data-widget_type=\"image.default\">\n\t\t\t\t<div class=\"elementor-widget-container\">\n\t\t\t\t\t\t\t\t\t\t\t\t\t\t\t<img loading=\"lazy\" decoding=\"async\" width=\"150\" height=\"150\" src=\"https:\/\/wokipoint.com.tr\/wp-content\/uploads\/2026\/04\/Sezar-Salata-150x150.webp\" class=\"attachment-thumbnail size-thumbnail wp-image-3148\" alt=\"\" srcset=\"https:\/\/wokipoint.com.tr\/wp-content\/uploads\/2026\/04\/Sezar-Salata-150x150.webp 150w, https:\/\/wokipoint.com.tr\/wp-content\/uploads\/2026\/04\/Sezar-Salata-300x300.webp 300w, https:\/\/wokipoint.com.tr\/wp-content\/uploads\/2026\/04\/Sezar-Salata-1024x1024.webp 1024w, https:\/\/wokipoint.com.tr\/wp-content\/uploads\/2026\/04\/Sezar-Salata-768x768.webp 768w, https:\/\/wokipoint.com.tr\/wp-content\/uploads\/2026\/04\/Sezar-Salata-1536x1536.webp 1536w, https:\/\/wokipoint.com.tr\/wp-content\/uploads\/2026\/04\/Sezar-Salata-12x12.webp 12w, https:\/\/wokipoint.com.tr\/wp-content\/uploads\/2026\/04\/Sezar-Salata.webp 2048w\" sizes=\"auto, (max-width: 150px) 100vw, 150px\" \/>\t\t\t\t\t\t\t\t\t\t\t\t\t\t\t<\/div>\n\t\t\t\t<\/div>\n\t\t\t\t<div class=\"elementor-element elementor-element-a8aa4a2 elementor-widget elementor-widget-text-editor\" data-id=\"a8aa4a2\" data-element_type=\"widget\" data-widget_type=\"text-editor.default\">\n\t\t\t\t<div class=\"elementor-widget-container\">\n\t\t\t\t\t\t\t\t\t<p style='font-family:Playfair Display;font-size:16px;font-weight:700;color:#1a1a1a;margin:8px 0 2px;'>Sezar Salata<\/p><p style='font-family:Georgia,serif;font-style:italic;font-size:11px;color:#2a7c6f;margin:0 0 2px;'>Caesar Salad \u00b7 \u0633\u0644\u0637\u0629 \u0642\u064a\u0635\u0631<\/p><p style='font-size:11px;color:#888888;margin:0 0 8px;'>380\u2013480 kcal<\/p><p style='font-size:16px;margin:5px 0 0;letter-spacing:2px;'>\ud83c\udf3e \ud83e\udd5b<\/p><p style='font-family:Playfair Display;font-size:20px;font-weight:700;color:#1a1a1a;margin:0;'>\u20ba\u2014 <span style='font-size:11px;color:#888888;font-weight:400;'>\/ porsiyon<\/span><\/p>\t\t\t\t\t\t\t\t<\/div>\n\t\t\t\t<\/div>\n\t\t\t\t\t<\/div>\n\t\t<\/div>\n\t\t\t\t\t<\/div>\n\t\t<\/section>\n\t\t\t\t<section class=\"elementor-section elementor-top-section elementor-element elementor-element-7949c8e elementor-section-boxed elementor-section-height-default elementor-section-height-default\" data-id=\"7949c8e\" data-element_type=\"section\">\n\t\t\t\t\t\t<div class=\"elementor-container elementor-column-gap-default\">\n\t\t\t\t\t<div class=\"elementor-column elementor-col-50 elementor-top-column elementor-element elementor-element-2675352\" data-id=\"2675352\" data-element_type=\"column\">\n\t\t\t<div class=\"elementor-widget-wrap elementor-element-populated\">\n\t\t\t\t\t\t<div class=\"elementor-element elementor-element-5b47bd0 elementor-widget elementor-widget-text-editor\" data-id=\"5b47bd0\" data-element_type=\"widget\" data-widget_type=\"text-editor.default\">\n\t\t\t\t<div class=\"elementor-widget-container\">\n\t\t\t\t\t\t\t\t\t<p style='font-family:Playfair Display;font-size:16px;font-weight:700;color:#1a1a1a;margin:8px 0 2px;'>\u00c7\u0131t\u0131r Tavuk Salata<\/p><p style='font-family:Georgia,serif;font-style:italic;font-size:11px;color:#2a7c6f;margin:0 0 2px;'>Crispy Chicken Salad \u00b7 \u0633\u0644\u0637\u0629 \u0627\u0644\u062f\u062c\u0627\u062c \u0627\u0644\u0645\u0642\u0631\u0645\u0634<\/p><p style='font-size:11px;color:#888888;margin:0 0 8px;'>380\u2013480 kcal<\/p><p style='font-size:16px;margin:5px 0 0;letter-spacing:2px;'>\ud83c\udf3e \ud83e\udd5b<\/p><p style='font-family:Playfair Display;font-size:20px;font-weight:700;color:#1a1a1a;margin:0;'>\u20ba\u2014 <span style='font-size:11px;color:#888888;font-weight:400;'>\/ porsiyon<\/span><\/p>\t\t\t\t\t\t\t\t<\/div>\n\t\t\t\t<\/div>\n\t\t\t\t\t<\/div>\n\t\t<\/div>\n\t\t\t\t<div class=\"elementor-column elementor-col-50 elementor-top-column elementor-element elementor-element-bce4825\" data-id=\"bce4825\" data-element_type=\"column\">\n\t\t\t<div class=\"elementor-widget-wrap elementor-element-populated\">\n\t\t\t\t\t\t<div class=\"elementor-element elementor-element-d2d45ca elementor-widget elementor-widget-image\" data-id=\"d2d45ca\" data-element_type=\"widget\" data-widget_type=\"image.default\">\n\t\t\t\t<div class=\"elementor-widget-container\">\n\t\t\t\t\t\t\t\t\t\t\t\t\t\t\t<img loading=\"lazy\" decoding=\"async\" width=\"150\" height=\"150\" src=\"https:\/\/wokipoint.com.tr\/wp-content\/uploads\/2026\/04\/Izgara-levrek-salatasi-150x150.webp\" class=\"attachment-thumbnail size-thumbnail wp-image-3076\" alt=\"\" srcset=\"https:\/\/wokipoint.com.tr\/wp-content\/uploads\/2026\/04\/Izgara-levrek-salatasi-150x150.webp 150w, https:\/\/wokipoint.com.tr\/wp-content\/uploads\/2026\/04\/Izgara-levrek-salatasi-300x300.webp 300w, https:\/\/wokipoint.com.tr\/wp-content\/uploads\/2026\/04\/Izgara-levrek-salatasi-1024x1024.webp 1024w, https:\/\/wokipoint.com.tr\/wp-content\/uploads\/2026\/04\/Izgara-levrek-salatasi-768x768.webp 768w, https:\/\/wokipoint.com.tr\/wp-content\/uploads\/2026\/04\/Izgara-levrek-salatasi-1536x1536.webp 1536w, https:\/\/wokipoint.com.tr\/wp-content\/uploads\/2026\/04\/Izgara-levrek-salatasi-12x12.webp 12w, https:\/\/wokipoint.com.tr\/wp-content\/uploads\/2026\/04\/Izgara-levrek-salatasi.webp 2048w\" sizes=\"auto, (max-width: 150px) 100vw, 150px\" \/>\t\t\t\t\t\t\t\t\t\t\t\t\t\t\t<\/div>\n\t\t\t\t<\/div>\n\t\t\t\t<div class=\"elementor-element elementor-element-4251fc1 elementor-widget elementor-widget-text-editor\" data-id=\"4251fc1\" data-element_type=\"widget\" data-widget_type=\"text-editor.default\">\n\t\t\t\t<div class=\"elementor-widget-container\">\n\t\t\t\t\t\t\t\t\t<p style='font-family:Playfair Display;font-size:16px;font-weight:700;color:#1a1a1a;margin:8px 0 2px;'>Izgara Levrek Salatas\u0131<\/p><p style='font-family:Georgia,serif;font-style:italic;font-size:11px;color:#2a7c6f;margin:0 0 2px;'>Grilled Sea Bass Salad \u00b7 \u0633\u0644\u0637\u0629 \u0642\u0627\u0631\u0648\u0635 \u0645\u0634\u0648\u064a<\/p><p style='font-size:11px;color:#888888;margin:0 0 8px;'>320\u2013420 kcal<\/p><p style='font-size:16px;margin:5px 0 0;letter-spacing:2px;'>\ud83c\udf3e \ud83e\udd5b \ud83d\udc1f<\/p><p style='font-family:Playfair Display;font-size:20px;font-weight:700;color:#1a1a1a;margin:0;'>\u20ba\u2014 <span style='font-size:11px;color:#888888;font-weight:400;'>\/ porsiyon<\/span><\/p>\t\t\t\t\t\t\t\t<\/div>\n\t\t\t\t<\/div>\n\t\t\t\t\t<\/div>\n\t\t<\/div>\n\t\t\t\t\t<\/div>\n\t\t<\/section>\n\t\t\t\t<section class=\"elementor-section elementor-top-section elementor-element elementor-element-e095e8e elementor-section-boxed elementor-section-height-default elementor-section-height-default\" data-id=\"e095e8e\" data-element_type=\"section\">\n\t\t\t\t\t\t<div class=\"elementor-container elementor-column-gap-default\">\n\t\t\t\t\t<div class=\"elementor-column elementor-col-50 elementor-top-column elementor-element elementor-element-9a2a175\" data-id=\"9a2a175\" data-element_type=\"column\">\n\t\t\t<div class=\"elementor-widget-wrap elementor-element-populated\">\n\t\t\t\t\t\t<div class=\"elementor-element elementor-element-52195ac elementor-widget elementor-widget-image\" data-id=\"52195ac\" data-element_type=\"widget\" data-widget_type=\"image.default\">\n\t\t\t\t<div class=\"elementor-widget-container\">\n\t\t\t\t\t\t\t\t\t\t\t\t\t\t\t<img loading=\"lazy\" decoding=\"async\" width=\"150\" height=\"150\" src=\"https:\/\/wokipoint.com.tr\/wp-content\/uploads\/2026\/04\/Roka-Salata-150x150.webp\" class=\"attachment-thumbnail size-thumbnail wp-image-3139\" alt=\"\" srcset=\"https:\/\/wokipoint.com.tr\/wp-content\/uploads\/2026\/04\/Roka-Salata-150x150.webp 150w, https:\/\/wokipoint.com.tr\/wp-content\/uploads\/2026\/04\/Roka-Salata-300x300.webp 300w, https:\/\/wokipoint.com.tr\/wp-content\/uploads\/2026\/04\/Roka-Salata-1024x1024.webp 1024w, https:\/\/wokipoint.com.tr\/wp-content\/uploads\/2026\/04\/Roka-Salata-768x768.webp 768w, https:\/\/wokipoint.com.tr\/wp-content\/uploads\/2026\/04\/Roka-Salata-1536x1536.webp 1536w, https:\/\/wokipoint.com.tr\/wp-content\/uploads\/2026\/04\/Roka-Salata-12x12.webp 12w, https:\/\/wokipoint.com.tr\/wp-content\/uploads\/2026\/04\/Roka-Salata.webp 2048w\" sizes=\"auto, (max-width: 150px) 100vw, 150px\" \/>\t\t\t\t\t\t\t\t\t\t\t\t\t\t\t<\/div>\n\t\t\t\t<\/div>\n\t\t\t\t<div class=\"elementor-element elementor-element-65402e5 elementor-widget elementor-widget-text-editor\" data-id=\"65402e5\" data-element_type=\"widget\" data-widget_type=\"text-editor.default\">\n\t\t\t\t<div class=\"elementor-widget-container\">\n\t\t\t\t\t\t\t\t\t<p style='font-family:Playfair Display;font-size:16px;font-weight:700;color:#1a1a1a;margin:8px 0 2px;'>Roka Salata<\/p><p style='font-family:Georgia,serif;font-style:italic;font-size:11px;color:#2a7c6f;margin:0 0 2px;'>Rocket Salad \u00b7 \u0633\u0644\u0637\u0629 \u0627\u0644\u062c\u0631\u062c\u064a\u0631<\/p><p style='font-size:11px;color:#888888;margin:0 0 8px;'>180\u2013260 kcal<\/p><p style='font-size:16px;margin:5px 0 0;letter-spacing:2px;'>\ud83e\udd5b \ud83c\udf3e<\/p><p style='font-family:Playfair Display;font-size:20px;font-weight:700;color:#1a1a1a;margin:0;'>\u20ba\u2014 <span style='font-size:11px;color:#888888;font-weight:400;'>\/ porsiyon<\/span><\/p>\t\t\t\t\t\t\t\t<\/div>\n\t\t\t\t<\/div>\n\t\t\t\t\t<\/div>\n\t\t<\/div>\n\t\t\t\t<div class=\"elementor-column elementor-col-50 elementor-top-column elementor-element elementor-element-f309e8f\" data-id=\"f309e8f\" data-element_type=\"column\">\n\t\t\t<div class=\"elementor-widget-wrap elementor-element-populated\">\n\t\t\t\t\t\t<div class=\"elementor-element elementor-element-7745994 elementor-widget elementor-widget-image\" data-id=\"7745994\" data-element_type=\"widget\" data-widget_type=\"image.default\">\n\t\t\t\t<div class=\"elementor-widget-container\">\n\t\t\t\t\t\t\t\t\t\t\t\t\t\t\t<img loading=\"lazy\" decoding=\"async\" width=\"150\" height=\"150\" src=\"https:\/\/wokipoint.com.tr\/wp-content\/uploads\/2026\/04\/Coban-Salata-150x150.webp\" class=\"attachment-thumbnail size-thumbnail wp-image-3050\" alt=\"\" srcset=\"https:\/\/wokipoint.com.tr\/wp-content\/uploads\/2026\/04\/Coban-Salata-150x150.webp 150w, https:\/\/wokipoint.com.tr\/wp-content\/uploads\/2026\/04\/Coban-Salata-300x300.webp 300w, https:\/\/wokipoint.com.tr\/wp-content\/uploads\/2026\/04\/Coban-Salata-1024x1024.webp 1024w, https:\/\/wokipoint.com.tr\/wp-content\/uploads\/2026\/04\/Coban-Salata-768x768.webp 768w, https:\/\/wokipoint.com.tr\/wp-content\/uploads\/2026\/04\/Coban-Salata-1536x1536.webp 1536w, https:\/\/wokipoint.com.tr\/wp-content\/uploads\/2026\/04\/Coban-Salata-12x12.webp 12w, https:\/\/wokipoint.com.tr\/wp-content\/uploads\/2026\/04\/Coban-Salata.webp 2048w\" sizes=\"auto, (max-width: 150px) 100vw, 150px\" \/>\t\t\t\t\t\t\t\t\t\t\t\t\t\t\t<\/div>\n\t\t\t\t<\/div>\n\t\t\t\t<div class=\"elementor-element elementor-element-f9359bf elementor-widget elementor-widget-text-editor\" data-id=\"f9359bf\" data-element_type=\"widget\" data-widget_type=\"text-editor.default\">\n\t\t\t\t<div class=\"elementor-widget-container\">\n\t\t\t\t\t\t\t\t\t<p style='font-family:Playfair Display;font-size:16px;font-weight:700;color:#1a1a1a;margin:8px 0 2px;'>\u00c7oban Salatas\u0131<\/p><p style='font-family:Georgia,serif;font-style:italic;font-size:11px;color:#2a7c6f;margin:0 0 2px;'>Shepherd&#8217;s Salad \u00b7 \u0633\u0644\u0637\u0629 \u0627\u0644\u0631\u0627\u0639\u064a<\/p><p style='font-size:11px;color:#888888;margin:0 0 8px;'>160\u2013240 kcal<\/p><p style='font-size:16px;margin:5px 0 0;letter-spacing:2px;'>\ud83e\udd5b<\/p><p style='font-family:Playfair Display;font-size:20px;font-weight:700;color:#1a1a1a;margin:0;'>\u20ba\u2014 <span style='font-size:11px;color:#888888;font-weight:400;'>\/ porsiyon<\/span><\/p>\t\t\t\t\t\t\t\t<\/div>\n\t\t\t\t<\/div>\n\t\t\t\t\t<\/div>\n\t\t<\/div>\n\t\t\t\t\t<\/div>\n\t\t<\/section>\n\t\t\t\t<\/div>","protected":false},"excerpt":{"rendered":"<p>TAZE &#038; HAF\u0130F Salatalar Salads \u00b7 \u0627\u0644\u0633\u0644\u0637\u0627\u062a Fiyatlar\u0131m\u0131za KDV dahildir.Kalori de\u011ferleri referans aral\u0131\u011f\u0131 olup pi\u015firme y\u00f6ntemi ve i\u00e7eri\u011fe g\u00f6re de\u011fi\u015fkenlik g\u00f6sterebilir. Steak Salata Steak Salad \u00b7 \u0633\u0644\u0637\u0629 \u0627\u0644\u0633\u062a\u064a\u0643 Mevsim Ye\u015fillikleri, \u0130nce Dilimlenmi\u015f Dana Biftek, Kuskus, Mantar, \u00c7eri Domates, \u00c7engelk\u00f6y Salatal\u0131k, Grisini, Sumak Ek\u015fili Sos 480\u2013580 kcal \ud83c\udf3e \ud83e\udd5b \u20ba\u2014 \/ porsiyon Kekikli Tavuklu Salata Herbed [&hellip;]<\/p>","protected":false},"author":1,"featured_media":0,"parent":0,"menu_order":0,"comment_status":"closed","ping_status":"closed","template":"","meta":{"footnotes":""},"class_list":["post-3202","page","type-page","status-publish","hentry"],"_links":{"self":[{"href":"https:\/\/wokipoint.com.tr\/en\/wp-json\/wp\/v2\/pages\/3202","targetHints":{"allow":["GET"]}}],"collection":[{"href":"https:\/\/wokipoint.com.tr\/en\/wp-json\/wp\/v2\/pages"}],"about":[{"href":"https:\/\/wokipoint.com.tr\/en\/wp-json\/wp\/v2\/types\/page"}],"author":[{"embeddable":true,"href":"https:\/\/wokipoint.com.tr\/en\/wp-json\/wp\/v2\/users\/1"}],"replies":[{"embeddable":true,"href":"https:\/\/wokipoint.com.tr\/en\/wp-json\/wp\/v2\/comments?post=3202"}],"version-history":[{"count":3,"href":"https:\/\/wokipoint.com.tr\/en\/wp-json\/wp\/v2\/pages\/3202\/revisions"}],"predecessor-version":[{"id":3206,"href":"https:\/\/wokipoint.com.tr\/en\/wp-json\/wp\/v2\/pages\/3202\/revisions\/3206"}],"wp:attachment":[{"href":"https:\/\/wokipoint.com.tr\/en\/wp-json\/wp\/v2\/media?parent=3202"}],"curies":[{"name":"wp","href":"https:\/\/api.w.org\/{rel}","templated":true}]}}