{"id":3220,"date":"2026-04-15T07:55:35","date_gmt":"2026-04-15T07:55:35","guid":{"rendered":"https:\/\/wokipoint.com.tr\/?page_id=3220"},"modified":"2026-04-15T07:57:37","modified_gmt":"2026-04-15T07:57:37","slug":"baliklar-2","status":"publish","type":"page","link":"https:\/\/wokipoint.com.tr\/en\/baliklar-2\/","title":{"rendered":"bal\u0131klar"},"content":{"rendered":"<div data-elementor-type=\"wp-page\" data-elementor-id=\"3220\" class=\"elementor elementor-3220\" data-elementor-post-type=\"page\">\n\t\t\t\t\t\t<section class=\"elementor-section elementor-top-section elementor-element elementor-element-2766401 elementor-section-boxed elementor-section-height-default elementor-section-height-default\" data-id=\"2766401\" data-element_type=\"section\">\n\t\t\t\t\t\t<div class=\"elementor-container elementor-column-gap-default\">\n\t\t\t\t\t<div class=\"elementor-column elementor-col-100 elementor-top-column elementor-element elementor-element-c92443d\" data-id=\"c92443d\" data-element_type=\"column\">\n\t\t\t<div class=\"elementor-widget-wrap elementor-element-populated\">\n\t\t\t\t\t\t<div class=\"elementor-element elementor-element-b32626f elementor-widget elementor-widget-text-editor\" data-id=\"b32626f\" data-element_type=\"widget\" data-widget_type=\"text-editor.default\">\n\t\t\t\t<div class=\"elementor-widget-container\">\n\t\t\t\t\t\t\t\t\t<p><span style='background:#c0392b;color:#fff;font-size:10px;font-weight:700;letter-spacing:2px;padding:3px 10px;border-radius:3px;'>DEN\u0130ZDEN SOFRAYA<\/span><\/p>\t\t\t\t\t\t\t\t<\/div>\n\t\t\t\t<\/div>\n\t\t\t\t<div class=\"elementor-element elementor-element-d656ef8 elementor-widget elementor-widget-heading\" data-id=\"d656ef8\" data-element_type=\"widget\" data-widget_type=\"heading.default\">\n\t\t\t\t<div class=\"elementor-widget-container\">\n\t\t\t\t\t<h1 class=\"elementor-heading-title elementor-size-default\">Fish<\/h1>\t\t\t\t<\/div>\n\t\t\t\t<\/div>\n\t\t\t\t<div class=\"elementor-element elementor-element-a4bce58 elementor-widget elementor-widget-heading\" data-id=\"a4bce58\" data-element_type=\"widget\" data-widget_type=\"heading.default\">\n\t\t\t\t<div class=\"elementor-widget-container\">\n\t\t\t\t\t<h4 class=\"elementor-heading-title elementor-size-default\">Seafood \u00b7 \u0627\u0644\u0645\u0623\u0643\u0648\u0644\u0627\u062a \u0627\u0644\u0628\u062d\u0631\u064a\u0629<\/h4>\t\t\t\t<\/div>\n\t\t\t\t<\/div>\n\t\t\t\t<div class=\"elementor-element elementor-element-0f4604f elementor-widget elementor-widget-text-editor\" data-id=\"0f4604f\" data-element_type=\"widget\" data-widget_type=\"text-editor.default\">\n\t\t\t\t<div class=\"elementor-widget-container\">\n\t\t\t\t\t\t\t\t\t<p style='text-align:right;font-size:11px;color:#aaa;font-style:italic;font-family:Georgia,serif;'><em>Fiyatlar\u0131m\u0131za KDV dahildir.<\/em><br><em>Kalori de\u011ferleri referans aral\u0131\u011f\u0131 olup pi\u015firme y\u00f6ntemi ve i\u00e7eri\u011fe g\u00f6re de\u011fi\u015fkenlik g\u00f6sterebilir.<\/em><\/p>\t\t\t\t\t\t\t\t<\/div>\n\t\t\t\t<\/div>\n\t\t\t\t\t<\/div>\n\t\t<\/div>\n\t\t\t\t\t<\/div>\n\t\t<\/section>\n\t\t\t\t<section class=\"elementor-section elementor-top-section elementor-element elementor-element-99644d0 elementor-section-boxed elementor-section-height-default elementor-section-height-default\" data-id=\"99644d0\" data-element_type=\"section\">\n\t\t\t\t\t\t<div class=\"elementor-container elementor-column-gap-default\">\n\t\t\t\t\t<div class=\"elementor-column elementor-col-100 elementor-top-column elementor-element elementor-element-e11a75d\" data-id=\"e11a75d\" data-element_type=\"column\">\n\t\t\t<div class=\"elementor-widget-wrap elementor-element-populated\">\n\t\t\t\t\t\t\t<\/div>\n\t\t<\/div>\n\t\t\t\t\t<\/div>\n\t\t<\/section>\n\t\t\t\t<section class=\"elementor-section elementor-top-section elementor-element elementor-element-e0b2627 elementor-section-boxed elementor-section-height-default elementor-section-height-default\" data-id=\"e0b2627\" data-element_type=\"section\">\n\t\t\t\t\t\t<div class=\"elementor-container elementor-column-gap-default\">\n\t\t\t\t\t<div class=\"elementor-column elementor-col-55 elementor-top-column elementor-element elementor-element-bc5e4d3\" data-id=\"bc5e4d3\" data-element_type=\"column\">\n\t\t\t<div class=\"elementor-widget-wrap elementor-element-populated\">\n\t\t\t\t\t\t\t<\/div>\n\t\t<\/div>\n\t\t\t\t<div class=\"elementor-column elementor-col-45 elementor-top-column elementor-element elementor-element-7e7f24e\" data-id=\"7e7f24e\" data-element_type=\"column\">\n\t\t\t<div class=\"elementor-widget-wrap elementor-element-populated\">\n\t\t\t\t\t\t<div class=\"elementor-element elementor-element-089a994 elementor-widget elementor-widget-text-editor\" data-id=\"089a994\" data-element_type=\"widget\" data-widget_type=\"text-editor.default\">\n\t\t\t\t<div class=\"elementor-widget-container\">\n\t\t\t\t\t\t\t\t\t<p style='font-family:Playfair Display;font-size:34px;font-weight:700;color:#1a1a1a;margin:0 0 4px;line-height:1.2;'>Padi\u015fah Bal\u0131k Tepsisi<\/p><p style='font-family:Georgia,serif;font-style:italic;font-size:13px;color:#2a7c6f;margin:0 0 10px;'>Imperial Fish Platter \u00b7 \u0637\u0628\u0642 \u0627\u0644\u0633\u0645\u0643 \u0627\u0644\u0625\u0645\u0628\u0631\u0627\u0637\u0648\u0631\u064a<\/p><p style='font-size:13px;color:#444;margin:0 0 10px;line-height:1.6;font-family:Georgia,serif;'>Mevsim bal\u0131klar\u0131 (4 \u00e7e\u015fit), roka yapraklar\u0131, k\u0131rm\u0131z\u0131 so\u011fan, baby patates, maydanozlu limon sos ile<\/p><p style='font-size:11px;color:#888888;margin:0 0 12px;'>480\u2013620 kcal<\/p><p style='font-size:16px;margin:5px 0 0;letter-spacing:2px;'>\ud83d\udc1f<\/p><p style='font-family:Playfair Display;font-size:40px;font-weight:700;color:#1a1a1a;margin:0;'>\u20ba\u2014<\/p><p style='font-size:12px;color:#888888;'>\/ porsiyon<\/p>\t\t\t\t\t\t\t\t<\/div>\n\t\t\t\t<\/div>\n\t\t\t\t\t<\/div>\n\t\t<\/div>\n\t\t\t\t\t<\/div>\n\t\t<\/section>\n\t\t\t\t<section class=\"elementor-section elementor-top-section elementor-element elementor-element-b4debd3 elementor-section-boxed elementor-section-height-default elementor-section-height-default\" data-id=\"b4debd3\" data-element_type=\"section\">\n\t\t\t\t\t\t<div class=\"elementor-container elementor-column-gap-default\">\n\t\t\t\t\t<div class=\"elementor-column elementor-col-50 elementor-top-column elementor-element elementor-element-8778e52\" data-id=\"8778e52\" data-element_type=\"column\">\n\t\t\t<div class=\"elementor-widget-wrap elementor-element-populated\">\n\t\t\t\t\t\t<div class=\"elementor-element elementor-element-7513a45 elementor-widget elementor-widget-text-editor\" data-id=\"7513a45\" data-element_type=\"widget\" data-widget_type=\"text-editor.default\">\n\t\t\t\t<div class=\"elementor-widget-container\">\n\t\t\t\t\t\t\t\t\t<div style='display:flex;justify-content:space-between;align-items:flex-start;padding:10px 0;border-bottom:1px solid #e8e3d8;'><div><p style='font-family:Playfair Display;font-size:15px;font-weight:700;color:#1a1a1a;margin:0 0 1px;'>Izgara Somon<\/p><p style='font-family:Georgia,serif;font-style:italic;font-size:11px;color:#2a7c6f;margin:0 0 1px;'>Grilled Salmon \u00b7 \u0633\u0644\u0645\u0648\u0646 \u0645\u0634\u0648\u064a<\/p><p style='font-size:10px;color:#888888;margin:0;'>480\u2013620 kcal<\/p><\/div><div style='text-align:right;min-width:70px;padding-left:8px;'><p style='font-family:Playfair Display;font-size:17px;font-weight:700;color:#1a1a1a;margin:0;'><\/p><p style='font-size:16px;margin:4px 0 4px;letter-spacing:2px;'>\ud83d\udc1f<\/p><p style='font-family:Playfair Display<p style='font-size:10px;color:#888888;margin:0;'>\/ porsiyon<\/p><\/div><\/div><div style='display:flex;justify-content:space-between;align-items:flex-start;padding:10px 0;border-bottom:1px solid #e8e3d8;'><div><p style='font-family:Playfair Display;font-size:15px;font-weight:700;color:#1a1a1a;margin:0 0 1px;'>Izgara Levrek<\/p><p style='font-family:Georgia,serif;font-style:italic;font-size:11px;color:#2a7c6f;margin:0 0 1px;'>Grilled Sea Bass \u00b7 \u0644\u0648\u0628\u0627\u0631\u0648 \u0645\u0634\u0648\u064a<\/p><p style='font-size:10px;color:#888888;margin:0;'>380\u2013500 kcal<\/p><\/div><div style='text-align:right;min-width:70px;padding-left:8px;'><p style='font-family:Playfair Display;font-size:17px;font-weight:700;color:#1a1a1a;margin:0;'>\u20ba\u2014<\/p><p style='font-size:10px;color:#888888;margin:0;'>\/ porsiyon<\/p><\/div><\/div><div style='display:flex;justify-content:space-between;align-items:flex-start;padding:10px 0;border-bottom:1px solid #e8e3d8;'><div><p style='font-family:Playfair Display;font-size:15px;font-weight:700;color:#1a1a1a;margin:0 0 1px;'>Izgara \u00c7upra<\/p><p style='font-family:Georgia,serif;font-style:italic;font-size:11px;color:#2a7c6f;margin:0 0 1px;'>Grilled Sea Bream \u00b7 \u062f\u0646\u064a\u0633 \u0645\u0634\u0648\u064a<\/p><p style='font-size:10px;color:#888888;margin:0;'>380\u2013480 kcal<\/p><\/div><div style='text-align:right;min-width:70px;padding-left:8px;'><p style='font-family:Playfair Display;font-size:17px;font-weight:700;color:#1a1a1a;margin:0;'>\u20ba\u2014<\/p><p style='font-size:10px;color:#888888;margin:0;'>\/ porsiyon<\/p><\/div><\/div><div style='display:flex;justify-content:space-between;align-items:flex-start;padding:10px 0;border-bottom:1px solid #e8e3d8;'><div><p style='font-family:Playfair Display;font-size:15px;font-weight:700;color:#1a1a1a;margin:0 0 1px;'>Mezgit<\/p><p style='font-family:Georgia,serif;font-style:italic;font-size:11px;color:#2a7c6f;margin:0 0 1px;'>Grilled Whiting \u00b7 \u0633\u0645\u0643 \u0623\u0628\u064a\u0636 \u0645\u0634\u0648\u064a<\/p><p style='font-size:10px;color:#888888;margin:0;'>380\u2013500 kcal<\/p><\/div><div style='text-align:right;min-width:70px;padding-left:8px;'><p style='font-family:Playfair Display;font-size:17px;font-weight:700;color:#1a1a1a;margin:0;'>\u20ba\u2014<\/p><p style='font-size:10px;color:#888888;margin:0;'>\/ porsiyon<\/p><\/div><\/div>\t\t\t\t\t\t\t\t<\/div>\n\t\t\t\t<\/div>\n\t\t\t\t\t<\/div>\n\t\t<\/div>\n\t\t\t\t<div class=\"elementor-column elementor-col-50 elementor-top-column elementor-element elementor-element-5eec7e5\" data-id=\"5eec7e5\" data-element_type=\"column\">\n\t\t\t<div class=\"elementor-widget-wrap elementor-element-populated\">\n\t\t\t\t\t\t<div class=\"elementor-element elementor-element-fcf838f elementor-widget elementor-widget-text-editor\" data-id=\"fcf838f\" data-element_type=\"widget\" data-widget_type=\"text-editor.default\">\n\t\t\t\t<div class=\"elementor-widget-container\">\n\t\t\t\t\t\t\t\t\t<div style='display:flex;justify-content:space-between;align-items:flex-start;padding:10px 0;border-bottom:1px solid #e8e3d8;'><div><p style='font-family:Playfair Display;font-size:15px;font-weight:700;color:#1a1a1a;margin:0 0 1px;'>Tereya\u011fl\u0131 Karides<\/p><p style='font-family:Georgia,serif;font-style:italic;font-size:11px;color:#2a7c6f;margin:0 0 1px;'>Buttered Shrimp \u00b7 \u062c\u0645\u0628\u0631\u064a \u0628\u0627\u0644\u0632\u0628\u062f\u0629<\/p><p style='font-size:10px;color:#888888;margin:0;'>320\u2013420 kcal<\/p><\/div><div style='text-align:right;min-width:70px;padding-left:8px;'><p style='font-family:Playfair Display;font-size:17px;font-weight:700;color:#1a1a1a;margin:0;'><\/p><p style='font-size:16px;margin:4px 0 4px;letter-spacing:2px;'>\ud83e\udd90 \ud83e\udd5b<\/p><p style='font-family:Playfair Display<p style='font-size:10px;color:#888888;margin:0;'>\/ porsiyon<\/p><\/div><\/div><div style='display:flex;justify-content:space-between;align-items:flex-start;padding:10px 0;border-bottom:1px solid #e8e3d8;'><div><p style='font-family:Playfair Display;font-size:15px;font-weight:700;color:#1a1a1a;margin:0 0 1px;'>Karides G\u00fcve\u00e7<\/p><p style='font-family:Georgia,serif;font-style:italic;font-size:11px;color:#2a7c6f;margin:0 0 1px;'>Shrimp Casserole \u00b7 \u064a\u062e\u0646\u0629 \u0627\u0644\u062c\u0645\u0628\u0631\u064a<\/p><p style='font-size:10px;color:#888888;margin:0;'>380\u2013500 kcal<\/p><\/div><div style='text-align:right;min-width:70px;padding-left:8px;'><p style='font-family:Playfair Display;font-size:17px;font-weight:700;color:#1a1a1a;margin:0;'>\u20ba\u2014<\/p><p style='font-size:10px;color:#888888;margin:0;'>\/ porsiyon<\/p><\/div><\/div><div style='display:flex;justify-content:space-between;align-items:flex-start;padding:10px 0;border-bottom:1px solid #e8e3d8;'><div><p style='font-family:Playfair Display;font-size:15px;font-weight:700;color:#1a1a1a;margin:0 0 1px;'>Bal\u0131k Ekmek<\/p><p style='font-family:Georgia,serif;font-style:italic;font-size:11px;color:#2a7c6f;margin:0 0 1px;'>Fish Sandwich \u00b7 \u0633\u0627\u0646\u062f\u0648\u064a\u0634 \u0627\u0644\u0633\u0645\u0643<\/p><p style='font-size:10px;color:#888888;margin:0;'>420\u2013540 kcal<\/p><\/div><div style='text-align:right;min-width:70px;padding-left:8px;'><p style='font-family:Playfair Display;font-size:17px;font-weight:700;color:#1a1a1a;margin:0;'>\u20ba\u2014<\/p><p style='font-size:10px;color:#888888;margin:0;'>\/ porsiyon<\/p><\/div><\/div>\t\t\t\t\t\t\t\t<\/div>\n\t\t\t\t<\/div>\n\t\t\t\t\t<\/div>\n\t\t<\/div>\n\t\t\t\t\t<\/div>\n\t\t<\/section>\n\t\t\t\t<\/div>","protected":false},"excerpt":{"rendered":"<p>DEN\u0130ZDEN SOFRAYA Bal\u0131klar Seafood \u00b7 \u0627\u0644\u0645\u0623\u0643\u0648\u0644\u0627\u062a \u0627\u0644\u0628\u062d\u0631\u064a\u0629 Fiyatlar\u0131m\u0131za KDV dahildir.Kalori de\u011ferleri referans aral\u0131\u011f\u0131 olup pi\u015firme y\u00f6ntemi ve i\u00e7eri\u011fe g\u00f6re de\u011fi\u015fkenlik g\u00f6sterebilir. Padi\u015fah Bal\u0131k Tepsisi Imperial Fish Platter \u00b7 \u0637\u0628\u0642 \u0627\u0644\u0633\u0645\u0643 \u0627\u0644\u0625\u0645\u0628\u0631\u0627\u0637\u0648\u0631\u064a Mevsim bal\u0131klar\u0131 (4 \u00e7e\u015fit), roka yapraklar\u0131, k\u0131rm\u0131z\u0131 so\u011fan, baby patates, maydanozlu limon sos ile 480\u2013620 kcal \ud83d\udc1f \u20ba\u2014 \/ porsiyon Izgara Somon Grilled Salmon [&hellip;]<\/p>","protected":false},"author":1,"featured_media":0,"parent":0,"menu_order":0,"comment_status":"closed","ping_status":"closed","template":"","meta":{"footnotes":""},"class_list":["post-3220","page","type-page","status-publish","hentry"],"_links":{"self":[{"href":"https:\/\/wokipoint.com.tr\/en\/wp-json\/wp\/v2\/pages\/3220","targetHints":{"allow":["GET"]}}],"collection":[{"href":"https:\/\/wokipoint.com.tr\/en\/wp-json\/wp\/v2\/pages"}],"about":[{"href":"https:\/\/wokipoint.com.tr\/en\/wp-json\/wp\/v2\/types\/page"}],"author":[{"embeddable":true,"href":"https:\/\/wokipoint.com.tr\/en\/wp-json\/wp\/v2\/users\/1"}],"replies":[{"embeddable":true,"href":"https:\/\/wokipoint.com.tr\/en\/wp-json\/wp\/v2\/comments?post=3220"}],"version-history":[{"count":3,"href":"https:\/\/wokipoint.com.tr\/en\/wp-json\/wp\/v2\/pages\/3220\/revisions"}],"predecessor-version":[{"id":3224,"href":"https:\/\/wokipoint.com.tr\/en\/wp-json\/wp\/v2\/pages\/3220\/revisions\/3224"}],"wp:attachment":[{"href":"https:\/\/wokipoint.com.tr\/en\/wp-json\/wp\/v2\/media?parent=3220"}],"curies":[{"name":"wp","href":"https:\/\/api.w.org\/{rel}","templated":true}]}}