{"id":3225,"date":"2026-04-15T08:01:52","date_gmt":"2026-04-15T08:01:52","guid":{"rendered":"https:\/\/wokipoint.com.tr\/?page_id=3225"},"modified":"2026-04-15T08:03:22","modified_gmt":"2026-04-15T08:03:22","slug":"hambu","status":"publish","type":"page","link":"https:\/\/wokipoint.com.tr\/en\/hambu\/","title":{"rendered":"hambu"},"content":{"rendered":"<div data-elementor-type=\"wp-page\" data-elementor-id=\"3225\" class=\"elementor elementor-3225\" data-elementor-post-type=\"page\">\n\t\t\t\t\t\t<section class=\"elementor-section elementor-top-section elementor-element elementor-element-c3280ae elementor-section-boxed elementor-section-height-default elementor-section-height-default\" data-id=\"c3280ae\" data-element_type=\"section\">\n\t\t\t\t\t\t<div class=\"elementor-container elementor-column-gap-default\">\n\t\t\t\t\t<div class=\"elementor-column elementor-col-100 elementor-top-column elementor-element elementor-element-f1e42a5\" data-id=\"f1e42a5\" data-element_type=\"column\">\n\t\t\t<div class=\"elementor-widget-wrap elementor-element-populated\">\n\t\t\t\t\t\t<div class=\"elementor-element elementor-element-99e7fc3 elementor-widget elementor-widget-text-editor\" data-id=\"99e7fc3\" data-element_type=\"widget\" data-widget_type=\"text-editor.default\">\n\t\t\t\t<div class=\"elementor-widget-container\">\n\t\t\t\t\t\t\t\t\t<p><span style='background:#c0392b;color:#fff;font-size:10px;font-weight:700;letter-spacing:2px;padding:3px 10px;border-radius:3px;'>EL YAPIMI &#038; \u00d6ZEL SOSLU<\/span><\/p>\t\t\t\t\t\t\t\t<\/div>\n\t\t\t\t<\/div>\n\t\t\t\t<div class=\"elementor-element elementor-element-7a39d55 elementor-widget elementor-widget-heading\" data-id=\"7a39d55\" data-element_type=\"widget\" data-widget_type=\"heading.default\">\n\t\t\t\t<div class=\"elementor-widget-container\">\n\t\t\t\t\t<h1 class=\"elementor-heading-title elementor-size-default\">Hamburgers<\/h1>\t\t\t\t<\/div>\n\t\t\t\t<\/div>\n\t\t\t\t<div class=\"elementor-element elementor-element-bcb73ad elementor-widget elementor-widget-heading\" data-id=\"bcb73ad\" data-element_type=\"widget\" data-widget_type=\"heading.default\">\n\t\t\t\t<div class=\"elementor-widget-container\">\n\t\t\t\t\t<h4 class=\"elementor-heading-title elementor-size-default\">Burgers \u00b7 \u0627\u0644\u0628\u0631\u063a\u0631<\/h4>\t\t\t\t<\/div>\n\t\t\t\t<\/div>\n\t\t\t\t<div class=\"elementor-element elementor-element-17d505d elementor-widget elementor-widget-text-editor\" data-id=\"17d505d\" data-element_type=\"widget\" data-widget_type=\"text-editor.default\">\n\t\t\t\t<div class=\"elementor-widget-container\">\n\t\t\t\t\t\t\t\t\t<p style='text-align:right;font-size:11px;color:#aaa;font-style:italic;font-family:Georgia,serif;'><em>Fiyatlar\u0131m\u0131za KDV dahildir.<\/em><br><em>Kalori de\u011ferleri referans aral\u0131\u011f\u0131 olup pi\u015firme y\u00f6ntemi ve i\u00e7eri\u011fe g\u00f6re de\u011fi\u015fkenlik g\u00f6sterebilir.<\/em><\/p>\t\t\t\t\t\t\t\t<\/div>\n\t\t\t\t<\/div>\n\t\t\t\t\t<\/div>\n\t\t<\/div>\n\t\t\t\t\t<\/div>\n\t\t<\/section>\n\t\t\t\t<section class=\"elementor-section elementor-top-section elementor-element elementor-element-4458579 elementor-section-boxed elementor-section-height-default elementor-section-height-default\" data-id=\"4458579\" data-element_type=\"section\">\n\t\t\t\t\t\t<div class=\"elementor-container elementor-column-gap-default\">\n\t\t\t\t\t<div class=\"elementor-column elementor-col-55 elementor-top-column elementor-element elementor-element-72993e9\" data-id=\"72993e9\" data-element_type=\"column\">\n\t\t\t<div class=\"elementor-widget-wrap elementor-element-populated\">\n\t\t\t\t\t\t\t<\/div>\n\t\t<\/div>\n\t\t\t\t<div class=\"elementor-column elementor-col-45 elementor-top-column elementor-element elementor-element-45e0c9d\" data-id=\"45e0c9d\" data-element_type=\"column\">\n\t\t\t<div class=\"elementor-widget-wrap elementor-element-populated\">\n\t\t\t\t\t\t<div class=\"elementor-element elementor-element-63f934f elementor-widget elementor-widget-text-editor\" data-id=\"63f934f\" data-element_type=\"widget\" data-widget_type=\"text-editor.default\">\n\t\t\t\t<div class=\"elementor-widget-container\">\n\t\t\t\t\t\t\t\t\t<p style='margin-bottom:10px;'><span style='background:#c0392b;color:#fff;font-size:10px;font-weight:700;letter-spacing:2px;padding:3px 10px;border-radius:3px;'>\u0130MZA LEZZET<\/span><\/p><p style='font-family:Playfair Display;font-size:34px;font-weight:700;color:#1a1a1a;margin:0 0 4px;line-height:1.2;'>Woki-Point Special Burger<\/p><p style='font-family:Georgia,serif;font-style:italic;font-size:13px;color:#2a7c6f;margin:0 0 10px;'>Signature Double Burger \u00b7 \u0628\u0631\u063a\u0631 \u0648\u0648\u0643\u064a \u0627\u0644\u062e\u0627\u0635<\/p><p style='font-size:13px;color:#444;margin:0 0 10px;line-height:1.6;font-family:Georgia,serif;'>Woki \u00f6zel burger sos, ikili burger k\u00f6ftesi, karamelize so\u011fan, peynir \u015felalesi, ka\u015f\u0131k patates ve bang bang sos ile<\/p><p style='font-size:11px;color:#888888;margin:0 0 12px;'>880\u20131000 kcal<\/p><p style='font-size:16px;margin:5px 0 0;letter-spacing:2px;'>\ud83c\udf3e \ud83e\udd5b \ud83e\udd5a<\/p><p style='font-family:Playfair Display;font-size:40px;font-weight:700;color:#1a1a1a;margin:0;'>\u20ba\u2014<\/p><p style='font-size:12px;color:#888888;'>\/ porsiyon<\/p>\t\t\t\t\t\t\t\t<\/div>\n\t\t\t\t<\/div>\n\t\t\t\t\t<\/div>\n\t\t<\/div>\n\t\t\t\t\t<\/div>\n\t\t<\/section>\n\t\t\t\t<section class=\"elementor-section elementor-top-section elementor-element elementor-element-1fe8c9d elementor-section-boxed elementor-section-height-default elementor-section-height-default\" data-id=\"1fe8c9d\" data-element_type=\"section\">\n\t\t\t\t\t\t<div class=\"elementor-container elementor-column-gap-default\">\n\t\t\t\t\t<div class=\"elementor-column elementor-col-45 elementor-top-column elementor-element elementor-element-73f0950\" data-id=\"73f0950\" data-element_type=\"column\">\n\t\t\t<div class=\"elementor-widget-wrap elementor-element-populated\">\n\t\t\t\t\t\t<div class=\"elementor-element elementor-element-7db0c0a elementor-widget elementor-widget-text-editor\" data-id=\"7db0c0a\" data-element_type=\"widget\" data-widget_type=\"text-editor.default\">\n\t\t\t\t<div class=\"elementor-widget-container\">\n\t\t\t\t\t\t\t\t\t<p style='margin-bottom:10px;'><span style='background:#e74c3c;color:#fff;font-size:10px;font-weight:700;letter-spacing:2px;padding:3px 10px;border-radius:3px;'>ACILI SE\u00c7\u0130M<\/span><\/p><p style='font-family:Playfair Display;font-size:34px;font-weight:700;color:#1a1a1a;margin:0 0 4px;line-height:1.2;'>Spicy Kovboy Burger<\/p><p style='font-family:Georgia,serif;font-style:italic;font-size:13px;color:#2a7c6f;margin:0 0 10px;'>Spicy Cowboy \u00b7 \u0628\u0631\u063a\u0631 \u0643\u0627\u0648\u0628\u0648\u064a \u062d\u0627\u0631<\/p><p style='font-size:13px;color:#444;margin:0 0 10px;line-height:1.6;font-family:Georgia,serif;'>Woki \u00f6zel sos, burger k\u00f6ftesi, cheddar peyniri, karamelize so\u011fan, dana f\u00fcme, meksika fasulyesi, avakado sos, ka\u015f\u0131k patates ve bang bang sos ile<\/p><p style='font-size:11px;color:#888888;margin:0 0 12px;'>800\u2013980 kcal<\/p><p style='font-size:16px;margin:5px 0 0;letter-spacing:2px;'>\ud83c\udf3e \ud83e\udd5b \ud83e\udd5a<\/p><p style='font-family:Playfair Display;font-size:40px;font-weight:700;color:#1a1a1a;margin:0;'>\u20ba\u2014<\/p><p style='font-size:12px;color:#888888;'>\/ porsiyon<\/p>\t\t\t\t\t\t\t\t<\/div>\n\t\t\t\t<\/div>\n\t\t\t\t\t<\/div>\n\t\t<\/div>\n\t\t\t\t<div class=\"elementor-column elementor-col-55 elementor-top-column elementor-element elementor-element-8511fc3\" data-id=\"8511fc3\" data-element_type=\"column\">\n\t\t\t<div class=\"elementor-widget-wrap elementor-element-populated\">\n\t\t\t\t\t\t\t<\/div>\n\t\t<\/div>\n\t\t\t\t\t<\/div>\n\t\t<\/section>\n\t\t\t\t<section class=\"elementor-section elementor-top-section elementor-element elementor-element-3af7c16 elementor-section-boxed elementor-section-height-default elementor-section-height-default\" data-id=\"3af7c16\" data-element_type=\"section\">\n\t\t\t\t\t\t<div class=\"elementor-container elementor-column-gap-extended\">\n\t\t\t\t\t<div class=\"elementor-column elementor-col-25 elementor-top-column elementor-element elementor-element-474b96b\" data-id=\"474b96b\" data-element_type=\"column\">\n\t\t\t<div class=\"elementor-widget-wrap elementor-element-populated\">\n\t\t\t\t\t\t<div class=\"elementor-element elementor-element-1095d03 elementor-widget elementor-widget-text-editor\" data-id=\"1095d03\" data-element_type=\"widget\" data-widget_type=\"text-editor.default\">\n\t\t\t\t<div class=\"elementor-widget-container\">\n\t\t\t\t\t\t\t\t\t<p style='font-family:Playfair Display;font-size:15px;font-weight:700;color:#1a1a1a;margin:10px 0 2px;'>Klasik Burger<\/p><p style='font-family:Georgia,serif;font-style:italic;font-size:11px;color:#2a7c6f;margin:0 0 5px;'>Classic Burger \u00b7 \u0628\u0631\u063a\u0631 \u0643\u0644\u0627\u0633\u064a\u0643<\/p><p style='font-size:12px;color:#555;margin:0 0 5px;line-height:1.5;'>Woki \u00f6zel burger sos, burger k\u00f6ftesi, karamelize so\u011fan, ka\u015f\u0131k patates, bang bang sos ile<\/p><p style='font-size:11px;color:#888888;margin:0 0 8px;'>680\u2013820 kcal<\/p><p style='font-size:16px;margin:5px 0 0;letter-spacing:2px;'>\ud83c\udf3e \ud83e\udd5b \ud83e\udd5a<\/p><p style='font-family:Playfair Display;font-size:18px;font-weight:700;color:#1a1a1a;margin:0;'>\u20ba\u2014 <span style='font-size:11px;color:#888888;font-weight:400;'>\/ porsiyon<\/span><\/p>\t\t\t\t\t\t\t\t<\/div>\n\t\t\t\t<\/div>\n\t\t\t\t\t<\/div>\n\t\t<\/div>\n\t\t\t\t<div class=\"elementor-column elementor-col-25 elementor-top-column elementor-element elementor-element-cd525f2\" data-id=\"cd525f2\" data-element_type=\"column\">\n\t\t\t<div class=\"elementor-widget-wrap elementor-element-populated\">\n\t\t\t\t\t\t<div class=\"elementor-element elementor-element-83e2a85 elementor-widget elementor-widget-text-editor\" data-id=\"83e2a85\" data-element_type=\"widget\" data-widget_type=\"text-editor.default\">\n\t\t\t\t<div class=\"elementor-widget-container\">\n\t\t\t\t\t\t\t\t\t<p style='font-family:Playfair Display;font-size:15px;font-weight:700;color:#1a1a1a;margin:10px 0 2px;'>\u00c7\u0131t\u0131r Tavuk Burger<\/p><p style='font-family:Georgia,serif;font-style:italic;font-size:11px;color:#2a7c6f;margin:0 0 5px;'>Crispy Chicken Burger \u00b7 \u0628\u0631\u063a\u0631 \u0627\u0644\u062f\u062c\u0627\u062c \u0627\u0644\u0645\u0642\u0631\u0645\u0634<\/p><p style='font-size:12px;color:#555;margin:0 0 5px;line-height:1.5;'>Woki \u00f6zel burger sos, burger k\u00f6ftesi, karamelize so\u011fan, cheddar peynir, ka\u015f\u0131k patates ve bang bang sos ile<\/p><p style='font-size:11px;color:#888888;margin:0 0 8px;'>720\u2013860 kcal<\/p><p style='font-size:16px;margin:5px 0 0;letter-spacing:2px;'>\ud83c\udf3e \ud83e\udd5b \ud83e\udd5a<\/p><p style='font-family:Playfair Display;font-size:18px;font-weight:700;color:#1a1a1a;margin:0;'>\u20ba\u2014 <span style='font-size:11px;color:#888888;font-weight:400;'>\/ porsiyon<\/span><\/p>\t\t\t\t\t\t\t\t<\/div>\n\t\t\t\t<\/div>\n\t\t\t\t\t<\/div>\n\t\t<\/div>\n\t\t\t\t<div class=\"elementor-column elementor-col-25 elementor-top-column elementor-element elementor-element-df86315\" data-id=\"df86315\" data-element_type=\"column\">\n\t\t\t<div class=\"elementor-widget-wrap elementor-element-populated\">\n\t\t\t\t\t\t<div class=\"elementor-element elementor-element-e45a7d3 elementor-widget elementor-widget-text-editor\" data-id=\"e45a7d3\" data-element_type=\"widget\" data-widget_type=\"text-editor.default\">\n\t\t\t\t<div class=\"elementor-widget-container\">\n\t\t\t\t\t\t\t\t\t<p style='font-family:Playfair Display;font-size:15px;font-weight:700;color:#1a1a1a;margin:10px 0 2px;'>Cheese Burger<\/p><p style='font-family:Georgia,serif;font-style:italic;font-size:11px;color:#2a7c6f;margin:0 0 5px;'>Cheeseburger \u00b7 \u0628\u0631\u063a\u0631 \u0628\u0627\u0644\u062c\u0628\u0646<\/p><p style='font-size:12px;color:#555;margin:0 0 5px;line-height:1.5;'>Woki \u00f6zel burger sos, burger k\u00f6ftesi, karamelize so\u011fan, cheddar peynir, ka\u015f\u0131k patates ve bang bang sos ile<\/p><p style='font-size:11px;color:#888888;margin:0 0 8px;'>720\u2013860 kcal<\/p><p style='font-size:16px;margin:5px 0 0;letter-spacing:2px;'>\ud83c\udf3e \ud83e\udd5b \ud83e\udd5a<\/p><p style='font-family:Playfair Display;font-size:18px;font-weight:700;color:#1a1a1a;margin:0;'>\u20ba\u2014 <span style='font-size:11px;color:#888888;font-weight:400;'>\/ porsiyon<\/span><\/p>\t\t\t\t\t\t\t\t<\/div>\n\t\t\t\t<\/div>\n\t\t\t\t\t<\/div>\n\t\t<\/div>\n\t\t\t\t<div class=\"elementor-column elementor-col-25 elementor-top-column elementor-element elementor-element-97e71f8\" data-id=\"97e71f8\" data-element_type=\"column\">\n\t\t\t<div class=\"elementor-widget-wrap elementor-element-populated\">\n\t\t\t\t\t\t<div class=\"elementor-element elementor-element-38c620f elementor-widget elementor-widget-text-editor\" data-id=\"38c620f\" data-element_type=\"widget\" data-widget_type=\"text-editor.default\">\n\t\t\t\t<div class=\"elementor-widget-container\">\n\t\t\t\t\t\t\t\t\t<p style='font-family:Playfair Display;font-size:15px;font-weight:700;color:#1a1a1a;margin:10px 0 2px;'>Chicken Burger<\/p><p style='font-family:Georgia,serif;font-style:italic;font-size:11px;color:#2a7c6f;margin:0 0 5px;'>Chicken Burger \u00b7 \u0628\u0631\u063a\u0631 \u062f\u062c\u0627\u062c<\/p><p style='font-size:12px;color:#555;margin:0 0 5px;line-height:1.5;'>Woki \u00f6zel burger sos, tavuk g\u00f6\u011f\u00fcs, cheddar peyniri, karamelize so\u011fan, ka\u015f\u0131k patates ve bang bang sos ile<\/p><p style='font-size:11px;color:#888888;margin:0 0 8px;'>680\u2013820 kcal<\/p><p style='font-size:16px;margin:5px 0 0;letter-spacing:2px;'>\ud83c\udf3e \ud83e\udd5b \ud83e\udd5a<\/p><p style='font-family:Playfair Display;font-size:18px;font-weight:700;color:#1a1a1a;margin:0;'>\u20ba\u2014 <span style='font-size:11px;color:#888888;font-weight:400;'>\/ porsiyon<\/span><\/p>\t\t\t\t\t\t\t\t<\/div>\n\t\t\t\t<\/div>\n\t\t\t\t\t<\/div>\n\t\t<\/div>\n\t\t\t\t\t<\/div>\n\t\t<\/section>\n\t\t\t\t<section class=\"elementor-section elementor-top-section elementor-element elementor-element-75af520 elementor-section-boxed elementor-section-height-default elementor-section-height-default\" data-id=\"75af520\" data-element_type=\"section\">\n\t\t\t\t\t\t<div class=\"elementor-container elementor-column-gap-extended\">\n\t\t\t\t\t<div class=\"elementor-column elementor-col-25 elementor-top-column elementor-element elementor-element-85f247e\" data-id=\"85f247e\" data-element_type=\"column\">\n\t\t\t<div class=\"elementor-widget-wrap elementor-element-populated\">\n\t\t\t\t\t\t<div class=\"elementor-element elementor-element-789c245 elementor-widget elementor-widget-text-editor\" data-id=\"789c245\" data-element_type=\"widget\" data-widget_type=\"text-editor.default\">\n\t\t\t\t<div class=\"elementor-widget-container\">\n\t\t\t\t\t\t\t\t\t<p style='font-family:Playfair Display;font-size:15px;font-weight:700;color:#1a1a1a;margin:10px 0 2px;'>Tex Mex Burger<\/p><p style='font-family:Georgia,serif;font-style:italic;font-size:11px;color:#2a7c6f;margin:0 0 5px;'>Tex Mex Burger \u00b7 \u0628\u0631\u063a\u0631 \u062a\u0643\u0633 \u0645\u0643\u0633<\/p><p style='font-size:12px;color:#555;margin:0 0 5px;line-height:1.5;'>Woki \u00f6zel burger sos, burger k\u00f6ftesi, karamelize so\u011fan, cheddar peynir, mantar, k\u00f6z biber, ka\u015f\u0131k patates ve bang bang sos ile<\/p><p style='font-size:11px;color:#888888;margin:0 0 8px;'>760\u2013920 kcal<\/p><p style='font-size:16px;margin:5px 0 0;letter-spacing:2px;'>\ud83c\udf3e \ud83e\udd5b \ud83e\udd5a<\/p><p style='font-family:Playfair Display;font-size:18px;font-weight:700;color:#1a1a1a;margin:0;'>\u20ba\u2014 <span style='font-size:11px;color:#888888;font-weight:400;'>\/ porsiyon<\/span><\/p>\t\t\t\t\t\t\t\t<\/div>\n\t\t\t\t<\/div>\n\t\t\t\t\t<\/div>\n\t\t<\/div>\n\t\t\t\t<div class=\"elementor-column elementor-col-25 elementor-top-column elementor-element elementor-element-0392b49\" data-id=\"0392b49\" data-element_type=\"column\">\n\t\t\t<div class=\"elementor-widget-wrap elementor-element-populated\">\n\t\t\t\t\t\t<div class=\"elementor-element elementor-element-1d4a3ae elementor-widget elementor-widget-text-editor\" data-id=\"1d4a3ae\" data-element_type=\"widget\" data-widget_type=\"text-editor.default\">\n\t\t\t\t<div class=\"elementor-widget-container\">\n\t\t\t\t\t\t\t\t\t<p style='font-family:Playfair Display;font-size:15px;font-weight:700;color:#1a1a1a;margin:10px 0 2px;'>Crispy Burger<\/p><p style='font-family:Georgia,serif;font-style:italic;font-size:11px;color:#2a7c6f;margin:0 0 5px;'>Crispy Burger \u00b7 \u0628\u0631\u063a\u0631 \u0645\u0642\u0631\u0645\u0634<\/p><p style='font-size:12px;color:#555;margin:0 0 5px;line-height:1.5;'>Woki \u00f6zel sos, burger k\u00f6ftesi, karamelize so\u011fan, cheddar peyniri, \u00f6zel pane harc\u0131yla \u00e7\u0131t\u0131rla\u015ft\u0131r\u0131lm\u0131\u015f g\u00fclle burger, ka\u015f\u0131k patates ve bang bang sos ile<\/p><p style='font-size:11px;color:#888888;margin:0 0 8px;'>800\u2013960 kcal<\/p><p style='font-size:16px;margin:5px 0 0;letter-spacing:2px;'>\ud83c\udf3e \ud83e\udd5b \ud83e\udd5a<\/p><p style='font-family:Playfair Display;font-size:18px;font-weight:700;color:#1a1a1a;margin:0;'>\u20ba\u2014 <span style='font-size:11px;color:#888888;font-weight:400;'>\/ porsiyon<\/span><\/p>\t\t\t\t\t\t\t\t<\/div>\n\t\t\t\t<\/div>\n\t\t\t\t\t<\/div>\n\t\t<\/div>\n\t\t\t\t<div class=\"elementor-column elementor-col-25 elementor-top-column elementor-element elementor-element-cbb5b07\" data-id=\"cbb5b07\" data-element_type=\"column\">\n\t\t\t<div class=\"elementor-widget-wrap elementor-element-populated\">\n\t\t\t\t\t\t<div class=\"elementor-element elementor-element-06c1810 elementor-widget elementor-widget-text-editor\" data-id=\"06c1810\" data-element_type=\"widget\" data-widget_type=\"text-editor.default\">\n\t\t\t\t<div class=\"elementor-widget-container\">\n\t\t\t\t\t\t\t\t\t<p style='font-family:Playfair Display;font-size:15px;font-weight:700;color:#1a1a1a;margin:10px 0 2px;'>Garlic Blue Burger<\/p><p style='font-family:Georgia,serif;font-style:italic;font-size:11px;color:#2a7c6f;margin:0 0 5px;'>Garlic Blue \u00b7 \u0628\u0631\u063a\u0631 \u0627\u0644\u062b\u0648\u0645 \u0648\u0627\u0644\u062c\u0628\u0646 \u0627\u0644\u0623\u0632\u0631\u0642<\/p><p style='font-size:12px;color:#555;margin:0 0 5px;line-height:1.5;'>Woki \u00f6zel burger sos, burger k\u00f6ftesi, cheddar peyniri, karamelize so\u011fan, sar\u0131msak, mantar, blue peynir, ka\u015f\u0131k patates ve bang bang sos ile<\/p><p style='font-size:11px;color:#888888;margin:0 0 8px;'>780\u2013960 kcal<\/p><p style='font-size:16px;margin:5px 0 0;letter-spacing:2px;'>\ud83c\udf3e \ud83e\udd5b \ud83e\udd5a<\/p><p style='font-family:Playfair Display;font-size:18px;font-weight:700;color:#1a1a1a;margin:0;'>\u20ba\u2014 <span style='font-size:11px;color:#888888;font-weight:400;'>\/ porsiyon<\/span><\/p>\t\t\t\t\t\t\t\t<\/div>\n\t\t\t\t<\/div>\n\t\t\t\t\t<\/div>\n\t\t<\/div>\n\t\t\t\t<div class=\"elementor-column elementor-col-25 elementor-top-column elementor-element elementor-element-8afdb3d\" data-id=\"8afdb3d\" data-element_type=\"column\">\n\t\t\t<div class=\"elementor-widget-wrap elementor-element-populated\">\n\t\t\t\t\t\t<div class=\"elementor-element elementor-element-72ab4a2 elementor-widget elementor-widget-text-editor\" data-id=\"72ab4a2\" data-element_type=\"widget\" data-widget_type=\"text-editor.default\">\n\t\t\t\t<div class=\"elementor-widget-container\">\n\t\t\t\t\t\t\t\t\t<p style='font-family:Playfair Display;font-size:15px;font-weight:700;color:#1a1a1a;margin:10px 0 2px;'>Chocolate Burger<\/p><p style='font-family:Georgia,serif;font-style:italic;font-size:11px;color:#2a7c6f;margin:0 0 5px;'>Chocolate Burger \u00b7 \u0628\u0631\u063a\u0631 \u0627\u0644\u0634\u0648\u0643\u0648\u0644\u0627\u062a\u0629<\/p><p style='font-size:12px;color:#555;margin:0 0 5px;line-height:1.5;'>Woki \u00f6zel burger sos, burger k\u00f6ftesi, cheddar peyniri, karamelize so\u011fan, \u00f6zel \u00e7ikolata sos, ka\u015f\u0131k patates ve bang bang sos ile<\/p><p style='font-size:11px;color:#888888;margin:0 0 8px;'>780\u2013960 kcal<\/p><p style='font-size:16px;margin:5px 0 0;letter-spacing:2px;'>\ud83c\udf3e \ud83e\udd5b \ud83e\udd5a<\/p><p style='font-family:Playfair Display;font-size:18px;font-weight:700;color:#1a1a1a;margin:0;'>\u20ba\u2014 <span style='font-size:11px;color:#888888;font-weight:400;'>\/ porsiyon<\/span><\/p>\t\t\t\t\t\t\t\t<\/div>\n\t\t\t\t<\/div>\n\t\t\t\t\t<\/div>\n\t\t<\/div>\n\t\t\t\t\t<\/div>\n\t\t<\/section>\n\t\t\t\t<\/div>","protected":false},"excerpt":{"rendered":"<p>EL YAPIMI &#038; \u00d6ZEL SOSLU Hamburgerler Burgers \u00b7 \u0627\u0644\u0628\u0631\u063a\u0631 Fiyatlar\u0131m\u0131za KDV dahildir.Kalori de\u011ferleri referans aral\u0131\u011f\u0131 olup pi\u015firme y\u00f6ntemi ve i\u00e7eri\u011fe g\u00f6re de\u011fi\u015fkenlik g\u00f6sterebilir. \u0130MZA LEZZET Woki-Point Special Burger Signature Double Burger \u00b7 \u0628\u0631\u063a\u0631 \u0648\u0648\u0643\u064a \u0627\u0644\u062e\u0627\u0635 Woki \u00f6zel burger sos, ikili burger k\u00f6ftesi, karamelize so\u011fan, peynir \u015felalesi, ka\u015f\u0131k patates ve bang bang sos ile 880\u20131000 kcal [&hellip;]<\/p>","protected":false},"author":1,"featured_media":0,"parent":0,"menu_order":0,"comment_status":"closed","ping_status":"closed","template":"","meta":{"footnotes":""},"class_list":["post-3225","page","type-page","status-publish","hentry"],"_links":{"self":[{"href":"https:\/\/wokipoint.com.tr\/en\/wp-json\/wp\/v2\/pages\/3225","targetHints":{"allow":["GET"]}}],"collection":[{"href":"https:\/\/wokipoint.com.tr\/en\/wp-json\/wp\/v2\/pages"}],"about":[{"href":"https:\/\/wokipoint.com.tr\/en\/wp-json\/wp\/v2\/types\/page"}],"author":[{"embeddable":true,"href":"https:\/\/wokipoint.com.tr\/en\/wp-json\/wp\/v2\/users\/1"}],"replies":[{"embeddable":true,"href":"https:\/\/wokipoint.com.tr\/en\/wp-json\/wp\/v2\/comments?post=3225"}],"version-history":[{"count":3,"href":"https:\/\/wokipoint.com.tr\/en\/wp-json\/wp\/v2\/pages\/3225\/revisions"}],"predecessor-version":[{"id":3229,"href":"https:\/\/wokipoint.com.tr\/en\/wp-json\/wp\/v2\/pages\/3225\/revisions\/3229"}],"wp:attachment":[{"href":"https:\/\/wokipoint.com.tr\/en\/wp-json\/wp\/v2\/media?parent=3225"}],"curies":[{"name":"wp","href":"https:\/\/api.w.org\/{rel}","templated":true}]}}