{"id":3230,"date":"2026-04-15T08:14:05","date_gmt":"2026-04-15T08:14:05","guid":{"rendered":"https:\/\/wokipoint.com.tr\/?page_id=3230"},"modified":"2026-04-15T08:14:09","modified_gmt":"2026-04-15T08:14:09","slug":"pizzalar-2","status":"publish","type":"page","link":"https:\/\/wokipoint.com.tr\/en\/pizzalar-2\/","title":{"rendered":"pizzalar"},"content":{"rendered":"<div data-elementor-type=\"wp-page\" data-elementor-id=\"3230\" class=\"elementor elementor-3230\" data-elementor-post-type=\"page\">\n\t\t\t\t\t\t<section class=\"elementor-section elementor-top-section elementor-element elementor-element-2de44b7 elementor-section-boxed elementor-section-height-default elementor-section-height-default\" data-id=\"2de44b7\" data-element_type=\"section\">\n\t\t\t\t\t\t<div class=\"elementor-container elementor-column-gap-default\">\n\t\t\t\t\t<div class=\"elementor-column elementor-col-100 elementor-top-column elementor-element elementor-element-310abe9\" data-id=\"310abe9\" data-element_type=\"column\">\n\t\t\t<div class=\"elementor-widget-wrap elementor-element-populated\">\n\t\t\t\t\t\t<div class=\"elementor-element elementor-element-482c6bc elementor-widget elementor-widget-text-editor\" data-id=\"482c6bc\" data-element_type=\"widget\" data-widget_type=\"text-editor.default\">\n\t\t\t\t<div class=\"elementor-widget-container\">\n\t\t\t\t\t\t\t\t\t<p><span style='background:#c0392b;color:#fff;font-size:10px;font-weight:700;letter-spacing:2px;padding:3px 10px;border-radius:3px;'>TA\u015e FIRINDA \u00b7 32 CM<\/span><\/p>\t\t\t\t\t\t\t\t<\/div>\n\t\t\t\t<\/div>\n\t\t\t\t<div class=\"elementor-element elementor-element-bccadc8 elementor-widget elementor-widget-heading\" data-id=\"bccadc8\" data-element_type=\"widget\" data-widget_type=\"heading.default\">\n\t\t\t\t<div class=\"elementor-widget-container\">\n\t\t\t\t\t<h1 class=\"elementor-heading-title elementor-size-default\">Pizzas<\/h1>\t\t\t\t<\/div>\n\t\t\t\t<\/div>\n\t\t\t\t<div class=\"elementor-element elementor-element-9a19e8c elementor-widget elementor-widget-heading\" data-id=\"9a19e8c\" data-element_type=\"widget\" data-widget_type=\"heading.default\">\n\t\t\t\t<div class=\"elementor-widget-container\">\n\t\t\t\t\t<h4 class=\"elementor-heading-title elementor-size-default\">Pizza \u00b7 \u0627\u0644\u0628\u064a\u062a\u0632\u0627<\/h4>\t\t\t\t<\/div>\n\t\t\t\t<\/div>\n\t\t\t\t<div class=\"elementor-element elementor-element-978f849 elementor-widget elementor-widget-text-editor\" data-id=\"978f849\" data-element_type=\"widget\" data-widget_type=\"text-editor.default\">\n\t\t\t\t<div class=\"elementor-widget-container\">\n\t\t\t\t\t\t\t\t\t<p style='text-align:right;font-size:11px;color:#aaa;font-style:italic;font-family:Georgia,serif;'><em>Fiyatlar\u0131m\u0131za KDV dahildir.<\/em><br><em>Kalori de\u011ferleri referans aral\u0131\u011f\u0131 olup pi\u015firme y\u00f6ntemi ve i\u00e7eri\u011fe g\u00f6re de\u011fi\u015fkenlik g\u00f6sterebilir.<\/em><\/p>\t\t\t\t\t\t\t\t<\/div>\n\t\t\t\t<\/div>\n\t\t\t\t\t<\/div>\n\t\t<\/div>\n\t\t\t\t\t<\/div>\n\t\t<\/section>\n\t\t\t\t<section class=\"elementor-section elementor-top-section elementor-element elementor-element-fa19ae2 elementor-section-boxed elementor-section-height-default elementor-section-height-default\" data-id=\"fa19ae2\" data-element_type=\"section\">\n\t\t\t\t\t\t<div class=\"elementor-container elementor-column-gap-default\">\n\t\t\t\t\t<div class=\"elementor-column elementor-col-55 elementor-top-column elementor-element elementor-element-2606023\" data-id=\"2606023\" data-element_type=\"column\">\n\t\t\t<div class=\"elementor-widget-wrap elementor-element-populated\">\n\t\t\t\t\t\t\t<\/div>\n\t\t<\/div>\n\t\t\t\t<div class=\"elementor-column elementor-col-45 elementor-top-column elementor-element elementor-element-626ccb4\" data-id=\"626ccb4\" data-element_type=\"column\">\n\t\t\t<div class=\"elementor-widget-wrap elementor-element-populated\">\n\t\t\t\t\t\t<div class=\"elementor-element elementor-element-a6b0e32 elementor-widget elementor-widget-text-editor\" data-id=\"a6b0e32\" data-element_type=\"widget\" data-widget_type=\"text-editor.default\">\n\t\t\t\t<div class=\"elementor-widget-container\">\n\t\t\t\t\t\t\t\t\t<p style='margin-bottom:10px;'><span style='background:#2a7c6f;color:#fff;font-size:10px;font-weight:700;letter-spacing:2px;padding:3px 10px;border-radius:3px;'>\u00d6ZEL LEZZET<\/span><\/p><p style='font-family:Playfair Display;font-size:34px;font-weight:700;color:#1a1a1a;margin:0 0 4px;line-height:1.2;'>Woki Beef<\/p><p style='font-family:Georgia,serif;font-style:italic;font-size:13px;color:#2a7c6f;margin:0 0 10px;'>Woki Beef Pizza \u00b7 \u0628\u064a\u062a\u0632\u0627 \u0627\u0644\u0644\u062d\u0645 \u0627\u0644\u0628\u0642\u0631\u064a<\/p><p style='font-size:13px;color:#444;margin:0 0 10px;line-height:1.6;font-family:Georgia,serif;'>\u00d6zel domates sos, k\u00fcp mozerella, dana bonfile dilimleri, k\u00fclt\u00fcr mantar, kaliforniya biber, \u00e7eri domates, so\u011fan, roka yapraklar\u0131 ve permasan ile<\/p><p style='font-size:11px;color:#888888;margin:0 0 12px;'>680\u2013820 kcal<\/p><p style='font-size:16px;margin:5px 0 0;letter-spacing:2px;'>\ud83c\udf3e \ud83e\udd5b<\/p><p style='font-family:Playfair Display;font-size:40px;font-weight:700;color:#1a1a1a;margin:0;'>\u20ba\u2014<\/p><p style='font-size:12px;color:#888888;'>\/ porsiyon<\/p>\t\t\t\t\t\t\t\t<\/div>\n\t\t\t\t<\/div>\n\t\t\t\t\t<\/div>\n\t\t<\/div>\n\t\t\t\t\t<\/div>\n\t\t<\/section>\n\t\t\t\t<section class=\"elementor-section elementor-top-section elementor-element elementor-element-a287942 elementor-section-boxed elementor-section-height-default elementor-section-height-default\" data-id=\"a287942\" data-element_type=\"section\">\n\t\t\t\t\t\t<div class=\"elementor-container elementor-column-gap-default\">\n\t\t\t\t\t<div class=\"elementor-column elementor-col-100 elementor-top-column elementor-element elementor-element-2a025d9\" data-id=\"2a025d9\" data-element_type=\"column\">\n\t\t\t<div class=\"elementor-widget-wrap elementor-element-populated\">\n\t\t\t\t\t\t<div class=\"elementor-element elementor-element-9f4f39d elementor-widget elementor-widget-text-editor\" data-id=\"9f4f39d\" data-element_type=\"widget\" data-widget_type=\"text-editor.default\">\n\t\t\t\t<div class=\"elementor-widget-container\">\n\t\t\t\t\t\t\t\t\t<div style='border-left:3px solid #2a7c6f;padding:8px 14px;background:#ede8df;border-radius:0 5px 5px 0;'><p style='font-family:Georgia,serif;font-style:italic;font-size:13px;color:#555;margin:0;'>T\u00fcm pizzalar\u0131m\u0131z ince hamurlu ve 32 cm olarak haz\u0131rlan\u0131r. \u00b7 All our pizzas are thin-crust and 32 cm.<\/p><\/div>\t\t\t\t\t\t\t\t<\/div>\n\t\t\t\t<\/div>\n\t\t\t\t\t<\/div>\n\t\t<\/div>\n\t\t\t\t\t<\/div>\n\t\t<\/section>\n\t\t\t\t<section class=\"elementor-section elementor-top-section elementor-element elementor-element-51db0a9 elementor-section-boxed elementor-section-height-default elementor-section-height-default\" data-id=\"51db0a9\" data-element_type=\"section\">\n\t\t\t\t\t\t<div class=\"elementor-container elementor-column-gap-extended\">\n\t\t\t\t\t<div class=\"elementor-column elementor-col-25 elementor-top-column elementor-element elementor-element-5e38eaa\" data-id=\"5e38eaa\" data-element_type=\"column\">\n\t\t\t<div class=\"elementor-widget-wrap elementor-element-populated\">\n\t\t\t\t\t\t<div class=\"elementor-element elementor-element-8f29ff3 elementor-widget elementor-widget-text-editor\" data-id=\"8f29ff3\" data-element_type=\"widget\" data-widget_type=\"text-editor.default\">\n\t\t\t\t<div class=\"elementor-widget-container\">\n\t\t\t\t\t\t\t\t\t<p style='font-family:Playfair Display;font-size:15px;font-weight:700;color:#1a1a1a;margin:10px 0 2px;'>Margarita<\/p><p style='font-family:Georgia,serif;font-style:italic;font-size:11px;color:#2a7c6f;margin:0 0 5px;'>Margherita \u00b7 \u0645\u0627\u0631\u063a\u0631\u064a\u062a\u0627<\/p><p style='font-size:12px;color:#555;margin:0 0 5px;line-height:1.5;'>\u00d6zel domates sos, k\u00fcp mozerella, \u00e7eri domates ve \u00f6zel pesto sos ile<\/p><p style='font-size:11px;color:#888888;margin:0 0 8px;'>680\u2013820 kcal<\/p><p style='font-size:16px;margin:5px 0 0;letter-spacing:2px;'>\ud83c\udf3e \ud83e\udd5b<\/p><p style='font-family:Playfair Display;font-size:18px;font-weight:700;color:#1a1a1a;margin:0;'>\u20ba\u2014 <span style='font-size:11px;color:#888888;font-weight:400;'>\/ porsiyon<\/span><\/p>\t\t\t\t\t\t\t\t<\/div>\n\t\t\t\t<\/div>\n\t\t\t\t\t<\/div>\n\t\t<\/div>\n\t\t\t\t<div class=\"elementor-column elementor-col-25 elementor-top-column elementor-element elementor-element-c865450\" data-id=\"c865450\" data-element_type=\"column\">\n\t\t\t<div class=\"elementor-widget-wrap elementor-element-populated\">\n\t\t\t\t\t\t<div class=\"elementor-element elementor-element-77da1ed elementor-widget elementor-widget-text-editor\" data-id=\"77da1ed\" data-element_type=\"widget\" data-widget_type=\"text-editor.default\">\n\t\t\t\t<div class=\"elementor-widget-container\">\n\t\t\t\t\t\t\t\t\t<p style='font-family:Playfair Display;font-size:15px;font-weight:700;color:#1a1a1a;margin:10px 0 2px;'>Funghi<\/p><p style='font-family:Georgia,serif;font-style:italic;font-size:11px;color:#2a7c6f;margin:0 0 5px;'>Mushroom \u00b7 \u0628\u064a\u062a\u0632\u0627 \u0627\u0644\u0641\u0637\u0631<\/p><p style='font-size:12px;color:#555;margin:0 0 5px;line-height:1.5;'>\u00d6zel domates sos, k\u00fcp mozerella, k\u00fclt\u00fcr mantar\u0131, roka yapraklar\u0131 ve permasan ile<\/p><p style='font-size:11px;color:#888888;margin:0 0 8px;'>720\u2013860 kcal<\/p><p style='font-size:16px;margin:5px 0 0;letter-spacing:2px;'>\ud83c\udf3e \ud83e\udd5b<\/p><p style='font-family:Playfair Display;font-size:18px;font-weight:700;color:#1a1a1a;margin:0;'>\u20ba\u2014 <span style='font-size:11px;color:#888888;font-weight:400;'>\/ porsiyon<\/span><\/p>\t\t\t\t\t\t\t\t<\/div>\n\t\t\t\t<\/div>\n\t\t\t\t\t<\/div>\n\t\t<\/div>\n\t\t\t\t<div class=\"elementor-column elementor-col-25 elementor-top-column elementor-element elementor-element-6af66ee\" data-id=\"6af66ee\" data-element_type=\"column\">\n\t\t\t<div class=\"elementor-widget-wrap elementor-element-populated\">\n\t\t\t\t\t\t<div class=\"elementor-element elementor-element-86dc555 elementor-widget elementor-widget-text-editor\" data-id=\"86dc555\" data-element_type=\"widget\" data-widget_type=\"text-editor.default\">\n\t\t\t\t<div class=\"elementor-widget-container\">\n\t\t\t\t\t\t\t\t\t<p style='font-family:Playfair Display;font-size:15px;font-weight:700;color:#1a1a1a;margin:10px 0 2px;'>Vegeterian<\/p><p style='font-family:Georgia,serif;font-style:italic;font-size:11px;color:#2a7c6f;margin:0 0 5px;'>Vegetarian \u00b7 \u0628\u064a\u062a\u0632\u0627 \u0646\u0628\u0627\u062a\u064a\u0629<\/p><p style='font-size:12px;color:#555;margin:0 0 5px;line-height:1.5;'>\u00d6zel domates sos, k\u00fcp mozerella, enginar kalbi, k\u00fclt\u00fcr mantar, so\u011fan, \u00e7eri domates, kalifornia biber, zeytin, roka ve permasan ile<\/p><p style='font-size:11px;color:#888888;margin:0 0 8px;'>700\u2013850 kcal<\/p><p style='font-size:16px;margin:5px 0 0;letter-spacing:2px;'>\ud83c\udf3e \ud83e\udd5b<\/p><p style='font-family:Playfair Display;font-size:18px;font-weight:700;color:#1a1a1a;margin:0;'>\u20ba\u2014 <span style='font-size:11px;color:#888888;font-weight:400;'>\/ porsiyon<\/span><\/p>\t\t\t\t\t\t\t\t<\/div>\n\t\t\t\t<\/div>\n\t\t\t\t\t<\/div>\n\t\t<\/div>\n\t\t\t\t<div class=\"elementor-column elementor-col-25 elementor-top-column elementor-element elementor-element-5a4d308\" data-id=\"5a4d308\" data-element_type=\"column\">\n\t\t\t<div class=\"elementor-widget-wrap elementor-element-populated\">\n\t\t\t\t\t\t<div class=\"elementor-element elementor-element-e9c4520 elementor-widget elementor-widget-text-editor\" data-id=\"e9c4520\" data-element_type=\"widget\" data-widget_type=\"text-editor.default\">\n\t\t\t\t<div class=\"elementor-widget-container\">\n\t\t\t\t\t\t\t\t\t<p style='font-family:Playfair Display;font-size:15px;font-weight:700;color:#1a1a1a;margin:10px 0 2px;'>Pizza Florentina<\/p><p style='font-family:Georgia,serif;font-style:italic;font-size:11px;color:#2a7c6f;margin:0 0 5px;'>Florentine \u00b7 \u0628\u064a\u062a\u0632\u0627 \u0641\u0644\u0648\u0631\u0646\u062a\u064a\u0646\u0627<\/p><p style='font-size:12px;color:#555;margin:0 0 5px;line-height:1.5;'>\u00d6zel domates sos, k\u00fcp mozerella, baby \u0131spanak, yar\u0131m ya\u011fl\u0131 ezine peyniri, roka yapraklar\u0131 ve permasan ile<\/p><p style='font-size:11px;color:#888888;margin:0 0 8px;'>720\u2013860 kcal<\/p><p style='font-size:16px;margin:5px 0 0;letter-spacing:2px;'>\ud83c\udf3e \ud83e\udd5b<\/p><p style='font-family:Playfair Display;font-size:18px;font-weight:700;color:#1a1a1a;margin:0;'>\u20ba\u2014 <span style='font-size:11px;color:#888888;font-weight:400;'>\/ porsiyon<\/span><\/p>\t\t\t\t\t\t\t\t<\/div>\n\t\t\t\t<\/div>\n\t\t\t\t\t<\/div>\n\t\t<\/div>\n\t\t\t\t\t<\/div>\n\t\t<\/section>\n\t\t\t\t<section class=\"elementor-section elementor-top-section elementor-element elementor-element-85b6ceb elementor-section-boxed elementor-section-height-default elementor-section-height-default\" data-id=\"85b6ceb\" data-element_type=\"section\">\n\t\t\t\t\t\t<div class=\"elementor-container elementor-column-gap-extended\">\n\t\t\t\t\t<div class=\"elementor-column elementor-col-25 elementor-top-column elementor-element elementor-element-a282c7d\" data-id=\"a282c7d\" data-element_type=\"column\">\n\t\t\t<div class=\"elementor-widget-wrap elementor-element-populated\">\n\t\t\t\t\t\t<div class=\"elementor-element elementor-element-319977f elementor-widget elementor-widget-text-editor\" data-id=\"319977f\" data-element_type=\"widget\" data-widget_type=\"text-editor.default\">\n\t\t\t\t<div class=\"elementor-widget-container\">\n\t\t\t\t\t\t\t\t\t<p style='font-family:Playfair Display;font-size:15px;font-weight:700;color:#1a1a1a;margin:10px 0 2px;'>Positano<\/p><p style='font-family:Georgia,serif;font-style:italic;font-size:11px;color:#2a7c6f;margin:0 0 5px;'>Positano \u00b7 \u0628\u064a\u062a\u0632\u0627 \u0628\u0648\u0632\u064a\u062a\u0627\u0646\u0648<\/p><p style='font-size:12px;color:#555;margin:0 0 5px;line-height:1.5;'>\u00d6zel domates sos, k\u00fcp mozerella, sucuk, sosis, renkli biberler, k\u00fclt\u00fcr mantar, m\u0131s\u0131r ve zeytin ile<\/p><p style='font-size:11px;color:#888888;margin:0 0 8px;'>800\u2013980 kcal<\/p><p style='font-size:16px;margin:5px 0 0;letter-spacing:2px;'>\ud83c\udf3e \ud83e\udd5b<\/p><p style='font-family:Playfair Display;font-size:18px;font-weight:700;color:#1a1a1a;margin:0;'>\u20ba\u2014 <span style='font-size:11px;color:#888888;font-weight:400;'>\/ porsiyon<\/span><\/p>\t\t\t\t\t\t\t\t<\/div>\n\t\t\t\t<\/div>\n\t\t\t\t\t<\/div>\n\t\t<\/div>\n\t\t\t\t<div class=\"elementor-column elementor-col-25 elementor-top-column elementor-element elementor-element-9d8dd32\" data-id=\"9d8dd32\" data-element_type=\"column\">\n\t\t\t<div class=\"elementor-widget-wrap elementor-element-populated\">\n\t\t\t\t\t\t<div class=\"elementor-element elementor-element-49717b9 elementor-widget elementor-widget-text-editor\" data-id=\"49717b9\" data-element_type=\"widget\" data-widget_type=\"text-editor.default\">\n\t\t\t\t<div class=\"elementor-widget-container\">\n\t\t\t\t\t\t\t\t\t<p style='font-family:Playfair Display;font-size:15px;font-weight:700;color:#1a1a1a;margin:10px 0 2px;'>Pollo Carne<\/p><p style='font-family:Georgia,serif;font-style:italic;font-size:11px;color:#2a7c6f;margin:0 0 5px;'>Chicken &#038; Beef \u00b7 \u062f\u062c\u0627\u062c \u0648\u0644\u062d\u0645<\/p><p style='font-size:12px;color:#555;margin:0 0 5px;line-height:1.5;'>\u00d6zel domates sos, k\u00fcp mozerella, dana bonfile dilimleri, j\u00fclyen tavuk, mantar, roka yapraklar\u0131 ve permasan ile<\/p><p style='font-size:11px;color:#888888;margin:0 0 8px;'>820\u20131000 kcal<\/p><p style='font-size:16px;margin:5px 0 0;letter-spacing:2px;'>\ud83c\udf3e \ud83e\udd5b<\/p><p style='font-family:Playfair Display;font-size:18px;font-weight:700;color:#1a1a1a;margin:0;'>\u20ba\u2014 <span style='font-size:11px;color:#888888;font-weight:400;'>\/ porsiyon<\/span><\/p>\t\t\t\t\t\t\t\t<\/div>\n\t\t\t\t<\/div>\n\t\t\t\t\t<\/div>\n\t\t<\/div>\n\t\t\t\t<div class=\"elementor-column elementor-col-25 elementor-top-column elementor-element elementor-element-c153e5f\" data-id=\"c153e5f\" data-element_type=\"column\">\n\t\t\t<div class=\"elementor-widget-wrap elementor-element-populated\">\n\t\t\t\t\t\t<div class=\"elementor-element elementor-element-6ad607d elementor-widget elementor-widget-text-editor\" data-id=\"6ad607d\" data-element_type=\"widget\" data-widget_type=\"text-editor.default\">\n\t\t\t\t<div class=\"elementor-widget-container\">\n\t\t\t\t\t\t\t\t\t<p style='font-family:Playfair Display;font-size:15px;font-weight:700;color:#1a1a1a;margin:10px 0 2px;'>Vasteras<\/p><p style='font-family:Georgia,serif;font-style:italic;font-size:11px;color:#2a7c6f;margin:0 0 5px;'>Seafood Pizza \u00b7 \u0628\u064a\u062a\u0632\u0627 \u0627\u0644\u0645\u0623\u0643\u0648\u0644\u0627\u062a \u0627\u0644\u0628\u062d\u0631\u064a\u0629<\/p><p style='font-size:12px;color:#555;margin:0 0 5px;line-height:1.5;'>\u00d6zel domates sos, k\u00fcp mozerella, ton bal\u0131\u011f\u0131, karides, beyaz peynir, kurutulmu\u015f domates ve roka yapraklar\u0131 ile<\/p><p style='font-size:11px;color:#888888;margin:0 0 8px;'>780\u2013960 kcal<\/p><p style='font-size:16px;margin:5px 0 0;letter-spacing:2px;'>\ud83c\udf3e \ud83e\udd5b \ud83d\udc1f \ud83e\udd90 \ud83d\udc1a<\/p><p style='font-family:Playfair Display;font-size:18px;font-weight:700;color:#1a1a1a;margin:0;'>\u20ba\u2014 <span style='font-size:11px;color:#888888;font-weight:400;'>\/ porsiyon<\/span><\/p>\t\t\t\t\t\t\t\t<\/div>\n\t\t\t\t<\/div>\n\t\t\t\t\t<\/div>\n\t\t<\/div>\n\t\t\t\t<div class=\"elementor-column elementor-col-25 elementor-top-column elementor-element elementor-element-7bb9bd9\" data-id=\"7bb9bd9\" data-element_type=\"column\">\n\t\t\t<div class=\"elementor-widget-wrap elementor-element-populated\">\n\t\t\t\t\t\t<div class=\"elementor-element elementor-element-8f7f533 elementor-widget elementor-widget-text-editor\" data-id=\"8f7f533\" data-element_type=\"widget\" data-widget_type=\"text-editor.default\">\n\t\t\t\t<div class=\"elementor-widget-container\">\n\t\t\t\t\t\t\t\t\t<p style='font-family:Playfair Display;font-size:15px;font-weight:700;color:#1a1a1a;margin:10px 0 2px;'>Marsmallow Special<\/p><p style='font-family:Georgia,serif;font-style:italic;font-size:11px;color:#2a7c6f;margin:0 0 5px;'>Dessert Pizza \u00b7 \u0628\u064a\u062a\u0632\u0627 \u0627\u0644\u062d\u0644\u0648\u0649<\/p><p style='font-size:12px;color:#555;margin:0 0 5px;line-height:1.5;'>\u00d6zel \u00e7ikolata sos, marsmallow, \u00e7ilek sos, frambuaz sos ve beyaz \u00e7ikolata ile \u2014 tatl\u0131 \u00fcr\u00fcnd\u00fcr<\/p><p style='font-size:11px;color:#888888;margin:0 0 8px;'>680\u2013860 kcal<\/p><p style='font-size:16px;margin:5px 0 0;letter-spacing:2px;'>\ud83c\udf3e \ud83e\udd5b<\/p><p style='font-family:Playfair Display;font-size:18px;font-weight:700;color:#1a1a1a;margin:0;'>\u20ba\u2014 <span style='font-size:11px;color:#888888;font-weight:400;'>\/ porsiyon<\/span><\/p>\t\t\t\t\t\t\t\t<\/div>\n\t\t\t\t<\/div>\n\t\t\t\t\t<\/div>\n\t\t<\/div>\n\t\t\t\t\t<\/div>\n\t\t<\/section>\n\t\t\t\t<\/div>","protected":false},"excerpt":{"rendered":"<p>TA\u015e FIRINDA \u00b7 32 CM Pizzalar Pizza \u00b7 \u0627\u0644\u0628\u064a\u062a\u0632\u0627 Fiyatlar\u0131m\u0131za KDV dahildir.Kalori de\u011ferleri referans aral\u0131\u011f\u0131 olup pi\u015firme y\u00f6ntemi ve i\u00e7eri\u011fe g\u00f6re de\u011fi\u015fkenlik g\u00f6sterebilir. \u00d6ZEL LEZZET Woki Beef Woki Beef Pizza \u00b7 \u0628\u064a\u062a\u0632\u0627 \u0627\u0644\u0644\u062d\u0645 \u0627\u0644\u0628\u0642\u0631\u064a \u00d6zel domates sos, k\u00fcp mozerella, dana bonfile dilimleri, k\u00fclt\u00fcr mantar, kaliforniya biber, \u00e7eri domates, so\u011fan, roka yapraklar\u0131 ve permasan ile 680\u2013820 [&hellip;]<\/p>","protected":false},"author":1,"featured_media":0,"parent":0,"menu_order":0,"comment_status":"closed","ping_status":"closed","template":"","meta":{"footnotes":""},"class_list":["post-3230","page","type-page","status-publish","hentry"],"_links":{"self":[{"href":"https:\/\/wokipoint.com.tr\/en\/wp-json\/wp\/v2\/pages\/3230","targetHints":{"allow":["GET"]}}],"collection":[{"href":"https:\/\/wokipoint.com.tr\/en\/wp-json\/wp\/v2\/pages"}],"about":[{"href":"https:\/\/wokipoint.com.tr\/en\/wp-json\/wp\/v2\/types\/page"}],"author":[{"embeddable":true,"href":"https:\/\/wokipoint.com.tr\/en\/wp-json\/wp\/v2\/users\/1"}],"replies":[{"embeddable":true,"href":"https:\/\/wokipoint.com.tr\/en\/wp-json\/wp\/v2\/comments?post=3230"}],"version-history":[{"count":3,"href":"https:\/\/wokipoint.com.tr\/en\/wp-json\/wp\/v2\/pages\/3230\/revisions"}],"predecessor-version":[{"id":3234,"href":"https:\/\/wokipoint.com.tr\/en\/wp-json\/wp\/v2\/pages\/3230\/revisions\/3234"}],"wp:attachment":[{"href":"https:\/\/wokipoint.com.tr\/en\/wp-json\/wp\/v2\/media?parent=3230"}],"curies":[{"name":"wp","href":"https:\/\/api.w.org\/{rel}","templated":true}]}}