{"id":3235,"date":"2026-04-15T08:14:40","date_gmt":"2026-04-15T08:14:40","guid":{"rendered":"https:\/\/wokipoint.com.tr\/?page_id=3235"},"modified":"2026-04-15T08:23:29","modified_gmt":"2026-04-15T08:23:29","slug":"manti-makarnalar","status":"publish","type":"page","link":"https:\/\/wokipoint.com.tr\/en\/manti-makarnalar\/","title":{"rendered":"Mant\u0131 &#038; Makarnalar"},"content":{"rendered":"<div data-elementor-type=\"wp-page\" data-elementor-id=\"3235\" class=\"elementor elementor-3235\" data-elementor-post-type=\"page\">\n\t\t\t\t\t\t<section class=\"elementor-section elementor-top-section elementor-element elementor-element-610e4d7 elementor-section-boxed elementor-section-height-default elementor-section-height-default\" data-id=\"610e4d7\" data-element_type=\"section\">\n\t\t\t\t\t\t<div class=\"elementor-container elementor-column-gap-default\">\n\t\t\t\t\t<div class=\"elementor-column elementor-col-100 elementor-top-column elementor-element elementor-element-9b86a0b\" data-id=\"9b86a0b\" data-element_type=\"column\">\n\t\t\t<div class=\"elementor-widget-wrap elementor-element-populated\">\n\t\t\t\t\t\t<div class=\"elementor-element elementor-element-75f90bd elementor-widget elementor-widget-text-editor\" data-id=\"75f90bd\" data-element_type=\"widget\" data-widget_type=\"text-editor.default\">\n\t\t\t\t<div class=\"elementor-widget-container\">\n\t\t\t\t\t\t\t\t\t<p><span style='background:#c0392b;color:#fff;font-size:10px;font-weight:700;letter-spacing:2px;padding:3px 10px;border-radius:3px;'>\u0130TALYAN &#038; EV YAPIMI<\/span><\/p>\t\t\t\t\t\t\t\t<\/div>\n\t\t\t\t<\/div>\n\t\t\t\t<div class=\"elementor-element elementor-element-808854e elementor-widget elementor-widget-heading\" data-id=\"808854e\" data-element_type=\"widget\" data-widget_type=\"heading.default\">\n\t\t\t\t<div class=\"elementor-widget-container\">\n\t\t\t\t\t<h1 class=\"elementor-heading-title elementor-size-default\">Pasta &amp; Dumplings<\/h1>\t\t\t\t<\/div>\n\t\t\t\t<\/div>\n\t\t\t\t<div class=\"elementor-element elementor-element-1e70d1b elementor-widget elementor-widget-heading\" data-id=\"1e70d1b\" data-element_type=\"widget\" data-widget_type=\"heading.default\">\n\t\t\t\t<div class=\"elementor-widget-container\">\n\t\t\t\t\t<h4 class=\"elementor-heading-title elementor-size-default\">Pasta &amp; Manti \u00b7 \u0627\u0644\u0645\u0639\u0643\u0631\u0648\u0646\u0629 \u0648\u0627\u0644\u0645\u0627\u0646\u062a\u064a<\/h4>\t\t\t\t<\/div>\n\t\t\t\t<\/div>\n\t\t\t\t<div class=\"elementor-element elementor-element-10edc64 elementor-widget elementor-widget-text-editor\" data-id=\"10edc64\" data-element_type=\"widget\" data-widget_type=\"text-editor.default\">\n\t\t\t\t<div class=\"elementor-widget-container\">\n\t\t\t\t\t\t\t\t\t<p style='text-align:right;font-size:11px;color:#aaa;font-style:italic;font-family:Georgia,serif;'><em>Fiyatlar\u0131m\u0131za KDV dahildir.<\/em><br><em>Kalori de\u011ferleri referans aral\u0131\u011f\u0131 olup pi\u015firme y\u00f6ntemi ve i\u00e7eri\u011fe g\u00f6re de\u011fi\u015fkenlik g\u00f6sterebilir.<\/em><\/p>\t\t\t\t\t\t\t\t<\/div>\n\t\t\t\t<\/div>\n\t\t\t\t\t<\/div>\n\t\t<\/div>\n\t\t\t\t\t<\/div>\n\t\t<\/section>\n\t\t\t\t<section class=\"elementor-section elementor-top-section elementor-element elementor-element-356a7e8 elementor-section-boxed elementor-section-height-default elementor-section-height-default\" data-id=\"356a7e8\" data-element_type=\"section\">\n\t\t\t\t\t\t<div class=\"elementor-container elementor-column-gap-default\">\n\t\t\t\t\t<div class=\"elementor-column elementor-col-55 elementor-top-column elementor-element elementor-element-e280eb9\" data-id=\"e280eb9\" data-element_type=\"column\">\n\t\t\t<div class=\"elementor-widget-wrap elementor-element-populated\">\n\t\t\t\t\t\t\t<\/div>\n\t\t<\/div>\n\t\t\t\t<div class=\"elementor-column elementor-col-45 elementor-top-column elementor-element elementor-element-c66ce06\" data-id=\"c66ce06\" data-element_type=\"column\">\n\t\t\t<div class=\"elementor-widget-wrap elementor-element-populated\">\n\t\t\t\t\t\t<div class=\"elementor-element elementor-element-119d059 elementor-widget elementor-widget-text-editor\" data-id=\"119d059\" data-element_type=\"widget\" data-widget_type=\"text-editor.default\">\n\t\t\t\t<div class=\"elementor-widget-container\">\n\t\t\t\t\t\t\t\t\t<p style='margin-bottom:10px;'><span style='background:#2a7c6f;color:#fff;font-size:10px;font-weight:700;letter-spacing:2px;padding:3px 10px;border-radius:3px;'>KREMALI<\/span><\/p><p style='font-family:Playfair Display;font-size:34px;font-weight:700;color:#1a1a1a;margin:0 0 4px;line-height:1.2;'>D\u00f6rt Peynirli Ravioli<\/p><p style='font-family:Georgia,serif;font-style:italic;font-size:13px;color:#2a7c6f;margin:0 0 10px;'>Four Cheese Ravioli \u00b7 \u0631\u0627\u0641\u064a\u0648\u0644\u064a \u0623\u0631\u0628\u0639\u0629 \u0623\u062c\u0628\u0627\u0646<\/p><p style='font-size:13px;color:#444;margin:0 0 10px;line-height:1.6;font-family:Georgia,serif;'>Kremal\u0131 mantar, kurutulmu\u015f domates, pesto sos, parmesan ile<\/p><p style='font-size:11px;color:#888888;margin:0 0 12px;'>580\u2013720 kcal<\/p><p style='font-size:16px;margin:5px 0 0;letter-spacing:2px;'>\ud83c\udf3e \ud83e\udd5b \ud83e\udd5a<\/p><p style='font-family:Playfair Display;font-size:40px;font-weight:700;color:#1a1a1a;margin:0;'>\u20ba\u2014<\/p><p style='font-size:12px;color:#888888;'>\/ porsiyon<\/p>\t\t\t\t\t\t\t\t<\/div>\n\t\t\t\t<\/div>\n\t\t\t\t\t<\/div>\n\t\t<\/div>\n\t\t\t\t\t<\/div>\n\t\t<\/section>\n\t\t\t\t<section class=\"elementor-section elementor-top-section elementor-element elementor-element-9778814 elementor-section-boxed elementor-section-height-default elementor-section-height-default\" data-id=\"9778814\" data-element_type=\"section\">\n\t\t\t\t\t\t<div class=\"elementor-container elementor-column-gap-default\">\n\t\t\t\t\t<div class=\"elementor-column elementor-col-45 elementor-top-column elementor-element elementor-element-309a1a2\" data-id=\"309a1a2\" data-element_type=\"column\">\n\t\t\t<div class=\"elementor-widget-wrap elementor-element-populated\">\n\t\t\t\t\t\t<div class=\"elementor-element elementor-element-74a26d3 elementor-widget elementor-widget-text-editor\" data-id=\"74a26d3\" data-element_type=\"widget\" data-widget_type=\"text-editor.default\">\n\t\t\t\t<div class=\"elementor-widget-container\">\n\t\t\t\t\t\t\t\t\t<p style='margin-bottom:10px;'><span style='background:#e74c3c;color:#fff;font-size:10px;font-weight:700;letter-spacing:2px;padding:3px 10px;border-radius:3px;'>ACILI<\/span><\/p><p style='font-family:Playfair Display;font-size:34px;font-weight:700;color:#1a1a1a;margin:0 0 4px;line-height:1.2;'>\u00c7\u0131t\u0131r Mant\u0131<\/p><p style='font-family:Georgia,serif;font-style:italic;font-size:13px;color:#2a7c6f;margin:0 0 10px;'>Crispy Manti \u00b7 \u0645\u0627\u0646\u062a\u064a \u0645\u0642\u0631\u0645\u0634<\/p><p style='font-size:13px;color:#444;margin:0 0 10px;line-height:1.6;font-family:Georgia,serif;'>Ac\u0131 ya\u011f, yo\u011furt<\/p><p style='font-size:11px;color:#888888;margin:0 0 12px;'>480\u2013620 kcal<\/p><p style='font-size:16px;margin:5px 0 0;letter-spacing:2px;'>\ud83c\udf3e \ud83e\udd5b \ud83e\udd5a \ud83c\udf30<\/p><p style='font-family:Playfair Display;font-size:40px;font-weight:700;color:#1a1a1a;margin:0;'>\u20ba\u2014<\/p><p style='font-size:12px;color:#888888;'>\/ porsiyon<\/p>\t\t\t\t\t\t\t\t<\/div>\n\t\t\t\t<\/div>\n\t\t\t\t\t<\/div>\n\t\t<\/div>\n\t\t\t\t<div class=\"elementor-column elementor-col-55 elementor-top-column elementor-element elementor-element-1806bf5\" data-id=\"1806bf5\" data-element_type=\"column\">\n\t\t\t<div class=\"elementor-widget-wrap elementor-element-populated\">\n\t\t\t\t\t\t\t<\/div>\n\t\t<\/div>\n\t\t\t\t\t<\/div>\n\t\t<\/section>\n\t\t\t\t<section class=\"elementor-section elementor-top-section elementor-element elementor-element-8e28558 elementor-section-boxed elementor-section-height-default elementor-section-height-default\" data-id=\"8e28558\" data-element_type=\"section\">\n\t\t\t\t\t\t<div class=\"elementor-container elementor-column-gap-default\">\n\t\t\t\t\t<div class=\"elementor-column elementor-col-50 elementor-top-column elementor-element elementor-element-3b9cbd9\" data-id=\"3b9cbd9\" data-element_type=\"column\">\n\t\t\t<div class=\"elementor-widget-wrap elementor-element-populated\">\n\t\t\t\t\t\t<div class=\"elementor-element elementor-element-4e8e6da elementor-widget elementor-widget-text-editor\" data-id=\"4e8e6da\" data-element_type=\"widget\" data-widget_type=\"text-editor.default\">\n\t\t\t\t<div class=\"elementor-widget-container\">\n\t\t\t\t\t\t\t\t\t<p style='font-family:Playfair Display;font-size:16px;font-weight:700;color:#1a1a1a;margin:8px 0 2px;'>Fettuccine Chicken Alfredo<\/p><p style='font-family:Georgia,serif;font-style:italic;font-size:11px;color:#2a7c6f;margin:0 0 2px;'>Chicken Alfredo \u00b7 \u0641\u064a\u062a\u0648\u062a\u0634\u064a\u0646\u064a \u0628\u0627\u0644\u062f\u062c\u0627\u062c<\/p><p style='font-size:11px;color:#888888;margin:0 0 8px;'>620\u2013780 kcal<\/p><p style='font-size:16px;margin:5px 0 0;letter-spacing:2px;'>\ud83c\udf3e \ud83e\udd5b \ud83e\udd5a<\/p><p style='font-family:Playfair Display;font-size:20px;font-weight:700;color:#1a1a1a;margin:0;'>\u20ba\u2014 <span style='font-size:11px;color:#888888;font-weight:400;'>\/ porsiyon<\/span><\/p>\t\t\t\t\t\t\t\t<\/div>\n\t\t\t\t<\/div>\n\t\t\t\t\t<\/div>\n\t\t<\/div>\n\t\t\t\t<div class=\"elementor-column elementor-col-50 elementor-top-column elementor-element elementor-element-fd163a4\" data-id=\"fd163a4\" data-element_type=\"column\">\n\t\t\t<div class=\"elementor-widget-wrap elementor-element-populated\">\n\t\t\t\t\t\t<div class=\"elementor-element elementor-element-03d6bfe elementor-widget elementor-widget-text-editor\" data-id=\"03d6bfe\" data-element_type=\"widget\" data-widget_type=\"text-editor.default\">\n\t\t\t\t<div class=\"elementor-widget-container\">\n\t\t\t\t\t\t\t\t\t<p style='font-family:Playfair Display;font-size:16px;font-weight:700;color:#1a1a1a;margin:8px 0 2px;'>Fettuccine Bolonez<\/p><p style='font-family:Georgia,serif;font-style:italic;font-size:11px;color:#2a7c6f;margin:0 0 2px;'>Fettuccine Bolognese \u00b7 \u0641\u064a\u062a\u0648\u062a\u0634\u064a\u0646\u064a \u0628\u0648\u0644\u0648\u0646\u064a\u0632<\/p><p style='font-size:11px;color:#888888;margin:0 0 8px;'>580\u2013720 kcal<\/p><p style='font-size:16px;margin:5px 0 0;letter-spacing:2px;'>\ud83c\udf3e \ud83e\udd5b \ud83e\udd5a<\/p><p style='font-family:Playfair Display;font-size:20px;font-weight:700;color:#1a1a1a;margin:0;'>\u20ba\u2014 <span style='font-size:11px;color:#888888;font-weight:400;'>\/ porsiyon<\/span><\/p>\t\t\t\t\t\t\t\t<\/div>\n\t\t\t\t<\/div>\n\t\t\t\t\t<\/div>\n\t\t<\/div>\n\t\t\t\t\t<\/div>\n\t\t<\/section>\n\t\t\t\t<section class=\"elementor-section elementor-top-section elementor-element elementor-element-e0c7f6f elementor-section-boxed elementor-section-height-default elementor-section-height-default\" data-id=\"e0c7f6f\" data-element_type=\"section\">\n\t\t\t\t\t\t<div class=\"elementor-container elementor-column-gap-default\">\n\t\t\t\t\t<div class=\"elementor-column elementor-col-50 elementor-top-column elementor-element elementor-element-e126500\" data-id=\"e126500\" data-element_type=\"column\">\n\t\t\t<div class=\"elementor-widget-wrap elementor-element-populated\">\n\t\t\t\t\t\t<div class=\"elementor-element elementor-element-6b51b7a elementor-widget elementor-widget-text-editor\" data-id=\"6b51b7a\" data-element_type=\"widget\" data-widget_type=\"text-editor.default\">\n\t\t\t\t<div class=\"elementor-widget-container\">\n\t\t\t\t\t\t\t\t\t<p style='font-family:Playfair Display;font-size:16px;font-weight:700;color:#1a1a1a;margin:8px 0 2px;'>Penne Arrabiata<\/p><p style='font-family:Georgia,serif;font-style:italic;font-size:11px;color:#2a7c6f;margin:0 0 2px;'>Penne Arrabbiata \u00b7 \u0628\u064a\u0646\u064a \u0623\u0631\u0627\u0628\u064a\u0627\u062a\u0627<\/p><p style='font-size:11px;color:#888888;margin:0 0 8px;'>480\u2013720 kcal<\/p><p style='font-size:16px;margin:5px 0 0;letter-spacing:2px;'>\ud83c\udf3e \ud83e\udd5b \ud83e\udd5a<\/p><p style='font-family:Playfair Display;font-size:20px;font-weight:700;color:#1a1a1a;margin:0;'>\u20ba\u2014 <span style='font-size:11px;color:#888888;font-weight:400;'>\/ porsiyon<\/span><\/p>\t\t\t\t\t\t\t\t<\/div>\n\t\t\t\t<\/div>\n\t\t\t\t\t<\/div>\n\t\t<\/div>\n\t\t\t\t<div class=\"elementor-column elementor-col-50 elementor-top-column elementor-element elementor-element-a4872ad\" data-id=\"a4872ad\" data-element_type=\"column\">\n\t\t\t<div class=\"elementor-widget-wrap elementor-element-populated\">\n\t\t\t\t\t\t<div class=\"elementor-element elementor-element-163a808 elementor-widget elementor-widget-text-editor\" data-id=\"163a808\" data-element_type=\"widget\" data-widget_type=\"text-editor.default\">\n\t\t\t\t<div class=\"elementor-widget-container\">\n\t\t\t\t\t\t\t\t\t<p style='font-family:Playfair Display;font-size:16px;font-weight:700;color:#1a1a1a;margin:8px 0 2px;'>Penne Pesto<\/p><p style='font-family:Georgia,serif;font-style:italic;font-size:11px;color:#2a7c6f;margin:0 0 2px;'>Penne al Pesto \u00b7 \u0628\u064a\u0646\u064a \u0628\u064a\u0633\u062a\u0648<\/p><p style='font-size:11px;color:#888888;margin:0 0 8px;'>560\u2013700 kcal<\/p><p style='font-size:16px;margin:5px 0 0;letter-spacing:2px;'>\ud83c\udf3e \ud83e\udd5b \ud83e\udd5a \ud83c\udf30<\/p><p style='font-family:Playfair Display;font-size:20px;font-weight:700;color:#1a1a1a;margin:0;'>\u20ba\u2014 <span style='font-size:11px;color:#888888;font-weight:400;'>\/ porsiyon<\/span><\/p>\t\t\t\t\t\t\t\t<\/div>\n\t\t\t\t<\/div>\n\t\t\t\t\t<\/div>\n\t\t<\/div>\n\t\t\t\t\t<\/div>\n\t\t<\/section>\n\t\t\t\t<section class=\"elementor-section elementor-top-section elementor-element elementor-element-fe8c776 elementor-section-boxed elementor-section-height-default elementor-section-height-default\" data-id=\"fe8c776\" data-element_type=\"section\">\n\t\t\t\t\t\t<div class=\"elementor-container elementor-column-gap-default\">\n\t\t\t\t\t<div class=\"elementor-column elementor-col-50 elementor-top-column elementor-element elementor-element-4ec608a\" data-id=\"4ec608a\" data-element_type=\"column\">\n\t\t\t<div class=\"elementor-widget-wrap elementor-element-populated\">\n\t\t\t\t\t\t<div class=\"elementor-element elementor-element-8b31ad7 elementor-widget elementor-widget-text-editor\" data-id=\"8b31ad7\" data-element_type=\"widget\" data-widget_type=\"text-editor.default\">\n\t\t\t\t<div class=\"elementor-widget-container\">\n\t\t\t\t\t\t\t\t\t<p style='font-family:Playfair Display;font-size:16px;font-weight:700;color:#1a1a1a;margin:8px 0 2px;'>Beef Penne<\/p><p style='font-family:Georgia,serif;font-style:italic;font-size:11px;color:#2a7c6f;margin:0 0 2px;'>Beef Penne \u00b7 \u0628\u064a\u0646\u064a \u0628\u0627\u0644\u0644\u062d\u0645<\/p><p style='font-size:11px;color:#888888;margin:0 0 8px;'>580\u2013720 kcal<\/p><p style='font-size:16px;margin:5px 0 0;letter-spacing:2px;'>\ud83c\udf3e \ud83e\udd5b \ud83e\udd5a<\/p><p style='font-family:Playfair Display;font-size:20px;font-weight:700;color:#1a1a1a;margin:0;'>\u20ba\u2014 <span style='font-size:11px;color:#888888;font-weight:400;'>\/ porsiyon<\/span><\/p>\t\t\t\t\t\t\t\t<\/div>\n\t\t\t\t<\/div>\n\t\t\t\t\t<\/div>\n\t\t<\/div>\n\t\t\t\t<div class=\"elementor-column elementor-col-50 elementor-top-column elementor-element elementor-element-620913a\" data-id=\"620913a\" data-element_type=\"column\">\n\t\t\t<div class=\"elementor-widget-wrap elementor-element-populated\">\n\t\t\t\t\t\t<div class=\"elementor-element elementor-element-ae55e19 elementor-widget elementor-widget-text-editor\" data-id=\"ae55e19\" data-element_type=\"widget\" data-widget_type=\"text-editor.default\">\n\t\t\t\t<div class=\"elementor-widget-container\">\n\t\t\t\t\t\t\t\t\t<p style='font-family:Playfair Display;font-size:16px;font-weight:700;color:#1a1a1a;margin:8px 0 2px;'>Spagetti Bolonez<\/p><p style='font-family:Georgia,serif;font-style:italic;font-size:11px;color:#2a7c6f;margin:0 0 2px;'>Spaghetti Bolognese \u00b7 \u0633\u0628\u0627\u063a\u064a\u062a\u064a \u0628\u0648\u0644\u0648\u0646\u064a\u0632<\/p><p style='font-size:11px;color:#888888;margin:0 0 8px;'>560\u2013700 kcal<\/p><p style='font-size:16px;margin:5px 0 0;letter-spacing:2px;'>\ud83c\udf3e \ud83e\udd5b \ud83e\udd5a<\/p><p style='font-family:Playfair Display;font-size:20px;font-weight:700;color:#1a1a1a;margin:0;'>\u20ba\u2014 <span style='font-size:11px;color:#888888;font-weight:400;'>\/ porsiyon<\/span><\/p>\t\t\t\t\t\t\t\t<\/div>\n\t\t\t\t<\/div>\n\t\t\t\t\t<\/div>\n\t\t<\/div>\n\t\t\t\t\t<\/div>\n\t\t<\/section>\n\t\t\t\t<section class=\"elementor-section elementor-top-section elementor-element elementor-element-fcb75df elementor-section-boxed elementor-section-height-default elementor-section-height-default\" data-id=\"fcb75df\" data-element_type=\"section\">\n\t\t\t\t\t\t<div class=\"elementor-container elementor-column-gap-default\">\n\t\t\t\t\t<div class=\"elementor-column elementor-col-50 elementor-top-column elementor-element elementor-element-c16b1b0\" data-id=\"c16b1b0\" data-element_type=\"column\">\n\t\t\t<div class=\"elementor-widget-wrap elementor-element-populated\">\n\t\t\t\t\t\t<div class=\"elementor-element elementor-element-763f382 elementor-widget elementor-widget-text-editor\" data-id=\"763f382\" data-element_type=\"widget\" data-widget_type=\"text-editor.default\">\n\t\t\t\t<div class=\"elementor-widget-container\">\n\t\t\t\t\t\t\t\t\t<p style='font-family:Playfair Display;font-size:16px;font-weight:700;color:#1a1a1a;margin:8px 0 2px;'>Spagetti Napolitan<\/p><p style='font-family:Georgia,serif;font-style:italic;font-size:11px;color:#2a7c6f;margin:0 0 2px;'>Spaghetti Napolitana \u00b7 \u0633\u0628\u0627\u063a\u064a\u062a\u064a \u0646\u0627\u0628\u0648\u0644\u064a\u062a\u0627\u0646\u0627<\/p><p style='font-size:11px;color:#888888;margin:0 0 8px;'>520\u2013640 kcal<\/p><p style='font-size:16px;margin:5px 0 0;letter-spacing:2px;'>\ud83c\udf3e \ud83e\udd5b \ud83e\udd5a<\/p><p style='font-family:Playfair Display;font-size:20px;font-weight:700;color:#1a1a1a;margin:0;'>\u20ba\u2014 <span style='font-size:11px;color:#888888;font-weight:400;'>\/ porsiyon<\/span><\/p>\t\t\t\t\t\t\t\t<\/div>\n\t\t\t\t<\/div>\n\t\t\t\t\t<\/div>\n\t\t<\/div>\n\t\t\t\t<div class=\"elementor-column elementor-col-50 elementor-top-column elementor-element elementor-element-f00a698\" data-id=\"f00a698\" data-element_type=\"column\">\n\t\t\t<div class=\"elementor-widget-wrap elementor-element-populated\">\n\t\t\t\t\t\t<div class=\"elementor-element elementor-element-cc85c54 elementor-widget elementor-widget-text-editor\" data-id=\"cc85c54\" data-element_type=\"widget\" data-widget_type=\"text-editor.default\">\n\t\t\t\t<div class=\"elementor-widget-container\">\n\t\t\t\t\t\t\t\t\t<p style='font-family:Playfair Display;font-size:16px;font-weight:700;color:#1a1a1a;margin:8px 0 2px;'>Ev Mant\u0131s\u0131<\/p><p style='font-family:Georgia,serif;font-style:italic;font-size:11px;color:#2a7c6f;margin:0 0 2px;'>Homemade Manti \u00b7 \u0645\u0627\u0646\u062a\u064a \u0645\u0646\u0632\u0644\u064a<\/p><p style='font-size:11px;color:#888888;margin:0 0 8px;'>500\u2013640 kcal<\/p><p style='font-size:16px;margin:5px 0 0;letter-spacing:2px;'>\ud83c\udf3e \ud83e\udd5b \ud83e\udd5a \ud83c\udf30<\/p><p style='font-family:Playfair Display;font-size:20px;font-weight:700;color:#1a1a1a;margin:0;'>\u20ba\u2014 <span style='font-size:11px;color:#888888;font-weight:400;'>\/ porsiyon<\/span><\/p>\t\t\t\t\t\t\t\t<\/div>\n\t\t\t\t<\/div>\n\t\t\t\t\t<\/div>\n\t\t<\/div>\n\t\t\t\t\t<\/div>\n\t\t<\/section>\n\t\t\t\t<\/div>","protected":false},"excerpt":{"rendered":"<p>\u0130TALYAN &#038; EV YAPIMI Makarna &amp; Mant\u0131 Pasta &amp; Manti \u00b7 \u0627\u0644\u0645\u0639\u0643\u0631\u0648\u0646\u0629 \u0648\u0627\u0644\u0645\u0627\u0646\u062a\u064a Fiyatlar\u0131m\u0131za KDV dahildir.Kalori de\u011ferleri referans aral\u0131\u011f\u0131 olup pi\u015firme y\u00f6ntemi ve i\u00e7eri\u011fe g\u00f6re de\u011fi\u015fkenlik g\u00f6sterebilir. KREMALI D\u00f6rt Peynirli Ravioli Four Cheese Ravioli \u00b7 \u0631\u0627\u0641\u064a\u0648\u0644\u064a \u0623\u0631\u0628\u0639\u0629 \u0623\u062c\u0628\u0627\u0646 Kremal\u0131 mantar, kurutulmu\u015f domates, pesto sos, parmesan ile 580\u2013720 kcal \ud83c\udf3e \ud83e\udd5b \ud83e\udd5a \u20ba\u2014 \/ porsiyon ACILI [&hellip;]<\/p>","protected":false},"author":1,"featured_media":0,"parent":0,"menu_order":0,"comment_status":"closed","ping_status":"closed","template":"","meta":{"footnotes":""},"class_list":["post-3235","page","type-page","status-publish","hentry"],"_links":{"self":[{"href":"https:\/\/wokipoint.com.tr\/en\/wp-json\/wp\/v2\/pages\/3235","targetHints":{"allow":["GET"]}}],"collection":[{"href":"https:\/\/wokipoint.com.tr\/en\/wp-json\/wp\/v2\/pages"}],"about":[{"href":"https:\/\/wokipoint.com.tr\/en\/wp-json\/wp\/v2\/types\/page"}],"author":[{"embeddable":true,"href":"https:\/\/wokipoint.com.tr\/en\/wp-json\/wp\/v2\/users\/1"}],"replies":[{"embeddable":true,"href":"https:\/\/wokipoint.com.tr\/en\/wp-json\/wp\/v2\/comments?post=3235"}],"version-history":[{"count":3,"href":"https:\/\/wokipoint.com.tr\/en\/wp-json\/wp\/v2\/pages\/3235\/revisions"}],"predecessor-version":[{"id":3239,"href":"https:\/\/wokipoint.com.tr\/en\/wp-json\/wp\/v2\/pages\/3235\/revisions\/3239"}],"wp:attachment":[{"href":"https:\/\/wokipoint.com.tr\/en\/wp-json\/wp\/v2\/media?parent=3235"}],"curies":[{"name":"wp","href":"https:\/\/api.w.org\/{rel}","templated":true}]}}