{"id":3240,"date":"2026-04-15T08:24:51","date_gmt":"2026-04-15T08:24:51","guid":{"rendered":"https:\/\/wokipoint.com.tr\/?page_id=3240"},"modified":"2026-04-15T08:27:20","modified_gmt":"2026-04-15T08:27:20","slug":"vegan-cocuk-menuler","status":"publish","type":"page","link":"https:\/\/wokipoint.com.tr\/en\/vegan-cocuk-menuler\/","title":{"rendered":"Vegan &#038; \u00c7ocuk Men\u00fcler"},"content":{"rendered":"<div data-elementor-type=\"wp-page\" data-elementor-id=\"3240\" class=\"elementor elementor-3240\" data-elementor-post-type=\"page\">\n\t\t\t\t\t\t<section class=\"elementor-section elementor-top-section elementor-element elementor-element-3be8475 elementor-section-boxed elementor-section-height-default elementor-section-height-default\" data-id=\"3be8475\" data-element_type=\"section\">\n\t\t\t\t\t\t<div class=\"elementor-container elementor-column-gap-default\">\n\t\t\t\t\t<div class=\"elementor-column elementor-col-100 elementor-top-column elementor-element elementor-element-454b734\" data-id=\"454b734\" data-element_type=\"column\">\n\t\t\t<div class=\"elementor-widget-wrap elementor-element-populated\">\n\t\t\t\t\t\t<div class=\"elementor-element elementor-element-dea25ae elementor-widget elementor-widget-text-editor\" data-id=\"dea25ae\" data-element_type=\"widget\" data-widget_type=\"text-editor.default\">\n\t\t\t\t<div class=\"elementor-widget-container\">\n\t\t\t\t\t\t\t\t\t<p><span style='background:#c0392b;color:#fff;font-size:10px;font-weight:700;letter-spacing:2px;padding:3px 10px;border-radius:3px;'>B\u0130TK\u0130SEL &#038; GLUTENS\u0130Z<\/span><\/p>\t\t\t\t\t\t\t\t<\/div>\n\t\t\t\t<\/div>\n\t\t\t\t<div class=\"elementor-element elementor-element-75e6970 elementor-widget elementor-widget-heading\" data-id=\"75e6970\" data-element_type=\"widget\" data-widget_type=\"heading.default\">\n\t\t\t\t<div class=\"elementor-widget-container\">\n\t\t\t\t\t<h1 class=\"elementor-heading-title elementor-size-default\">Vegan<\/h1>\t\t\t\t<\/div>\n\t\t\t\t<\/div>\n\t\t\t\t<div class=\"elementor-element elementor-element-040aad7 elementor-widget elementor-widget-heading\" data-id=\"040aad7\" data-element_type=\"widget\" data-widget_type=\"heading.default\">\n\t\t\t\t<div class=\"elementor-widget-container\">\n\t\t\t\t\t<h4 class=\"elementor-heading-title elementor-size-default\">Vegan &amp; Gluten-Free \u00b7 \u0646\u0628\u0627\u062a\u064a \u0648\u062e\u0627\u0644\u064d \u0645\u0646 \u0627\u0644\u063a\u0644\u0648\u062a\u064a\u0646<\/h4>\t\t\t\t<\/div>\n\t\t\t\t<\/div>\n\t\t\t\t<div class=\"elementor-element elementor-element-0f6ac9f elementor-widget elementor-widget-text-editor\" data-id=\"0f6ac9f\" data-element_type=\"widget\" data-widget_type=\"text-editor.default\">\n\t\t\t\t<div class=\"elementor-widget-container\">\n\t\t\t\t\t\t\t\t\t<p style='text-align:right;font-size:11px;color:#aaa;font-style:italic;font-family:Georgia,serif;'><em>Fiyatlar\u0131m\u0131za KDV dahildir.<\/em><br><em>Kalori de\u011ferleri referans aral\u0131\u011f\u0131 olup pi\u015firme y\u00f6ntemi ve i\u00e7eri\u011fe g\u00f6re de\u011fi\u015fkenlik g\u00f6sterebilir.<\/em><\/p>\t\t\t\t\t\t\t\t<\/div>\n\t\t\t\t<\/div>\n\t\t\t\t\t<\/div>\n\t\t<\/div>\n\t\t\t\t\t<\/div>\n\t\t<\/section>\n\t\t\t\t<section class=\"elementor-section elementor-top-section elementor-element elementor-element-c46ff10 elementor-section-boxed elementor-section-height-default elementor-section-height-default\" data-id=\"c46ff10\" data-element_type=\"section\">\n\t\t\t\t\t\t<div class=\"elementor-container elementor-column-gap-default\">\n\t\t\t\t\t<div class=\"elementor-column elementor-col-100 elementor-top-column elementor-element elementor-element-af987dc\" data-id=\"af987dc\" data-element_type=\"column\">\n\t\t\t<div class=\"elementor-widget-wrap elementor-element-populated\">\n\t\t\t\t\t\t<div class=\"elementor-element elementor-element-684469e elementor-widget elementor-widget-text-editor\" data-id=\"684469e\" data-element_type=\"widget\" data-widget_type=\"text-editor.default\">\n\t\t\t\t<div class=\"elementor-widget-container\">\n\t\t\t\t\t\t\t\t\t<div style='border-left:3px solid #2a7c6f;padding:8px 14px;background:#ede8df;border-radius:0 5px 5px 0;'><p style='font-family:Georgia,serif;font-style:italic;font-size:13px;color:#555;margin:0;'>Do\u011fadan ilham, tabakta lezzet. \u00b7 Inspired by nature, crafted with care.<\/p><\/div>\t\t\t\t\t\t\t\t<\/div>\n\t\t\t\t<\/div>\n\t\t\t\t\t<\/div>\n\t\t<\/div>\n\t\t\t\t\t<\/div>\n\t\t<\/section>\n\t\t\t\t<section class=\"elementor-section elementor-top-section elementor-element elementor-element-573c68c elementor-section-boxed elementor-section-height-default elementor-section-height-default\" data-id=\"573c68c\" data-element_type=\"section\">\n\t\t\t\t\t\t<div class=\"elementor-container elementor-column-gap-extended\">\n\t\t\t\t\t<div class=\"elementor-column elementor-col-33 elementor-top-column elementor-element elementor-element-e7c5c41\" data-id=\"e7c5c41\" data-element_type=\"column\">\n\t\t\t<div class=\"elementor-widget-wrap elementor-element-populated\">\n\t\t\t\t\t\t<div class=\"elementor-element elementor-element-9d4b94f elementor-widget elementor-widget-text-editor\" data-id=\"9d4b94f\" data-element_type=\"widget\" data-widget_type=\"text-editor.default\">\n\t\t\t\t<div class=\"elementor-widget-container\">\n\t\t\t\t\t\t\t\t\t<p style='font-family:Playfair Display;font-size:16px;font-weight:700;color:#1a1a1a;margin:10px 0 2px;'>Vegan Burger<\/p><p style='font-family:Georgia,serif;font-style:italic;font-size:11px;color:#2a7c6f;margin:0 0 5px;'>Vegan Burger \u00b7 \u0628\u0631\u063a\u0631 \u0646\u0628\u0627\u062a\u064a<\/p><p style='font-size:12px;color:#555;margin:0 0 8px;line-height:1.5;'>Sebze burger k\u00f6ftesi, sote mantarlar, karamelize so\u011fan, chillada sos, ka\u015f\u0131k patates ile<\/p><p style='font-size:11px;color:#888888;margin:0 0 8px;'>380\u2013480 kcal<\/p><p style='font-size:16px;margin:5px 0 0;letter-spacing:2px;'>\ud83c\udf3e<\/p><p style='font-family:Playfair Display;font-size:20px;font-weight:700;color:#1a1a1a;margin:0;'>\u20ba\u2014 <span style='font-size:11px;color:#888888;font-weight:400;'>\/ porsiyon<\/span><\/p>\t\t\t\t\t\t\t\t<\/div>\n\t\t\t\t<\/div>\n\t\t\t\t\t<\/div>\n\t\t<\/div>\n\t\t\t\t<div class=\"elementor-column elementor-col-33 elementor-top-column elementor-element elementor-element-3047623\" data-id=\"3047623\" data-element_type=\"column\">\n\t\t\t<div class=\"elementor-widget-wrap elementor-element-populated\">\n\t\t\t\t\t\t<div class=\"elementor-element elementor-element-0da32ea elementor-widget elementor-widget-text-editor\" data-id=\"0da32ea\" data-element_type=\"widget\" data-widget_type=\"text-editor.default\">\n\t\t\t\t<div class=\"elementor-widget-container\">\n\t\t\t\t\t\t\t\t\t<p style='font-family:Playfair Display;font-size:16px;font-weight:700;color:#1a1a1a;margin:10px 0 2px;'>Glutensiz Mercimek Salatas\u0131<\/p><p style='font-family:Georgia,serif;font-style:italic;font-size:11px;color:#2a7c6f;margin:0 0 5px;'>GF Lentil Salad \u00b7 \u0633\u0644\u0637\u0629 \u0639\u062f\u0633 \u062e\u0627\u0644\u064a\u0629 \u0645\u0646 \u0627\u0644\u063a\u0644\u0648\u062a\u064a\u0646<\/p><p style='font-size:12px;color:#555;margin:0 0 8px;line-height:1.5;'>Ye\u015fil mercimek, k\u00f6zlenmi\u015f kapya biber, havu\u00e7, roka, tahin sos ile<\/p><p style='font-size:11px;color:#888888;margin:0 0 8px;'>280\u2013380 kcal<\/p><p style='font-size:16px;margin:5px 0 0;letter-spacing:2px;'>\ud83e\uded8<\/p><p style='font-family:Playfair Display;font-size:20px;font-weight:700;color:#1a1a1a;margin:0;'>\u20ba\u2014 <span style='font-size:11px;color:#888888;font-weight:400;'>\/ porsiyon<\/span><\/p>\t\t\t\t\t\t\t\t<\/div>\n\t\t\t\t<\/div>\n\t\t\t\t\t<\/div>\n\t\t<\/div>\n\t\t\t\t<div class=\"elementor-column elementor-col-33 elementor-top-column elementor-element elementor-element-d242eea\" data-id=\"d242eea\" data-element_type=\"column\">\n\t\t\t<div class=\"elementor-widget-wrap elementor-element-populated\">\n\t\t\t\t\t\t<div class=\"elementor-element elementor-element-1428095 elementor-widget elementor-widget-text-editor\" data-id=\"1428095\" data-element_type=\"widget\" data-widget_type=\"text-editor.default\">\n\t\t\t\t<div class=\"elementor-widget-container\">\n\t\t\t\t\t\t\t\t\t<p style='font-family:Playfair Display;font-size:16px;font-weight:700;color:#1a1a1a;margin:10px 0 2px;'>Kinoa Bowl<\/p><p style='font-family:Georgia,serif;font-style:italic;font-size:11px;color:#2a7c6f;margin:0 0 5px;'>Quinoa Bowl \u00b7 \u0648\u0639\u0627\u0621 \u0627\u0644\u0643\u064a\u0646\u0648\u0627<\/p><p style='font-size:12px;color:#555;margin:0 0 8px;line-height:1.5;'>Kinoa, nohut, salatal\u0131k, domates, avokado, limon sos ile<\/p><p style='font-size:11px;color:#888888;margin:0 0 8px;'>380\u2013480 kcal<\/p><p style='font-family:Playfair Display;font-size:20px;font-weight:700;color:#1a1a1a;margin:0;'>\u20ba\u2014 <span style='font-size:11px;color:#888888;font-weight:400;'>\/ porsiyon<\/span><\/p>\t\t\t\t\t\t\t\t<\/div>\n\t\t\t\t<\/div>\n\t\t\t\t\t<\/div>\n\t\t<\/div>\n\t\t\t\t\t<\/div>\n\t\t<\/section>\n\t\t\t\t<section class=\"elementor-section elementor-top-section elementor-element elementor-element-d38f47f elementor-section-boxed elementor-section-height-default elementor-section-height-default\" data-id=\"d38f47f\" data-element_type=\"section\">\n\t\t\t\t\t\t<div class=\"elementor-container elementor-column-gap-default\">\n\t\t\t\t\t<div class=\"elementor-column elementor-col-100 elementor-top-column elementor-element elementor-element-33130cc\" data-id=\"33130cc\" data-element_type=\"column\">\n\t\t\t<div class=\"elementor-widget-wrap elementor-element-populated\">\n\t\t\t\t\t\t<div class=\"elementor-element elementor-element-6c10403 elementor-widget elementor-widget-text-editor\" data-id=\"6c10403\" data-element_type=\"widget\" data-widget_type=\"text-editor.default\">\n\t\t\t\t<div class=\"elementor-widget-container\">\n\t\t\t\t\t\t\t\t\t<p><span style='background:#c0392b;color:#fff;font-size:10px;font-weight:700;letter-spacing:2px;padding:3px 10px;border-radius:3px;'>K\u00dc\u00c7\u00dcK M\u0130SAF\u0130RLER \u0130\u00c7\u0130N<\/span><\/p>\t\t\t\t\t\t\t\t<\/div>\n\t\t\t\t<\/div>\n\t\t\t\t<div class=\"elementor-element elementor-element-989ba48 elementor-widget elementor-widget-heading\" data-id=\"989ba48\" data-element_type=\"widget\" data-widget_type=\"heading.default\">\n\t\t\t\t<div class=\"elementor-widget-container\">\n\t\t\t\t\t<h1 class=\"elementor-heading-title elementor-size-default\">\u00c7ocuk Men\u00fcleri<\/h1>\t\t\t\t<\/div>\n\t\t\t\t<\/div>\n\t\t\t\t<div class=\"elementor-element elementor-element-100ec9a elementor-widget elementor-widget-heading\" data-id=\"100ec9a\" data-element_type=\"widget\" data-widget_type=\"heading.default\">\n\t\t\t\t<div class=\"elementor-widget-container\">\n\t\t\t\t\t<h4 class=\"elementor-heading-title elementor-size-default\">Children's Menu \u00b7 \u0642\u0627\u0626\u0645\u0629 \u0627\u0644\u0623\u0637\u0641\u0627\u0644<\/h4>\t\t\t\t<\/div>\n\t\t\t\t<\/div>\n\t\t\t\t<div class=\"elementor-element elementor-element-537d6c8 elementor-widget elementor-widget-text-editor\" data-id=\"537d6c8\" data-element_type=\"widget\" data-widget_type=\"text-editor.default\">\n\t\t\t\t<div class=\"elementor-widget-container\">\n\t\t\t\t\t\t\t\t\t<p style='text-align:right;font-size:11px;color:#aaa;font-style:italic;font-family:Georgia,serif;'><em>Fiyatlar\u0131m\u0131za KDV dahildir.<\/em><br><em>Kalori de\u011ferleri referans aral\u0131\u011f\u0131 olup pi\u015firme y\u00f6ntemi ve i\u00e7eri\u011fe g\u00f6re de\u011fi\u015fkenlik g\u00f6sterebilir.<\/em><\/p>\t\t\t\t\t\t\t\t<\/div>\n\t\t\t\t<\/div>\n\t\t\t\t\t<\/div>\n\t\t<\/div>\n\t\t\t\t\t<\/div>\n\t\t<\/section>\n\t\t\t\t<section class=\"elementor-section elementor-top-section elementor-element elementor-element-1b2e331 elementor-section-boxed elementor-section-height-default elementor-section-height-default\" data-id=\"1b2e331\" data-element_type=\"section\">\n\t\t\t\t\t\t<div class=\"elementor-container elementor-column-gap-default\">\n\t\t\t\t\t<div class=\"elementor-column elementor-col-50 elementor-top-column elementor-element elementor-element-572c99a\" data-id=\"572c99a\" data-element_type=\"column\">\n\t\t\t<div class=\"elementor-widget-wrap elementor-element-populated\">\n\t\t\t\t\t\t<div class=\"elementor-element elementor-element-587376f elementor-widget elementor-widget-text-editor\" data-id=\"587376f\" data-element_type=\"widget\" data-widget_type=\"text-editor.default\">\n\t\t\t\t<div class=\"elementor-widget-container\">\n\t\t\t\t\t\t\t\t\t<p style='font-family:Playfair Display;font-size:16px;font-weight:700;color:#1a1a1a;margin:8px 0 2px;'>Kids Anne K\u00f6ftesi<\/p><p style='font-family:Georgia,serif;font-style:italic;font-size:11px;color:#2a7c6f;margin:0 0 2px;'>Kids Meatballs \u00b7 \u0643\u0641\u062a\u0629 \u0627\u0644\u0623\u0637\u0641\u0627\u0644<\/p><p style='font-size:11px;color:#888888;margin:0 0 8px;'>380\u2013480 kcal<\/p><p style='font-size:16px;margin:5px 0 0;letter-spacing:2px;'>\ud83c\udf3e \ud83e\udd5b \ud83e\udd5a<\/p><p style='font-family:Playfair Display;font-size:20px;font-weight:700;color:#1a1a1a;margin:0;'>\u20ba\u2014 <span style='font-size:11px;color:#888888;font-weight:400;'>\/ porsiyon<\/span><\/p>\t\t\t\t\t\t\t\t<\/div>\n\t\t\t\t<\/div>\n\t\t\t\t\t<\/div>\n\t\t<\/div>\n\t\t\t\t<div class=\"elementor-column elementor-col-50 elementor-top-column elementor-element elementor-element-cc02877\" data-id=\"cc02877\" data-element_type=\"column\">\n\t\t\t<div class=\"elementor-widget-wrap elementor-element-populated\">\n\t\t\t\t\t\t<div class=\"elementor-element elementor-element-6110f48 elementor-widget elementor-widget-text-editor\" data-id=\"6110f48\" data-element_type=\"widget\" data-widget_type=\"text-editor.default\">\n\t\t\t\t<div class=\"elementor-widget-container\">\n\t\t\t\t\t\t\t\t\t<p style='font-family:Playfair Display;font-size:16px;font-weight:700;color:#1a1a1a;margin:8px 0 2px;'>Kids Mini Burger<\/p><p style='font-family:Georgia,serif;font-style:italic;font-size:11px;color:#2a7c6f;margin:0 0 2px;'>Kids Mini Burger \u00b7 \u0628\u0631\u063a\u0631 \u0635\u063a\u064a\u0631<\/p><p style='font-size:11px;color:#888888;margin:0 0 8px;'>420\u2013520 kcal<\/p><p style='font-size:16px;margin:5px 0 0;letter-spacing:2px;'>\ud83c\udf3e \ud83e\udd5b \ud83e\udd5a<\/p><p style='font-family:Playfair Display;font-size:20px;font-weight:700;color:#1a1a1a;margin:0;'>\u20ba\u2014 <span style='font-size:11px;color:#888888;font-weight:400;'>\/ porsiyon<\/span><\/p>\t\t\t\t\t\t\t\t<\/div>\n\t\t\t\t<\/div>\n\t\t\t\t\t<\/div>\n\t\t<\/div>\n\t\t\t\t\t<\/div>\n\t\t<\/section>\n\t\t\t\t<section class=\"elementor-section elementor-top-section elementor-element elementor-element-d31255e elementor-section-boxed elementor-section-height-default elementor-section-height-default\" data-id=\"d31255e\" data-element_type=\"section\">\n\t\t\t\t\t\t<div class=\"elementor-container elementor-column-gap-default\">\n\t\t\t\t\t<div class=\"elementor-column elementor-col-50 elementor-top-column elementor-element elementor-element-0f702d8\" data-id=\"0f702d8\" data-element_type=\"column\">\n\t\t\t<div class=\"elementor-widget-wrap elementor-element-populated\">\n\t\t\t\t\t\t<div class=\"elementor-element elementor-element-5724448 elementor-widget elementor-widget-text-editor\" data-id=\"5724448\" data-element_type=\"widget\" data-widget_type=\"text-editor.default\">\n\t\t\t\t<div class=\"elementor-widget-container\">\n\t\t\t\t\t\t\t\t\t<p style='font-family:Playfair Display;font-size:16px;font-weight:700;color:#1a1a1a;margin:8px 0 2px;'>Kids Pizza<\/p><p style='font-family:Georgia,serif;font-style:italic;font-size:11px;color:#2a7c6f;margin:0 0 2px;'>Kids Pizza \u00b7 \u0628\u064a\u062a\u0632\u0627 \u0627\u0644\u0623\u0637\u0641\u0627\u0644<\/p><p style='font-size:11px;color:#888888;margin:0 0 8px;'>480\u2013600 kcal<\/p><p style='font-size:16px;margin:5px 0 0;letter-spacing:2px;'>\ud83c\udf3e \ud83e\udd5b \ud83e\udd5a<\/p><p style='font-family:Playfair Display;font-size:20px;font-weight:700;color:#1a1a1a;margin:0;'>\u20ba\u2014 <span style='font-size:11px;color:#888888;font-weight:400;'>\/ porsiyon<\/span><\/p>\t\t\t\t\t\t\t\t<\/div>\n\t\t\t\t<\/div>\n\t\t\t\t\t<\/div>\n\t\t<\/div>\n\t\t\t\t<div class=\"elementor-column elementor-col-50 elementor-top-column elementor-element elementor-element-5919730\" data-id=\"5919730\" data-element_type=\"column\">\n\t\t\t<div class=\"elementor-widget-wrap elementor-element-populated\">\n\t\t\t\t\t\t<div class=\"elementor-element elementor-element-6634fe8 elementor-widget elementor-widget-text-editor\" data-id=\"6634fe8\" data-element_type=\"widget\" data-widget_type=\"text-editor.default\">\n\t\t\t\t<div class=\"elementor-widget-container\">\n\t\t\t\t\t\t\t\t\t<p style='font-family:Playfair Display;font-size:16px;font-weight:700;color:#1a1a1a;margin:8px 0 2px;'>Kids Penne Napoliten<\/p><p style='font-family:Georgia,serif;font-style:italic;font-size:11px;color:#2a7c6f;margin:0 0 2px;'>Kids Penne \u00b7 \u0645\u0639\u0643\u0631\u0648\u0646\u0629 \u0627\u0644\u0623\u0637\u0641\u0627\u0644<\/p><p style='font-size:11px;color:#888888;margin:0 0 8px;'>380\u2013480 kcal<\/p><p style='font-size:16px;margin:5px 0 0;letter-spacing:2px;'>\ud83c\udf3e \ud83e\udd5b \ud83e\udd5a<\/p><p style='font-family:Playfair Display;font-size:20px;font-weight:700;color:#1a1a1a;margin:0;'>\u20ba\u2014 <span style='font-size:11px;color:#888888;font-weight:400;'>\/ porsiyon<\/span><\/p>\t\t\t\t\t\t\t\t<\/div>\n\t\t\t\t<\/div>\n\t\t\t\t\t<\/div>\n\t\t<\/div>\n\t\t\t\t\t<\/div>\n\t\t<\/section>\n\t\t\t\t<\/div>","protected":false},"excerpt":{"rendered":"<p>B\u0130TK\u0130SEL &#038; GLUTENS\u0130Z Vegan Vegan &amp; Gluten-Free \u00b7 \u0646\u0628\u0627\u062a\u064a \u0648\u062e\u0627\u0644\u064d \u0645\u0646 \u0627\u0644\u063a\u0644\u0648\u062a\u064a\u0646 Fiyatlar\u0131m\u0131za KDV dahildir.Kalori de\u011ferleri referans aral\u0131\u011f\u0131 olup pi\u015firme y\u00f6ntemi ve i\u00e7eri\u011fe g\u00f6re de\u011fi\u015fkenlik g\u00f6sterebilir. Do\u011fadan ilham, tabakta lezzet. \u00b7 Inspired by nature, crafted with care. Vegan Burger Vegan Burger \u00b7 \u0628\u0631\u063a\u0631 \u0646\u0628\u0627\u062a\u064a Sebze burger k\u00f6ftesi, sote mantarlar, karamelize so\u011fan, chillada sos, ka\u015f\u0131k patates [&hellip;]<\/p>","protected":false},"author":1,"featured_media":0,"parent":0,"menu_order":0,"comment_status":"closed","ping_status":"closed","template":"","meta":{"footnotes":""},"class_list":["post-3240","page","type-page","status-publish","hentry"],"_links":{"self":[{"href":"https:\/\/wokipoint.com.tr\/en\/wp-json\/wp\/v2\/pages\/3240","targetHints":{"allow":["GET"]}}],"collection":[{"href":"https:\/\/wokipoint.com.tr\/en\/wp-json\/wp\/v2\/pages"}],"about":[{"href":"https:\/\/wokipoint.com.tr\/en\/wp-json\/wp\/v2\/types\/page"}],"author":[{"embeddable":true,"href":"https:\/\/wokipoint.com.tr\/en\/wp-json\/wp\/v2\/users\/1"}],"replies":[{"embeddable":true,"href":"https:\/\/wokipoint.com.tr\/en\/wp-json\/wp\/v2\/comments?post=3240"}],"version-history":[{"count":3,"href":"https:\/\/wokipoint.com.tr\/en\/wp-json\/wp\/v2\/pages\/3240\/revisions"}],"predecessor-version":[{"id":3244,"href":"https:\/\/wokipoint.com.tr\/en\/wp-json\/wp\/v2\/pages\/3240\/revisions\/3244"}],"wp:attachment":[{"href":"https:\/\/wokipoint.com.tr\/en\/wp-json\/wp\/v2\/media?parent=3240"}],"curies":[{"name":"wp","href":"https:\/\/api.w.org\/{rel}","templated":true}]}}