{"id":335,"date":"2025-11-18T15:16:06","date_gmt":"2025-11-18T15:16:06","guid":{"rendered":"https:\/\/wokipoint.com.tr\/wp\/?page_id=335"},"modified":"2026-01-23T00:05:37","modified_gmt":"2026-01-23T00:05:37","slug":"kids-menu","status":"publish","type":"page","link":"https:\/\/wokipoint.com.tr\/en\/kids-menu\/","title":{"rendered":"Kids Menu"},"content":{"rendered":"<div data-elementor-type=\"wp-page\" data-elementor-id=\"335\" class=\"elementor elementor-335\" data-elementor-post-type=\"page\">\n\t\t\t\t<div class=\"elementor-element elementor-element-913e562 e-flex e-con-boxed e-con e-parent\" data-id=\"913e562\" data-element_type=\"container\">\n\t\t\t\t\t<div class=\"e-con-inner\">\n\t\t<div class=\"elementor-element elementor-element-bff6b8c e-con-full e-flex e-con e-child\" data-id=\"bff6b8c\" data-element_type=\"container\">\n\t\t<div class=\"elementor-element elementor-element-cd8025b e-con-full e-flex elementor-invisible e-con e-child\" data-id=\"cd8025b\" data-element_type=\"container\" data-settings=\"{&quot;animation&quot;:&quot;slideInUp&quot;,&quot;animation_mobile&quot;:&quot;none&quot;}\">\n\t\t<div class=\"elementor-element elementor-element-74aaaa0 e-con-full e-flex e-con e-child\" data-id=\"74aaaa0\" data-element_type=\"container\">\n\t\t\t\t<div class=\"elementor-element elementor-element-6827bf8 elementor-widget elementor-widget-image\" data-id=\"6827bf8\" data-element_type=\"widget\" data-widget_type=\"image.default\">\n\t\t\t\t<div class=\"elementor-widget-container\">\n\t\t\t\t\t\t\t\t\t\t\t\t\t\t\t<img decoding=\"async\" src=\"https:\/\/wokipoint.com.tr\/wp-content\/uploads\/elementor\/thumbs\/kids-kofte-rgok9m00fcbvuz396i17p7bwjh0gyl413hb4cmxxo8.png\" title=\"kids k\u00f6fte\" alt=\"kids k\u00f6fte\" loading=\"lazy\" \/>\t\t\t\t\t\t\t\t\t\t\t\t\t\t\t<\/div>\n\t\t\t\t<\/div>\n\t\t\t\t<\/div>\n\t\t<div class=\"elementor-element elementor-element-efeca44 e-con-full e-flex e-con e-child\" data-id=\"efeca44\" data-element_type=\"container\">\n\t\t\t\t<div class=\"elementor-element elementor-element-de8ff3c elementor-widget__width-auto elementor-widget elementor-widget-heading\" data-id=\"de8ff3c\" data-element_type=\"widget\" data-widget_type=\"heading.default\">\n\t\t\t\t<div class=\"elementor-widget-container\">\n\t\t\t\t\t<h5 class=\"elementor-heading-title elementor-size-default\">Kids Anne K\u00f6ftesi<\/h5>\t\t\t\t<\/div>\n\t\t\t\t<\/div>\n\t\t\t\t<div class=\"elementor-element elementor-element-7359520 elementor-widget elementor-widget-heading\" data-id=\"7359520\" data-element_type=\"widget\" data-widget_type=\"heading.default\">\n\t\t\t\t<div class=\"elementor-widget-container\">\n\t\t\t\t\t<div class=\"elementor-heading-title elementor-size-default\">K\u00f6fte 120gr, pirin\u00e7 pilav\u0131, ka\u015f\u0131k patates ile <\/div>\t\t\t\t<\/div>\n\t\t\t\t<\/div>\n\t\t\t\t<\/div>\n\t\t<div class=\"elementor-element elementor-element-be5c918 e-con-full e-flex e-con e-child\" data-id=\"be5c918\" data-element_type=\"container\">\n\t\t\t\t<div class=\"elementor-element elementor-element-5028892 elementor-widget__width-auto elementor-widget elementor-widget-heading\" data-id=\"5028892\" data-element_type=\"widget\" data-widget_type=\"heading.default\">\n\t\t\t\t<div class=\"elementor-widget-container\">\n\t\t\t\t\t<div class=\"elementor-heading-title elementor-size-default\">349TL<\/div>\t\t\t\t<\/div>\n\t\t\t\t<\/div>\n\t\t\t\t<\/div>\n\t\t\t\t<\/div>\n\t\t<div class=\"elementor-element elementor-element-c4d1161 e-con-full e-flex elementor-invisible e-con e-child\" data-id=\"c4d1161\" data-element_type=\"container\" data-settings=\"{&quot;animation&quot;:&quot;slideInUp&quot;,&quot;animation_mobile&quot;:&quot;none&quot;}\">\n\t\t<div class=\"elementor-element elementor-element-802a46f e-con-full e-flex e-con e-child\" data-id=\"802a46f\" data-element_type=\"container\">\n\t\t\t\t<\/div>\n\t\t<div class=\"elementor-element elementor-element-4254c75 e-con-full e-flex e-con e-child\" data-id=\"4254c75\" data-element_type=\"container\">\n\t\t\t\t<div class=\"elementor-element elementor-element-840118d elementor-widget__width-auto elementor-widget elementor-widget-heading\" data-id=\"840118d\" data-element_type=\"widget\" data-widget_type=\"heading.default\">\n\t\t\t\t<div class=\"elementor-widget-container\">\n\t\t\t\t\t<h5 class=\"elementor-heading-title elementor-size-default\">Kids Pizza<\/h5>\t\t\t\t<\/div>\n\t\t\t\t<\/div>\n\t\t\t\t<div class=\"elementor-element elementor-element-8c457a0 elementor-widget elementor-widget-heading\" data-id=\"8c457a0\" data-element_type=\"widget\" data-widget_type=\"heading.default\">\n\t\t\t\t<div class=\"elementor-widget-container\">\n\t\t\t\t\t<div class=\"elementor-heading-title elementor-size-default\">Sucuk, m\u0131s\u0131r, mozarella, Siyah Zeytin<\/div>\t\t\t\t<\/div>\n\t\t\t\t<\/div>\n\t\t\t\t<\/div>\n\t\t<div class=\"elementor-element elementor-element-9b0a1d3 e-con-full e-flex e-con e-child\" data-id=\"9b0a1d3\" data-element_type=\"container\">\n\t\t\t\t<div class=\"elementor-element elementor-element-7efe27e elementor-widget__width-auto elementor-widget elementor-widget-heading\" data-id=\"7efe27e\" data-element_type=\"widget\" data-widget_type=\"heading.default\">\n\t\t\t\t<div class=\"elementor-widget-container\">\n\t\t\t\t\t<div class=\"elementor-heading-title elementor-size-default\">399TL<\/div>\t\t\t\t<\/div>\n\t\t\t\t<\/div>\n\t\t\t\t<\/div>\n\t\t\t\t<\/div>\n\t\t\t\t<\/div>\n\t\t<div class=\"elementor-element elementor-element-4716d47 e-con-full e-flex e-con e-child\" data-id=\"4716d47\" data-element_type=\"container\">\n\t\t<div class=\"elementor-element elementor-element-0012e95 e-con-full e-flex elementor-invisible e-con e-child\" data-id=\"0012e95\" data-element_type=\"container\" data-settings=\"{&quot;animation&quot;:&quot;slideInUp&quot;,&quot;animation_mobile&quot;:&quot;none&quot;}\">\n\t\t<div class=\"elementor-element elementor-element-7c376ac e-con-full e-flex e-con e-child\" data-id=\"7c376ac\" data-element_type=\"container\">\n\t\t\t\t<\/div>\n\t\t<div class=\"elementor-element elementor-element-4a5ab0a e-con-full e-flex e-con e-child\" data-id=\"4a5ab0a\" data-element_type=\"container\">\n\t\t\t\t<div class=\"elementor-element elementor-element-1b0a989 elementor-widget__width-auto elementor-widget elementor-widget-heading\" data-id=\"1b0a989\" data-element_type=\"widget\" data-widget_type=\"heading.default\">\n\t\t\t\t<div class=\"elementor-widget-container\">\n\t\t\t\t\t<h5 class=\"elementor-heading-title elementor-size-default\">Kids Mini Burger<\/h5>\t\t\t\t<\/div>\n\t\t\t\t<\/div>\n\t\t\t\t<div class=\"elementor-element elementor-element-cbfe56f elementor-widget elementor-widget-heading\" data-id=\"cbfe56f\" data-element_type=\"widget\" data-widget_type=\"heading.default\">\n\t\t\t\t<div class=\"elementor-widget-container\">\n\t\t\t\t\t<div class=\"elementor-heading-title elementor-size-default\">Mini Burger, ka\u015f\u0131k patates ile<\/div>\t\t\t\t<\/div>\n\t\t\t\t<\/div>\n\t\t\t\t<\/div>\n\t\t<div class=\"elementor-element elementor-element-016bdfc e-con-full e-flex e-con e-child\" data-id=\"016bdfc\" data-element_type=\"container\">\n\t\t\t\t<div class=\"elementor-element elementor-element-2b08882 elementor-widget__width-auto elementor-widget elementor-widget-heading\" data-id=\"2b08882\" data-element_type=\"widget\" data-widget_type=\"heading.default\">\n\t\t\t\t<div class=\"elementor-widget-container\">\n\t\t\t\t\t<div class=\"elementor-heading-title elementor-size-default\">399TL<\/div>\t\t\t\t<\/div>\n\t\t\t\t<\/div>\n\t\t\t\t<\/div>\n\t\t\t\t<\/div>\n\t\t<div class=\"elementor-element elementor-element-98194af e-con-full e-flex elementor-invisible e-con e-child\" data-id=\"98194af\" data-element_type=\"container\" data-settings=\"{&quot;animation&quot;:&quot;slideInUp&quot;,&quot;animation_mobile&quot;:&quot;none&quot;}\">\n\t\t<div class=\"elementor-element elementor-element-521e7b9 e-con-full e-flex e-con e-child\" data-id=\"521e7b9\" data-element_type=\"container\">\n\t\t\t\t<\/div>\n\t\t<div class=\"elementor-element elementor-element-3b13309 e-con-full e-flex e-con e-child\" data-id=\"3b13309\" data-element_type=\"container\">\n\t\t\t\t<div class=\"elementor-element elementor-element-ec5a482 elementor-widget__width-auto elementor-widget elementor-widget-heading\" data-id=\"ec5a482\" data-element_type=\"widget\" data-widget_type=\"heading.default\">\n\t\t\t\t<div class=\"elementor-widget-container\">\n\t\t\t\t\t<h5 class=\"elementor-heading-title elementor-size-default\">Kids Penne Napoliten<\/h5>\t\t\t\t<\/div>\n\t\t\t\t<\/div>\n\t\t\t\t<div class=\"elementor-element elementor-element-4081200 elementor-widget elementor-widget-heading\" data-id=\"4081200\" data-element_type=\"widget\" data-widget_type=\"heading.default\">\n\t\t\t\t<div class=\"elementor-widget-container\">\n\t\t\t\t\t<div class=\"elementor-heading-title elementor-size-default\">Napoliten soslu penne makarna<\/div>\t\t\t\t<\/div>\n\t\t\t\t<\/div>\n\t\t\t\t<\/div>\n\t\t<div class=\"elementor-element elementor-element-83eeeee e-con-full e-flex e-con e-child\" data-id=\"83eeeee\" data-element_type=\"container\">\n\t\t\t\t<div class=\"elementor-element elementor-element-fe09349 elementor-widget__width-auto elementor-widget elementor-widget-heading\" data-id=\"fe09349\" data-element_type=\"widget\" data-widget_type=\"heading.default\">\n\t\t\t\t<div class=\"elementor-widget-container\">\n\t\t\t\t\t<div class=\"elementor-heading-title elementor-size-default\">249TL<\/div>\t\t\t\t<\/div>\n\t\t\t\t<\/div>\n\t\t\t\t<\/div>\n\t\t\t\t<\/div>\n\t\t\t\t<\/div>\n\t\t\t\t\t<\/div>\n\t\t\t\t<\/div>\n\t\t<div class=\"elementor-element elementor-element-2bb0902 e-flex e-con-boxed e-con e-parent\" data-id=\"2bb0902\" data-element_type=\"container\">\n\t\t\t\t\t<div class=\"e-con-inner\">\n\t\t\t\t<div class=\"elementor-element elementor-element-13a4ac9 elementor-widget elementor-widget-heading\" data-id=\"13a4ac9\" data-element_type=\"widget\" data-widget_type=\"heading.default\">\n\t\t\t\t<div class=\"elementor-widget-container\">\n\t\t\t\t\t<h2 class=\"elementor-heading-title elementor-size-default\">Our prices include VAT<\/h2>\t\t\t\t<\/div>\n\t\t\t\t<\/div>\n\t\t\t\t\t<\/div>\n\t\t\t\t<\/div>\n\t\t\t\t<\/div>","protected":false},"excerpt":{"rendered":"<p>Kids Anne K\u00f6ftesi K\u00f6fte 120gr, pirin\u00e7 pilav\u0131, ka\u015f\u0131k patates ile 349TL Kids Pizza Sucuk, m\u0131s\u0131r, mozarella, Siyah Zeytin 399TL Kids Mini Burger Mini Burger, ka\u015f\u0131k patates ile 399TL Kids Penne Napoliten Napoliten soslu penne makarna 249TL Fiyatlar\u0131m\u0131za KDV dahildir\u200b<\/p>","protected":false},"author":1,"featured_media":0,"parent":0,"menu_order":0,"comment_status":"closed","ping_status":"closed","template":"","meta":{"footnotes":""},"class_list":["post-335","page","type-page","status-publish","hentry"],"_links":{"self":[{"href":"https:\/\/wokipoint.com.tr\/en\/wp-json\/wp\/v2\/pages\/335","targetHints":{"allow":["GET"]}}],"collection":[{"href":"https:\/\/wokipoint.com.tr\/en\/wp-json\/wp\/v2\/pages"}],"about":[{"href":"https:\/\/wokipoint.com.tr\/en\/wp-json\/wp\/v2\/types\/page"}],"author":[{"embeddable":true,"href":"https:\/\/wokipoint.com.tr\/en\/wp-json\/wp\/v2\/users\/1"}],"replies":[{"embeddable":true,"href":"https:\/\/wokipoint.com.tr\/en\/wp-json\/wp\/v2\/comments?post=335"}],"version-history":[{"count":15,"href":"https:\/\/wokipoint.com.tr\/en\/wp-json\/wp\/v2\/pages\/335\/revisions"}],"predecessor-version":[{"id":2337,"href":"https:\/\/wokipoint.com.tr\/en\/wp-json\/wp\/v2\/pages\/335\/revisions\/2337"}],"wp:attachment":[{"href":"https:\/\/wokipoint.com.tr\/en\/wp-json\/wp\/v2\/media?parent=335"}],"curies":[{"name":"wp","href":"https:\/\/api.w.org\/{rel}","templated":true}]}}