{"id":338,"date":"2025-11-18T15:16:21","date_gmt":"2025-11-18T15:16:21","guid":{"rendered":"https:\/\/wokipoint.com.tr\/wp\/?page_id=338"},"modified":"2026-01-23T00:08:58","modified_gmt":"2026-01-23T00:08:58","slug":"vegan-menu","status":"publish","type":"page","link":"https:\/\/wokipoint.com.tr\/en\/vegan-menu\/","title":{"rendered":"Vegan Menu"},"content":{"rendered":"<div data-elementor-type=\"wp-page\" data-elementor-id=\"338\" class=\"elementor elementor-338\" data-elementor-post-type=\"page\">\n\t\t\t\t<div class=\"elementor-element elementor-element-045a572 e-flex e-con-boxed e-con e-parent\" data-id=\"045a572\" data-element_type=\"container\">\n\t\t\t\t\t<div class=\"e-con-inner\">\n\t\t<div class=\"elementor-element elementor-element-9b9e2c6 e-con-full e-flex e-con e-child\" data-id=\"9b9e2c6\" data-element_type=\"container\">\n\t\t<div class=\"elementor-element elementor-element-8fe2541 e-con-full e-flex elementor-invisible e-con e-child\" data-id=\"8fe2541\" data-element_type=\"container\" data-settings=\"{&quot;animation&quot;:&quot;slideInUp&quot;,&quot;animation_mobile&quot;:&quot;none&quot;}\">\n\t\t<div class=\"elementor-element elementor-element-58a34f0 e-con-full e-flex e-con e-child\" data-id=\"58a34f0\" data-element_type=\"container\">\n\t\t\t\t<div class=\"elementor-element elementor-element-0ef5ab9 elementor-widget elementor-widget-image\" data-id=\"0ef5ab9\" data-element_type=\"widget\" data-widget_type=\"image.default\">\n\t\t\t\t<div class=\"elementor-widget-container\">\n\t\t\t\t\t\t\t\t\t\t\t\t\t\t\t<img decoding=\"async\" src=\"https:\/\/wokipoint.com.tr\/wp-content\/uploads\/elementor\/thumbs\/bostan-salata-scaled-rfnzcnhqkf1frt8x77u8o6t6hfqgz1tzax7jwuoerc.png\" title=\"bostan salata\" alt=\"bostan salata\" loading=\"lazy\" \/>\t\t\t\t\t\t\t\t\t\t\t\t\t\t\t<\/div>\n\t\t\t\t<\/div>\n\t\t\t\t<\/div>\n\t\t<div class=\"elementor-element elementor-element-f698645 e-con-full e-flex e-con e-child\" data-id=\"f698645\" data-element_type=\"container\">\n\t\t\t\t<div class=\"elementor-element elementor-element-edaa441 elementor-widget__width-auto elementor-widget elementor-widget-heading\" data-id=\"edaa441\" data-element_type=\"widget\" data-widget_type=\"heading.default\">\n\t\t\t\t<div class=\"elementor-widget-container\">\n\t\t\t\t\t<h5 class=\"elementor-heading-title elementor-size-default\">Vegan Burger<\/h5>\t\t\t\t<\/div>\n\t\t\t\t<\/div>\n\t\t\t\t<div class=\"elementor-element elementor-element-abb2b81 elementor-widget elementor-widget-heading\" data-id=\"abb2b81\" data-element_type=\"widget\" data-widget_type=\"heading.default\">\n\t\t\t\t<div class=\"elementor-widget-container\">\n\t\t\t\t\t<div class=\"elementor-heading-title elementor-size-default\">Sebze Burger K\u00f6ftesi, Sote Mantarlar, Karamelize So\u011fan,  Chillada sos, Ka\u015f\u0131k Patates ile<\/div>\t\t\t\t<\/div>\n\t\t\t\t<\/div>\n\t\t\t\t<\/div>\n\t\t<div class=\"elementor-element elementor-element-4672825 e-con-full e-flex e-con e-child\" data-id=\"4672825\" data-element_type=\"container\">\n\t\t\t\t<div class=\"elementor-element elementor-element-0f497fe elementor-widget__width-auto elementor-widget elementor-widget-heading\" data-id=\"0f497fe\" data-element_type=\"widget\" data-widget_type=\"heading.default\">\n\t\t\t\t<div class=\"elementor-widget-container\">\n\t\t\t\t\t<div class=\"elementor-heading-title elementor-size-default\">449TL<\/div>\t\t\t\t<\/div>\n\t\t\t\t<\/div>\n\t\t\t\t<\/div>\n\t\t\t\t<\/div>\n\t\t<div class=\"elementor-element elementor-element-a072dfa e-con-full e-flex e-con e-child\" data-id=\"a072dfa\" data-element_type=\"container\">\n\t\t<div class=\"elementor-element elementor-element-56a79bf e-con-full e-flex elementor-invisible e-con e-child\" data-id=\"56a79bf\" data-element_type=\"container\" data-settings=\"{&quot;animation&quot;:&quot;slideInUp&quot;,&quot;animation_mobile&quot;:&quot;none&quot;}\">\n\t\t<div class=\"elementor-element elementor-element-ef65aeb e-con-full e-flex e-con e-child\" data-id=\"ef65aeb\" data-element_type=\"container\">\n\t\t\t\t<div class=\"elementor-element elementor-element-b68b1d1 elementor-widget elementor-widget-image\" data-id=\"b68b1d1\" data-element_type=\"widget\" data-widget_type=\"image.default\">\n\t\t\t\t<div class=\"elementor-widget-container\">\n\t\t\t\t\t\t\t\t\t\t\t\t\t\t\t<img decoding=\"async\" src=\"https:\/\/wokipoint.com.tr\/wp-content\/uploads\/elementor\/thumbs\/bostan-salata-scaled-rfnzcnhqkf1frt8x77u8o6t6hfqgz1tzax7jwuoerc.png\" title=\"bostan salata\" alt=\"bostan salata\" loading=\"lazy\" \/>\t\t\t\t\t\t\t\t\t\t\t\t\t\t\t<\/div>\n\t\t\t\t<\/div>\n\t\t\t\t<\/div>\n\t\t<div class=\"elementor-element elementor-element-7802c80 e-con-full e-flex e-con e-child\" data-id=\"7802c80\" data-element_type=\"container\">\n\t\t\t\t<div class=\"elementor-element elementor-element-3ac045b elementor-widget__width-auto elementor-widget elementor-widget-heading\" data-id=\"3ac045b\" data-element_type=\"widget\" data-widget_type=\"heading.default\">\n\t\t\t\t<div class=\"elementor-widget-container\">\n\t\t\t\t\t<h5 class=\"elementor-heading-title elementor-size-default\">Glutensiz Mercimek Salatas\u0131<\/h5>\t\t\t\t<\/div>\n\t\t\t\t<\/div>\n\t\t\t\t<div class=\"elementor-element elementor-element-f36b23f elementor-widget elementor-widget-heading\" data-id=\"f36b23f\" data-element_type=\"widget\" data-widget_type=\"heading.default\">\n\t\t\t\t<div class=\"elementor-widget-container\">\n\t\t\t\t\t<div class=\"elementor-heading-title elementor-size-default\">Ye\u015fil Mercimek, K\u00f6zlenmi\u015f Kapya Biber, Havu\u00e7, Roka, Tahin Sos ile <\/div>\t\t\t\t<\/div>\n\t\t\t\t<\/div>\n\t\t\t\t<\/div>\n\t\t<div class=\"elementor-element elementor-element-4ded02d e-con-full e-flex e-con e-child\" data-id=\"4ded02d\" data-element_type=\"container\">\n\t\t\t\t<div class=\"elementor-element elementor-element-531a224 elementor-widget__width-auto elementor-widget elementor-widget-heading\" data-id=\"531a224\" data-element_type=\"widget\" data-widget_type=\"heading.default\">\n\t\t\t\t<div class=\"elementor-widget-container\">\n\t\t\t\t\t<div class=\"elementor-heading-title elementor-size-default\">399TL<\/div>\t\t\t\t<\/div>\n\t\t\t\t<\/div>\n\t\t\t\t<\/div>\n\t\t\t\t<\/div>\n\t\t\t\t<\/div>\n\t\t<div class=\"elementor-element elementor-element-670426d e-con-full e-flex e-con e-child\" data-id=\"670426d\" data-element_type=\"container\">\n\t\t<div class=\"elementor-element elementor-element-7e19448 e-con-full e-flex elementor-invisible e-con e-child\" data-id=\"7e19448\" data-element_type=\"container\" data-settings=\"{&quot;animation&quot;:&quot;slideInUp&quot;,&quot;animation_mobile&quot;:&quot;none&quot;}\">\n\t\t<div class=\"elementor-element elementor-element-4c30991 e-con-full e-flex e-con e-child\" data-id=\"4c30991\" data-element_type=\"container\">\n\t\t\t\t<div class=\"elementor-element elementor-element-0bce781 elementor-widget elementor-widget-image\" data-id=\"0bce781\" data-element_type=\"widget\" data-widget_type=\"image.default\">\n\t\t\t\t<div class=\"elementor-widget-container\">\n\t\t\t\t\t\t\t\t\t\t\t\t\t\t\t<img decoding=\"async\" src=\"https:\/\/wokipoint.com.tr\/wp-content\/uploads\/elementor\/thumbs\/bostan-salata-scaled-rfnzcnhqkf1frt8x77u8o6t6hfqgz1tzax7jwuoerc.png\" title=\"bostan salata\" alt=\"bostan salata\" loading=\"lazy\" \/>\t\t\t\t\t\t\t\t\t\t\t\t\t\t\t<\/div>\n\t\t\t\t<\/div>\n\t\t\t\t<\/div>\n\t\t<div class=\"elementor-element elementor-element-fc75738 e-con-full e-flex e-con e-child\" data-id=\"fc75738\" data-element_type=\"container\">\n\t\t\t\t<div class=\"elementor-element elementor-element-ac2ea42 elementor-widget__width-auto elementor-widget elementor-widget-heading\" data-id=\"ac2ea42\" data-element_type=\"widget\" data-widget_type=\"heading.default\">\n\t\t\t\t<div class=\"elementor-widget-container\">\n\t\t\t\t\t<h5 class=\"elementor-heading-title elementor-size-default\">Kinoa Bowl<\/h5>\t\t\t\t<\/div>\n\t\t\t\t<\/div>\n\t\t\t\t<div class=\"elementor-element elementor-element-8520948 elementor-widget elementor-widget-heading\" data-id=\"8520948\" data-element_type=\"widget\" data-widget_type=\"heading.default\">\n\t\t\t\t<div class=\"elementor-widget-container\">\n\t\t\t\t\t<div class=\"elementor-heading-title elementor-size-default\">Kinoa, Nohut, Salatal\u0131k, Domates, Avokado, Limon Sos ile <\/div>\t\t\t\t<\/div>\n\t\t\t\t<\/div>\n\t\t\t\t<\/div>\n\t\t<div class=\"elementor-element elementor-element-aae8c92 e-con-full e-flex e-con e-child\" data-id=\"aae8c92\" data-element_type=\"container\">\n\t\t\t\t<div class=\"elementor-element elementor-element-851d9eb elementor-widget__width-auto elementor-widget elementor-widget-heading\" data-id=\"851d9eb\" data-element_type=\"widget\" data-widget_type=\"heading.default\">\n\t\t\t\t<div class=\"elementor-widget-container\">\n\t\t\t\t\t<div class=\"elementor-heading-title elementor-size-default\">499TL<\/div>\t\t\t\t<\/div>\n\t\t\t\t<\/div>\n\t\t\t\t<\/div>\n\t\t\t\t<\/div>\n\t\t\t\t<\/div>\n\t\t\t\t<\/div>\n\t\t\t\t\t<\/div>\n\t\t\t\t<\/div>\n\t\t<div class=\"elementor-element elementor-element-1ba76b5 e-flex e-con-boxed e-con e-parent\" data-id=\"1ba76b5\" data-element_type=\"container\">\n\t\t\t\t\t<div class=\"e-con-inner\">\n\t\t\t\t<div class=\"elementor-element elementor-element-d53651c elementor-widget elementor-widget-heading\" data-id=\"d53651c\" data-element_type=\"widget\" data-widget_type=\"heading.default\">\n\t\t\t\t<div class=\"elementor-widget-container\">\n\t\t\t\t\t<h2 class=\"elementor-heading-title elementor-size-default\">Our prices include VAT<\/h2>\t\t\t\t<\/div>\n\t\t\t\t<\/div>\n\t\t\t\t\t<\/div>\n\t\t\t\t<\/div>\n\t\t\t\t<\/div>","protected":false},"excerpt":{"rendered":"<p>Vegan Burger Sebze Burger K\u00f6ftesi, Sote Mantarlar, Karamelize So\u011fan, Chillada sos, Ka\u015f\u0131k Patates ile 449TL Glutensiz Mercimek Salatas\u0131 Ye\u015fil Mercimek, K\u00f6zlenmi\u015f Kapya Biber, Havu\u00e7, Roka, Tahin Sos ile 399TL Kinoa Bowl Kinoa, Nohut, Salatal\u0131k, Domates, Avokado, Limon Sos ile 499TL Fiyatlar\u0131m\u0131za KDV dahildir\u200b<\/p>","protected":false},"author":1,"featured_media":0,"parent":0,"menu_order":0,"comment_status":"closed","ping_status":"closed","template":"","meta":{"footnotes":""},"class_list":["post-338","page","type-page","status-publish","hentry"],"_links":{"self":[{"href":"https:\/\/wokipoint.com.tr\/en\/wp-json\/wp\/v2\/pages\/338","targetHints":{"allow":["GET"]}}],"collection":[{"href":"https:\/\/wokipoint.com.tr\/en\/wp-json\/wp\/v2\/pages"}],"about":[{"href":"https:\/\/wokipoint.com.tr\/en\/wp-json\/wp\/v2\/types\/page"}],"author":[{"embeddable":true,"href":"https:\/\/wokipoint.com.tr\/en\/wp-json\/wp\/v2\/users\/1"}],"replies":[{"embeddable":true,"href":"https:\/\/wokipoint.com.tr\/en\/wp-json\/wp\/v2\/comments?post=338"}],"version-history":[{"count":9,"href":"https:\/\/wokipoint.com.tr\/en\/wp-json\/wp\/v2\/pages\/338\/revisions"}],"predecessor-version":[{"id":2377,"href":"https:\/\/wokipoint.com.tr\/en\/wp-json\/wp\/v2\/pages\/338\/revisions\/2377"}],"wp:attachment":[{"href":"https:\/\/wokipoint.com.tr\/en\/wp-json\/wp\/v2\/media?parent=338"}],"curies":[{"name":"wp","href":"https:\/\/api.w.org\/{rel}","templated":true}]}}