{"id":3686,"date":"2026-04-20T17:55:37","date_gmt":"2026-04-20T17:55:37","guid":{"rendered":"https:\/\/wokipoint.com.tr\/?page_id=3686"},"modified":"2026-04-20T17:56:06","modified_gmt":"2026-04-20T17:56:06","slug":"icecekler-3","status":"publish","type":"page","link":"https:\/\/wokipoint.com.tr\/en\/icecekler-3\/","title":{"rendered":"Beverages"},"content":{"rendered":"<div data-elementor-type=\"wp-page\" data-elementor-id=\"3686\" class=\"elementor elementor-3686\" data-elementor-post-type=\"page\">\n\t\t\t\t\t\t<section class=\"elementor-section elementor-top-section elementor-element elementor-element-57b41359 elementor-section-boxed elementor-section-height-default elementor-section-height-default\" data-id=\"57b41359\" data-element_type=\"section\" data-settings=\"{&quot;background_background&quot;:&quot;classic&quot;}\">\n\t\t\t\t\t\t<div class=\"elementor-container elementor-column-gap-default\">\n\t\t\t\t\t<div class=\"elementor-column elementor-col-100 elementor-top-column elementor-element elementor-element-7fbceb3d\" data-id=\"7fbceb3d\" data-element_type=\"column\">\n\t\t\t<div class=\"elementor-widget-wrap elementor-element-populated\">\n\t\t\t\t\t\t<div class=\"elementor-element elementor-element-4b1d400d elementor-widget elementor-widget-heading\" data-id=\"4b1d400d\" data-element_type=\"widget\" data-widget_type=\"heading.default\">\n\t\t\t\t<div class=\"elementor-widget-container\">\n\t\t\t\t\t<h2 class=\"elementor-heading-title elementor-size-default\">SICAK \u00b7 SO\u011eUK \u00b7 EV YAPIMI<\/h2>\t\t\t\t<\/div>\n\t\t\t\t<\/div>\n\t\t\t\t<div class=\"elementor-element elementor-element-1eee71f0 elementor-widget elementor-widget-heading\" data-id=\"1eee71f0\" data-element_type=\"widget\" data-widget_type=\"heading.default\">\n\t\t\t\t<div class=\"elementor-widget-container\">\n\t\t\t\t\t<h1 class=\"elementor-heading-title elementor-size-default\">Beverages<\/h1>\t\t\t\t<\/div>\n\t\t\t\t<\/div>\n\t\t\t\t<div class=\"elementor-element elementor-element-73bf999f elementor-widget elementor-widget-heading\" data-id=\"73bf999f\" data-element_type=\"widget\" data-widget_type=\"heading.default\">\n\t\t\t\t<div class=\"elementor-widget-container\">\n\t\t\t\t\t<h2 class=\"elementor-heading-title elementor-size-default\">Beverages \u2014 \u0627\u0644\u0645\u0634\u0631\u0648\u0628\u0627\u062a<\/h2>\t\t\t\t<\/div>\n\t\t\t\t<\/div>\n\t\t\t\t\t<\/div>\n\t\t<\/div>\n\t\t\t\t\t<\/div>\n\t\t<\/section>\n\t\t\t\t<section class=\"elementor-section elementor-top-section elementor-element elementor-element-50aa65ce elementor-section-boxed elementor-section-height-default elementor-section-height-default\" data-id=\"50aa65ce\" data-element_type=\"section\" data-settings=\"{&quot;background_background&quot;:&quot;classic&quot;}\">\n\t\t\t\t\t\t<div class=\"elementor-container elementor-column-gap-default\">\n\t\t\t\t\t<div class=\"elementor-column elementor-col-100 elementor-top-column elementor-element elementor-element-7df727e8\" data-id=\"7df727e8\" data-element_type=\"column\">\n\t\t\t<div class=\"elementor-widget-wrap\">\n\t\t\t\t\t\t\t<\/div>\n\t\t<\/div>\n\t\t\t\t\t<\/div>\n\t\t<\/section>\n\t\t\t\t<section class=\"elementor-section elementor-top-section elementor-element elementor-element-126ea129 elementor-section-boxed elementor-section-height-default elementor-section-height-default\" data-id=\"126ea129\" data-element_type=\"section\" data-settings=\"{&quot;background_background&quot;:&quot;classic&quot;}\">\n\t\t\t\t\t\t<div class=\"elementor-container elementor-column-gap-default\">\n\t\t\t\t\t<div class=\"elementor-column elementor-col-100 elementor-top-column elementor-element elementor-element-25d3e5d\" data-id=\"25d3e5d\" data-element_type=\"column\">\n\t\t\t<div class=\"elementor-widget-wrap elementor-element-populated\">\n\t\t\t\t\t\t<div class=\"elementor-element elementor-element-6b72622b elementor-widget elementor-widget-text-editor\" data-id=\"6b72622b\" data-element_type=\"widget\" data-widget_type=\"text-editor.default\">\n\t\t\t\t<div class=\"elementor-widget-container\">\n\t\t\t\t\t\t\t\t\t<p style='text-align:center;font-family:Poppins,sans-serif;font-size:11px;color:#9a948c;letter-spacing:0.05em;line-height:1.8;margin:0;'>Our prices include VAT <span style='color:#78b0ad'>\u00b7<\/span> All prices include VAT <span style='color:#78b0ad'>\u00b7<\/span> \u0627\u0644\u0623\u0633\u0639\u0627\u0631 \u0634\u0627\u0645\u0644\u0629 \u0636\u0631\u064a\u0628\u0629 \u0627\u0644\u0642\u064a\u0645\u0629 \u0627\u0644\u0645\u0636\u0627\u0641\u0629<\/p><p style='text-align:center;font-family:Poppins,sans-serif;font-size:11px;color:#9a948c;letter-spacing:0.05em;line-height:1.8;margin:6px 0 0;'>Kalori de\u011ferleri referans aral\u0131\u011f\u0131 olup pi\u015firme y\u00f6ntemi ve i\u00e7eri\u011fe g\u00f6re de\u011fi\u015fkenlik g\u00f6sterebilir.<\/p><p style='text-align:center;font-family:Poppins,sans-serif;font-size:11px;color:#9a948c;letter-spacing:0.05em;line-height:1.8;margin:6px 0 0;'>\u0130\u00e7eceklerimizde kullan\u0131lan \u015furuplar ve i\u00e7erikler alerjen i\u00e7erebilir. \u00c7apraz bula\u015fma riski bulunmaktad\u0131r.<\/p>\t\t\t\t\t\t\t\t<\/div>\n\t\t\t\t<\/div>\n\t\t\t\t\t<\/div>\n\t\t<\/div>\n\t\t\t\t\t<\/div>\n\t\t<\/section>\n\t\t\t\t<\/div>","protected":false},"excerpt":{"rendered":"<p>SICAK \u00b7 SO\u011eUK \u00b7 EV YAPIMI \u0130\u00e7ecekler Beverages \u2014 \u0627\u0644\u0645\u0634\u0631\u0648\u0628\u0627\u062a Fiyatlar\u0131m\u0131za KDV dahildir \u00b7 All prices include VAT \u00b7 \u0627\u0644\u0623\u0633\u0639\u0627\u0631 \u0634\u0627\u0645\u0644\u0629 \u0636\u0631\u064a\u0628\u0629 \u0627\u0644\u0642\u064a\u0645\u0629 \u0627\u0644\u0645\u0636\u0627\u0641\u0629 Kalori de\u011ferleri referans aral\u0131\u011f\u0131 olup pi\u015firme y\u00f6ntemi ve i\u00e7eri\u011fe g\u00f6re de\u011fi\u015fkenlik g\u00f6sterebilir. \u0130\u00e7eceklerimizde kullan\u0131lan \u015furuplar ve i\u00e7erikler alerjen i\u00e7erebilir. \u00c7apraz bula\u015fma riski bulunmaktad\u0131r.<\/p>","protected":false},"author":1,"featured_media":0,"parent":0,"menu_order":0,"comment_status":"closed","ping_status":"closed","template":"","meta":{"footnotes":""},"class_list":["post-3686","page","type-page","status-publish","hentry"],"_links":{"self":[{"href":"https:\/\/wokipoint.com.tr\/en\/wp-json\/wp\/v2\/pages\/3686","targetHints":{"allow":["GET"]}}],"collection":[{"href":"https:\/\/wokipoint.com.tr\/en\/wp-json\/wp\/v2\/pages"}],"about":[{"href":"https:\/\/wokipoint.com.tr\/en\/wp-json\/wp\/v2\/types\/page"}],"author":[{"embeddable":true,"href":"https:\/\/wokipoint.com.tr\/en\/wp-json\/wp\/v2\/users\/1"}],"replies":[{"embeddable":true,"href":"https:\/\/wokipoint.com.tr\/en\/wp-json\/wp\/v2\/comments?post=3686"}],"version-history":[{"count":3,"href":"https:\/\/wokipoint.com.tr\/en\/wp-json\/wp\/v2\/pages\/3686\/revisions"}],"predecessor-version":[{"id":3690,"href":"https:\/\/wokipoint.com.tr\/en\/wp-json\/wp\/v2\/pages\/3686\/revisions\/3690"}],"wp:attachment":[{"href":"https:\/\/wokipoint.com.tr\/en\/wp-json\/wp\/v2\/media?parent=3686"}],"curies":[{"name":"wp","href":"https:\/\/api.w.org\/{rel}","templated":true}]}}