{"id":458,"date":"2025-11-20T07:46:27","date_gmt":"2025-11-20T07:46:27","guid":{"rendered":"https:\/\/wokipoint.com.tr\/wp\/?page_id=458"},"modified":"2026-02-12T22:11:20","modified_gmt":"2026-02-12T22:11:20","slug":"salatalar","status":"publish","type":"page","link":"https:\/\/wokipoint.com.tr\/en\/salatalar\/","title":{"rendered":"Salads"},"content":{"rendered":"<div data-elementor-type=\"wp-page\" data-elementor-id=\"458\" class=\"elementor elementor-458\" data-elementor-post-type=\"page\">\n\t\t\t\t<div class=\"elementor-element elementor-element-5dc29e0 e-flex e-con-boxed e-con e-parent\" data-id=\"5dc29e0\" data-element_type=\"container\">\n\t\t\t\t\t<div class=\"e-con-inner\">\n\t\t<div class=\"elementor-element elementor-element-eb0c93b e-con-full e-flex e-con e-child\" data-id=\"eb0c93b\" data-element_type=\"container\">\n\t\t<div class=\"elementor-element elementor-element-f25ca8f e-con-full e-flex elementor-invisible e-con e-child\" data-id=\"f25ca8f\" data-element_type=\"container\" data-settings=\"{&quot;animation&quot;:&quot;slideInUp&quot;,&quot;animation_mobile&quot;:&quot;none&quot;}\">\n\t\t<div class=\"elementor-element elementor-element-f0a2bc2 e-con-full e-flex e-con e-child\" data-id=\"f0a2bc2\" data-element_type=\"container\">\n\t\t\t\t<div class=\"elementor-element elementor-element-73f3836 elementor-widget elementor-widget-image\" data-id=\"73f3836\" data-element_type=\"widget\" data-widget_type=\"image.default\">\n\t\t\t\t<div class=\"elementor-widget-container\">\n\t\t\t\t\t\t\t\t\t\t\t\t\t\t\t<img decoding=\"async\" src=\"https:\/\/wokipoint.com.tr\/wp-content\/uploads\/elementor\/thumbs\/bostan-salata-scaled-rfnzcnhqkf1frt8x77u8o6t6hfqgz1tzax7jwuoerc.png\" title=\"bostan salata\" alt=\"bostan salata\" loading=\"lazy\" \/>\t\t\t\t\t\t\t\t\t\t\t\t\t\t\t<\/div>\n\t\t\t\t<\/div>\n\t\t\t\t<\/div>\n\t\t<div class=\"elementor-element elementor-element-fca8542 e-con-full e-flex e-con e-child\" data-id=\"fca8542\" data-element_type=\"container\">\n\t\t\t\t<div class=\"elementor-element elementor-element-ae15b06 elementor-widget__width-auto elementor-widget elementor-widget-heading\" data-id=\"ae15b06\" data-element_type=\"widget\" data-widget_type=\"heading.default\">\n\t\t\t\t<div class=\"elementor-widget-container\">\n\t\t\t\t\t<h5 class=\"elementor-heading-title elementor-size-default\">Bostan Salata<\/h5>\t\t\t\t<\/div>\n\t\t\t\t<\/div>\n\t\t\t\t<div class=\"elementor-element elementor-element-ecdf5ba elementor-widget elementor-widget-heading\" data-id=\"ecdf5ba\" data-element_type=\"widget\" data-widget_type=\"heading.default\">\n\t\t\t\t<div class=\"elementor-widget-container\">\n\t\t\t\t\t<div class=\"elementor-heading-title elementor-size-default\">Taze Mevsim Ye\u015fillikleri, Roka, Havu\u00e7,Mor Lahana ,Tulum Peyniri,Ceviz, Zeytin ya\u011f\u0131,Limon Sos,Glisini<\/div>\t\t\t\t<\/div>\n\t\t\t\t<\/div>\n\t\t\t\t<\/div>\n\t\t<div class=\"elementor-element elementor-element-61bdf7a e-con-full e-flex e-con e-child\" data-id=\"61bdf7a\" data-element_type=\"container\">\n\t\t\t\t<div class=\"elementor-element elementor-element-c41dded elementor-widget__width-auto elementor-widget elementor-widget-heading\" data-id=\"c41dded\" data-element_type=\"widget\" data-widget_type=\"heading.default\">\n\t\t\t\t<div class=\"elementor-widget-container\">\n\t\t\t\t\t<div class=\"elementor-heading-title elementor-size-default\">449TL<\/div>\t\t\t\t<\/div>\n\t\t\t\t<\/div>\n\t\t\t\t<\/div>\n\t\t\t\t<\/div>\n\t\t<div class=\"elementor-element elementor-element-b959cd4 e-con-full e-flex elementor-invisible e-con e-child\" data-id=\"b959cd4\" data-element_type=\"container\" data-settings=\"{&quot;animation&quot;:&quot;slideInUp&quot;,&quot;animation_mobile&quot;:&quot;none&quot;}\">\n\t\t<div class=\"elementor-element elementor-element-65bd57a e-con-full e-flex e-con e-child\" data-id=\"65bd57a\" data-element_type=\"container\">\n\t\t\t\t<div class=\"elementor-element elementor-element-499b586 elementor-widget elementor-widget-image\" data-id=\"499b586\" data-element_type=\"widget\" data-widget_type=\"image.default\">\n\t\t\t\t<div class=\"elementor-widget-container\">\n\t\t\t\t\t\t\t\t\t\t\t\t\t\t\t<img decoding=\"async\" src=\"https:\/\/wokipoint.com.tr\/wp-content\/uploads\/elementor\/thumbs\/izgara-levrek-salatasi-scaled-rfnzfzt2v7m51we5onuhjcg6ir9gcb3mfgppc9q0mw.png\" title=\"\u0131zgara levrek salatas\u0131\" alt=\"\u0131zgara levrek salatas\u0131\" loading=\"lazy\" \/>\t\t\t\t\t\t\t\t\t\t\t\t\t\t\t<\/div>\n\t\t\t\t<\/div>\n\t\t\t\t<\/div>\n\t\t<div class=\"elementor-element elementor-element-0083550 e-con-full e-flex e-con e-child\" data-id=\"0083550\" data-element_type=\"container\">\n\t\t\t\t<div class=\"elementor-element elementor-element-eed3b12 elementor-widget__width-auto elementor-widget elementor-widget-heading\" data-id=\"eed3b12\" data-element_type=\"widget\" data-widget_type=\"heading.default\">\n\t\t\t\t<div class=\"elementor-widget-container\">\n\t\t\t\t\t<h5 class=\"elementor-heading-title elementor-size-default\">Izgara Levrek Salatas\u0131<\/h5>\t\t\t\t<\/div>\n\t\t\t\t<\/div>\n\t\t\t\t<div class=\"elementor-element elementor-element-e6ed78e elementor-widget elementor-widget-heading\" data-id=\"e6ed78e\" data-element_type=\"widget\" data-widget_type=\"heading.default\">\n\t\t\t\t<div class=\"elementor-widget-container\">\n\t\t\t\t\t<div class=\"elementor-heading-title elementor-size-default\">Mevsim Ye\u015fillikleri, Izgara Levrek Filetosu, Ha\u015flanm\u0131\u015f nohut, \u00c7eri Domates, \u00c7engelk\u00f6y Salatal\u0131k, Narl\u0131 Sos<\/div>\t\t\t\t<\/div>\n\t\t\t\t<\/div>\n\t\t\t\t<\/div>\n\t\t<div class=\"elementor-element elementor-element-88f8dee e-con-full e-flex e-con e-child\" data-id=\"88f8dee\" data-element_type=\"container\">\n\t\t\t\t<div class=\"elementor-element elementor-element-5d3721d elementor-widget__width-auto elementor-widget elementor-widget-heading\" data-id=\"5d3721d\" data-element_type=\"widget\" data-widget_type=\"heading.default\">\n\t\t\t\t<div class=\"elementor-widget-container\">\n\t\t\t\t\t<div class=\"elementor-heading-title elementor-size-default\">599TL<\/div>\t\t\t\t<\/div>\n\t\t\t\t<\/div>\n\t\t\t\t<\/div>\n\t\t\t\t<\/div>\n\t\t<div class=\"elementor-element elementor-element-83687b9 e-con-full e-flex elementor-invisible e-con e-child\" data-id=\"83687b9\" data-element_type=\"container\" data-settings=\"{&quot;animation&quot;:&quot;slideInUp&quot;,&quot;animation_mobile&quot;:&quot;none&quot;}\">\n\t\t<div class=\"elementor-element elementor-element-122c9ec e-con-full e-flex e-con e-child\" data-id=\"122c9ec\" data-element_type=\"container\">\n\t\t\t\t<div class=\"elementor-element elementor-element-3f30fc4 elementor-widget elementor-widget-image\" data-id=\"3f30fc4\" data-element_type=\"widget\" data-widget_type=\"image.default\">\n\t\t\t\t<div class=\"elementor-widget-container\">\n\t\t\t\t\t\t\t\t\t\t\t\t\t\t\t<img decoding=\"async\" src=\"https:\/\/wokipoint.com.tr\/wp-content\/uploads\/elementor\/thumbs\/ton-balikli-salata-scaled-rfnzkensy7nljzzex2ifqqd2wvihh5m9dayrg16hfc.png\" title=\"ton bal\u0131kl\u0131 salata\" alt=\"ton bal\u0131kl\u0131 salata\" loading=\"lazy\" \/>\t\t\t\t\t\t\t\t\t\t\t\t\t\t\t<\/div>\n\t\t\t\t<\/div>\n\t\t\t\t<\/div>\n\t\t<div class=\"elementor-element elementor-element-13e0ff0 e-con-full e-flex e-con e-child\" data-id=\"13e0ff0\" data-element_type=\"container\">\n\t\t\t\t<div class=\"elementor-element elementor-element-25bbc48 elementor-widget__width-auto elementor-widget elementor-widget-heading\" data-id=\"25bbc48\" data-element_type=\"widget\" data-widget_type=\"heading.default\">\n\t\t\t\t<div class=\"elementor-widget-container\">\n\t\t\t\t\t<h5 class=\"elementor-heading-title elementor-size-default\">Ton Bal\u0131kl\u0131 Salata<\/h5>\t\t\t\t<\/div>\n\t\t\t\t<\/div>\n\t\t\t\t<div class=\"elementor-element elementor-element-7557338 elementor-widget elementor-widget-heading\" data-id=\"7557338\" data-element_type=\"widget\" data-widget_type=\"heading.default\">\n\t\t\t\t<div class=\"elementor-widget-container\">\n\t\t\t\t\t<div class=\"elementor-heading-title elementor-size-default\">Mevsim Ye\u015fillikleri, 100 Gr. Ton Bal\u0131\u011f\u0131, Salatal\u0131k, Domates, K\u0131rm\u0131z\u0131 So\u011fan, Tane M\u0131s\u0131r, grisini<\/div>\t\t\t\t<\/div>\n\t\t\t\t<\/div>\n\t\t\t\t<\/div>\n\t\t<div class=\"elementor-element elementor-element-85abdbe e-con-full e-flex e-con e-child\" data-id=\"85abdbe\" data-element_type=\"container\">\n\t\t\t\t<div class=\"elementor-element elementor-element-c50499d elementor-widget__width-auto elementor-widget elementor-widget-heading\" data-id=\"c50499d\" data-element_type=\"widget\" data-widget_type=\"heading.default\">\n\t\t\t\t<div class=\"elementor-widget-container\">\n\t\t\t\t\t<div class=\"elementor-heading-title elementor-size-default\">525TL<\/div>\t\t\t\t<\/div>\n\t\t\t\t<\/div>\n\t\t\t\t<\/div>\n\t\t\t\t<\/div>\n\t\t\t\t<\/div>\n\t\t<div class=\"elementor-element elementor-element-df03fe4 e-con-full e-flex e-con e-child\" data-id=\"df03fe4\" data-element_type=\"container\">\n\t\t<div class=\"elementor-element elementor-element-2e0d8fe e-con-full e-flex elementor-invisible e-con e-child\" data-id=\"2e0d8fe\" data-element_type=\"container\" data-settings=\"{&quot;animation&quot;:&quot;slideInUp&quot;,&quot;animation_mobile&quot;:&quot;none&quot;}\">\n\t\t<div class=\"elementor-element elementor-element-91fe191 e-con-full e-flex e-con e-child\" data-id=\"91fe191\" data-element_type=\"container\">\n\t\t\t\t<div class=\"elementor-element elementor-element-f4a143b elementor-widget elementor-widget-image\" data-id=\"f4a143b\" data-element_type=\"widget\" data-widget_type=\"image.default\">\n\t\t\t\t<div class=\"elementor-widget-container\">\n\t\t\t\t\t\t\t\t\t\t\t\t\t\t\t<img decoding=\"async\" src=\"https:\/\/wokipoint.com.tr\/wp-content\/uploads\/elementor\/thumbs\/sezar-salata-1-rgokz4cbwh90y01b80zpv9l8wxa2uvds9qoi7z4at4.png\" title=\"sezar salata\" alt=\"sezar salata\" loading=\"lazy\" \/>\t\t\t\t\t\t\t\t\t\t\t\t\t\t\t<\/div>\n\t\t\t\t<\/div>\n\t\t\t\t<\/div>\n\t\t<div class=\"elementor-element elementor-element-8ef6ec8 e-con-full e-flex e-con e-child\" data-id=\"8ef6ec8\" data-element_type=\"container\">\n\t\t\t\t<div class=\"elementor-element elementor-element-3a3b74b elementor-widget__width-auto elementor-widget elementor-widget-heading\" data-id=\"3a3b74b\" data-element_type=\"widget\" data-widget_type=\"heading.default\">\n\t\t\t\t<div class=\"elementor-widget-container\">\n\t\t\t\t\t<h5 class=\"elementor-heading-title elementor-size-default\">Sezar Salata<\/h5>\t\t\t\t<\/div>\n\t\t\t\t<\/div>\n\t\t\t\t<div class=\"elementor-element elementor-element-2167413 elementor-widget elementor-widget-heading\" data-id=\"2167413\" data-element_type=\"widget\" data-widget_type=\"heading.default\">\n\t\t\t\t<div class=\"elementor-widget-container\">\n\t\t\t\t\t<div class=\"elementor-heading-title elementor-size-default\">Taze Marul Yapraklar\u0131, Kruton, Parmesan Peyniri, Izgara Tavuk, grisini, Sezar Sos<\/div>\t\t\t\t<\/div>\n\t\t\t\t<\/div>\n\t\t\t\t<\/div>\n\t\t<div class=\"elementor-element elementor-element-e45b476 e-con-full e-flex e-con e-child\" data-id=\"e45b476\" data-element_type=\"container\">\n\t\t\t\t<div class=\"elementor-element elementor-element-253fe71 elementor-widget__width-auto elementor-widget elementor-widget-heading\" data-id=\"253fe71\" data-element_type=\"widget\" data-widget_type=\"heading.default\">\n\t\t\t\t<div class=\"elementor-widget-container\">\n\t\t\t\t\t<div class=\"elementor-heading-title elementor-size-default\">525TL<\/div>\t\t\t\t<\/div>\n\t\t\t\t<\/div>\n\t\t\t\t<\/div>\n\t\t\t\t<\/div>\n\t\t<div class=\"elementor-element elementor-element-fc4c2d6 e-con-full e-flex elementor-invisible e-con e-child\" data-id=\"fc4c2d6\" data-element_type=\"container\" data-settings=\"{&quot;animation&quot;:&quot;slideInUp&quot;,&quot;animation_mobile&quot;:&quot;none&quot;}\">\n\t\t<div class=\"elementor-element elementor-element-7231671 e-con-full e-flex e-con e-child\" data-id=\"7231671\" data-element_type=\"container\">\n\t\t\t\t<div class=\"elementor-element elementor-element-4438249 elementor-widget elementor-widget-image\" data-id=\"4438249\" data-element_type=\"widget\" data-widget_type=\"image.default\">\n\t\t\t\t<div class=\"elementor-widget-container\">\n\t\t\t\t\t\t\t\t\t\t\t\t\t\t\t<img decoding=\"async\" src=\"https:\/\/wokipoint.com.tr\/wp-content\/uploads\/elementor\/thumbs\/etli-salata-scaled-rfnzdrwsqakrn1m7n7b75em0107961afsh9fjr0hbs.png\" title=\"etli salata\" alt=\"etli salata\" loading=\"lazy\" \/>\t\t\t\t\t\t\t\t\t\t\t\t\t\t\t<\/div>\n\t\t\t\t<\/div>\n\t\t\t\t<\/div>\n\t\t<div class=\"elementor-element elementor-element-6aaa996 e-con-full e-flex e-con e-child\" data-id=\"6aaa996\" data-element_type=\"container\">\n\t\t\t\t<div class=\"elementor-element elementor-element-f240cf7 elementor-widget__width-auto elementor-widget elementor-widget-heading\" data-id=\"f240cf7\" data-element_type=\"widget\" data-widget_type=\"heading.default\">\n\t\t\t\t<div class=\"elementor-widget-container\">\n\t\t\t\t\t<h5 class=\"elementor-heading-title elementor-size-default\">Steak Salata<\/h5>\t\t\t\t<\/div>\n\t\t\t\t<\/div>\n\t\t\t\t<div class=\"elementor-element elementor-element-2ba1574 elementor-widget elementor-widget-heading\" data-id=\"2ba1574\" data-element_type=\"widget\" data-widget_type=\"heading.default\">\n\t\t\t\t<div class=\"elementor-widget-container\">\n\t\t\t\t\t<div class=\"elementor-heading-title elementor-size-default\">Mevsim Ye\u015fillikleri, \u0130nce Dilimlenmi\u015f Dana Biftek, Kuskus, Mantar, \u00c7eri Domates, \u00c7engelk\u00f6y Salatal\u0131k, Grisini, Sumak Ek\u015fili Sos<\/div>\t\t\t\t<\/div>\n\t\t\t\t<\/div>\n\t\t\t\t<\/div>\n\t\t<div class=\"elementor-element elementor-element-86f77e0 e-con-full e-flex e-con e-child\" data-id=\"86f77e0\" data-element_type=\"container\">\n\t\t\t\t<div class=\"elementor-element elementor-element-d709f36 elementor-widget__width-auto elementor-widget elementor-widget-heading\" data-id=\"d709f36\" data-element_type=\"widget\" data-widget_type=\"heading.default\">\n\t\t\t\t<div class=\"elementor-widget-container\">\n\t\t\t\t\t<div class=\"elementor-heading-title elementor-size-default\">625TL<\/div>\t\t\t\t<\/div>\n\t\t\t\t<\/div>\n\t\t\t\t<\/div>\n\t\t\t\t<\/div>\n\t\t<div class=\"elementor-element elementor-element-4c4d8c6 e-con-full e-flex elementor-invisible e-con e-child\" data-id=\"4c4d8c6\" data-element_type=\"container\" data-settings=\"{&quot;animation&quot;:&quot;slideInUp&quot;,&quot;animation_mobile&quot;:&quot;none&quot;}\">\n\t\t<div class=\"elementor-element elementor-element-501604c e-con-full e-flex e-con e-child\" data-id=\"501604c\" data-element_type=\"container\">\n\t\t\t\t<div class=\"elementor-element elementor-element-574b4aa elementor-widget elementor-widget-image\" data-id=\"574b4aa\" data-element_type=\"widget\" data-widget_type=\"image.default\">\n\t\t\t\t<div class=\"elementor-widget-container\">\n\t\t\t\t\t\t\t\t\t\t\t\t\t\t\t<img decoding=\"async\" src=\"https:\/\/wokipoint.com.tr\/wp-content\/uploads\/elementor\/thumbs\/kekikli-tavuk-salata-1-rgoky7fz99zznnd3k4rrxzw44fs8dgr6h7uifah2uw.png\" title=\"kekikli tavuk salata\" alt=\"kekikli tavuk salata\" loading=\"lazy\" \/>\t\t\t\t\t\t\t\t\t\t\t\t\t\t\t<\/div>\n\t\t\t\t<\/div>\n\t\t\t\t<\/div>\n\t\t<div class=\"elementor-element elementor-element-f042417 e-con-full e-flex e-con e-child\" data-id=\"f042417\" data-element_type=\"container\">\n\t\t\t\t<div class=\"elementor-element elementor-element-f58fa3f elementor-widget__width-auto elementor-widget elementor-widget-heading\" data-id=\"f58fa3f\" data-element_type=\"widget\" data-widget_type=\"heading.default\">\n\t\t\t\t<div class=\"elementor-widget-container\">\n\t\t\t\t\t<h5 class=\"elementor-heading-title elementor-size-default\">Kekikli Tavuklu Salata<\/h5>\t\t\t\t<\/div>\n\t\t\t\t<\/div>\n\t\t\t\t<div class=\"elementor-element elementor-element-2d15860 elementor-widget elementor-widget-heading\" data-id=\"2d15860\" data-element_type=\"widget\" data-widget_type=\"heading.default\">\n\t\t\t\t<div class=\"elementor-widget-container\">\n\t\t\t\t\t<div class=\"elementor-heading-title elementor-size-default\">Mevsim Ye\u015fillikleri, 170 gr. Kekikli tavuk, domates, ye\u015fil elma, Meksika fasulyesi Tane m\u0131s\u0131r, grisini<\/div>\t\t\t\t<\/div>\n\t\t\t\t<\/div>\n\t\t\t\t<\/div>\n\t\t<div class=\"elementor-element elementor-element-4b91beb e-con-full e-flex e-con e-child\" data-id=\"4b91beb\" data-element_type=\"container\">\n\t\t\t\t<div class=\"elementor-element elementor-element-0561da9 elementor-widget__width-auto elementor-widget elementor-widget-heading\" data-id=\"0561da9\" data-element_type=\"widget\" data-widget_type=\"heading.default\">\n\t\t\t\t<div class=\"elementor-widget-container\">\n\t\t\t\t\t<div class=\"elementor-heading-title elementor-size-default\">525TL<\/div>\t\t\t\t<\/div>\n\t\t\t\t<\/div>\n\t\t\t\t<\/div>\n\t\t\t\t<\/div>\n\t\t\t\t<\/div>\n\t\t\t\t\t<\/div>\n\t\t\t\t<\/div>\n\t\t<div class=\"elementor-element elementor-element-daabed8 e-flex e-con-boxed e-con e-parent\" data-id=\"daabed8\" data-element_type=\"container\">\n\t\t\t\t\t<div class=\"e-con-inner\">\n\t\t<div class=\"elementor-element elementor-element-f183c91 e-con-full e-flex e-con e-child\" data-id=\"f183c91\" data-element_type=\"container\">\n\t\t<div class=\"elementor-element elementor-element-59e0e41 e-con-full e-flex elementor-invisible e-con e-child\" data-id=\"59e0e41\" data-element_type=\"container\" data-settings=\"{&quot;animation&quot;:&quot;slideInUp&quot;,&quot;animation_mobile&quot;:&quot;none&quot;}\">\n\t\t<div class=\"elementor-element elementor-element-3d32506 e-con-full e-flex e-con e-child\" data-id=\"3d32506\" data-element_type=\"container\">\n\t\t\t\t<div class=\"elementor-element elementor-element-7e9ef5f elementor-widget elementor-widget-image\" data-id=\"7e9ef5f\" data-element_type=\"widget\" data-widget_type=\"image.default\">\n\t\t\t\t<div class=\"elementor-widget-container\">\n\t\t\t\t\t\t\t\t\t\t\t\t\t\t\t<img decoding=\"async\" src=\"https:\/\/wokipoint.com.tr\/wp-content\/uploads\/elementor\/thumbs\/hellim-salata-rgok7pdskfpybfuxb6dg56n96ceocojmi1oobfroag.png\" title=\"hellim salata\" alt=\"hellim salata\" loading=\"lazy\" \/>\t\t\t\t\t\t\t\t\t\t\t\t\t\t\t<\/div>\n\t\t\t\t<\/div>\n\t\t\t\t<\/div>\n\t\t<div class=\"elementor-element elementor-element-1009e25 e-con-full e-flex e-con e-child\" data-id=\"1009e25\" data-element_type=\"container\">\n\t\t\t\t<div class=\"elementor-element elementor-element-12083b1 elementor-widget__width-auto elementor-widget elementor-widget-heading\" data-id=\"12083b1\" data-element_type=\"widget\" data-widget_type=\"heading.default\">\n\t\t\t\t<div class=\"elementor-widget-container\">\n\t\t\t\t\t<h5 class=\"elementor-heading-title elementor-size-default\">Hellim Salatas\u0131<\/h5>\t\t\t\t<\/div>\n\t\t\t\t<\/div>\n\t\t\t\t<div class=\"elementor-element elementor-element-d28e33f elementor-widget elementor-widget-heading\" data-id=\"d28e33f\" data-element_type=\"widget\" data-widget_type=\"heading.default\">\n\t\t\t\t<div class=\"elementor-widget-container\">\n\t\t\t\t\t<div class=\"elementor-heading-title elementor-size-default\">Mevsim Ye\u015fillikleri, Dilimlenmi\u015f hellim peynir, \u00c7eri Domates, \u00c7engelk\u00f6y Salatal\u0131k, kapya biber, ,grisini<\/div>\t\t\t\t<\/div>\n\t\t\t\t<\/div>\n\t\t\t\t<\/div>\n\t\t<div class=\"elementor-element elementor-element-2ff06df e-con-full e-flex e-con e-child\" data-id=\"2ff06df\" data-element_type=\"container\">\n\t\t\t\t<div class=\"elementor-element elementor-element-f601a21 elementor-widget__width-auto elementor-widget elementor-widget-heading\" data-id=\"f601a21\" data-element_type=\"widget\" data-widget_type=\"heading.default\">\n\t\t\t\t<div class=\"elementor-widget-container\">\n\t\t\t\t\t<div class=\"elementor-heading-title elementor-size-default\">525TL<\/div>\t\t\t\t<\/div>\n\t\t\t\t<\/div>\n\t\t\t\t<\/div>\n\t\t\t\t<\/div>\n\t\t<div class=\"elementor-element elementor-element-cd8d9e7 e-con-full e-flex elementor-invisible e-con e-child\" data-id=\"cd8d9e7\" data-element_type=\"container\" data-settings=\"{&quot;animation&quot;:&quot;slideInUp&quot;,&quot;animation_mobile&quot;:&quot;none&quot;}\">\n\t\t<div class=\"elementor-element elementor-element-3d6b3fd e-con-full e-flex e-con e-child\" data-id=\"3d6b3fd\" data-element_type=\"container\">\n\t\t\t\t<div class=\"elementor-element elementor-element-c4a5e42 elementor-widget elementor-widget-image\" data-id=\"c4a5e42\" data-element_type=\"widget\" data-widget_type=\"image.default\">\n\t\t\t\t<div class=\"elementor-widget-container\">\n\t\t\t\t\t\t\t\t\t\t\t\t\t\t\t<img decoding=\"async\" src=\"https:\/\/wokipoint.com.tr\/wp-content\/uploads\/elementor\/thumbs\/coban-salata-rgok4zmkto04rzsx6048xvbbe9si45rjglu6ensm9k.png\" title=\"\u00e7oban salata\" alt=\"\u00e7oban salata\" loading=\"lazy\" \/>\t\t\t\t\t\t\t\t\t\t\t\t\t\t\t<\/div>\n\t\t\t\t<\/div>\n\t\t\t\t<\/div>\n\t\t<div class=\"elementor-element elementor-element-b3805e3 e-con-full e-flex e-con e-child\" data-id=\"b3805e3\" data-element_type=\"container\">\n\t\t\t\t<div class=\"elementor-element elementor-element-fc6d479 elementor-widget__width-auto elementor-widget elementor-widget-heading\" data-id=\"fc6d479\" data-element_type=\"widget\" data-widget_type=\"heading.default\">\n\t\t\t\t<div class=\"elementor-widget-container\">\n\t\t\t\t\t<h5 class=\"elementor-heading-title elementor-size-default\">\u00c7oban Salatas\u0131<\/h5>\t\t\t\t<\/div>\n\t\t\t\t<\/div>\n\t\t\t\t<div class=\"elementor-element elementor-element-7fdb703 elementor-widget elementor-widget-heading\" data-id=\"7fdb703\" data-element_type=\"widget\" data-widget_type=\"heading.default\">\n\t\t\t\t<div class=\"elementor-widget-container\">\n\t\t\t\t\t<div class=\"elementor-heading-title elementor-size-default\">Domates, Salatal\u0131k, ye\u015fil biber, kuru so\u011fan, Maydanoz, Sumak Ek\u015fili, Zeytinya\u011f\u0131, Limon Suyu<\/div>\t\t\t\t<\/div>\n\t\t\t\t<\/div>\n\t\t\t\t<\/div>\n\t\t<div class=\"elementor-element elementor-element-0df2c36 e-con-full e-flex e-con e-child\" data-id=\"0df2c36\" data-element_type=\"container\">\n\t\t\t\t<div class=\"elementor-element elementor-element-59875ad elementor-widget__width-auto elementor-widget elementor-widget-heading\" data-id=\"59875ad\" data-element_type=\"widget\" data-widget_type=\"heading.default\">\n\t\t\t\t<div class=\"elementor-widget-container\">\n\t\t\t\t\t<div class=\"elementor-heading-title elementor-size-default\">399TL<\/div>\t\t\t\t<\/div>\n\t\t\t\t<\/div>\n\t\t\t\t<\/div>\n\t\t\t\t<\/div>\n\t\t\t\t<\/div>\n\t\t<div class=\"elementor-element elementor-element-9401519 e-con-full e-flex e-con e-child\" data-id=\"9401519\" data-element_type=\"container\">\n\t\t<div class=\"elementor-element elementor-element-ae7d1d5 e-con-full e-flex elementor-invisible e-con e-child\" data-id=\"ae7d1d5\" data-element_type=\"container\" data-settings=\"{&quot;animation&quot;:&quot;slideInUp&quot;,&quot;animation_mobile&quot;:&quot;none&quot;}\">\n\t\t<div class=\"elementor-element elementor-element-5ade7bf e-con-full e-flex e-con e-child\" data-id=\"5ade7bf\" data-element_type=\"container\">\n\t\t\t\t<div class=\"elementor-element elementor-element-c6c4aef elementor-widget elementor-widget-image\" data-id=\"c6c4aef\" data-element_type=\"widget\" data-widget_type=\"image.default\">\n\t\t\t\t<div class=\"elementor-widget-container\">\n\t\t\t\t\t\t\t\t\t\t\t\t\t\t\t<img decoding=\"async\" src=\"https:\/\/wokipoint.com.tr\/wp-content\/uploads\/elementor\/thumbs\/roka-salatasi-1-rgokxnpd9r8yvu5rre8lzmvfnchivtktei5bchachk.png\" title=\"roka salatas\u0131\" alt=\"roka salatas\u0131\" loading=\"lazy\" \/>\t\t\t\t\t\t\t\t\t\t\t\t\t\t\t<\/div>\n\t\t\t\t<\/div>\n\t\t\t\t<\/div>\n\t\t<div class=\"elementor-element elementor-element-f109021 e-con-full e-flex e-con e-child\" data-id=\"f109021\" data-element_type=\"container\">\n\t\t\t\t<div class=\"elementor-element elementor-element-d269c8f elementor-widget__width-auto elementor-widget elementor-widget-heading\" data-id=\"d269c8f\" data-element_type=\"widget\" data-widget_type=\"heading.default\">\n\t\t\t\t<div class=\"elementor-widget-container\">\n\t\t\t\t\t<h5 class=\"elementor-heading-title elementor-size-default\">Roka Salata<\/h5>\t\t\t\t<\/div>\n\t\t\t\t<\/div>\n\t\t\t\t<div class=\"elementor-element elementor-element-0bbd521 elementor-widget elementor-widget-heading\" data-id=\"0bbd521\" data-element_type=\"widget\" data-widget_type=\"heading.default\">\n\t\t\t\t<div class=\"elementor-widget-container\">\n\t\t\t\t\t<div class=\"elementor-heading-title elementor-size-default\">Roka,Domates, Permesan Peyniri, Zeytinya\u011f\u0131, Limon Suyu, grisini<\/div>\t\t\t\t<\/div>\n\t\t\t\t<\/div>\n\t\t\t\t<\/div>\n\t\t<div class=\"elementor-element elementor-element-b53f207 e-con-full e-flex e-con e-child\" data-id=\"b53f207\" data-element_type=\"container\">\n\t\t\t\t<div class=\"elementor-element elementor-element-b3e0f7d elementor-widget__width-auto elementor-widget elementor-widget-heading\" data-id=\"b3e0f7d\" data-element_type=\"widget\" data-widget_type=\"heading.default\">\n\t\t\t\t<div class=\"elementor-widget-container\">\n\t\t\t\t\t<div class=\"elementor-heading-title elementor-size-default\">399TL<\/div>\t\t\t\t<\/div>\n\t\t\t\t<\/div>\n\t\t\t\t<\/div>\n\t\t\t\t<\/div>\n\t\t\t\t<\/div>\n\t\t\t\t\t<\/div>\n\t\t\t\t<\/div>\n\t\t<div class=\"elementor-element elementor-element-7835aa2 e-flex e-con-boxed e-con e-parent\" data-id=\"7835aa2\" data-element_type=\"container\">\n\t\t\t\t\t<div class=\"e-con-inner\">\n\t\t\t\t<div class=\"elementor-element elementor-element-79c095f elementor-widget elementor-widget-heading\" data-id=\"79c095f\" data-element_type=\"widget\" data-widget_type=\"heading.default\">\n\t\t\t\t<div class=\"elementor-widget-container\">\n\t\t\t\t\t<h2 class=\"elementor-heading-title elementor-size-default\">Our prices include VAT<\/h2>\t\t\t\t<\/div>\n\t\t\t\t<\/div>\n\t\t\t\t\t<\/div>\n\t\t\t\t<\/div>\n\t\t\t\t<\/div>","protected":false},"excerpt":{"rendered":"<p>Bostan Salata Taze Mevsim Ye\u015fillikleri, Roka, Havu\u00e7,Mor Lahana ,Tulum Peyniri,Ceviz, Zeytin ya\u011f\u0131,Limon Sos,Glisini 449TL Izgara Levrek Salatas\u0131 Mevsim Ye\u015fillikleri, Izgara Levrek Filetosu, Ha\u015flanm\u0131\u015f nohut, \u00c7eri Domates, \u00c7engelk\u00f6y Salatal\u0131k, Narl\u0131 Sos 599TL Ton Bal\u0131kl\u0131 Salata Mevsim Ye\u015fillikleri, 100 Gr. Ton Bal\u0131\u011f\u0131, Salatal\u0131k, Domates, K\u0131rm\u0131z\u0131 So\u011fan, Tane M\u0131s\u0131r, grisini 525TL Sezar Salata Taze Marul Yapraklar\u0131, Kruton, Parmesan [&hellip;]<\/p>","protected":false},"author":1,"featured_media":0,"parent":0,"menu_order":0,"comment_status":"closed","ping_status":"closed","template":"","meta":{"footnotes":""},"class_list":["post-458","page","type-page","status-publish","hentry"],"_links":{"self":[{"href":"https:\/\/wokipoint.com.tr\/en\/wp-json\/wp\/v2\/pages\/458","targetHints":{"allow":["GET"]}}],"collection":[{"href":"https:\/\/wokipoint.com.tr\/en\/wp-json\/wp\/v2\/pages"}],"about":[{"href":"https:\/\/wokipoint.com.tr\/en\/wp-json\/wp\/v2\/types\/page"}],"author":[{"embeddable":true,"href":"https:\/\/wokipoint.com.tr\/en\/wp-json\/wp\/v2\/users\/1"}],"replies":[{"embeddable":true,"href":"https:\/\/wokipoint.com.tr\/en\/wp-json\/wp\/v2\/comments?post=458"}],"version-history":[{"count":27,"href":"https:\/\/wokipoint.com.tr\/en\/wp-json\/wp\/v2\/pages\/458\/revisions"}],"predecessor-version":[{"id":2467,"href":"https:\/\/wokipoint.com.tr\/en\/wp-json\/wp\/v2\/pages\/458\/revisions\/2467"}],"wp:attachment":[{"href":"https:\/\/wokipoint.com.tr\/en\/wp-json\/wp\/v2\/media?parent=458"}],"curies":[{"name":"wp","href":"https:\/\/api.w.org\/{rel}","templated":true}]}}