{"id":523,"date":"2025-11-21T10:09:01","date_gmt":"2025-11-21T10:09:01","guid":{"rendered":"https:\/\/wokipoint.com.tr\/wp\/?page_id=523"},"modified":"2025-12-22T21:06:50","modified_gmt":"2025-12-22T21:06:50","slug":"alerjen-uyarisi","status":"publish","type":"page","link":"https:\/\/wokipoint.com.tr\/en\/alerjen-uyarisi\/","title":{"rendered":"Allergen Warning"},"content":{"rendered":"<div data-elementor-type=\"wp-page\" data-elementor-id=\"523\" class=\"elementor elementor-523\" data-elementor-post-type=\"page\">\n\t\t\t\t<div class=\"elementor-element elementor-element-36d3ab9 e-flex e-con-boxed elementor-invisible e-con e-parent\" data-id=\"36d3ab9\" data-element_type=\"container\" data-settings=\"{&quot;animation&quot;:&quot;slideInUp&quot;}\">\n\t\t\t\t\t<div class=\"e-con-inner\">\n\t\t<div class=\"elementor-element elementor-element-138380f e-con-full e-flex e-con e-child\" data-id=\"138380f\" data-element_type=\"container\" data-settings=\"{&quot;animation_mobile&quot;:&quot;none&quot;}\">\n\t\t\t\t<div class=\"elementor-element elementor-element-29f3b5e elementor-widget elementor-widget-heading\" data-id=\"29f3b5e\" data-element_type=\"widget\" data-widget_type=\"heading.default\">\n\t\t\t\t<div class=\"elementor-widget-container\">\n\t\t\t\t\t<h2 class=\"elementor-heading-title elementor-size-default\">Allergen Information<\/h2>\t\t\t\t<\/div>\n\t\t\t\t<\/div>\n\t\t\t\t<\/div>\n\t\t\t\t\t<\/div>\n\t\t\t\t<\/div>\n\t\t<div class=\"elementor-element elementor-element-5875928 e-flex e-con-boxed e-con e-parent\" data-id=\"5875928\" data-element_type=\"container\">\n\t\t\t\t\t<div class=\"e-con-inner\">\n\t\t\t\t<div class=\"elementor-element elementor-element-9f464b1 elementor-widget elementor-widget-text-editor\" data-id=\"9f464b1\" data-element_type=\"widget\" data-widget_type=\"text-editor.default\">\n\t\t\t\t<div class=\"elementor-widget-container\">\n\t\t\t\t\t\t\t\t\t<p>Men\u00fclerimizde yer alan \u00fcr\u00fcnlerde gluten, s\u00fct \u00fcr\u00fcnleri, yumurta, kabuklu yemi\u015fler, soya ve deniz \u00fcr\u00fcnleri gibi alerjenler bulunabilir.<br data-start=\"382\" data-end=\"385\" \/>Herhangi bir g\u0131da hassasiyetiniz varsa l\u00fctfen sipari\u015f vermeden \u00f6nce ekibimize bilgi veriniz.<\/p>\t\t\t\t\t\t\t\t<\/div>\n\t\t\t\t<\/div>\n\t\t\t\t\t<\/div>\n\t\t\t\t<\/div>\n\t\t<div class=\"elementor-element elementor-element-ba4d97d e-flex e-con-boxed e-con e-parent\" data-id=\"ba4d97d\" data-element_type=\"container\">\n\t\t\t\t\t<div class=\"e-con-inner\">\n\t\t\t\t<div class=\"elementor-element elementor-element-d186294 elementor-widget elementor-widget-image\" data-id=\"d186294\" data-element_type=\"widget\" data-widget_type=\"image.default\">\n\t\t\t\t<div class=\"elementor-widget-container\">\n\t\t\t\t\t\t\t\t\t\t\t\t\t\t\t<img loading=\"lazy\" decoding=\"async\" width=\"724\" height=\"1024\" src=\"https:\/\/wokipoint.com.tr\/wp-content\/uploads\/2025\/12\/alerjen-1-724x1024.jpg\" class=\"attachment-large size-large wp-image-1356\" alt=\"\" srcset=\"https:\/\/wokipoint.com.tr\/wp-content\/uploads\/2025\/12\/alerjen-1-724x1024.jpg 724w, https:\/\/wokipoint.com.tr\/wp-content\/uploads\/2025\/12\/alerjen-1-212x300.jpg 212w, https:\/\/wokipoint.com.tr\/wp-content\/uploads\/2025\/12\/alerjen-1-768x1086.jpg 768w, https:\/\/wokipoint.com.tr\/wp-content\/uploads\/2025\/12\/alerjen-1-1087x1536.jpg 1087w, https:\/\/wokipoint.com.tr\/wp-content\/uploads\/2025\/12\/alerjen-1.jpg 1386w\" sizes=\"auto, (max-width: 724px) 100vw, 724px\" \/>\t\t\t\t\t\t\t\t\t\t\t\t\t\t\t<\/div>\n\t\t\t\t<\/div>\n\t\t\t\t\t<\/div>\n\t\t\t\t<\/div>\n\t\t\t\t<\/div>","protected":false},"excerpt":{"rendered":"<p>Alerjen Bilgilendirme Men\u00fclerimizde yer alan \u00fcr\u00fcnlerde gluten, s\u00fct \u00fcr\u00fcnleri, yumurta, kabuklu yemi\u015fler, soya ve deniz \u00fcr\u00fcnleri gibi alerjenler bulunabilir.Herhangi bir g\u0131da hassasiyetiniz varsa l\u00fctfen sipari\u015f vermeden \u00f6nce ekibimize bilgi veriniz.<\/p>","protected":false},"author":1,"featured_media":0,"parent":0,"menu_order":0,"comment_status":"closed","ping_status":"closed","template":"","meta":{"footnotes":""},"class_list":["post-523","page","type-page","status-publish","hentry"],"_links":{"self":[{"href":"https:\/\/wokipoint.com.tr\/en\/wp-json\/wp\/v2\/pages\/523","targetHints":{"allow":["GET"]}}],"collection":[{"href":"https:\/\/wokipoint.com.tr\/en\/wp-json\/wp\/v2\/pages"}],"about":[{"href":"https:\/\/wokipoint.com.tr\/en\/wp-json\/wp\/v2\/types\/page"}],"author":[{"embeddable":true,"href":"https:\/\/wokipoint.com.tr\/en\/wp-json\/wp\/v2\/users\/1"}],"replies":[{"embeddable":true,"href":"https:\/\/wokipoint.com.tr\/en\/wp-json\/wp\/v2\/comments?post=523"}],"version-history":[{"count":3,"href":"https:\/\/wokipoint.com.tr\/en\/wp-json\/wp\/v2\/pages\/523\/revisions"}],"predecessor-version":[{"id":1359,"href":"https:\/\/wokipoint.com.tr\/en\/wp-json\/wp\/v2\/pages\/523\/revisions\/1359"}],"wp:attachment":[{"href":"https:\/\/wokipoint.com.tr\/en\/wp-json\/wp\/v2\/media?parent=523"}],"curies":[{"name":"wp","href":"https:\/\/api.w.org\/{rel}","templated":true}]}}